{"id":24082,"date":"2025-05-25T16:48:14","date_gmt":"2025-05-25T13:48:14","guid":{"rendered":"https:\/\/www.lassebacklund.fi\/?page_id=24082"},"modified":"2025-05-25T17:00:11","modified_gmt":"2025-05-25T14:00:11","slug":"24082-2","status":"publish","type":"page","link":"https:\/\/www.lassebacklund.fi\/?page_id=24082","title":{"rendered":"Striden vid Lappfj\u00e4rd, av major Petander"},"content":{"rendered":"<p><span style=\"color: #000080;\"><strong>Publicerat i tidningen Syd-\u00d6sterbotten 28.8.1958. Renskrivet av Lasse Backlund i maj 2025<\/strong><\/span>.<\/p>\n<p>Sedan krigsutbrottet i februari 1808 hade den svenska arm\u00e9ns huvudstyrka retirerat \u00e4nda till Siikajoki, d\u00e4r den \u00e4ntligen bj\u00f6d fienden motst\u00e5nd och segrade. Denna seger f\u00f6ljdes av en rad segerrika tr\u00e4ffningar \u2013 vid Revolax den 27 april, vid Pulkkila den 10 augusti och vid Alavo den 29 samma m\u00e5nad.<\/p>\n<h3><strong>Striden vid Lappfj\u00e4rd den 29 augusti 1808<\/strong><\/h3>\n<p>Den 28 augusti 1808 landsteg general Vegesacks hj\u00e4lpk\u00e5r i Kristinestad. Denna bestod av f\u00f6ljande enheter:<\/p>\n<ol>\n<li>Brigaden \u00f6verste Br\u00e4ndstr\u00f6m. Tv\u00e5 bataljoner ur Upplands regemente, som dock anl\u00e4nde n\u00e5got senare.<\/li>\n<li>Brigaden \u00f6verste von Platen. Tv\u00e5 bataljoner ur Helsinge regemente. En bataljon ur Helsinge regementes vargering. En j\u00e4garbataljon. Tv\u00e5 skvadroner ur Livregementet till h\u00e4st. Sex 6 punds och tv\u00e5 3 punds kanoner.<\/li>\n<\/ol>\n<p>Den h\u00e4r hj\u00e4lpk\u00e5rens styrka torde ha uppg\u00e5tt till c. 2\u00a0500 man. Redan f\u00f6ljande natt marscherade von Vegesack till Lappfj\u00e4rd, d\u00e4r f\u00f6ljande finl\u00e4ndska enheter redan hade ing\u00e5tt i f\u00f6rsvarsst\u00e4llning:<\/p>\n<p>-I och II bataljonen ur Bj\u00f6rneborgsregemente<\/p>\n<p>-3 bataljoner ur Gyllenb\u00f6gels frik\u00e5r, sammanlagt 2\u00a0500 man. Detta var \u00f6verste von D\u00f6belns brigad men han hade varit sjuklig en l\u00e4ngre tid och hade f\u00f6rts till Vasa f\u00f6r v\u00e5rd. Under hans fr\u00e5nvaro kommenderades hans brigad av \u00f6verstel\u00f6jtnant Furuhjelm.<\/p>\n<p>N\u00e4r general Vegesack anl\u00e4nde till Lappfj\u00e4rd om natten tog han bef\u00e4let \u00f6ver samtliga d\u00e4rvarande trupper och grupperade dem i f\u00f6rsvar.<\/p>\n<p><strong>F\u00f6rpostst\u00e4llning<\/strong>, med stor sannolikhet vid landsv\u00e4gen p\u00e5 n\u00e4set mellan Blomtr\u00e4sk och Lillsj\u00f6tr\u00e4sk.<\/p>\n<p><strong>Huvudst\u00e4llningen<\/strong> i h\u00f6jd med b\u00e4cken, allts\u00e5 Lill\u00e5n, som flyter i riktning \u00f6ster till v\u00e4ster, ungef\u00e4r 400 meter s\u00f6der om nuvarande Lappfj\u00e4rds kyrka.<\/p>\n<p>S\u00e5som f\u00f6rsta linje bakom f\u00f6rskansningar norr om Lill\u00e5n stod Gyllenb\u00f6gels j\u00e4garked, c. 400 man. P\u00e5 samma linje vid landsv\u00e4gen tv\u00e5 6 punds kanoner. I andra linjen fr\u00e5n v\u00e4nster den svenska J\u00e4garbataljonen, Bj\u00f6rneborgs II och I bataljon. Den senare stod v\u00e4ster om landsv\u00e4gen.<\/p>\n<p>Bakom dessa bataljoner hade mindre reserver avdelats.<\/p>\n<p>Vardera flygeln var f\u00f6rst\u00e4rkt med n\u00e5gra kanoner. S\u00e5som f\u00f6rstahandsreserv n\u00e5got l\u00e4ngre bak\u00e5t stod huvudstyrkan ur Gyllenb\u00f6gels frik\u00e5r. Bakom denna var ytterligare grupperade som reserv tre svenska bataljoner samt det ridande artilleriet.<\/p>\n<p>Resten av de svenska trupperna l\u00e5g l\u00e5ngt bakom, \u00e4nda vid bron p\u00e5 norra sidan av Lappfj\u00e4rds \u00e5.<\/p>\n<p>Landsv\u00e4gen \u00f6sterut mot Stor\u00e5 var s\u00e4krad med en trupp p\u00e5 ca 500 man ur Gyllenb\u00f6gels frik\u00e5r.<\/p>\n<h3><strong>Ryssarnas anfall<\/strong><\/h3>\n<p>Ryssarna, anf\u00f6rda av general Bibikov anf\u00f6ll den 29 augusti kl. 8 p\u00e5 morgonen l\u00e4ngs den nya landsv\u00e4gen underst\u00f6dda av fyra 4 punds kanoner och en haubits. Deras styrka torde ha uppg\u00e5tt till ca 1\u00a0600 man. Efter att de hade tillbakatr\u00e4ngt den svenska f\u00f6rposten, som l\u00e5ngsamt drog sig tillbaka norrut, n\u00e4rmade sig ryssarna de svenska huvudst\u00e4llningarna.<\/p>\n<p>L\u00e4ngs med landsv\u00e4gen marscherade den sedvanliga j\u00e4garkedjan, bakom den anf\u00f6ll p\u00e5 b\u00e5da sidor om v\u00e4gen en sluten kolonn, vardera p\u00e5 ca 700 man. P\u00e5 v\u00e4gen ryckte det ryska artilleriet fram.<\/p>\n<p>N\u00e4r ryssarna kommit p\u00e5 ca 400 meters avst\u00e5nd, b\u00f6rjade en h\u00e4ftig eldstrid som p\u00e5gick i en timme.<\/p>\n<p>En av dem som var med var, kapten Brakel fr\u00e5n Bj\u00f6rneborgs regemente, ber\u00e4ttar h\u00e4rom f\u00f6ljande:<\/p>\n<p>\u201dFr\u00e5n fiendens kanoner och i f\u00f6rhuggningarna var elden livlig i v\u00e5ra redutter var allting tyst. Jag var kommenderad som kanonbeteckning och mitt folk uppeh\u00f6ll de granar som maskerade redutterna. Fienden avancerade fram.<\/p>\n<p>Generalen befallde major Uggla, som kommenderade det finl\u00e4ndska artilleriet att skjuta. \u201d\u00c4nnu \u00e4r ej min tid\u201d blev svaret. Missn\u00f6jd med det svaret skickade generalen befallning till sitt eget artilleri att rycka fram. Det kom i full carri\u00e9re.<\/p>\n<p>\u201dHerr general\u201d skrek Uggla \u201dblottst\u00e4ll ej folk utan \u00e4ndam\u00e5l, jag ansvarar f\u00f6r utg\u00e5ngen\u201d. Ugglas s\u00e4kerhet gav generalen f\u00f6rtroende och artilleriet fick \u00e5terv\u00e4nda med samma hastighet.\u201d<\/p>\n<p>Elden var effektiv och de ryska leden kom genast i oordning. N\u00e4r general Vegesack hade konstaterat att ryssarna var honom numer\u00e4rt betydligt svagare, besl\u00f6t han g\u00e5 till motanfall. Bj\u00f6rneborgs regementes andra bataljon och en bataljon ur Upplands regemente insattes i omfattning mot ryssarnas h\u00f6gra flank. En bataljon ur Helsinge regemente anf\u00f6ll ryssarnas v\u00e4nstra flank. Samtidigt gick Gyllenb\u00f6gels j\u00e4gare till angrepp frontalt p\u00e5 bred front.<\/p>\n<p>Det h\u00e4r motanfallet avgjorde striden. Ryssarna drog sig snabbt tillbaka och f\u00f6rf\u00f6ljdes \u00e4nda ned till Uttermossav\u00e4gen. F\u00f6rlusterna p\u00e5 svenska och finska sidan var ca 60 och p\u00e5 den ryska ca 150 man, varav h\u00e4lften f\u00e5ngar.<\/p>\n<p>F\u00f6ljande dag fortsattes f\u00f6rf\u00f6ljandet \u00e4nda ned till \u00d6mossa av en f\u00f6rtrupp.<\/p>\n<p>I detta sammanhang f\u00f6rbig\u00e5s operationerna de n\u00e4rmast p\u00e5f\u00f6ljande dagarna efter striden i Lappfj\u00e4rd, vilka sm\u00e5ningom ledde till att retr\u00e4tten mot norr inleddes p\u00e5 nytt.<\/p>\n<p>Om \u00d6mossa b\u00f6r \u00e4ven n\u00e4mnas, att p\u00e5 h\u00e4r stred tappert en svensk f\u00f6rtrupp den 10 september under bef\u00e4l av unge underl\u00f6jtnant Wilhelm von Schwerin. I sitt sista brev till sina f\u00f6r\u00e4ldrar skildrar han denna strid:<\/p>\n<p>\u201dH\u00e4r stupar m\u00e4n som gr\u00e4s. Tre g\u00e5nger gjorde kosackerna chock och kastade sina pikar men jag m\u00f6tte dem med druvhagel och de retirerade. Vi stred h\u00e4r i fem timmar innan vi l\u00e4mnade st\u00e4llningen.\u201d<\/p>\n<p>P\u00e5 platsen d\u00e4r den unge underl\u00f6jtnanten fick sitt elddop har en efterkommande generation l\u00e5tit resa en minnessten.<\/p>\n<p>Invid Lappfj\u00e4rds kyrka har upprests en sten till \u00e5minnelse av striden d\u00e4r med inskriptionen \u201d18 29\/9 08\u00a0\u00a0 19 29\/8 08\u201d<\/p>\n<p>&nbsp;<\/p>\n<p>&nbsp;<\/p>\n<p>&nbsp;<\/p>\n","protected":false},"excerpt":{"rendered":"<p>Publicerat i tidningen Syd-\u00d6sterbotten 28.8.1958. Renskrivet av Lasse Backlund i maj 2025. Sedan krigsutbrottet i februari 1808 hade den svenska arm\u00e9ns huvudstyrka retirerat \u00e4nda till Siikajoki, d\u00e4r den \u00e4ntligen bj\u00f6d fienden motst\u00e5nd och segrade. Denna seger f\u00f6ljdes av en rad <a class=\"more-link\" href=\"https:\/\/www.lassebacklund.fi\/?page_id=24082\">Forts\u00e4tt l\u00e4sa <span class=\"screen-reader-text\">  Striden vid Lappfj\u00e4rd, av major Petander<\/span><span class=\"meta-nav\">&rarr;<\/span><\/a><\/p>\n","protected":false},"author":1,"featured_media":0,"parent":6292,"menu_order":390,"comment_status":"closed","ping_status":"closed","template":"","meta":{"footnotes":""},"class_list":["post-24082","page","type-page","status-publish","hentry"],"_links":{"self":[{"href":"https:\/\/www.lassebacklund.fi\/index.php?rest_route=\/wp\/v2\/pages\/24082","targetHints":{"allow":["GET"]}}],"collection":[{"href":"https:\/\/www.lassebacklund.fi\/index.php?rest_route=\/wp\/v2\/pages"}],"about":[{"href":"https:\/\/www.lassebacklund.fi\/index.php?rest_route=\/wp\/v2\/types\/page"}],"author":[{"embeddable":true,"href":"https:\/\/www.lassebacklund.fi\/index.php?rest_route=\/wp\/v2\/users\/1"}],"replies":[{"embeddable":true,"href":"https:\/\/www.lassebacklund.fi\/index.php?rest_route=%2Fwp%2Fv2%2Fcomments&post=24082"}],"version-history":[{"count":4,"href":"https:\/\/www.lassebacklund.fi\/index.php?rest_route=\/wp\/v2\/pages\/24082\/revisions"}],"predecessor-version":[{"id":24086,"href":"https:\/\/www.lassebacklund.fi\/index.php?rest_route=\/wp\/v2\/pages\/24082\/revisions\/24086"}],"up":[{"embeddable":true,"href":"https:\/\/www.lassebacklund.fi\/index.php?rest_route=\/wp\/v2\/pages\/6292"}],"wp:attachment":[{"href":"https:\/\/www.lassebacklund.fi\/index.php?rest_route=%2Fwp%2Fv2%2Fmedia&parent=24082"}],"curies":[{"name":"wp","href":"https:\/\/api.w.org\/{rel}","templated":true}]}}