{"id":24008,"date":"2025-04-28T19:23:06","date_gmt":"2025-04-28T16:23:06","guid":{"rendered":"https:\/\/www.lassebacklund.fi\/?page_id=24008"},"modified":"2025-04-28T19:28:20","modified_gmt":"2025-04-28T16:28:20","slug":"jubilerande-attonde-ungdomsringens-krismote-1957","status":"publish","type":"page","link":"https:\/\/www.lassebacklund.fi\/?page_id=24008","title":{"rendered":"Jubilerande \u00e5ttonde ungdomsringens krism\u00f6te 1957"},"content":{"rendered":"<p><span style=\"color: #000080;\"><strong>Sammanst\u00e4llt av Lasse Backlund i april 2025.<\/strong><\/span><\/p>\n<p>S\u00f6ndagen den 22 september 1957 h\u00f6ll \u00e5ttonde ungdomsringen ett m\u00f6te p\u00e5 lokalen i Lappfj\u00e4rd. F\u00f6re sj\u00e4lva huvud\u00e4rendet besl\u00f6ts om det kommande femtio\u00e5rsjubileet som kommer att h\u00e5llas i Dagsmark i november. D\u00e4r besl\u00f6ts ocks\u00e5 att f\u00f6reningen Arbetets V\u00e4nner i Kristinestad inte l\u00e4ngre skall vara medlem eftersom den hade uppg\u00e5tt i f\u00f6reningen Braheg\u00e5rden. M\u00f6tet godk\u00e4nde enh\u00e4lligt att Braheg\u00e5rden tas med som ny medlem.<\/p>\n<p>Slutligen diskuterades fr\u00e5gan om n\u00f6dv\u00e4ndigheten att uppg\u00f6ra en plan hur fester och danser skall ordnas inom ringen. Till exempel kv\u00e4llen innan hade fyra f\u00f6reningar inom ringen ordnat danser samtidigt och f\u00f6reningarna ordnade med bussar som k\u00f6rde kors och tv\u00e4rs inom ringens omr\u00e5de.<\/p>\n<p>Diskussionen var livlig och l\u00e5ng. Alla f\u00f6reningar gillade inte tanken p\u00e5 en plan men d\u00e5 tog l\u00e4rare Ingves till orda. Han ber\u00e4ttade om f\u00f6rdelarna med en festf\u00f6rdelningsplan och hur saken har ordnats i andra ringar. Han \u00f6vertygade m\u00f6tet, som kunde enas s\u00e5 att ett f\u00f6rslag genast gjordes upp. Efter flera timmars diskussion kunde planen godk\u00e4nnas och den skulle tas i bruk fr\u00e5n inkommande \u00e5rs b\u00f6rjan och g\u00e4ller hela \u00e5ret.<\/p>\n<figure id=\"attachment_24010\" aria-describedby=\"caption-attachment-24010\" style=\"width: 2049px\" class=\"wp-caption alignnone\"><img loading=\"lazy\" decoding=\"async\" class=\"size-full wp-image-24010\" src=\"https:\/\/www.lassebacklund.fi\/wp-content\/uploads\/2025\/04\/19570919-fyra-danser-och-krismote.jpg\" alt=\"\" width=\"2049\" height=\"1577\" srcset=\"https:\/\/www.lassebacklund.fi\/wp-content\/uploads\/2025\/04\/19570919-fyra-danser-och-krismote.jpg 2049w, https:\/\/www.lassebacklund.fi\/wp-content\/uploads\/2025\/04\/19570919-fyra-danser-och-krismote-300x231.jpg 300w, https:\/\/www.lassebacklund.fi\/wp-content\/uploads\/2025\/04\/19570919-fyra-danser-och-krismote-1024x788.jpg 1024w, https:\/\/www.lassebacklund.fi\/wp-content\/uploads\/2025\/04\/19570919-fyra-danser-och-krismote-768x591.jpg 768w, https:\/\/www.lassebacklund.fi\/wp-content\/uploads\/2025\/04\/19570919-fyra-danser-och-krismote-1536x1182.jpg 1536w\" sizes=\"auto, (max-width: 2049px) 100vw, 2049px\" \/><figcaption id=\"caption-attachment-24010\" class=\"wp-caption-text\">Den 19 september 1957 annonserade fyra f\u00f6reningar i Syd-\u00d6sterbotten att de kommer att ordna dans den 21 och bussar kommer att k\u00f6ra till danserna.<\/figcaption><\/figure>\n","protected":false},"excerpt":{"rendered":"<p>Sammanst\u00e4llt av Lasse Backlund i april 2025. S\u00f6ndagen den 22 september 1957 h\u00f6ll \u00e5ttonde ungdomsringen ett m\u00f6te p\u00e5 lokalen i Lappfj\u00e4rd. F\u00f6re sj\u00e4lva huvud\u00e4rendet besl\u00f6ts om det kommande femtio\u00e5rsjubileet som kommer att h\u00e5llas i Dagsmark i november. D\u00e4r besl\u00f6ts ocks\u00e5 <a class=\"more-link\" href=\"https:\/\/www.lassebacklund.fi\/?page_id=24008\">Forts\u00e4tt l\u00e4sa <span class=\"screen-reader-text\">  Jubilerande \u00e5ttonde ungdomsringens krism\u00f6te 1957<\/span><span class=\"meta-nav\">&rarr;<\/span><\/a><\/p>\n","protected":false},"author":1,"featured_media":0,"parent":7496,"menu_order":6,"comment_status":"closed","ping_status":"closed","template":"","meta":{"footnotes":""},"class_list":["post-24008","page","type-page","status-publish","hentry"],"_links":{"self":[{"href":"https:\/\/www.lassebacklund.fi\/index.php?rest_route=\/wp\/v2\/pages\/24008","targetHints":{"allow":["GET"]}}],"collection":[{"href":"https:\/\/www.lassebacklund.fi\/index.php?rest_route=\/wp\/v2\/pages"}],"about":[{"href":"https:\/\/www.lassebacklund.fi\/index.php?rest_route=\/wp\/v2\/types\/page"}],"author":[{"embeddable":true,"href":"https:\/\/www.lassebacklund.fi\/index.php?rest_route=\/wp\/v2\/users\/1"}],"replies":[{"embeddable":true,"href":"https:\/\/www.lassebacklund.fi\/index.php?rest_route=%2Fwp%2Fv2%2Fcomments&post=24008"}],"version-history":[{"count":2,"href":"https:\/\/www.lassebacklund.fi\/index.php?rest_route=\/wp\/v2\/pages\/24008\/revisions"}],"predecessor-version":[{"id":24011,"href":"https:\/\/www.lassebacklund.fi\/index.php?rest_route=\/wp\/v2\/pages\/24008\/revisions\/24011"}],"up":[{"embeddable":true,"href":"https:\/\/www.lassebacklund.fi\/index.php?rest_route=\/wp\/v2\/pages\/7496"}],"wp:attachment":[{"href":"https:\/\/www.lassebacklund.fi\/index.php?rest_route=%2Fwp%2Fv2%2Fmedia&parent=24008"}],"curies":[{"name":"wp","href":"https:\/\/api.w.org\/{rel}","templated":true}]}}