{"id":23962,"date":"2025-04-21T21:40:43","date_gmt":"2025-04-21T18:40:43","guid":{"rendered":"https:\/\/www.lassebacklund.fi\/?page_id=23962"},"modified":"2026-03-25T21:28:58","modified_gmt":"2026-03-25T19:28:58","slug":"josef-korsback-fran-antas-i-tresk","status":"publish","type":"page","link":"https:\/\/www.lassebacklund.fi\/?page_id=23962","title":{"rendered":"Josef Korsb\u00e4ck fr\u00e5n Antas i Tresk"},"content":{"rendered":"<p><span style=\"color: #000080;\"><strong>Sammanst\u00e4llt av Lasse Backlund i april 2025, med hj\u00e4lp av Wilhelm Janssons anteckningar och Inga-Lill Sandstr\u00f6ms utredningar.<\/strong><\/span><\/p>\n<p><strong><u>Josef<\/u><\/strong> Anders Anderssson Korsb\u00e4ck (f.1840) var son till Anders Mickelsson Korsb\u00e4ck och Maja Lena Henriksdotter Utter fr\u00e5n Uttermossa. Denna Anders kallades \u201dAnt\u201d och efter honom kallas hela sl\u00e4kten \u201dAntas\u201d.<\/p>\n<p>F\u00f6ljaktligen kallades Josef Anders b\u00e5de \u201dAntasin\u201d och \u201dAntas Josip\u201d. Josef var gift med \u201dMaj Sofi\u201d, allts\u00e5 Maria Sofia Karlsdotter Uddfolk (f.1842), fr\u00e5n Uttermosa och hon var dotter till bonden Karl Johansson Hedkrok, senare Uddfolk och Albertina Henriksdotter.<\/p>\n<p>Under \u00e5ren 1867 \u2013 1872 \u00e4r Josef antecknad som torpare p\u00e5 faderns hemman och han kallades d\u00e5 \u201dTorpar Josip\u201d. Fr\u00e5n och med 1872 \u00e4r han antecknad som bonde p\u00e5 Korsb\u00e4ck hemman p\u00e5 11\/192 mtl. Vid storskiftet 1900\u20131912 fick sitt hemman Utter 7:3 v\u00e4l samlat runt hemg\u00e5rden och skogar p\u00e5 Kiimaneva och Kortesluoma. P\u00e5 hemmanet fanns det omkring 10 ha mark och 20 ha skog.<\/p>\n<p><img loading=\"lazy\" decoding=\"async\" class=\"alignnone size-full wp-image-4168\" src=\"https:\/\/www.lassebacklund.fi\/wp-content\/uploads\/2017\/05\/3-Utter.jpg\" alt=\"\" width=\"672\" height=\"789\" srcset=\"https:\/\/www.lassebacklund.fi\/wp-content\/uploads\/2017\/05\/3-Utter.jpg 672w, https:\/\/www.lassebacklund.fi\/wp-content\/uploads\/2017\/05\/3-Utter-256x300.jpg 256w\" sizes=\"auto, (max-width: 672px) 100vw, 672px\" \/><\/p>\n<p>Hemmanet Utter 7:3 i Korsb\u00e4ck.<\/p>\n<p>Josip och Maj Sofi bodde i en st\u00f6rre bondg\u00e5rd, som stod l\u00e4ngs med Korsb\u00e4ckv\u00e4gen, p\u00e5 nuvarande adress Korsb\u00e4ckv\u00e4gen 552. K\u00e4rt barn har m\u00e5nga namn och det passar ocks\u00e5 f\u00f6r Josef och Maria Sofia, som kallades \u201dAntasin o Anton\u201d och med tiden b\u00f6rjade Josef kallas \u201dGam\u00e4l Antasin\u201d.<\/p>\n<p>Josip och Maj Sofi fick \u00e5tminstone 6 barn och de f\u00f6rsta dog som nyf\u00f6dda under de sv\u00e5ra n\u00f6d\u00e5ren p\u00e5 1860-talet.<\/p>\n<p><strong>-\u00e5r 1869<\/strong> f\u00f6ddes sonen Josef <u>Henrik,<\/u> som kallades \u201dAntas Josipas Hindrik\u201d. Han var gift med Hilma Sofia Mattsdotter Storhannus, f\u00f6dd \u00e5r 1873 i Sideby. \u00c5r 1895, i juni f\u00f6des sonen Frans Viktor i Korsb\u00e4ck och i september samma \u00e5r k\u00f6pte Josef Henrik Korsb\u00e4ck <a href=\"https:\/\/www.lassebacklund.fi\/?page_id=759\">&#8221;Sebbins&#8221; hemman<\/a> p\u00e5 Sebasbackan. \u00c5r 1897 emigrerade Henrik till Amerika och han s\u00e5lde d\u00e5 Sebbins Rosenback hemman \u00e5t torparen i Korsb\u00e4ck &#8221;Eljasas Viktor&#8221;, allts\u00e5 Viktor Eliasson B\u00e5sk. Hustrun Hilma, som kallades \u201dHan\u00e5s Hilma\u201d stannade hemma med sonen som kallades \u201dHan\u00e5s Frans\u201d och de bodde p\u00e5 den gamla folkskolan i Korsb\u00e4ck, som numera fungerar som ungdomslokal. Hilma sk\u00f6tte bland annat hush\u00e5llet \u00e5t folkskoll\u00e4raren Byman, s\u00e5 l\u00e4nge han var ogift. \u00c5r 1911 flyttade Hilma och Frans till &#8221;P\u00e5ttj\u00e4\u00e4lon&#8221; i Lappfj\u00e4rd och efter n\u00e5gra \u00e5r flyttade de till S\u00f6dra b\u00f6nehuset i Lappfj\u00e4rd. Sonen Frans flyttade till Vasa 1929 och gifte sig med Ellen medan Hilma stannade kvar och hon torde ha avlidit p\u00e5 b\u00f6nehuset.<\/p>\n<p><strong>-\u00e5r 1875<\/strong> f\u00f6ddes dottern Amanda Maria. Hon gifte sig med \u201dSand Karl Erik\u201d Nyholm, som var bonde i P\u00e4rus. De hade ett relativt stort hemman och det delades sedan mellan s\u00f6nerna Arthur Anselm, Selim och Torsten. Det var Torsten som \u00f6vertog hemg\u00e5rden.<\/p>\n<p><strong>-\u00e5r 1876<\/strong> f\u00f6ddes dottern Wilhelmina (1876-1929) som kallades \u201dAntas Mina\u201d och \u00e5r 1899 gifte hon sig med Karl Henrik Korsb\u00e4ck, senare Liljeblad (1874\u20131927). Denne kallades &#8221;Antas Karl Hindrik&#8221; och han var son till Karl Josefsson Korsb\u00e4ck, som kallades &#8221;G\u00e5sens Kalle&#8221; och bodde i nuvarande Stenlunds g\u00e5rd. De fick flera barn varav flera dog i sp\u00e4d \u00e5lder. Sonen Evert gifte sig till Lappfj\u00e4rd och dottern Selma gifte sig med Hemming Nyholm fr\u00e5n Kvarn\u00e5 och de blev b\u00f6nder p\u00e5 L\u00e5ng\u00e4ngen. Dottern &#8221;Antas Inga&#8221; gifte sig med Ingvar Lillsj\u00f6, som var bonde i Stormyron men det var sonen Ragnar (1919\u20131981), som \u00f6vertog g\u00e5rden och hemmanet.<\/p>\n<p>Ragnar gifte sig \u00e5r 1946 med &#8221;Timo Astrid&#8221; Kankaanp\u00e4\u00e4 (f.1928) som var dotter till Leander och de fick 8 barn.<\/p>\n","protected":false},"excerpt":{"rendered":"<p>Sammanst\u00e4llt av Lasse Backlund i april 2025, med hj\u00e4lp av Wilhelm Janssons anteckningar och Inga-Lill Sandstr\u00f6ms utredningar. Josef Anders Anderssson Korsb\u00e4ck (f.1840) var son till Anders Mickelsson Korsb\u00e4ck och Maja Lena Henriksdotter Utter fr\u00e5n Uttermossa. Denna Anders kallades \u201dAnt\u201d och <a class=\"more-link\" href=\"https:\/\/www.lassebacklund.fi\/?page_id=23962\">Forts\u00e4tt l\u00e4sa <span class=\"screen-reader-text\">  Josef Korsb\u00e4ck fr\u00e5n Antas i Tresk<\/span><span class=\"meta-nav\">&rarr;<\/span><\/a><\/p>\n","protected":false},"author":1,"featured_media":0,"parent":21,"menu_order":10,"comment_status":"closed","ping_status":"closed","template":"","meta":{"footnotes":""},"class_list":["post-23962","page","type-page","status-publish","hentry"],"_links":{"self":[{"href":"https:\/\/www.lassebacklund.fi\/index.php?rest_route=\/wp\/v2\/pages\/23962","targetHints":{"allow":["GET"]}}],"collection":[{"href":"https:\/\/www.lassebacklund.fi\/index.php?rest_route=\/wp\/v2\/pages"}],"about":[{"href":"https:\/\/www.lassebacklund.fi\/index.php?rest_route=\/wp\/v2\/types\/page"}],"author":[{"embeddable":true,"href":"https:\/\/www.lassebacklund.fi\/index.php?rest_route=\/wp\/v2\/users\/1"}],"replies":[{"embeddable":true,"href":"https:\/\/www.lassebacklund.fi\/index.php?rest_route=%2Fwp%2Fv2%2Fcomments&post=23962"}],"version-history":[{"count":6,"href":"https:\/\/www.lassebacklund.fi\/index.php?rest_route=\/wp\/v2\/pages\/23962\/revisions"}],"predecessor-version":[{"id":25747,"href":"https:\/\/www.lassebacklund.fi\/index.php?rest_route=\/wp\/v2\/pages\/23962\/revisions\/25747"}],"up":[{"embeddable":true,"href":"https:\/\/www.lassebacklund.fi\/index.php?rest_route=\/wp\/v2\/pages\/21"}],"wp:attachment":[{"href":"https:\/\/www.lassebacklund.fi\/index.php?rest_route=%2Fwp%2Fv2%2Fmedia&parent=23962"}],"curies":[{"name":"wp","href":"https:\/\/api.w.org\/{rel}","templated":true}]}}