{"id":23893,"date":"2025-04-13T08:48:45","date_gmt":"2025-04-13T05:48:45","guid":{"rendered":"https:\/\/www.lassebacklund.fi\/?page_id=23893"},"modified":"2025-04-14T09:59:13","modified_gmt":"2025-04-14T06:59:13","slug":"selim-bjorses-ovriga-foton","status":"publish","type":"page","link":"https:\/\/www.lassebacklund.fi\/?page_id=23893","title":{"rendered":"Selim Bj\u00f6rses \u00f6vriga foton"},"content":{"rendered":"<p>En del foton i Selim Bj\u00f6rses samling \u00e4r sv\u00e5ra att \u00e5ldersbest\u00e4mma, s\u00e5 d\u00e4rf\u00f6r samlas de h\u00e4r i st\u00e4llet:<\/p>\n<figure id=\"attachment_23896\" aria-describedby=\"caption-attachment-23896\" style=\"width: 2500px\" class=\"wp-caption alignnone\"><img loading=\"lazy\" decoding=\"async\" class=\"size-full wp-image-23896\" src=\"https:\/\/www.lassebacklund.fi\/wp-content\/uploads\/2025\/04\/Skolans-direktion-1.jpg\" alt=\"\" width=\"2500\" height=\"1564\" srcset=\"https:\/\/www.lassebacklund.fi\/wp-content\/uploads\/2025\/04\/Skolans-direktion-1.jpg 2500w, https:\/\/www.lassebacklund.fi\/wp-content\/uploads\/2025\/04\/Skolans-direktion-1-300x188.jpg 300w, https:\/\/www.lassebacklund.fi\/wp-content\/uploads\/2025\/04\/Skolans-direktion-1-1024x641.jpg 1024w, https:\/\/www.lassebacklund.fi\/wp-content\/uploads\/2025\/04\/Skolans-direktion-1-768x480.jpg 768w, https:\/\/www.lassebacklund.fi\/wp-content\/uploads\/2025\/04\/Skolans-direktion-1-1536x961.jpg 1536w, https:\/\/www.lassebacklund.fi\/wp-content\/uploads\/2025\/04\/Skolans-direktion-1-2048x1281.jpg 2048w\" sizes=\"auto, (max-width: 2500px) 100vw, 2500px\" \/><figcaption id=\"caption-attachment-23896\" class=\"wp-caption-text\">Direktionen f\u00f6r s\u00f6dra folkskolan, uppe fr\u00e5n v\u00e4nster Hemming Lillmangs, Arvid Bj\u00f6rses, Albin Ekman och Gunnar S\u00f6derg\u00e5rd. Nere fr\u00e5n v\u00e4nster Artur Rosendahl, i mitten folkskoll\u00e4raren Selim Bj\u00f6rses och till h\u00f6ger om honom Eskil Ingvesg\u00e5rd.<\/figcaption><\/figure>\n<figure id=\"attachment_23902\" aria-describedby=\"caption-attachment-23902\" style=\"width: 1063px\" class=\"wp-caption alignnone\"><img loading=\"lazy\" decoding=\"async\" class=\"size-full wp-image-23902\" src=\"https:\/\/www.lassebacklund.fi\/wp-content\/uploads\/2025\/04\/2-pojkar-med-bassmane.jpg\" alt=\"\" width=\"1063\" height=\"706\" srcset=\"https:\/\/www.lassebacklund.fi\/wp-content\/uploads\/2025\/04\/2-pojkar-med-bassmane.jpg 1063w, https:\/\/www.lassebacklund.fi\/wp-content\/uploads\/2025\/04\/2-pojkar-med-bassmane-300x199.jpg 300w, https:\/\/www.lassebacklund.fi\/wp-content\/uploads\/2025\/04\/2-pojkar-med-bassmane-1024x680.jpg 1024w, https:\/\/www.lassebacklund.fi\/wp-content\/uploads\/2025\/04\/2-pojkar-med-bassmane-768x510.jpg 768w\" sizes=\"auto, (max-width: 1063px) 100vw, 1063px\" \/><figcaption id=\"caption-attachment-23902\" class=\"wp-caption-text\">Tv\u00e5 ok\u00e4nda pojkar har tagit upp en s\u00e4ck med potatis i skolans tr\u00e4dg\u00e5rdsland och medan den ena h\u00e5ller i gr\u00e4ftan f\u00f6rs\u00f6ker den andra v\u00e4ga s\u00e4cken med ett &#8221;bessman&#8221;.<\/figcaption><\/figure>\n<figure id=\"attachment_23906\" aria-describedby=\"caption-attachment-23906\" style=\"width: 1395px\" class=\"wp-caption alignnone\"><img loading=\"lazy\" decoding=\"async\" class=\"size-full wp-image-23906\" src=\"https:\/\/www.lassebacklund.fi\/wp-content\/uploads\/2025\/04\/Elever-vid-Botombergsstugan.jpg\" alt=\"\" width=\"1395\" height=\"881\" srcset=\"https:\/\/www.lassebacklund.fi\/wp-content\/uploads\/2025\/04\/Elever-vid-Botombergsstugan.jpg 1395w, https:\/\/www.lassebacklund.fi\/wp-content\/uploads\/2025\/04\/Elever-vid-Botombergsstugan-300x189.jpg 300w, https:\/\/www.lassebacklund.fi\/wp-content\/uploads\/2025\/04\/Elever-vid-Botombergsstugan-1024x647.jpg 1024w, https:\/\/www.lassebacklund.fi\/wp-content\/uploads\/2025\/04\/Elever-vid-Botombergsstugan-768x485.jpg 768w\" sizes=\"auto, (max-width: 1395px) 100vw, 1395px\" \/><figcaption id=\"caption-attachment-23906\" class=\"wp-caption-text\">Ungdomar fr\u00e5n Lappfj\u00e4rd, f\u00f6dda runt 1950 vid B\u00f6tombergsstugan i mitten av 1960-talet. Fr\u00e5n v\u00e4nster nedre raden: Barbro R\u00f6nn, Birgit Norrholm, Benita Bj\u00f6rklund, Atle Lundberg och Roger Dahl.<br \/>\u00d6vre raden fr\u00e5n v\u00e4nster: Jan Lindstr\u00f6m, Roy Nordgren, Ingolf Andtfolk, Marianne Bergkulla, Begner Bj\u00f6rklund, Britt-Marie Gullmes, Bengt Klockars och Per-Erik Lindahl med kikaren.<\/figcaption><\/figure>\n<figure id=\"attachment_23909\" aria-describedby=\"caption-attachment-23909\" style=\"width: 2252px\" class=\"wp-caption alignnone\"><img loading=\"lazy\" decoding=\"async\" class=\"size-full wp-image-23909\" src=\"https:\/\/www.lassebacklund.fi\/wp-content\/uploads\/2025\/04\/Agda-Abro-1936.jpg\" alt=\"\" width=\"2252\" height=\"1484\" srcset=\"https:\/\/www.lassebacklund.fi\/wp-content\/uploads\/2025\/04\/Agda-Abro-1936.jpg 2252w, https:\/\/www.lassebacklund.fi\/wp-content\/uploads\/2025\/04\/Agda-Abro-1936-300x198.jpg 300w, https:\/\/www.lassebacklund.fi\/wp-content\/uploads\/2025\/04\/Agda-Abro-1936-1024x675.jpg 1024w, https:\/\/www.lassebacklund.fi\/wp-content\/uploads\/2025\/04\/Agda-Abro-1936-768x506.jpg 768w, https:\/\/www.lassebacklund.fi\/wp-content\/uploads\/2025\/04\/Agda-Abro-1936-1536x1012.jpg 1536w, https:\/\/www.lassebacklund.fi\/wp-content\/uploads\/2025\/04\/Agda-Abro-1936-2048x1350.jpg 2048w\" sizes=\"auto, (max-width: 2252px) 100vw, 2252px\" \/><figcaption id=\"caption-attachment-23909\" class=\"wp-caption-text\">Agda \u00c5bro (1921-2002) fr\u00e5n H\u00e4rkmeri visar upp l\u00f6karna i sitt klubbland f\u00f6r ledaren Selim Bj\u00f6rses fr\u00e5n Lappfj\u00e4rd \u00e5r 1936. Hon gifte sig sedan med Birger Granqvist (1919-1991).<\/figcaption><\/figure>\n","protected":false},"excerpt":{"rendered":"<p>En del foton i Selim Bj\u00f6rses samling \u00e4r sv\u00e5ra att \u00e5ldersbest\u00e4mma, s\u00e5 d\u00e4rf\u00f6r samlas de h\u00e4r i st\u00e4llet:<\/p>\n","protected":false},"author":1,"featured_media":0,"parent":4555,"menu_order":2000,"comment_status":"closed","ping_status":"closed","template":"","meta":{"footnotes":""},"class_list":["post-23893","page","type-page","status-publish","hentry"],"_links":{"self":[{"href":"https:\/\/www.lassebacklund.fi\/index.php?rest_route=\/wp\/v2\/pages\/23893","targetHints":{"allow":["GET"]}}],"collection":[{"href":"https:\/\/www.lassebacklund.fi\/index.php?rest_route=\/wp\/v2\/pages"}],"about":[{"href":"https:\/\/www.lassebacklund.fi\/index.php?rest_route=\/wp\/v2\/types\/page"}],"author":[{"embeddable":true,"href":"https:\/\/www.lassebacklund.fi\/index.php?rest_route=\/wp\/v2\/users\/1"}],"replies":[{"embeddable":true,"href":"https:\/\/www.lassebacklund.fi\/index.php?rest_route=%2Fwp%2Fv2%2Fcomments&post=23893"}],"version-history":[{"count":7,"href":"https:\/\/www.lassebacklund.fi\/index.php?rest_route=\/wp\/v2\/pages\/23893\/revisions"}],"predecessor-version":[{"id":23910,"href":"https:\/\/www.lassebacklund.fi\/index.php?rest_route=\/wp\/v2\/pages\/23893\/revisions\/23910"}],"up":[{"embeddable":true,"href":"https:\/\/www.lassebacklund.fi\/index.php?rest_route=\/wp\/v2\/pages\/4555"}],"wp:attachment":[{"href":"https:\/\/www.lassebacklund.fi\/index.php?rest_route=%2Fwp%2Fv2%2Fmedia&parent=23893"}],"curies":[{"name":"wp","href":"https:\/\/api.w.org\/{rel}","templated":true}]}}