{"id":2383,"date":"2017-01-15T20:42:40","date_gmt":"2017-01-15T19:42:40","guid":{"rendered":"http:\/\/www.lassebacklund.fi\/?page_id=2383"},"modified":"2018-10-30T18:04:40","modified_gmt":"2018-10-30T17:04:40","slug":"arsberattelse-for-ar-1948","status":"publish","type":"page","link":"https:\/\/www.lassebacklund.fi\/?page_id=2383","title":{"rendered":"\u00c5rsber\u00e4ttelse f\u00f6r \u00e5r 1948."},"content":{"rendered":"<p>Dagsmark Andelsmejeri m.b.t. har under r\u00e4kenskapets \u00e5r 1948 varit i g\u00e5ng 236 dagar och har under denna tid inv\u00e4gt 437,808 kg mj\u00f6lk, vilket i medeltal utg\u00f6r per leveransdag 1856 kg. \u00c5ret f\u00f6rut inv\u00e4gdes 311,526 kg p\u00e5 218 dagar som mejeriet var i g\u00e5ng, vilket i medeltal per dag d\u00e5 var 1,428 kg mj\u00f6lk. S\u00e5ledes en \u00f6kning detta \u00e5r i mj\u00f6lkleveransen i kg r\u00e4knat 126,286 kg mj\u00f6lk eller 40,5 %.<\/p>\n<p>Medelfetthalten har under \u00e5ret varit 3,605 %, mot \u00e5ret f\u00f6rut 3,614 %, s\u00e5ledes en liten skillnad i detta h\u00e4nseende. Kvalitetsbed\u00f6mningarna f\u00f6rdelar sig enligt f\u00f6ljande: I kl. 75,87 %, II kl. 19,45 %, III kl. 3,75 % och IV kl. 0,93 %. Av den inv\u00e4gda mj\u00f6lkm\u00e4ngden har som konsumtionsmj\u00f6lk s\u00e5lts 24,747 liter eller 25,538 kg, mot f\u00f6reg\u00e5ende \u00e5r 26,781 liter, s\u00e5ledes 2,034 liter mindre detta \u00e5r.<\/p>\n<p>Personalen har i naturaf\u00f6rm\u00e5ner erh\u00e5llit 1,064 liter mj\u00f6lk. \u00c5terstoden av den inv\u00e4gda mj\u00f6lken har till sm\u00f6rberedning anv\u00e4nts 412,270 kg, varav erh\u00e5llits 17,340 kg sm\u00f6r. Till 1 kg sm\u00f6r har \u00e5tg\u00e5tt i medeltal 23,77 kg mj\u00f6lk, \u00e5ret f\u00f6rut var mj\u00f6lk\u00e5tg\u00e5ngen per kg sm\u00f6r 23,88 kg mj\u00f6lk. Av den tillverkade sm\u00f6rm\u00e4ngden har f\u00f6r personalens naturaf\u00f6rm\u00e5ner \u00e5tg\u00e5tt 28,25 kg sm\u00f6r, s\u00e5lt till leverant\u00f6rerna 5,019 kg samt genom Enighetens f\u00f6rmedling 12,120 kg. Sm\u00f6r i lager 381 kg, har s\u00e5lts \u00e5t Syd-\u00d6sterbottens Andelsmejeri f\u00f6r en summa av 134,147\/ &#8211; eller 352 kg. Medelpriset f\u00f6r det genom Enighetens f\u00f6rmedling s\u00e5lda sm\u00f6r har varit 330, vilket influtit 4,011,467 mk. Till leverant\u00f6rerna f\u00f6rs\u00e5lda sm\u00f6r 5,019 kg \u00e1 352\/ kg har erh\u00e5llits 1,767,645 mk. Skum- och k\u00e4rnmj\u00f6lk har \u00e5t leverant\u00f6rerna s\u00e5lts 12,797 liter och f\u00f6r den f\u00f6rs\u00e5lda helmj\u00f6lken 24,747 liter har inbringat 279,791 mk. Den totala inkomsten f\u00f6r produkter stiger till 7,605,886,50 mk, plus det som finns i lager till \u00e5r 1949 134.147,-. \u00c5ret f\u00f6rut var denna summa 4,411,608.<\/p>\n<p>Har till leverant\u00f6rerna i mj\u00f6lklikvider erlagts 6,992,630 mk, vilket utg\u00f6r ett pris av 15\/97. I transportbidrag har utbetalats 55,890 mk. Driftskostnaderna stiger detta \u00e5r till 621,852 mk eller 8 % av inkomsterna. Det bokf\u00f6rda v\u00e4rdet av egendom utg\u00f6r enligt b\u00f6ckerna till 239.000,- och Andelslagets fonder till 202,506,-. Ett \u00f6verskott p\u00e5 62,162 Fmk st\u00e5r till st\u00e4mmans f\u00f6rfogande och f\u00f6resl\u00e5r styrelsen att denna summa skall deponeras i bank f\u00f6r eventuella \u00e4ndam\u00e5l under \u00e5r 1949.<\/p>\n<p>Styrelsen har under \u00e5ret sammankallats till 16 sammantr\u00e4den och har densamma utgjorts av f\u00f6ljande personer: Ordf\u00f6randen Valdemar Rosengren, viceordf\u00f6rande E. A. Klemets, ledam\u00f6ter Josef Granlund, Erland Norrg\u00e5rd, Artur Gr\u00f6ndahl, suppleanter Emil Eklund, Johan Lillkull samt Axel Forslin. Till revisorer uts\u00e5gs mejerif\u00f6rbundet Enigheten, lokalrevisorer Einar Lind och E. A. Roseng\u00e5rd, suppleanter Emil Backlund och Johan Lillkull.<\/p>\n<p>Dagsmark den 26 februari 1949.<\/p>\n<p>P\u00e5 styrelsens v\u00e4gnar Algot Bj\u00f6rklund, disponent.<\/p>\n","protected":false},"excerpt":{"rendered":"<p>Dagsmark Andelsmejeri m.b.t. har under r\u00e4kenskapets \u00e5r 1948 varit i g\u00e5ng 236 dagar och har under denna tid inv\u00e4gt 437,808 kg mj\u00f6lk, vilket i medeltal utg\u00f6r per leveransdag 1856 kg. \u00c5ret f\u00f6rut inv\u00e4gdes 311,526 kg p\u00e5 218 dagar som mejeriet <a class=\"more-link\" href=\"https:\/\/www.lassebacklund.fi\/?page_id=2383\">Forts\u00e4tt l\u00e4sa <span class=\"screen-reader-text\">  \u00c5rsber\u00e4ttelse f\u00f6r \u00e5r 1948.<\/span><span class=\"meta-nav\">&rarr;<\/span><\/a><\/p>\n","protected":false},"author":1,"featured_media":0,"parent":1332,"menu_order":1948,"comment_status":"closed","ping_status":"closed","template":"","meta":{"footnotes":""},"class_list":["post-2383","page","type-page","status-publish","hentry"],"_links":{"self":[{"href":"https:\/\/www.lassebacklund.fi\/index.php?rest_route=\/wp\/v2\/pages\/2383","targetHints":{"allow":["GET"]}}],"collection":[{"href":"https:\/\/www.lassebacklund.fi\/index.php?rest_route=\/wp\/v2\/pages"}],"about":[{"href":"https:\/\/www.lassebacklund.fi\/index.php?rest_route=\/wp\/v2\/types\/page"}],"author":[{"embeddable":true,"href":"https:\/\/www.lassebacklund.fi\/index.php?rest_route=\/wp\/v2\/users\/1"}],"replies":[{"embeddable":true,"href":"https:\/\/www.lassebacklund.fi\/index.php?rest_route=%2Fwp%2Fv2%2Fcomments&post=2383"}],"version-history":[{"count":1,"href":"https:\/\/www.lassebacklund.fi\/index.php?rest_route=\/wp\/v2\/pages\/2383\/revisions"}],"predecessor-version":[{"id":2384,"href":"https:\/\/www.lassebacklund.fi\/index.php?rest_route=\/wp\/v2\/pages\/2383\/revisions\/2384"}],"up":[{"embeddable":true,"href":"https:\/\/www.lassebacklund.fi\/index.php?rest_route=\/wp\/v2\/pages\/1332"}],"wp:attachment":[{"href":"https:\/\/www.lassebacklund.fi\/index.php?rest_route=%2Fwp%2Fv2%2Fmedia&parent=2383"}],"curies":[{"name":"wp","href":"https:\/\/api.w.org\/{rel}","templated":true}]}}