{"id":2380,"date":"2017-01-13T23:23:56","date_gmt":"2017-01-13T22:23:56","guid":{"rendered":"http:\/\/www.lassebacklund.fi\/?page_id=2380"},"modified":"2018-10-30T18:04:11","modified_gmt":"2018-10-30T17:04:11","slug":"hostmote-i-november-1939","status":"publish","type":"page","link":"https:\/\/www.lassebacklund.fi\/?page_id=2380","title":{"rendered":"H\u00f6stm\u00f6te i november 1939."},"content":{"rendered":"<p><span style=\"color: #000080;\">2 dagar f\u00f6re vinterkrigets utbrott, allts\u00e5 den 28 november 1939 hade tidningen Syd-\u00d6sterbotten en artikel om Dagsmarks Andelsmejeris h\u00f6stm\u00f6te:<\/span><\/p>\n<p>Dagsmark andelsmejeri h\u00f6ll sin h\u00f6stst\u00e4mma i g\u00e5r kl. 14. Ordf\u00f6rande var bonden Valdemar Rosengren och sekreterare disponent A. Mattsson.<\/p>\n<p>Styrelsens verksamhetsber\u00e4ttelse f\u00f6r \u00e5rets tio f\u00f6rsta m\u00e5nader f\u00f6redrogs och godk\u00e4ndes. Ur ber\u00e4ttelsen framgick att mejeriet under ifr\u00e5gavarande period varit i g\u00e5ng 228 dagar, varunder inv\u00e4gts 461.340 kg mj\u00f6lk eller 2.023 kg per dag. Den inv\u00e4gda mj\u00f6lkm\u00e4ngden var motsvarande period i fjol 439.089 kg, varf\u00f6r av avsev\u00e4rd \u00f6kning f\u00f6religger. Mj\u00f6lkens medelfetthalt var 3,72 %. F\u00f6r mj\u00f6lken utbetalades till leverant\u00f6rerna 450.492 mark eller 97,6 p per kg. Till leverant\u00f6rerna s\u00e5ldes 1.387 kg sm\u00f6r f\u00f6r ett medelpris av 26,77, till \u00e5terf\u00f6rs\u00e4ljare i Kristinestad och Lappfj\u00e4rd 2.347 f\u00f6r sammanlagt 65.246 mark och till Mejerif\u00f6rbundet Enigheten 14.833 kg f\u00f6r 390.813 mark.<\/p>\n<p>F\u00f6r f\u00f6rs\u00e5ld helmj\u00f6lk infl\u00f6t 36.337, f\u00f6r gr\u00e4dde 9.339 och f\u00f6r skummj\u00f6lk 3.599 mark. Mejerites statsl\u00e5n avkortades med 20.000 mk, varf\u00f6r p\u00e5 detsamma nu \u00e5terst\u00e5r 100.000 mk. S\u00e4rskilda reparationer p\u00e5 mejeribyggnaden drogo en kostnad av 7.500 mk.<\/p>\n<p>Fr\u00e5n styrelsen voro i tur att avg\u00e5 Erland Norrg\u00e5rd och Anselm Nyg\u00e5rd, vilka \u00e5tervaldes. Till revisorer f\u00f6r innevarande \u00e5rs r\u00e4kenskaper valdes Emil Backlund, Viktor Bj\u00f6rklund och Mejerif\u00f6rbundet Enigheten, suppleanter blevo Frans Agn\u00e4s och Einar Lind. Slutligen besl\u00f6ts f\u00f6r n\u00e4sta \u00e5r prenumerera p\u00e5 tidskriften Lantm\u00e4n och Andelsfolk \u00e5t samtliga medlemmar.<\/p>\n","protected":false},"excerpt":{"rendered":"<p>2 dagar f\u00f6re vinterkrigets utbrott, allts\u00e5 den 28 november 1939 hade tidningen Syd-\u00d6sterbotten en artikel om Dagsmarks Andelsmejeris h\u00f6stm\u00f6te: Dagsmark andelsmejeri h\u00f6ll sin h\u00f6stst\u00e4mma i g\u00e5r kl. 14. Ordf\u00f6rande var bonden Valdemar Rosengren och sekreterare disponent A. Mattsson. Styrelsens verksamhetsber\u00e4ttelse <a class=\"more-link\" href=\"https:\/\/www.lassebacklund.fi\/?page_id=2380\">Forts\u00e4tt l\u00e4sa <span class=\"screen-reader-text\">  H\u00f6stm\u00f6te i november 1939.<\/span><span class=\"meta-nav\">&rarr;<\/span><\/a><\/p>\n","protected":false},"author":1,"featured_media":0,"parent":1332,"menu_order":1939,"comment_status":"closed","ping_status":"closed","template":"","meta":{"footnotes":""},"class_list":["post-2380","page","type-page","status-publish","hentry"],"_links":{"self":[{"href":"https:\/\/www.lassebacklund.fi\/index.php?rest_route=\/wp\/v2\/pages\/2380","targetHints":{"allow":["GET"]}}],"collection":[{"href":"https:\/\/www.lassebacklund.fi\/index.php?rest_route=\/wp\/v2\/pages"}],"about":[{"href":"https:\/\/www.lassebacklund.fi\/index.php?rest_route=\/wp\/v2\/types\/page"}],"author":[{"embeddable":true,"href":"https:\/\/www.lassebacklund.fi\/index.php?rest_route=\/wp\/v2\/users\/1"}],"replies":[{"embeddable":true,"href":"https:\/\/www.lassebacklund.fi\/index.php?rest_route=%2Fwp%2Fv2%2Fcomments&post=2380"}],"version-history":[{"count":1,"href":"https:\/\/www.lassebacklund.fi\/index.php?rest_route=\/wp\/v2\/pages\/2380\/revisions"}],"predecessor-version":[{"id":2381,"href":"https:\/\/www.lassebacklund.fi\/index.php?rest_route=\/wp\/v2\/pages\/2380\/revisions\/2381"}],"up":[{"embeddable":true,"href":"https:\/\/www.lassebacklund.fi\/index.php?rest_route=\/wp\/v2\/pages\/1332"}],"wp:attachment":[{"href":"https:\/\/www.lassebacklund.fi\/index.php?rest_route=%2Fwp%2Fv2%2Fmedia&parent=2380"}],"curies":[{"name":"wp","href":"https:\/\/api.w.org\/{rel}","templated":true}]}}