{"id":23636,"date":"2025-02-11T19:44:36","date_gmt":"2025-02-11T17:44:36","guid":{"rendered":"https:\/\/www.lassebacklund.fi\/?page_id=23636"},"modified":"2025-09-28T22:50:17","modified_gmt":"2025-09-28T19:50:17","slug":"slaktnamn-som-borjar-pa-o","status":"publish","type":"page","link":"https:\/\/www.lassebacklund.fi\/?page_id=23636","title":{"rendered":"Sl\u00e4ktnamn som b\u00f6rjar p\u00e5 \u00d6"},"content":{"rendered":"<p><img loading=\"lazy\" decoding=\"async\" class=\"alignnone size-full wp-image-23639\" src=\"https:\/\/www.lassebacklund.fi\/wp-content\/uploads\/2025\/02\/Oist-Elvi.png\" alt=\"\" width=\"886\" height=\"504\" srcset=\"https:\/\/www.lassebacklund.fi\/wp-content\/uploads\/2025\/02\/Oist-Elvi.png 886w, https:\/\/www.lassebacklund.fi\/wp-content\/uploads\/2025\/02\/Oist-Elvi-300x171.png 300w, https:\/\/www.lassebacklund.fi\/wp-content\/uploads\/2025\/02\/Oist-Elvi-768x437.png 768w\" sizes=\"auto, (max-width: 886px) 100vw, 886px\" \/><\/p>\n<p><img loading=\"lazy\" decoding=\"async\" class=\"alignnone size-full wp-image-24731\" src=\"https:\/\/www.lassebacklund.fi\/wp-content\/uploads\/2025\/09\/Oist-Johan-Viktor.jpg\" alt=\"\" width=\"705\" height=\"682\" srcset=\"https:\/\/www.lassebacklund.fi\/wp-content\/uploads\/2025\/09\/Oist-Johan-Viktor.jpg 705w, https:\/\/www.lassebacklund.fi\/wp-content\/uploads\/2025\/09\/Oist-Johan-Viktor-300x290.jpg 300w\" sizes=\"auto, (max-width: 705px) 100vw, 705px\" \/> <img loading=\"lazy\" decoding=\"async\" class=\"alignnone size-full wp-image-23638\" src=\"https:\/\/www.lassebacklund.fi\/wp-content\/uploads\/2025\/02\/IMG_9534.jpg\" alt=\"\" width=\"897\" height=\"846\" srcset=\"https:\/\/www.lassebacklund.fi\/wp-content\/uploads\/2025\/02\/IMG_9534.jpg 897w, https:\/\/www.lassebacklund.fi\/wp-content\/uploads\/2025\/02\/IMG_9534-300x283.jpg 300w, https:\/\/www.lassebacklund.fi\/wp-content\/uploads\/2025\/02\/IMG_9534-768x724.jpg 768w\" sizes=\"auto, (max-width: 897px) 100vw, 897px\" \/><\/p>\n","protected":false},"excerpt":{"rendered":"","protected":false},"author":1,"featured_media":0,"parent":27,"menu_order":250,"comment_status":"closed","ping_status":"closed","template":"","meta":{"footnotes":""},"class_list":["post-23636","page","type-page","status-publish","hentry"],"_links":{"self":[{"href":"https:\/\/www.lassebacklund.fi\/index.php?rest_route=\/wp\/v2\/pages\/23636","targetHints":{"allow":["GET"]}}],"collection":[{"href":"https:\/\/www.lassebacklund.fi\/index.php?rest_route=\/wp\/v2\/pages"}],"about":[{"href":"https:\/\/www.lassebacklund.fi\/index.php?rest_route=\/wp\/v2\/types\/page"}],"author":[{"embeddable":true,"href":"https:\/\/www.lassebacklund.fi\/index.php?rest_route=\/wp\/v2\/users\/1"}],"replies":[{"embeddable":true,"href":"https:\/\/www.lassebacklund.fi\/index.php?rest_route=%2Fwp%2Fv2%2Fcomments&post=23636"}],"version-history":[{"count":3,"href":"https:\/\/www.lassebacklund.fi\/index.php?rest_route=\/wp\/v2\/pages\/23636\/revisions"}],"predecessor-version":[{"id":24732,"href":"https:\/\/www.lassebacklund.fi\/index.php?rest_route=\/wp\/v2\/pages\/23636\/revisions\/24732"}],"up":[{"embeddable":true,"href":"https:\/\/www.lassebacklund.fi\/index.php?rest_route=\/wp\/v2\/pages\/27"}],"wp:attachment":[{"href":"https:\/\/www.lassebacklund.fi\/index.php?rest_route=%2Fwp%2Fv2%2Fmedia&parent=23636"}],"curies":[{"name":"wp","href":"https:\/\/api.w.org\/{rel}","templated":true}]}}