{"id":23596,"date":"2025-01-29T13:19:45","date_gmt":"2025-01-29T11:19:45","guid":{"rendered":"https:\/\/www.lassebacklund.fi\/?page_id=23596"},"modified":"2025-04-21T23:55:34","modified_gmt":"2025-04-21T20:55:34","slug":"historien-om-namnet-ulla","status":"publish","type":"page","link":"https:\/\/www.lassebacklund.fi\/?page_id=23596","title":{"rendered":"Historien om namnet \u201dUlla\u201d"},"content":{"rendered":"<p><span style=\"color: #000080;\"><strong>Sammanst\u00e4llt av Lasse Backlund i januari 2025 med uppgifter tagna ur Erik Andtfolks bok \u201dHerr Pedagogen Henrik Ehrenforss och hans hustru Madam Lovisa Mexberg\u201d, fr\u00e5n \u00e5r 2000.<\/strong><\/span><\/p>\n<p>Till\u00e4ggsnamnet \u201dUlla\u201d f\u00f6rekommer p\u00e5 flera st\u00e4llen, b\u00e5de i Dagsmark och i Perus och det kan h\u00e4rledas \u00e4nda fr\u00e5n Ulrika Ehrenfors (1790-1843) i Henriksdal. Ulrika var dotter till \u201dHerr Pedagogen Henric Ehrenforss\u201d (1750-1811), som var den f\u00f6rsta nybyggaren i Henriksdal. Henrik var kommen fr\u00e5n Sideby och han var gift med l\u00e4nsmandottern Lovisa Mexberg (1755-1815) fr\u00e5n Uotila g\u00e5rd i Urjala. Henriks bakgrund och f\u00f6delseort \u00e4r ok\u00e4nd men han studerade vid akademin i \u00c5bo.<\/p>\n<p>\u00c5r 1776 fick Henrik Ehrenfors tj\u00e4nst som pedagog vid Kristinestads pedagogi, allts\u00e5 den barnaskola som uppr\u00e4tth\u00f6lls av kyrkan. L\u00e4rare d\u00e4r var ofta studerande teologer, som inte hade n\u00e5gon examen. Samma \u00e5r gifte sig Henrik med Lovisa Mexberg, som d\u00e5 flyttade till Kristinestad.<\/p>\n<p>N\u00e5gon bra l\u00e4rare var Henric inte och d\u00e5 han dessutom anv\u00e4nde starka drycker blev han avskedad fr\u00e5n sin tj\u00e4nst ganska snart. Han tvingades d\u00e5 l\u00e4mna sin tj\u00e4nstebostad i staden och flyttade d\u00e5 till ett f\u00f6re detta soldattorp i Skaftung.<\/p>\n<p>Henric hade dock st\u00f6rre planer \u00e4n s\u00e5 och han anh\u00f6ll av guvern\u00f6ren i Vasa om tillst\u00e5nd att f\u00e5 anl\u00e4gga ett nybygge i \u00f6stra Skaftung. Hans anh\u00e5llan godk\u00e4ndes \u00e5r 1790 och Henriksdal nybygge kunde anl\u00e4ggas p\u00e5 Skaftung bys marker.<\/p>\n<p>\u201dHerr Pedagogen\u201d sadlade allts\u00e5 helt om och blev bonde p\u00e5 det hemman, som bar hans namn och l\u00e5g mellan H\u00e4rkmeri, \u00d6mossa och Skaftung och var p\u00e5 hela 420 hektar.<\/p>\n<p>N\u00e5gon stor framg\u00e5ng som bonde hade Henric inte och han hade hela tiden ekonomiska problem. Han tvingades att l\u00e5na pengar d\u00e4r s\u00e5dana fanns och d\u00e5 dessa inte r\u00e4ckte till tvingades han att b\u00f6rja s\u00e4lja ut delar av hemmanet<\/p>\n<p>Henrik och Lovisa fick sju barn men endast fem levde till vuxen \u00e5lder och de vara alla flickor. F\u00f6re \u00e5r 1810 hade flickorna flyttat bort, f\u00f6rst som pigor och som vuxna gifte de sig och alla bosatte sig i Kristinestadstrakten. Sl\u00e4kten \u00e4r stor och har spritt sig \u00f6ver hela v\u00e4rlden.<\/p>\n<h3><strong>Henrics dotter Ulrika Rosenlund<\/strong><\/h3>\n<p>Ulrika Ehrenfors (1790-1843), som kallades Ulla f\u00f6ddes i Henriksdal, som den n\u00e4st yngsta av de fem flickorna. \u00c5r 1813 gifte hon sig med bondesonen Johan Mattsson Rosenlund (1793-1867) fr\u00e5n Frivilas i Skaftung. Johan var son till nybyggaren p\u00e5 Frivilas, som var \u00e4ttling till soldaten \u201dFrivillig\u201d i Lappfj\u00e4rd. Det nya hemmanet fick namnet Rosenlund men omr\u00e5det kallas fortfarande Frivilas.<\/p>\n<p>Efter en tid tvingades Ulrika och Johan flytta till ett torp i Skaftung d\u00e4r de levde i armod och fattigdom. Efter en tid kunde de k\u00f6pa ett litet hemman p\u00e5 skuld, som Johan dock m\u00e5ste avyttra efter Ulrikas d\u00f6d 1843.<\/p>\n<p>Ulrika och Johan fick fyra barn, varav tre levde till vuxen \u00e5lder.<\/p>\n<h3><strong>Ulrikas son Carl Rosenlund<\/strong><\/h3>\n<p>Sonen <u>Carl<\/u> Fredrik (1818-1886) f\u00f6ddes i Frivilas i Skaftung och \u00e5r 1849 gifte han sig med Wendla Maria Hedback (1831-1918) fr\u00e5n Sideby. Carl var hantverkare, sedan torpare i Skaftung och i \u00d6mossa. De slutade sina dagar som torpare p\u00e5 Lilltr\u00e4sk hemman i Uttermossa och b\u00e5da dog p\u00e5 Sm\u00e5tr\u00e4sk hemman i Starr\u00e4ngen.<\/p>\n<p>Carl Fredrik och Wendla Maria fick 12 barn, varav hela nio levde till vuxen \u00e5lder.<\/p>\n<h3><strong>Carls son Josef Rosenlund<\/strong><\/h3>\n<p>Sonen <u>Josef<\/u> Henrik d.\u00e4 (1853-1923) f\u00f6ddes i Skaftung och \u00e5r 1875 gifte han sig med Anna Kajsa Nyholm (1848-1918) fr\u00e5n Lappfj\u00e4rd. Hon var dotter till bonden Erik Henrik Mitts d.\u00e4 och Anna Greta, som var b\u00f6nder p\u00e5 Nyholm i nuvarande Perus. Josef, som kallades \u201dGam\u00e4l Ullarin\u201d och Anna Kajsa blev torpare och torpet l\u00e5g vid Lang\u00e5sv\u00e4gen p\u00e5 dess \u00f6stra sida, f\u00f6re man kommer till skogen vid Ullabackan.<\/p>\n<p>Josef och Anna Kajsa fick endast en son.<\/p>\n<h3><strong>Josefs son Josef Rosenlund <\/strong><\/h3>\n<p>Sonen <u>Josef <\/u>Henrik Rosenlund d.y. (1875-1921) f\u00f6ddes p\u00e5 Nyholms hemman, i torpet vid Ullabackan vid Lang\u00e5sv\u00e4gen. Han gifte sig \u00e5r 1893 med Edla Sofia P\u00e4rus (1868-1934), som var dotter till bonden Karl P\u00e4rus p\u00e5 Perus hemman. Han var f\u00f6rst inhysing men senare torpare p\u00e5 Nyholm hemman med egen stuga med f\u00e4hus, lada och bastu.<\/p>\n<p>Josef, som kallades \u201dUlla Josip\u201d blev av of\u00f6rklarliga orsaker d\u00f6dad \u00e5r 1921 under sin dotter Selmas br\u00f6llop med Antti Aittam\u00e4ki fr\u00e5n Honkajoki. L\u00e4s mera om fallet <a href=\"https:\/\/www.lassebacklund.fi\/?page_id=12098\"><span style=\"color: #000080;\"><strong>H\u00c4R!<\/strong><\/span><\/a><\/p>\n<p><strong><span style=\"text-decoration: underline;\">Josef<\/span> Henrik och Edla Sofia<\/strong> fick fem barn, som alla levde till vuxen \u00e5lder.<\/p>\n<p>-Selma Julina (1893-1931) som gifte sig med Antti Aittam\u00e4ki fr\u00e5n Honkajoki och de fick tv\u00e5 barn.<\/p>\n<p>-Emil Rosenlund, g\u00e5 till f\u00f6ljande generation.<\/p>\n<p>-Ida Alvina (1899-1986) som \u00e5r 1920 gifte sig med \u00e4nklingen Frans Viktor Lillg\u00e4ls fr\u00e5n Mittsholmin. De bytte sedan namn till Nygren och 10 barn.<\/p>\n<p>-Otto (1905-d\u00f6d i Amerika 1972) som \u00e5r 1926 gifte sig med Fanny Elvira Kankaanp\u00e4\u00e4 fr\u00e5n Kurikka. De hade tv\u00e5 barn, senare fr\u00e5nskilda.<\/p>\n<p>-Amanda Olivia (1911-1934) ogift och barnl\u00f6s.<\/p>\n<h3><strong>Henriks son Emil Rosenlund<\/strong><\/h3>\n<p>Sonen Josef <u>Emil<\/u> Rosenlund (1896-1931) f\u00f6ddes p\u00e5 Nyholm hemman vid Ullabackan p\u00e5 \u00f6stra sidan om Lang\u00e5sv\u00e4gen. \u00c5r 1919 gifte sig Emil med Julia Niemi (1894-1984), som var torpardotter, hemma fr\u00e5n B\u00f6tom. Emil, som kallades \u201dUlla Emel\u201d och Julia, som kallades \u201dUlla Juuli\u201d bosatte sig i en liten stuga p\u00e5 Flak\u00e5sen, i n\u00e4rheten av Elis och Verna Bj\u00f6rses g\u00e5rd. Emil och Julia fick tv\u00e5 barn:<\/p>\n<p>-Tyyne Elviira Rosenlund (1920-1936), d\u00f6d i lungsot.<\/p>\n<p>-Matti \u201dUlla Matti\u201d Rosenlund (1922-1983) som \u00e5r 1954 gifte sig med Dagny Bj\u00f6rs (1927-2017), som bodde p\u00e5 andra sidan \u00e5n, p\u00e5 <strong><a href=\"https:\/\/www.lassebacklund.fi\/?page_id=359\">Dagsmarkv\u00e4gen 105.<\/a><\/strong><\/p>\n<p>Emil Rosenlund avled \u00e5r 1931, d\u00e5 han under ett supkalas d\u00f6dades av Nikolai Frig\u00e5rd, som kastade en sten p\u00e5 honom. \u201dSlagen med en sten i huvudet\u201d, st\u00e5r det i kyrkboken. Nikolai, fr\u00e5n N\u00f6jd i Tr\u00e4sk\u00e4ndan p\u00e5 Norrviksidan d\u00f6mdes till tre \u00e5r i tukthus och det m\u00e4rkliga h\u00e4r \u00e4r att \u00e5r 1940 gifte sig dr\u00e5paren Nikolai med \u00e4nkan Julia Rosenlund.<\/p>\n<p><strong>\u00c5r 1946<\/strong> k\u00f6pte Nikolai och Julia Frig\u00e5rd en g\u00e5rd p\u00e5 <strong><a href=\"https:\/\/www.lassebacklund.fi\/?page_id=688\">Dagsmarkv\u00e4gen 88<\/a><\/strong> av Alma Granlund och de flyttade d\u00e5 dit. Den g\u00e5rden st\u00e5r fortfarande kvar.<\/p>\n<p>Nikolai och Julia skilde sig \u00e5r 1961 och Nikolai flyttade d\u00e5 till P\u00e4rusv\u00e4gen. Julia fortsatte att bo kvar p\u00e5 Dagsmarkv\u00e4gen 88 och folk minns henne som \u201dUlla Juuli\u201d.<\/p>\n","protected":false},"excerpt":{"rendered":"<p>Sammanst\u00e4llt av Lasse Backlund i januari 2025 med uppgifter tagna ur Erik Andtfolks bok \u201dHerr Pedagogen Henrik Ehrenforss och hans hustru Madam Lovisa Mexberg\u201d, fr\u00e5n \u00e5r 2000. Till\u00e4ggsnamnet \u201dUlla\u201d f\u00f6rekommer p\u00e5 flera st\u00e4llen, b\u00e5de i Dagsmark och i Perus och <a class=\"more-link\" href=\"https:\/\/www.lassebacklund.fi\/?page_id=23596\">Forts\u00e4tt l\u00e4sa <span class=\"screen-reader-text\">  Historien om namnet \u201dUlla\u201d<\/span><span class=\"meta-nav\">&rarr;<\/span><\/a><\/p>\n","protected":false},"author":1,"featured_media":0,"parent":688,"menu_order":10,"comment_status":"closed","ping_status":"closed","template":"","meta":{"footnotes":""},"class_list":["post-23596","page","type-page","status-publish","hentry"],"_links":{"self":[{"href":"https:\/\/www.lassebacklund.fi\/index.php?rest_route=\/wp\/v2\/pages\/23596","targetHints":{"allow":["GET"]}}],"collection":[{"href":"https:\/\/www.lassebacklund.fi\/index.php?rest_route=\/wp\/v2\/pages"}],"about":[{"href":"https:\/\/www.lassebacklund.fi\/index.php?rest_route=\/wp\/v2\/types\/page"}],"author":[{"embeddable":true,"href":"https:\/\/www.lassebacklund.fi\/index.php?rest_route=\/wp\/v2\/users\/1"}],"replies":[{"embeddable":true,"href":"https:\/\/www.lassebacklund.fi\/index.php?rest_route=%2Fwp%2Fv2%2Fcomments&post=23596"}],"version-history":[{"count":6,"href":"https:\/\/www.lassebacklund.fi\/index.php?rest_route=\/wp\/v2\/pages\/23596\/revisions"}],"predecessor-version":[{"id":23968,"href":"https:\/\/www.lassebacklund.fi\/index.php?rest_route=\/wp\/v2\/pages\/23596\/revisions\/23968"}],"up":[{"embeddable":true,"href":"https:\/\/www.lassebacklund.fi\/index.php?rest_route=\/wp\/v2\/pages\/688"}],"wp:attachment":[{"href":"https:\/\/www.lassebacklund.fi\/index.php?rest_route=%2Fwp%2Fv2%2Fmedia&parent=23596"}],"curies":[{"name":"wp","href":"https:\/\/api.w.org\/{rel}","templated":true}]}}