{"id":2349,"date":"2016-12-26T22:28:41","date_gmt":"2016-12-26T21:28:41","guid":{"rendered":"http:\/\/www.lassebacklund.fi\/?page_id=2349"},"modified":"2025-08-23T08:23:20","modified_gmt":"2025-08-23T05:23:20","slug":"slaktnamn-som-borjar-pa-a-2","status":"publish","type":"page","link":"https:\/\/www.lassebacklund.fi\/?page_id=2349","title":{"rendered":"Sl\u00e4ktnamn som b\u00f6rjar p\u00e5 A."},"content":{"rendered":"<p><img loading=\"lazy\" decoding=\"async\" class=\"wp-image-4465 alignnone\" src=\"http:\/\/www.lassebacklund.fi\/wp-content\/uploads\/2017\/06\/Agn\u00e4s-Amanda.jpg\" alt=\"Agn\u00e4s Amanda\" width=\"391\" height=\"574\" \/><\/p>\n<p><img loading=\"lazy\" decoding=\"async\" class=\"wp-image-4466 alignnone\" src=\"http:\/\/www.lassebacklund.fi\/wp-content\/uploads\/2017\/06\/Agn\u00e4s-Anselm-b\u00e4trre.jpg\" alt=\"Agn\u00e4s Anselm b\u00e4trre\" width=\"583\" height=\"809\" \/><\/p>\n<p><img loading=\"lazy\" decoding=\"async\" class=\"wp-image-4467 alignnone\" src=\"http:\/\/www.lassebacklund.fi\/wp-content\/uploads\/2017\/06\/Agn\u00e4s-Eskil.jpg\" alt=\"Agn\u00e4s Eskil\" width=\"396\" height=\"466\" \/> <img loading=\"lazy\" decoding=\"async\" class=\"wp-image-4468 alignnone\" src=\"http:\/\/www.lassebacklund.fi\/wp-content\/uploads\/2017\/06\/Agn\u00e4s-Frans.jpg\" alt=\"Agn\u00e4s Frans\" width=\"399\" height=\"592\" \/><img loading=\"lazy\" decoding=\"async\" class=\"wp-image-6754 alignnone\" src=\"http:\/\/www.lassebacklund.fi\/wp-content\/uploads\/2017\/12\/Agn\u00e4s-Helga.jpg\" alt=\"Agn\u00e4s Helga\" width=\"636\" height=\"651\" srcset=\"https:\/\/www.lassebacklund.fi\/wp-content\/uploads\/2017\/12\/Agn\u00e4s-Helga.jpg 1428w, https:\/\/www.lassebacklund.fi\/wp-content\/uploads\/2017\/12\/Agn\u00e4s-Helga-293x300.jpg 293w, https:\/\/www.lassebacklund.fi\/wp-content\/uploads\/2017\/12\/Agn\u00e4s-Helga-768x786.jpg 768w, https:\/\/www.lassebacklund.fi\/wp-content\/uploads\/2017\/12\/Agn\u00e4s-Helga-1000x1024.jpg 1000w\" sizes=\"auto, (max-width: 636px) 100vw, 636px\" \/><\/p>\n<p>&nbsp;<\/p>\n<p><img loading=\"lazy\" decoding=\"async\" class=\"wp-image-4469 alignnone\" src=\"http:\/\/www.lassebacklund.fi\/wp-content\/uploads\/2017\/06\/Agn\u00e4s-Henrik.jpg\" alt=\"Agn\u00e4s Henrik\" width=\"399\" height=\"485\" \/><\/p>\n<p><img loading=\"lazy\" decoding=\"async\" class=\"wp-image-4470 alignnone\" src=\"http:\/\/www.lassebacklund.fi\/wp-content\/uploads\/2017\/06\/Agn\u00e4s-Vilhelmina.jpg\" alt=\"Agn\u00e4s Vilhelmina\" width=\"384\" height=\"466\" srcset=\"https:\/\/www.lassebacklund.fi\/wp-content\/uploads\/2017\/06\/Agn\u00e4s-Vilhelmina.jpg 1225w, https:\/\/www.lassebacklund.fi\/wp-content\/uploads\/2017\/06\/Agn\u00e4s-Vilhelmina-246x300.jpg 246w\" sizes=\"auto, (max-width: 384px) 100vw, 384px\" \/><\/p>\n<p><img loading=\"lazy\" decoding=\"async\" class=\"wp-image-4471 alignnone\" src=\"http:\/\/www.lassebacklund.fi\/wp-content\/uploads\/2017\/06\/Ahlberg-Elis.jpg\" alt=\"Ahlberg Elis\" width=\"404\" height=\"537\" \/><\/p>\n<p><img loading=\"lazy\" decoding=\"async\" class=\"wp-image-4472 alignnone\" src=\"http:\/\/www.lassebacklund.fi\/wp-content\/uploads\/2017\/06\/Ahlberg-Gerda.jpg\" alt=\"Ahlberg Gerda\" width=\"428\" height=\"682\" \/><\/p>\n<p><img loading=\"lazy\" decoding=\"async\" class=\"alignnone size-full wp-image-22513\" src=\"https:\/\/www.lassebacklund.fi\/wp-content\/uploads\/2024\/01\/Andersson-Elin-lararinna.jpg\" alt=\"\" width=\"1122\" height=\"1400\" srcset=\"https:\/\/www.lassebacklund.fi\/wp-content\/uploads\/2024\/01\/Andersson-Elin-lararinna.jpg 1122w, https:\/\/www.lassebacklund.fi\/wp-content\/uploads\/2024\/01\/Andersson-Elin-lararinna-240x300.jpg 240w, https:\/\/www.lassebacklund.fi\/wp-content\/uploads\/2024\/01\/Andersson-Elin-lararinna-821x1024.jpg 821w, https:\/\/www.lassebacklund.fi\/wp-content\/uploads\/2024\/01\/Andersson-Elin-lararinna-768x958.jpg 768w\" sizes=\"auto, (max-width: 1122px) 100vw, 1122px\" \/><\/p>\n<p><img loading=\"lazy\" decoding=\"async\" class=\"wp-image-4473 alignnone\" src=\"http:\/\/www.lassebacklund.fi\/wp-content\/uploads\/2017\/06\/Andersson-Erik-Helsing.jpg\" alt=\"Andersson Erik Helsing\" width=\"439\" height=\"457\" srcset=\"https:\/\/www.lassebacklund.fi\/wp-content\/uploads\/2017\/06\/Andersson-Erik-Helsing.jpg 1320w, https:\/\/www.lassebacklund.fi\/wp-content\/uploads\/2017\/06\/Andersson-Erik-Helsing-288x300.jpg 288w, https:\/\/www.lassebacklund.fi\/wp-content\/uploads\/2017\/06\/Andersson-Erik-Helsing-768x801.jpg 768w, https:\/\/www.lassebacklund.fi\/wp-content\/uploads\/2017\/06\/Andersson-Erik-Helsing-982x1024.jpg 982w\" sizes=\"auto, (max-width: 439px) 100vw, 439px\" \/><\/p>\n<p><img loading=\"lazy\" decoding=\"async\" class=\"wp-image-4474 alignnone\" src=\"http:\/\/www.lassebacklund.fi\/wp-content\/uploads\/2017\/06\/Andersson-Florence.jpg\" alt=\"Andersson Florence\" width=\"395\" height=\"476\" \/><\/p>\n<p><img loading=\"lazy\" decoding=\"async\" class=\"wp-image-4475 alignnone\" src=\"http:\/\/www.lassebacklund.fi\/wp-content\/uploads\/2017\/06\/Andersson-Frans.jpg\" alt=\"Andersson Frans\" width=\"378\" height=\"339\" srcset=\"https:\/\/www.lassebacklund.fi\/wp-content\/uploads\/2017\/06\/Andersson-Frans.jpg 1254w, https:\/\/www.lassebacklund.fi\/wp-content\/uploads\/2017\/06\/Andersson-Frans-300x268.jpg 300w, https:\/\/www.lassebacklund.fi\/wp-content\/uploads\/2017\/06\/Andersson-Frans-768x687.jpg 768w, https:\/\/www.lassebacklund.fi\/wp-content\/uploads\/2017\/06\/Andersson-Frans-1024x916.jpg 1024w\" sizes=\"auto, (max-width: 378px) 100vw, 378px\" \/><\/p>\n<p><img loading=\"lazy\" decoding=\"async\" class=\"wp-image-4476 alignnone\" src=\"http:\/\/www.lassebacklund.fi\/wp-content\/uploads\/2017\/06\/Andersson-Jenny-f.-Holmqvist.jpg\" alt=\"Andersson Jenny, f. Holmqvist\" width=\"387\" height=\"499\" \/><\/p>\n<p>D\u00e5 Jenny blev \u00e4nka i Sverige, s\u00e5 flyttade hon tillbaka till Finland och hyrde l\u00e4genhet p\u00e5 Br\u00e4nnbo.<\/p>\n<p><img loading=\"lazy\" decoding=\"async\" class=\"wp-image-4477 alignnone\" src=\"http:\/\/www.lassebacklund.fi\/wp-content\/uploads\/2017\/06\/Andersson-Levi-Lars.jpg\" alt=\"Andersson Levi Lars\" width=\"315\" height=\"241\" \/><\/p>\n<p><img loading=\"lazy\" decoding=\"async\" class=\"wp-image-4478 alignnone\" src=\"http:\/\/www.lassebacklund.fi\/wp-content\/uploads\/2017\/06\/Andersson-Matilda.jpg\" alt=\"Andersson Matilda\" width=\"382\" height=\"424\" srcset=\"https:\/\/www.lassebacklund.fi\/wp-content\/uploads\/2017\/06\/Andersson-Matilda.jpg 1298w, https:\/\/www.lassebacklund.fi\/wp-content\/uploads\/2017\/06\/Andersson-Matilda-270x300.jpg 270w, https:\/\/www.lassebacklund.fi\/wp-content\/uploads\/2017\/06\/Andersson-Matilda-768x854.jpg 768w, https:\/\/www.lassebacklund.fi\/wp-content\/uploads\/2017\/06\/Andersson-Matilda-920x1024.jpg 920w\" sizes=\"auto, (max-width: 382px) 100vw, 382px\" \/><\/p>\n<p><img loading=\"lazy\" decoding=\"async\" class=\"wp-image-4479 alignnone\" src=\"http:\/\/www.lassebacklund.fi\/wp-content\/uploads\/2017\/06\/Andersson-Selma-Helsing.jpg\" alt=\"Andersson Selma Helsing\" width=\"394\" height=\"368\" srcset=\"https:\/\/www.lassebacklund.fi\/wp-content\/uploads\/2017\/06\/Andersson-Selma-Helsing.jpg 1246w, https:\/\/www.lassebacklund.fi\/wp-content\/uploads\/2017\/06\/Andersson-Selma-Helsing-300x280.jpg 300w, https:\/\/www.lassebacklund.fi\/wp-content\/uploads\/2017\/06\/Andersson-Selma-Helsing-768x716.jpg 768w, https:\/\/www.lassebacklund.fi\/wp-content\/uploads\/2017\/06\/Andersson-Selma-Helsing-1024x954.jpg 1024w\" sizes=\"auto, (max-width: 394px) 100vw, 394px\" \/><\/p>\n<p><img loading=\"lazy\" decoding=\"async\" class=\"wp-image-4480 alignnone\" src=\"http:\/\/www.lassebacklund.fi\/wp-content\/uploads\/2017\/06\/Asplund-Erik-Anders.jpg\" alt=\"Asplund Erik Anders\" width=\"407\" height=\"517\" \/><\/p>\n<p>Erik Anders var son till bonden Karl Henrik Bj\u00f6rses el Asplund (1841-1887) och Maja Lena Lillkull (1844-1910). Karl Henrik och Maja Lena hade 8 barn:<\/p>\n<p>-Karl Johan (f. 1864) till Amerika<\/p>\n<p>-Maria Sofia (1870-1948) gift 1894 med Johan Jakob Kimpiharju (1873-1922).<\/p>\n<p>-Anna Karolina (1875-1950) gift med Johan Viktor Holmqvist (1876-1926). Mor till Jenny, Runar, Verna Vesterg\u00e5rd och Helmer Holmqvist. Bodde p\u00e5 Kol\u00e4ngst\u00e5.<\/p>\n<p>-Ida (f. 1878) ogift och barnl\u00f6s, bodde tillsammans med brodern Erik n\u00e4ra Klemetsbron<\/p>\n<p>-Amanda (1881-1938) ogift och barnl\u00f6s<\/p>\n<p>-Erik Anders (1884-1955) kallades &#8221;Kalleas-Erik eller Halt-Erik&#8221;, bodde n\u00e4ra Klemetsbron<\/p>\n<p>-Elvira (1885-1956) gift med Alfred Mitts, bodde p\u00e5 Kol\u00e4ngst\u00e5.<\/p>\n<p>-Selma Alina (1885-1951) gift med &#8221;Ruffa-Josip&#8221;, allts\u00e5 Josef Granholm, bodde i Nystad<\/p>\n<p><img loading=\"lazy\" decoding=\"async\" class=\"wp-image-4481 alignnone\" src=\"http:\/\/www.lassebacklund.fi\/wp-content\/uploads\/2017\/06\/Asplund-Ida.jpg\" alt=\"Asplund Ida\" width=\"381\" height=\"363\" srcset=\"https:\/\/www.lassebacklund.fi\/wp-content\/uploads\/2017\/06\/Asplund-Ida.jpg 1111w, https:\/\/www.lassebacklund.fi\/wp-content\/uploads\/2017\/06\/Asplund-Ida-300x285.jpg 300w, https:\/\/www.lassebacklund.fi\/wp-content\/uploads\/2017\/06\/Asplund-Ida-768x731.jpg 768w, https:\/\/www.lassebacklund.fi\/wp-content\/uploads\/2017\/06\/Asplund-Ida-1024x974.jpg 1024w\" sizes=\"auto, (max-width: 381px) 100vw, 381px\" \/><\/p>\n<p><span style=\"display: inline !important; float: none; background-color: transparent; color: #373737; cursor: text; font-family: 'Helvetica Neue',Helvetica,Arial,sans-serif; font-size: 15px; font-style: normal; font-variant: normal; font-weight: 300; letter-spacing: normal; orphans: 2; text-align: left; text-decoration: none; text-indent: 0px; text-transform: none; -webkit-text-stroke-width: 0px; white-space: normal; word-spacing: 0px;\">Ida var dotter till bonden Karl Henrik Bj\u00f6rses el Asplund (1841-1887) och Maja Lena Lillkull (1844-1910).<\/span><\/p>\n","protected":false},"excerpt":{"rendered":"<p>&nbsp; D\u00e5 Jenny blev \u00e4nka i Sverige, s\u00e5 flyttade hon tillbaka till Finland och hyrde l\u00e4genhet p\u00e5 Br\u00e4nnbo. Erik Anders var son till bonden Karl Henrik Bj\u00f6rses el Asplund (1841-1887) och Maja Lena Lillkull (1844-1910). Karl Henrik och Maja Lena <a class=\"more-link\" href=\"https:\/\/www.lassebacklund.fi\/?page_id=2349\">Forts\u00e4tt l\u00e4sa <span class=\"screen-reader-text\">  Sl\u00e4ktnamn som b\u00f6rjar p\u00e5 A.<\/span><span class=\"meta-nav\">&rarr;<\/span><\/a><\/p>\n","protected":false},"author":1,"featured_media":0,"parent":27,"menu_order":1,"comment_status":"closed","ping_status":"closed","template":"","meta":{"footnotes":""},"class_list":["post-2349","page","type-page","status-publish","hentry"],"_links":{"self":[{"href":"https:\/\/www.lassebacklund.fi\/index.php?rest_route=\/wp\/v2\/pages\/2349","targetHints":{"allow":["GET"]}}],"collection":[{"href":"https:\/\/www.lassebacklund.fi\/index.php?rest_route=\/wp\/v2\/pages"}],"about":[{"href":"https:\/\/www.lassebacklund.fi\/index.php?rest_route=\/wp\/v2\/types\/page"}],"author":[{"embeddable":true,"href":"https:\/\/www.lassebacklund.fi\/index.php?rest_route=\/wp\/v2\/users\/1"}],"replies":[{"embeddable":true,"href":"https:\/\/www.lassebacklund.fi\/index.php?rest_route=%2Fwp%2Fv2%2Fcomments&post=2349"}],"version-history":[{"count":14,"href":"https:\/\/www.lassebacklund.fi\/index.php?rest_route=\/wp\/v2\/pages\/2349\/revisions"}],"predecessor-version":[{"id":24537,"href":"https:\/\/www.lassebacklund.fi\/index.php?rest_route=\/wp\/v2\/pages\/2349\/revisions\/24537"}],"up":[{"embeddable":true,"href":"https:\/\/www.lassebacklund.fi\/index.php?rest_route=\/wp\/v2\/pages\/27"}],"wp:attachment":[{"href":"https:\/\/www.lassebacklund.fi\/index.php?rest_route=%2Fwp%2Fv2%2Fmedia&parent=2349"}],"curies":[{"name":"wp","href":"https:\/\/api.w.org\/{rel}","templated":true}]}}