{"id":23395,"date":"2024-12-07T23:52:24","date_gmt":"2024-12-07T21:52:24","guid":{"rendered":"https:\/\/www.lassebacklund.fi\/?page_id=23395"},"modified":"2025-09-21T17:32:27","modified_gmt":"2025-09-21T14:32:27","slug":"lagenheten-majbo-nr-123-pa-hemmanet-gronlund","status":"publish","type":"page","link":"https:\/\/www.lassebacklund.fi\/?page_id=23395","title":{"rendered":"L\u00e4genheten Majbo Nr 1:23 p\u00e5 hemmanet Gr\u00f6nlund"},"content":{"rendered":"<p><span style=\"color: #000080;\"><strong>Sammanst\u00e4llt av Lasse Backlund i december 2024. Uppgifterna \u00e4r tagna ur lagfartshandlingarna fr\u00e5n \u00e5r 1970.<\/strong><\/span><\/p>\n<p>Hemmanet Gr\u00f6nlund Nr 1:14 Klemets bildades \u00e5r 1912, allts\u00e5 vid det senaste storskiftet. \u00c4gare d\u00e5 var br\u00f6derna Erik Anders Klemets, senare Rosengren (1873-1961) och Johan <span style=\"text-decoration: underline;\">Viktor<\/span> Klemets, senare Viklund (1871-1914). Vid storskiftet fick br\u00f6derna sitt gemensamma hemman v\u00e4l samlat i 3 olika skiften, varav hemskiftet l\u00e5g d\u00e4r nuvarande F\u00f6reningshuset Majbo st\u00e5r.<\/p>\n<p>Br\u00f6derna hade \u00e5r 1907 k\u00f6pt modern, \u00e4nkan Maja Lenas (1842-1927) hemman i Dagsmark. Redan efter ett par \u00e5r b\u00f6rjade de s\u00e4lja ut <a href=\"https:\/\/fho.sls.fi\/uppslagsord\/9703\/parcell\/\">parceller,<\/a> allts\u00e5 mindre omr\u00e5den, som beh\u00f6vande kunde k\u00f6pa relativt f\u00f6rm\u00e5nligt. Trots f\u00f6rs\u00e4ljning s\u00e5 tillh\u00f6rde <a href=\"https:\/\/fho.sls.fi\/uppslagsord\/9703\/parcell\/\">parcellerna<\/a> hemmans\u00e4garna och de s\u00e5ldes f\u00f6r en viss tid, allt mellan 10 och 50 \u00e5r och under denna tid skulle parcell\u00e4garen betala en \u00e5rlig avg\u00e4ld, allts\u00e5 ett arrende. En parcell\u00e4gare beh\u00f6vde inte betala skatt men i st\u00e4llet ingick den i avg\u00e4lden som skulle betalas till hemmans\u00e4garen.<\/p>\n<h4><strong>Dagsmark Ungdomsf\u00f6rening k\u00f6per en parcell<\/strong><\/h4>\n<p>\u00c5r 1909, den 21 november s\u00e5lde br\u00f6derna Rosengren och Viklund en <a href=\"https:\/\/fho.sls.fi\/uppslagsord\/9703\/parcell\/\">parcell<\/a> p\u00e5\u00a0 1,46 ha \u00e5t Dagsmark Ungdomsf\u00f6rening. Fr\u00e5n ungdomsf\u00f6reningens sida undertecknades k\u00f6pebrevet av Viktor Nylund och det l\u00f6d s\u00e5 h\u00e4r:<\/p>\n<p>\u201dFr\u00e5n v\u00e5rt gemensamt \u00e4gande 1\/24 dels mantal av Klemets skattehemman Nr 1 i Dagsmark by av Lappfj\u00e4rds socken, underlydande hemskifte uppl\u00e5ta och f\u00f6rs\u00e4lja vi h\u00e4rmedelst till Dagsmark Ungdomsf\u00f6rening en areal om 1,42 hektar med d\u00e4rp\u00e5 nu befintliga mang\u00e5rdsbyggnader, tr\u00e4dplanteringar och omkring \u00e4goomr\u00e5det befintliga h\u00e4gnader, med undantag av en ribyggnad och spannm\u00e5lsbod, f\u00f6r att av Dagsmark Ungdomsf\u00f6rening f\u00f6r ev\u00e4rdeliga tider \u00e4gas och besittas s\u00e5som parcell, emot en \u00f6verenskommen k\u00f6pesumma stor tv\u00e5tusen femhundra (2\u00a0500) finska mark, varav tv\u00e5 hundra mark nu genast \u00e4r erlagda och kvitteras, varemot resten av k\u00f6pesumman erl\u00e4ggs den 1 maj 1910, d\u00e5 tilltr\u00e4det sker.<\/p>\n<p>F\u00f6r den h\u00e4ndelse att k\u00f6pesumman inte betalas till n\u00e4mnda tid, \u00e5terg\u00e5r k\u00f6pet i vilket fall nu och k\u00f6pesumman erlagda tv\u00e5hundra mark ej heller \u00e5terbetalas.<\/p>\n<p>Fr\u00e5n den avs\u00f6ndrade marken som i jordeboken skall upptas under namnet <span style=\"text-decoration: underline;\">Majbo parcell<\/span> b\u00f6r till hemmanet betalas en \u00e5rlig avg\u00e4ld av tv\u00e5 mark, till dess denna avg\u00e4ld av vederb\u00f6rande varder n\u00e4rmare best\u00e4md.<\/p>\n<p>Dagsmark Ungdomsf\u00f6rening \u00e4ger under f\u00f6rutbest\u00e4mda tid tilltr\u00e4da marken i fr\u00e5ga med \u00e5byggnader, tr\u00e4dplanteringar och h\u00e4gnader samt sedan utan v\u00e5rt vidare h\u00f6rande, s\u00f6ka och vinna fastst\u00e4llelse av denna jordavs\u00f6ndring.<\/p>\n<p>K\u00f6pebrevet var daterat Dagsmark, den 21 november 1909.<\/p>\n<figure id=\"attachment_23394\" aria-describedby=\"caption-attachment-23394\" style=\"width: 630px\" class=\"wp-caption alignnone\"><img loading=\"lazy\" decoding=\"async\" class=\"size-full wp-image-23394\" src=\"https:\/\/www.lassebacklund.fi\/wp-content\/uploads\/2024\/12\/1909-Kopebrevets-underskrifter.jpg\" alt=\"\" width=\"630\" height=\"735\" srcset=\"https:\/\/www.lassebacklund.fi\/wp-content\/uploads\/2024\/12\/1909-Kopebrevets-underskrifter.jpg 630w, https:\/\/www.lassebacklund.fi\/wp-content\/uploads\/2024\/12\/1909-Kopebrevets-underskrifter-257x300.jpg 257w\" sizes=\"auto, (max-width: 630px) 100vw, 630px\" \/><figcaption id=\"caption-attachment-23394\" class=\"wp-caption-text\">K\u00f6pebrevet undertecknades av s\u00e4ljarna Erik Rosengren och hans hustru Wilhelmina och av Viktor Viklund och hans hustru Wilhelmina, som tydligen inte var skrivkunnig eftersom hon undertecknade med sitt bom\u00e4rke. K\u00f6parens ombud Viktor Nylund skrev sj\u00e4lv sitt namn, liksom vittnena J. J. Wadstr\u00f6m och hans dotter Elin.<\/figcaption><\/figure>\n<p><strong>\u00c5r 1926, den 31 december<\/strong> tr\u00e4dde en ny lag i kraft, som avskaffade b\u00e5de torp och parceller och den 6 september f\u00f6ljande \u00e5r blev Majbo parcell antecknad som en sj\u00e4lvst\u00e4ndig l\u00e4genhet.<\/p>\n<p>Det dr\u00f6jde \u00e4nda till den <strong>23 december 1970<\/strong> f\u00f6rr\u00e4n Dagsmark Ungdomsf\u00f6rening s\u00f6kte och fick lagfart p\u00e5 Majbo l\u00e4genhet 1:23 p\u00e5 Klemets skattehemman.<\/p>\n","protected":false},"excerpt":{"rendered":"<p>Sammanst\u00e4llt av Lasse Backlund i december 2024. Uppgifterna \u00e4r tagna ur lagfartshandlingarna fr\u00e5n \u00e5r 1970. Hemmanet Gr\u00f6nlund Nr 1:14 Klemets bildades \u00e5r 1912, allts\u00e5 vid det senaste storskiftet. \u00c4gare d\u00e5 var br\u00f6derna Erik Anders Klemets, senare Rosengren (1873-1961) och Johan <a class=\"more-link\" href=\"https:\/\/www.lassebacklund.fi\/?page_id=23395\">Forts\u00e4tt l\u00e4sa <span class=\"screen-reader-text\">  L\u00e4genheten Majbo Nr 1:23 p\u00e5 hemmanet Gr\u00f6nlund<\/span><span class=\"meta-nav\">&rarr;<\/span><\/a><\/p>\n","protected":false},"author":1,"featured_media":0,"parent":7496,"menu_order":0,"comment_status":"closed","ping_status":"closed","template":"","meta":{"footnotes":""},"class_list":["post-23395","page","type-page","status-publish","hentry"],"_links":{"self":[{"href":"https:\/\/www.lassebacklund.fi\/index.php?rest_route=\/wp\/v2\/pages\/23395","targetHints":{"allow":["GET"]}}],"collection":[{"href":"https:\/\/www.lassebacklund.fi\/index.php?rest_route=\/wp\/v2\/pages"}],"about":[{"href":"https:\/\/www.lassebacklund.fi\/index.php?rest_route=\/wp\/v2\/types\/page"}],"author":[{"embeddable":true,"href":"https:\/\/www.lassebacklund.fi\/index.php?rest_route=\/wp\/v2\/users\/1"}],"replies":[{"embeddable":true,"href":"https:\/\/www.lassebacklund.fi\/index.php?rest_route=%2Fwp%2Fv2%2Fcomments&post=23395"}],"version-history":[{"count":5,"href":"https:\/\/www.lassebacklund.fi\/index.php?rest_route=\/wp\/v2\/pages\/23395\/revisions"}],"predecessor-version":[{"id":24639,"href":"https:\/\/www.lassebacklund.fi\/index.php?rest_route=\/wp\/v2\/pages\/23395\/revisions\/24639"}],"up":[{"embeddable":true,"href":"https:\/\/www.lassebacklund.fi\/index.php?rest_route=\/wp\/v2\/pages\/7496"}],"wp:attachment":[{"href":"https:\/\/www.lassebacklund.fi\/index.php?rest_route=%2Fwp%2Fv2%2Fmedia&parent=23395"}],"curies":[{"name":"wp","href":"https:\/\/api.w.org\/{rel}","templated":true}]}}