{"id":2336,"date":"2016-12-25T21:53:24","date_gmt":"2016-12-25T20:53:24","guid":{"rendered":"http:\/\/www.lassebacklund.fi\/?page_id=2336"},"modified":"2025-07-12T22:49:37","modified_gmt":"2025-07-12T19:49:37","slug":"slaktnamn-som-borjar-pa-a","status":"publish","type":"page","link":"https:\/\/www.lassebacklund.fi\/?page_id=2336","title":{"rendered":"Sl\u00e4ktnamn som b\u00f6rjar p\u00e5 \u00c5."},"content":{"rendered":"<p><img loading=\"lazy\" decoding=\"async\" class=\"wp-image-8413 alignnone\" src=\"http:\/\/www.lassebacklund.fi\/wp-content\/uploads\/2018\/05\/\u00c5bb-Elis-Harald.jpg\" alt=\"\u00c5bb Elis Harald\" width=\"734\" height=\"934\" \/> <img loading=\"lazy\" decoding=\"async\" class=\"wp-image-8414 alignnone\" src=\"http:\/\/www.lassebacklund.fi\/wp-content\/uploads\/2018\/05\/\u00c5bb-Helny.jpg\" alt=\"\u00c5bb Helny\" width=\"694\" height=\"774\" srcset=\"https:\/\/www.lassebacklund.fi\/wp-content\/uploads\/2018\/05\/\u00c5bb-Helny.jpg 1355w, https:\/\/www.lassebacklund.fi\/wp-content\/uploads\/2018\/05\/\u00c5bb-Helny-269x300.jpg 269w, https:\/\/www.lassebacklund.fi\/wp-content\/uploads\/2018\/05\/\u00c5bb-Helny-768x857.jpg 768w, https:\/\/www.lassebacklund.fi\/wp-content\/uploads\/2018\/05\/\u00c5bb-Helny-918x1024.jpg 918w\" sizes=\"auto, (max-width: 694px) 100vw, 694px\" \/> <img loading=\"lazy\" decoding=\"async\" class=\"wp-image-8415 alignnone\" src=\"http:\/\/www.lassebacklund.fi\/wp-content\/uploads\/2018\/05\/\u00c5bb-Ida.jpg\" alt=\"\u00c5bb Ida\" width=\"706\" height=\"865\" \/> <img loading=\"lazy\" decoding=\"async\" class=\"wp-image-8416 alignnone\" src=\"http:\/\/www.lassebacklund.fi\/wp-content\/uploads\/2018\/05\/\u00c5bb-Oskar.jpg\" alt=\"\u00c5bb Oskar\" width=\"724\" height=\"731\" srcset=\"https:\/\/www.lassebacklund.fi\/wp-content\/uploads\/2018\/05\/\u00c5bb-Oskar.jpg 1357w, https:\/\/www.lassebacklund.fi\/wp-content\/uploads\/2018\/05\/\u00c5bb-Oskar-150x150.jpg 150w, https:\/\/www.lassebacklund.fi\/wp-content\/uploads\/2018\/05\/\u00c5bb-Oskar-297x300.jpg 297w, https:\/\/www.lassebacklund.fi\/wp-content\/uploads\/2018\/05\/\u00c5bb-Oskar-768x776.jpg 768w, https:\/\/www.lassebacklund.fi\/wp-content\/uploads\/2018\/05\/\u00c5bb-Oskar-1014x1024.jpg 1014w\" sizes=\"auto, (max-width: 724px) 100vw, 724px\" \/><\/p>\n<p><img loading=\"lazy\" decoding=\"async\" class=\"alignnone size-full wp-image-23158\" src=\"https:\/\/www.lassebacklund.fi\/wp-content\/uploads\/2024\/09\/Aberg-Anna-den-aldre.jpg\" alt=\"\" width=\"1991\" height=\"840\" srcset=\"https:\/\/www.lassebacklund.fi\/wp-content\/uploads\/2024\/09\/Aberg-Anna-den-aldre.jpg 1991w, https:\/\/www.lassebacklund.fi\/wp-content\/uploads\/2024\/09\/Aberg-Anna-den-aldre-300x127.jpg 300w, https:\/\/www.lassebacklund.fi\/wp-content\/uploads\/2024\/09\/Aberg-Anna-den-aldre-1024x432.jpg 1024w, https:\/\/www.lassebacklund.fi\/wp-content\/uploads\/2024\/09\/Aberg-Anna-den-aldre-768x324.jpg 768w, https:\/\/www.lassebacklund.fi\/wp-content\/uploads\/2024\/09\/Aberg-Anna-den-aldre-1536x648.jpg 1536w\" sizes=\"auto, (max-width: 1991px) 100vw, 1991px\" \/> <img loading=\"lazy\" decoding=\"async\" class=\"wp-image-8417 alignnone\" src=\"http:\/\/www.lassebacklund.fi\/wp-content\/uploads\/2018\/05\/\u00c5berg-Anna.jpg\" alt=\"\u00c5berg Anna\" width=\"833\" height=\"846\" srcset=\"https:\/\/www.lassebacklund.fi\/wp-content\/uploads\/2018\/05\/\u00c5berg-Anna.jpg 1395w, https:\/\/www.lassebacklund.fi\/wp-content\/uploads\/2018\/05\/\u00c5berg-Anna-295x300.jpg 295w, https:\/\/www.lassebacklund.fi\/wp-content\/uploads\/2018\/05\/\u00c5berg-Anna-768x780.jpg 768w, https:\/\/www.lassebacklund.fi\/wp-content\/uploads\/2018\/05\/\u00c5berg-Anna-1008x1024.jpg 1008w\" sizes=\"auto, (max-width: 833px) 100vw, 833px\" \/><\/p>\n<p><img loading=\"lazy\" decoding=\"async\" class=\"alignnone size-full wp-image-23156\" src=\"https:\/\/www.lassebacklund.fi\/wp-content\/uploads\/2024\/09\/Aberg-Johan-Henrik.jpg\" alt=\"\" width=\"828\" height=\"704\" srcset=\"https:\/\/www.lassebacklund.fi\/wp-content\/uploads\/2024\/09\/Aberg-Johan-Henrik.jpg 828w, https:\/\/www.lassebacklund.fi\/wp-content\/uploads\/2024\/09\/Aberg-Johan-Henrik-300x255.jpg 300w, https:\/\/www.lassebacklund.fi\/wp-content\/uploads\/2024\/09\/Aberg-Johan-Henrik-768x653.jpg 768w\" sizes=\"auto, (max-width: 828px) 100vw, 828px\" \/> <img loading=\"lazy\" decoding=\"async\" class=\"size-full wp-image-8418 alignnone\" src=\"http:\/\/www.lassebacklund.fi\/wp-content\/uploads\/2018\/05\/\u00c5berg-Sven.jpg\" alt=\"\u00c5berg Sven\" width=\"2083\" height=\"1058\" srcset=\"https:\/\/www.lassebacklund.fi\/wp-content\/uploads\/2018\/05\/\u00c5berg-Sven.jpg 2083w, https:\/\/www.lassebacklund.fi\/wp-content\/uploads\/2018\/05\/\u00c5berg-Sven-300x152.jpg 300w, https:\/\/www.lassebacklund.fi\/wp-content\/uploads\/2018\/05\/\u00c5berg-Sven-768x390.jpg 768w, https:\/\/www.lassebacklund.fi\/wp-content\/uploads\/2018\/05\/\u00c5berg-Sven-1024x520.jpg 1024w\" sizes=\"auto, (max-width: 2083px) 100vw, 2083px\" \/> <img loading=\"lazy\" decoding=\"async\" class=\"size-full wp-image-8419 alignnone\" src=\"http:\/\/www.lassebacklund.fi\/wp-content\/uploads\/2018\/05\/\u00c5djers-Bertha.jpg\" alt=\"\u00c5djers Bertha\" width=\"2445\" height=\"1069\" srcset=\"https:\/\/www.lassebacklund.fi\/wp-content\/uploads\/2018\/05\/\u00c5djers-Bertha.jpg 2445w, https:\/\/www.lassebacklund.fi\/wp-content\/uploads\/2018\/05\/\u00c5djers-Bertha-300x131.jpg 300w, https:\/\/www.lassebacklund.fi\/wp-content\/uploads\/2018\/05\/\u00c5djers-Bertha-768x336.jpg 768w, https:\/\/www.lassebacklund.fi\/wp-content\/uploads\/2018\/05\/\u00c5djers-Bertha-1024x448.jpg 1024w\" sizes=\"auto, (max-width: 2445px) 100vw, 2445px\" \/> <img loading=\"lazy\" decoding=\"async\" class=\"wp-image-8420 alignnone\" src=\"http:\/\/www.lassebacklund.fi\/wp-content\/uploads\/2018\/05\/\u00c5lgars-Deris.jpg\" alt=\"\u00c5lgars Deris\" width=\"845\" height=\"863\" srcset=\"https:\/\/www.lassebacklund.fi\/wp-content\/uploads\/2018\/05\/\u00c5lgars-Deris.jpg 1610w, https:\/\/www.lassebacklund.fi\/wp-content\/uploads\/2018\/05\/\u00c5lgars-Deris-293x300.jpg 293w, https:\/\/www.lassebacklund.fi\/wp-content\/uploads\/2018\/05\/\u00c5lgars-Deris-768x785.jpg 768w, https:\/\/www.lassebacklund.fi\/wp-content\/uploads\/2018\/05\/\u00c5lgars-Deris-1002x1024.jpg 1002w\" sizes=\"auto, (max-width: 845px) 100vw, 845px\" \/><\/p>\n<p><img loading=\"lazy\" decoding=\"async\" class=\"alignnone size-full wp-image-23443\" src=\"https:\/\/www.lassebacklund.fi\/wp-content\/uploads\/2024\/12\/Algars-Edna.jpg\" alt=\"\" width=\"703\" height=\"677\" srcset=\"https:\/\/www.lassebacklund.fi\/wp-content\/uploads\/2024\/12\/Algars-Edna.jpg 703w, https:\/\/www.lassebacklund.fi\/wp-content\/uploads\/2024\/12\/Algars-Edna-300x289.jpg 300w\" sizes=\"auto, (max-width: 703px) 100vw, 703px\" \/><\/p>\n<p><img loading=\"lazy\" decoding=\"async\" class=\"alignnone size-full wp-image-24326\" src=\"https:\/\/www.lassebacklund.fi\/wp-content\/uploads\/2025\/07\/Algars-Elina-1.jpg\" alt=\"\" width=\"833\" height=\"796\" srcset=\"https:\/\/www.lassebacklund.fi\/wp-content\/uploads\/2025\/07\/Algars-Elina-1.jpg 833w, https:\/\/www.lassebacklund.fi\/wp-content\/uploads\/2025\/07\/Algars-Elina-1-300x287.jpg 300w, https:\/\/www.lassebacklund.fi\/wp-content\/uploads\/2025\/07\/Algars-Elina-1-768x734.jpg 768w\" sizes=\"auto, (max-width: 833px) 100vw, 833px\" \/><\/p>\n<p>&nbsp;<\/p>\n<p><img loading=\"lazy\" decoding=\"async\" class=\"alignnone size-full wp-image-23631\" src=\"https:\/\/www.lassebacklund.fi\/wp-content\/uploads\/2025\/02\/Algars-Manda-Olivia.png\" alt=\"\" width=\"1060\" height=\"459\" srcset=\"https:\/\/www.lassebacklund.fi\/wp-content\/uploads\/2025\/02\/Algars-Manda-Olivia.png 1060w, https:\/\/www.lassebacklund.fi\/wp-content\/uploads\/2025\/02\/Algars-Manda-Olivia-300x130.png 300w, https:\/\/www.lassebacklund.fi\/wp-content\/uploads\/2025\/02\/Algars-Manda-Olivia-1024x443.png 1024w, https:\/\/www.lassebacklund.fi\/wp-content\/uploads\/2025\/02\/Algars-Manda-Olivia-768x333.png 768w\" sizes=\"auto, (max-width: 1060px) 100vw, 1060px\" \/><\/p>\n<p><img loading=\"lazy\" decoding=\"async\" class=\"alignnone size-full wp-image-15625\" src=\"http:\/\/www.lassebacklund.fi\/wp-content\/uploads\/2020\/02\/\u00c5n\u00e4s-Benita.jpg\" alt=\"\" width=\"653\" height=\"465\" srcset=\"https:\/\/www.lassebacklund.fi\/wp-content\/uploads\/2020\/02\/\u00c5n\u00e4s-Benita.jpg 653w, https:\/\/www.lassebacklund.fi\/wp-content\/uploads\/2020\/02\/\u00c5n\u00e4s-Benita-300x214.jpg 300w\" sizes=\"auto, (max-width: 653px) 100vw, 653px\" \/><img loading=\"lazy\" decoding=\"async\" class=\"wp-image-8422 alignnone\" src=\"http:\/\/www.lassebacklund.fi\/wp-content\/uploads\/2018\/05\/\u00c5n\u00e4s-Edvard.jpg\" alt=\"\u00c5n\u00e4s Edvard\" width=\"706\" height=\"536\" \/> <img loading=\"lazy\" decoding=\"async\" class=\"wp-image-8421 alignnone\" src=\"http:\/\/www.lassebacklund.fi\/wp-content\/uploads\/2018\/05\/\u00c5n\u00e4s-Edla-Maria.jpg\" alt=\"\u00c5n\u00e4s Edla Maria\" width=\"866\" height=\"584\" \/> <img loading=\"lazy\" decoding=\"async\" class=\"wp-image-8423 alignnone\" src=\"http:\/\/www.lassebacklund.fi\/wp-content\/uploads\/2018\/05\/\u00c5n\u00e4s-Emilia.jpg\" alt=\"\u00c5n\u00e4s Emilia\" width=\"780\" height=\"799\" srcset=\"https:\/\/www.lassebacklund.fi\/wp-content\/uploads\/2018\/05\/\u00c5n\u00e4s-Emilia.jpg 1264w, https:\/\/www.lassebacklund.fi\/wp-content\/uploads\/2018\/05\/\u00c5n\u00e4s-Emilia-293x300.jpg 293w, https:\/\/www.lassebacklund.fi\/wp-content\/uploads\/2018\/05\/\u00c5n\u00e4s-Emilia-768x787.jpg 768w, https:\/\/www.lassebacklund.fi\/wp-content\/uploads\/2018\/05\/\u00c5n\u00e4s-Emilia-999x1024.jpg 999w\" sizes=\"auto, (max-width: 780px) 100vw, 780px\" \/> <img loading=\"lazy\" decoding=\"async\" class=\"size-full wp-image-8424 alignnone\" src=\"http:\/\/www.lassebacklund.fi\/wp-content\/uploads\/2018\/05\/\u00c5n\u00e4s-Maria-Kristina.jpg\" alt=\"\u00c5n\u00e4s Maria Kristina\" width=\"2218\" height=\"956\" srcset=\"https:\/\/www.lassebacklund.fi\/wp-content\/uploads\/2018\/05\/\u00c5n\u00e4s-Maria-Kristina.jpg 2218w, https:\/\/www.lassebacklund.fi\/wp-content\/uploads\/2018\/05\/\u00c5n\u00e4s-Maria-Kristina-300x129.jpg 300w, https:\/\/www.lassebacklund.fi\/wp-content\/uploads\/2018\/05\/\u00c5n\u00e4s-Maria-Kristina-768x331.jpg 768w, https:\/\/www.lassebacklund.fi\/wp-content\/uploads\/2018\/05\/\u00c5n\u00e4s-Maria-Kristina-1024x441.jpg 1024w\" sizes=\"auto, (max-width: 2218px) 100vw, 2218px\" \/><\/p>\n<p><img loading=\"lazy\" decoding=\"async\" class=\"alignnone size-full wp-image-23613\" src=\"https:\/\/www.lassebacklund.fi\/wp-content\/uploads\/2025\/01\/Anas-Ruben-2.jpg\" alt=\"\" width=\"2264\" height=\"1002\" srcset=\"https:\/\/www.lassebacklund.fi\/wp-content\/uploads\/2025\/01\/Anas-Ruben-2.jpg 2264w, https:\/\/www.lassebacklund.fi\/wp-content\/uploads\/2025\/01\/Anas-Ruben-2-300x133.jpg 300w, https:\/\/www.lassebacklund.fi\/wp-content\/uploads\/2025\/01\/Anas-Ruben-2-1024x453.jpg 1024w, https:\/\/www.lassebacklund.fi\/wp-content\/uploads\/2025\/01\/Anas-Ruben-2-768x340.jpg 768w, https:\/\/www.lassebacklund.fi\/wp-content\/uploads\/2025\/01\/Anas-Ruben-2-1536x680.jpg 1536w, https:\/\/www.lassebacklund.fi\/wp-content\/uploads\/2025\/01\/Anas-Ruben-2-2048x906.jpg 2048w\" sizes=\"auto, (max-width: 2264px) 100vw, 2264px\" \/><\/p>\n","protected":false},"excerpt":{"rendered":"<p>&nbsp;<\/p>\n","protected":false},"author":1,"featured_media":0,"parent":27,"menu_order":28,"comment_status":"closed","ping_status":"closed","template":"","meta":{"footnotes":""},"class_list":["post-2336","page","type-page","status-publish","hentry"],"_links":{"self":[{"href":"https:\/\/www.lassebacklund.fi\/index.php?rest_route=\/wp\/v2\/pages\/2336","targetHints":{"allow":["GET"]}}],"collection":[{"href":"https:\/\/www.lassebacklund.fi\/index.php?rest_route=\/wp\/v2\/pages"}],"about":[{"href":"https:\/\/www.lassebacklund.fi\/index.php?rest_route=\/wp\/v2\/types\/page"}],"author":[{"embeddable":true,"href":"https:\/\/www.lassebacklund.fi\/index.php?rest_route=\/wp\/v2\/users\/1"}],"replies":[{"embeddable":true,"href":"https:\/\/www.lassebacklund.fi\/index.php?rest_route=%2Fwp%2Fv2%2Fcomments&post=2336"}],"version-history":[{"count":18,"href":"https:\/\/www.lassebacklund.fi\/index.php?rest_route=\/wp\/v2\/pages\/2336\/revisions"}],"predecessor-version":[{"id":24327,"href":"https:\/\/www.lassebacklund.fi\/index.php?rest_route=\/wp\/v2\/pages\/2336\/revisions\/24327"}],"up":[{"embeddable":true,"href":"https:\/\/www.lassebacklund.fi\/index.php?rest_route=\/wp\/v2\/pages\/27"}],"wp:attachment":[{"href":"https:\/\/www.lassebacklund.fi\/index.php?rest_route=%2Fwp%2Fv2%2Fmedia&parent=2336"}],"curies":[{"name":"wp","href":"https:\/\/api.w.org\/{rel}","templated":true}]}}