{"id":23080,"date":"2024-08-11T20:53:39","date_gmt":"2024-08-11T17:53:39","guid":{"rendered":"https:\/\/www.lassebacklund.fi\/?page_id=23080"},"modified":"2024-08-11T20:53:39","modified_gmt":"2024-08-11T17:53:39","slug":"utgravningar-pa-langangen-ar-1950","status":"publish","type":"page","link":"https:\/\/www.lassebacklund.fi\/?page_id=23080","title":{"rendered":"Utgr\u00e4vningar p\u00e5 L\u00e5ng\u00e4ngen \u00e5r 1950"},"content":{"rendered":"<p><span style=\"color: #000080;\"><strong>Artikel i Syd-\u00d6sterbotten 31.8.1950, renskriven av Lasse Backlund i augusti 2024.<\/strong><\/span><\/p>\n<h4><strong>Sten\u00e5ldersboplats fr\u00e5n 1300 \u2013 1400 f. Kr har utgr\u00e4vts i Korsb\u00e4ck p\u00e5 L\u00e5ng\u00e4ngsbacken. Intressanta fynd har gjorts i brons\u00e5ldersgravar p\u00e5 sj\u00f6n\u00e4set mellan Korsb\u00e4cktr\u00e4sket och Lillsj\u00f6n.<\/strong><\/h4>\n<p>Senaste vecka f\u00f6retogs under ledning av magister C. F. Meinander fr\u00e5n Arkeologiska kommissionen utgr\u00e4vningar av en sten\u00e5ldersboplats p\u00e5 L\u00e5ng\u00e4ngsbackan i Korsb\u00e4ck.<\/p>\n<p>Redan \u00e5r 1915 hittar Viktor Nedang\u00e5rd p\u00e5 st\u00e4llet en mejsel och \u00e5r 1925 gjorde Erland Lindqvist talrika fynd av stenredskap. St\u00e4llet blev d\u00e5 uppodlat. Fynden, en r\u00e4t mejsel, en h\u00e5lmejsel, en pilspets av kvarts, en brynsten och tv\u00e5 slipstenar, gav en antydan om att h\u00e4r var platsen f\u00f6r en sten\u00e5ldersbos\u00e4ttning.<\/p>\n<p>Tack vare ett ekonomiskt bidrag p\u00e5 10\u00a0000 mark fr\u00e5n Lappfj\u00e4rds f\u00f6rsamling kunde Arkeologiska kommissionen nu f\u00f6reta en unders\u00f6kning av boplatsen.<\/p>\n<p>Arkeologiska kommissionen har i \u00e5r ett statsanslag f\u00f6r utgr\u00e4vningar p\u00e5 80\u00a0000 mark men har genom bidrag fr\u00e5n olika h\u00e5ll kunnat g\u00f6ra utgr\u00e4vningar f\u00f6r \u00f6ver 700\u00a0000 mark. Utgr\u00e4vningarna i Korsb\u00e4ck i sommar kom att kosta ca 20\u00a0000 mark.<\/p>\n<p>Vad hittade man i Korsb\u00e4ck d\u00e5? Magister Meinander betecknade utgr\u00e4vningarna som r\u00e4tt lyckade. P\u00e5 L\u00e5ng\u00e4ngsbacken hittade man p\u00e5 en 80 m\u00b2 yta tre mejselfragment, ett not- eller revs\u00e4nke samt ett tjugotal st\u00f6rre och mindre kruksk\u00e4rvor \u00e4vensom rikligt med kvartsflisor fr\u00e5n bearbetade kvartsredskap. Kvartsredskapen har allts\u00e5 tillverkats p\u00e5 platsen medan mejslarna importerats, troligen fr\u00e5n Bj\u00f6rneborgstrakten, som synes ha varit ett tillverkningscentrum f\u00f6r v\u00e4stra Finland.<\/p>\n<p>\u00c4ven resterna av en eldstad kunde sp\u00e5ras. Magister Meinander best\u00e4mde boplatsens \u00e5lder till 1300 \u2013 1400 f. Kr.<\/p>\n<p>Marken p\u00e5 L\u00e5ng\u00e4ngsbacken, som ligger 16,74 meter \u00f6ver vattenh\u00f6jden i Lappfj\u00e4rds \u00e5 i Dagsmark \u00e4r stenblandad mj\u00e4llera i varm sydv\u00e4st sluttning p\u00e5 \u00f6stra stranden av Lillsj\u00f6n.<\/p>\n<p>I skogen ovanf\u00f6r L\u00e5ng\u00e4ngsbacken finns n\u00e5gra gravar, vilka dock m\u00f6jligen \u00e4r fr\u00e5n senare tid \u00e4n sten\u00e5ldern. Likas\u00e5 finns ett 20-tal brons\u00e5ldersgravar (500 f. Kr.) p\u00e5 sj\u00f6n\u00e4set mellan Korsb\u00e4cktr\u00e4sket och Lillsj\u00f6n (Sandviks-skogen). \u00a0Av dem unders\u00f6ktes nu sex gravar. Tv\u00e5 av gravarna inneh\u00f6ll rikligt med kruksk\u00e4rvor och br\u00e4nda ben. Genom m\u00f6nstret i krukornas ornament kan deras \u00e5lder r\u00e4tt v\u00e4l best\u00e4mmas. I en grav hittades ocks\u00e5 en flintsten, vilken stenart inte finns p\u00e5 platsen, utan \u00e4r ditf\u00f6rd.<\/p>\n<p>Flera av gravarna synes vara \u00f6ppnade och unders\u00f6kta av skatts\u00f6kare, som trott sig finna g\u00f6mda skatter d\u00e4r. Forntidens folk var fattiga och g\u00f6mde nog inte sina v\u00e4rdesaker i gravarna.<\/p>\n<p>Sedan \u00e5r 1882 \u00e4r det vid vite f\u00f6rbjudet f\u00f6r icke fackm\u00e4n att f\u00f6rst\u00f6ra fornminnen. D\u00e4remot \u00e4r det sk\u00e4l att alla fornminnen, gravar, funna stenredskap och dylikt bli anm\u00e4lda och k\u00e4nda. Hittade stenredskap (torviggar) har i tiderna nyttjats vid trolldom och d\u00e4rtill beh\u00f6vs de ej l\u00e4ngre. L\u00e5t dem nu komma fram f\u00f6r att sprida ljus och kunskap \u00f6ver en tid, som \u00e4n s\u00e5 l\u00e4nge ligger i dunkel.<\/p>\n<p>Upphittade fornfynd kan anm\u00e4las till byarnas skolor. Ingenj\u00f6r Gunnar Gr\u00f6ndahl kommer att uppg\u00f6ra en karta \u00f6ver socknens forngravar. Anm\u00e4l till honom om misst\u00e4nkta gravplatser.<\/p>\n","protected":false},"excerpt":{"rendered":"<p>Artikel i Syd-\u00d6sterbotten 31.8.1950, renskriven av Lasse Backlund i augusti 2024. Sten\u00e5ldersboplats fr\u00e5n 1300 \u2013 1400 f. Kr har utgr\u00e4vts i Korsb\u00e4ck p\u00e5 L\u00e5ng\u00e4ngsbacken. Intressanta fynd har gjorts i brons\u00e5ldersgravar p\u00e5 sj\u00f6n\u00e4set mellan Korsb\u00e4cktr\u00e4sket och Lillsj\u00f6n. Senaste vecka f\u00f6retogs under <a class=\"more-link\" href=\"https:\/\/www.lassebacklund.fi\/?page_id=23080\">Forts\u00e4tt l\u00e4sa <span class=\"screen-reader-text\">  Utgr\u00e4vningar p\u00e5 L\u00e5ng\u00e4ngen \u00e5r 1950<\/span><span class=\"meta-nav\">&rarr;<\/span><\/a><\/p>\n","protected":false},"author":1,"featured_media":0,"parent":733,"menu_order":0,"comment_status":"closed","ping_status":"closed","template":"","meta":{"footnotes":""},"class_list":["post-23080","page","type-page","status-publish","hentry"],"_links":{"self":[{"href":"https:\/\/www.lassebacklund.fi\/index.php?rest_route=\/wp\/v2\/pages\/23080","targetHints":{"allow":["GET"]}}],"collection":[{"href":"https:\/\/www.lassebacklund.fi\/index.php?rest_route=\/wp\/v2\/pages"}],"about":[{"href":"https:\/\/www.lassebacklund.fi\/index.php?rest_route=\/wp\/v2\/types\/page"}],"author":[{"embeddable":true,"href":"https:\/\/www.lassebacklund.fi\/index.php?rest_route=\/wp\/v2\/users\/1"}],"replies":[{"embeddable":true,"href":"https:\/\/www.lassebacklund.fi\/index.php?rest_route=%2Fwp%2Fv2%2Fcomments&post=23080"}],"version-history":[{"count":1,"href":"https:\/\/www.lassebacklund.fi\/index.php?rest_route=\/wp\/v2\/pages\/23080\/revisions"}],"predecessor-version":[{"id":23081,"href":"https:\/\/www.lassebacklund.fi\/index.php?rest_route=\/wp\/v2\/pages\/23080\/revisions\/23081"}],"up":[{"embeddable":true,"href":"https:\/\/www.lassebacklund.fi\/index.php?rest_route=\/wp\/v2\/pages\/733"}],"wp:attachment":[{"href":"https:\/\/www.lassebacklund.fi\/index.php?rest_route=%2Fwp%2Fv2%2Fmedia&parent=23080"}],"curies":[{"name":"wp","href":"https:\/\/api.w.org\/{rel}","templated":true}]}}