{"id":23067,"date":"2024-08-10T23:28:23","date_gmt":"2024-08-10T20:28:23","guid":{"rendered":"https:\/\/www.lassebacklund.fi\/?page_id=23067"},"modified":"2024-08-10T23:31:42","modified_gmt":"2024-08-10T20:31:42","slug":"ankan-annas-forsvunna-hast","status":"publish","type":"page","link":"https:\/\/www.lassebacklund.fi\/?page_id=23067","title":{"rendered":"\u00c4nkan Annas f\u00f6rsvunna h\u00e4st"},"content":{"rendered":"<p><span style=\"color: #000080;\"><strong>Eva Gr\u00f6nlund fr\u00e5n Vasa och som har r\u00f6tterna i Dagsmark har nedtecknat det h\u00e4r r\u00e4ttsfallet som handlar om bonde\u00e4nkan Anna Christina Gr\u00f6ndahls h\u00e4st som f\u00f6rsvann \u00e5r 1808 och som kom tillbaka till Dagsmark 1810. Den h\u00e4r artikeln publicerades i augusti 2024.<\/strong><\/span><\/p>\n<h5><strong>Anders f\u00f6rsvann men h\u00e4sten \u00e5terv\u00e4nde<\/strong><\/h5>\n<p>Anna Christina Gr\u00f6ndahl (1765-1852) flyttade med maken Anders Gr\u00f6ndahl (1752-1808) fr\u00e5n \u00c5land till B\u00e5sk hemman Dagsmark \u00e5r 1792. Anders deltog i skjutsning av soldater norrut med h\u00e4st \u00e4r 1809. Han f\u00f6rsvann sp\u00e5rl\u00f6st under en s\u00e5dan resa. Hans h\u00e4st ska dock ha \u00e5terkommit hem ensam till Dagsmark. L\u00e4s mera om fallet <span style=\"color: #000080;\"><strong><a style=\"color: #000080;\" href=\"https:\/\/www.lassebacklund.fi\/?page_id=5821\">H\u00c4R!<\/a><\/strong><\/span><\/p>\n<h5><strong>En annan f\u00f6rsvunnen h\u00e4st<\/strong><\/h5>\n<p>En annan av Gr\u00f6ndahls h\u00e4star stals v\u00e5ren 1808 d\u00e5 svenska arm\u00e9n red bort fr\u00e5n byn och beh\u00f6vde h\u00e4star.<\/p>\n<p>P\u00e5 n\u00e5got vis blev Johan Elpe fr\u00e5n Pjelax sedan \u00e4gare till h\u00e4sten. Den 4 oktober \u00e5r 1810 var Elpe p\u00e5 Mickelsm\u00e4ssmarknaden i Kristinestad. D\u00e4r bytte han h\u00e4st med Johan Lall fr\u00e5n Solf. Lall kom sedan i sin tur att byta bort h\u00e4sten med soldaten Israel Bengs fr\u00e5n Vasa.<\/p>\n<p>Soldaten Israel Bengs planerade \u00e5r 1810 att resa till Tavastland och han skulle ta v\u00e4gen genom Lappfj\u00e4rds socken. Han gav sig i v\u00e4g p\u00e5 sin resa. D\u00e5 han kom till Dagsmark stannade h\u00e4sten och tog v\u00e4gen till \u00e4ngen vid Gr\u00f6ndahls g\u00e5rd, som om han skulle ha k\u00e4nt igen sig d\u00e4r.<\/p>\n<p>Anna Christina Gr\u00f6ndahl kom ut och ber\u00e4ttade f\u00f6r den fr\u00e4mmande mannen att h\u00e4sten var samma h\u00e4st, som hon hade \u00e4gt och som hade stulits fr\u00e5n henne \u00e5r 1808. D\u00e4rf\u00f6r beh\u00f6ll hon h\u00e4sten som sin.<\/p>\n<p>Eftersom soldaten Bengs blev utan h\u00e4st l\u00e4t han kalla \u00e4nkan Gr\u00f6ndahl till r\u00e5dstur\u00e4tten i Kristinestad f\u00f6r att hon skulle bevisa att h\u00e4sten var den samma h\u00e4st som blivit stulen av henne. \u00c4rendet behandlades i r\u00e5dstur\u00e4tten i Kristinestad 16 januari 1811.<\/p>\n<h5><strong>Tv\u00e5 vittnen kallades in.<\/strong><\/h5>\n<p>Inhyses mannen Eric Stark (f. 1764 fr\u00e5n N\u00e4rpes, friskytt, inhyses p\u00e5 B\u00e5sk, gift med Greta Pehrsdotter Wira f. 1764 i Lappfj\u00e4rd), vittnade om att han genast k\u00e4nde igen \u00e4nkan Gr\u00f6ndahls h\u00e4st n\u00e4r soldaten Bengs kom k\u00f6rande med den.<\/p>\n<p>Bondesonen Henric Larsson Lillkull (f. 3.10.1776) vittnade att den h\u00e4st som det var fr\u00e5ga om, r\u00e4tteligen har tillh\u00f6rt \u00e4nkan Gr\u00f6ndahl och den hade blivit stulen fr\u00e5n henne. Han visste dock inte n\u00e4r det hade skett. Han hade h\u00f6rt ber\u00e4ttas att h\u00e4sten kom bort d\u00e5 den svenska arm\u00e9n retirerade och den beh\u00f6vde h\u00e4star.<\/p>\n<p>Kommissarien \u00c5berg f\u00f6rmodade och ans\u00e5g \u00e4nkan Gr\u00f6ndahl, som \u00e5beropat \u00e4gander\u00e4tten till h\u00e4sten, s\u00e5ledes var ber\u00e4ttigad, att beh\u00e5lla den.<\/p>\n","protected":false},"excerpt":{"rendered":"<p>Eva Gr\u00f6nlund fr\u00e5n Vasa och som har r\u00f6tterna i Dagsmark har nedtecknat det h\u00e4r r\u00e4ttsfallet som handlar om bonde\u00e4nkan Anna Christina Gr\u00f6ndahls h\u00e4st som f\u00f6rsvann \u00e5r 1808 och som kom tillbaka till Dagsmark 1810. Den h\u00e4r artikeln publicerades i augusti <a class=\"more-link\" href=\"https:\/\/www.lassebacklund.fi\/?page_id=23067\">Forts\u00e4tt l\u00e4sa <span class=\"screen-reader-text\">  \u00c4nkan Annas f\u00f6rsvunna h\u00e4st<\/span><span class=\"meta-nav\">&rarr;<\/span><\/a><\/p>\n","protected":false},"author":1,"featured_media":0,"parent":5810,"menu_order":20,"comment_status":"closed","ping_status":"closed","template":"","meta":{"footnotes":""},"class_list":["post-23067","page","type-page","status-publish","hentry"],"_links":{"self":[{"href":"https:\/\/www.lassebacklund.fi\/index.php?rest_route=\/wp\/v2\/pages\/23067","targetHints":{"allow":["GET"]}}],"collection":[{"href":"https:\/\/www.lassebacklund.fi\/index.php?rest_route=\/wp\/v2\/pages"}],"about":[{"href":"https:\/\/www.lassebacklund.fi\/index.php?rest_route=\/wp\/v2\/types\/page"}],"author":[{"embeddable":true,"href":"https:\/\/www.lassebacklund.fi\/index.php?rest_route=\/wp\/v2\/users\/1"}],"replies":[{"embeddable":true,"href":"https:\/\/www.lassebacklund.fi\/index.php?rest_route=%2Fwp%2Fv2%2Fcomments&post=23067"}],"version-history":[{"count":3,"href":"https:\/\/www.lassebacklund.fi\/index.php?rest_route=\/wp\/v2\/pages\/23067\/revisions"}],"predecessor-version":[{"id":23070,"href":"https:\/\/www.lassebacklund.fi\/index.php?rest_route=\/wp\/v2\/pages\/23067\/revisions\/23070"}],"up":[{"embeddable":true,"href":"https:\/\/www.lassebacklund.fi\/index.php?rest_route=\/wp\/v2\/pages\/5810"}],"wp:attachment":[{"href":"https:\/\/www.lassebacklund.fi\/index.php?rest_route=%2Fwp%2Fv2%2Fmedia&parent=23067"}],"curies":[{"name":"wp","href":"https:\/\/api.w.org\/{rel}","templated":true}]}}