{"id":23058,"date":"2024-08-10T22:44:01","date_gmt":"2024-08-10T19:44:01","guid":{"rendered":"https:\/\/www.lassebacklund.fi\/?page_id=23058"},"modified":"2024-08-10T22:49:31","modified_gmt":"2024-08-10T19:49:31","slug":"slaktnamn-som-borjar-pa-a-3","status":"publish","type":"page","link":"https:\/\/www.lassebacklund.fi\/?page_id=23058","title":{"rendered":"Sl\u00e4ktnamn som b\u00f6rjar p\u00e5 \u00c4"},"content":{"rendered":"<p><img loading=\"lazy\" decoding=\"async\" class=\"alignnone size-full wp-image-23061\" src=\"https:\/\/www.lassebacklund.fi\/wp-content\/uploads\/2024\/08\/Appel-Gunvor-1.jpg\" alt=\"\" width=\"1269\" height=\"912\" srcset=\"https:\/\/www.lassebacklund.fi\/wp-content\/uploads\/2024\/08\/Appel-Gunvor-1.jpg 1269w, https:\/\/www.lassebacklund.fi\/wp-content\/uploads\/2024\/08\/Appel-Gunvor-1-300x216.jpg 300w, https:\/\/www.lassebacklund.fi\/wp-content\/uploads\/2024\/08\/Appel-Gunvor-1-1024x736.jpg 1024w, https:\/\/www.lassebacklund.fi\/wp-content\/uploads\/2024\/08\/Appel-Gunvor-1-768x552.jpg 768w\" sizes=\"auto, (max-width: 1269px) 100vw, 1269px\" \/><\/p>\n","protected":false},"excerpt":{"rendered":"","protected":false},"author":1,"featured_media":0,"parent":27,"menu_order":240,"comment_status":"closed","ping_status":"closed","template":"","meta":{"footnotes":""},"class_list":["post-23058","page","type-page","status-publish","hentry"],"_links":{"self":[{"href":"https:\/\/www.lassebacklund.fi\/index.php?rest_route=\/wp\/v2\/pages\/23058","targetHints":{"allow":["GET"]}}],"collection":[{"href":"https:\/\/www.lassebacklund.fi\/index.php?rest_route=\/wp\/v2\/pages"}],"about":[{"href":"https:\/\/www.lassebacklund.fi\/index.php?rest_route=\/wp\/v2\/types\/page"}],"author":[{"embeddable":true,"href":"https:\/\/www.lassebacklund.fi\/index.php?rest_route=\/wp\/v2\/users\/1"}],"replies":[{"embeddable":true,"href":"https:\/\/www.lassebacklund.fi\/index.php?rest_route=%2Fwp%2Fv2%2Fcomments&post=23058"}],"version-history":[{"count":2,"href":"https:\/\/www.lassebacklund.fi\/index.php?rest_route=\/wp\/v2\/pages\/23058\/revisions"}],"predecessor-version":[{"id":23062,"href":"https:\/\/www.lassebacklund.fi\/index.php?rest_route=\/wp\/v2\/pages\/23058\/revisions\/23062"}],"up":[{"embeddable":true,"href":"https:\/\/www.lassebacklund.fi\/index.php?rest_route=\/wp\/v2\/pages\/27"}],"wp:attachment":[{"href":"https:\/\/www.lassebacklund.fi\/index.php?rest_route=%2Fwp%2Fv2%2Fmedia&parent=23058"}],"curies":[{"name":"wp","href":"https:\/\/api.w.org\/{rel}","templated":true}]}}