{"id":23016,"date":"2024-07-28T23:38:23","date_gmt":"2024-07-28T20:38:23","guid":{"rendered":"https:\/\/www.lassebacklund.fi\/?page_id=23016"},"modified":"2024-07-28T23:41:10","modified_gmt":"2024-07-28T20:41:10","slug":"ungdomsforeningens-50-ars-historik-1981","status":"publish","type":"page","link":"https:\/\/www.lassebacklund.fi\/?page_id=23016","title":{"rendered":"Ungdomsf\u00f6reningens 50-\u00e5rs historik 1981"},"content":{"rendered":"<p><span style=\"color: #000080;\"><strong>Inskannat och sammanst\u00e4llt av Lasse Backlund i juli 2024.<\/strong><\/span><\/p>\n<p>\u00c5r 1981 d\u00e5 Korsb\u00e4ck ungdomsf\u00f6rening fyllde 50 \u00e5r sammanst\u00e4llde folkskoll\u00e4raren Nils Bergman en historik \u00f6ver f\u00f6reningens verksamhet. Den h\u00f6gklassiga publikationen trycktes p\u00e5 Boktryckeri Fram Ab i Vasa och den utl\u00e5nades av Bo-G\u00f6ran Lindh.<\/p>\n<p><span style=\"color: #000080;\"><strong><img loading=\"lazy\" decoding=\"async\" class=\"alignnone size-full wp-image-22990\" src=\"https:\/\/www.lassebacklund.fi\/wp-content\/uploads\/2024\/07\/sid-1.jpg\" alt=\"\" width=\"1648\" height=\"2400\" srcset=\"https:\/\/www.lassebacklund.fi\/wp-content\/uploads\/2024\/07\/sid-1.jpg 1648w, https:\/\/www.lassebacklund.fi\/wp-content\/uploads\/2024\/07\/sid-1-206x300.jpg 206w, https:\/\/www.lassebacklund.fi\/wp-content\/uploads\/2024\/07\/sid-1-703x1024.jpg 703w, https:\/\/www.lassebacklund.fi\/wp-content\/uploads\/2024\/07\/sid-1-768x1118.jpg 768w, https:\/\/www.lassebacklund.fi\/wp-content\/uploads\/2024\/07\/sid-1-1055x1536.jpg 1055w, https:\/\/www.lassebacklund.fi\/wp-content\/uploads\/2024\/07\/sid-1-1406x2048.jpg 1406w\" sizes=\"auto, (max-width: 1648px) 100vw, 1648px\" \/> <img loading=\"lazy\" decoding=\"async\" class=\"alignnone size-full wp-image-22991\" src=\"https:\/\/www.lassebacklund.fi\/wp-content\/uploads\/2024\/07\/sid-3.jpg\" alt=\"\" width=\"1562\" height=\"2334\" srcset=\"https:\/\/www.lassebacklund.fi\/wp-content\/uploads\/2024\/07\/sid-3.jpg 1562w, https:\/\/www.lassebacklund.fi\/wp-content\/uploads\/2024\/07\/sid-3-201x300.jpg 201w, https:\/\/www.lassebacklund.fi\/wp-content\/uploads\/2024\/07\/sid-3-685x1024.jpg 685w, https:\/\/www.lassebacklund.fi\/wp-content\/uploads\/2024\/07\/sid-3-768x1148.jpg 768w, https:\/\/www.lassebacklund.fi\/wp-content\/uploads\/2024\/07\/sid-3-1028x1536.jpg 1028w, https:\/\/www.lassebacklund.fi\/wp-content\/uploads\/2024\/07\/sid-3-1371x2048.jpg 1371w\" sizes=\"auto, (max-width: 1562px) 100vw, 1562px\" \/> <img loading=\"lazy\" decoding=\"async\" class=\"alignnone size-full wp-image-22992\" src=\"https:\/\/www.lassebacklund.fi\/wp-content\/uploads\/2024\/07\/Sid-4.jpg\" alt=\"\" width=\"1546\" height=\"2276\" srcset=\"https:\/\/www.lassebacklund.fi\/wp-content\/uploads\/2024\/07\/Sid-4.jpg 1546w, https:\/\/www.lassebacklund.fi\/wp-content\/uploads\/2024\/07\/Sid-4-204x300.jpg 204w, https:\/\/www.lassebacklund.fi\/wp-content\/uploads\/2024\/07\/Sid-4-696x1024.jpg 696w, https:\/\/www.lassebacklund.fi\/wp-content\/uploads\/2024\/07\/Sid-4-768x1131.jpg 768w, https:\/\/www.lassebacklund.fi\/wp-content\/uploads\/2024\/07\/Sid-4-1043x1536.jpg 1043w, https:\/\/www.lassebacklund.fi\/wp-content\/uploads\/2024\/07\/Sid-4-1391x2048.jpg 1391w\" sizes=\"auto, (max-width: 1546px) 100vw, 1546px\" \/> <img loading=\"lazy\" decoding=\"async\" class=\"alignnone size-full wp-image-22993\" src=\"https:\/\/www.lassebacklund.fi\/wp-content\/uploads\/2024\/07\/Sid-5.jpg\" alt=\"\" width=\"1560\" height=\"2336\" srcset=\"https:\/\/www.lassebacklund.fi\/wp-content\/uploads\/2024\/07\/Sid-5.jpg 1560w, https:\/\/www.lassebacklund.fi\/wp-content\/uploads\/2024\/07\/Sid-5-200x300.jpg 200w, https:\/\/www.lassebacklund.fi\/wp-content\/uploads\/2024\/07\/Sid-5-684x1024.jpg 684w, https:\/\/www.lassebacklund.fi\/wp-content\/uploads\/2024\/07\/Sid-5-768x1150.jpg 768w, https:\/\/www.lassebacklund.fi\/wp-content\/uploads\/2024\/07\/Sid-5-1026x1536.jpg 1026w, https:\/\/www.lassebacklund.fi\/wp-content\/uploads\/2024\/07\/Sid-5-1368x2048.jpg 1368w\" sizes=\"auto, (max-width: 1560px) 100vw, 1560px\" \/> <img loading=\"lazy\" decoding=\"async\" class=\"alignnone size-full wp-image-22994\" src=\"https:\/\/www.lassebacklund.fi\/wp-content\/uploads\/2024\/07\/Sid-6.jpg\" alt=\"\" width=\"1569\" height=\"2372\" srcset=\"https:\/\/www.lassebacklund.fi\/wp-content\/uploads\/2024\/07\/Sid-6.jpg 1569w, https:\/\/www.lassebacklund.fi\/wp-content\/uploads\/2024\/07\/Sid-6-198x300.jpg 198w, https:\/\/www.lassebacklund.fi\/wp-content\/uploads\/2024\/07\/Sid-6-677x1024.jpg 677w, https:\/\/www.lassebacklund.fi\/wp-content\/uploads\/2024\/07\/Sid-6-768x1161.jpg 768w, https:\/\/www.lassebacklund.fi\/wp-content\/uploads\/2024\/07\/Sid-6-1016x1536.jpg 1016w, https:\/\/www.lassebacklund.fi\/wp-content\/uploads\/2024\/07\/Sid-6-1355x2048.jpg 1355w\" sizes=\"auto, (max-width: 1569px) 100vw, 1569px\" \/> <img loading=\"lazy\" decoding=\"async\" class=\"alignnone size-full wp-image-22995\" src=\"https:\/\/www.lassebacklund.fi\/wp-content\/uploads\/2024\/07\/Sid-7.jpg\" alt=\"\" width=\"1519\" height=\"2337\" srcset=\"https:\/\/www.lassebacklund.fi\/wp-content\/uploads\/2024\/07\/Sid-7.jpg 1519w, https:\/\/www.lassebacklund.fi\/wp-content\/uploads\/2024\/07\/Sid-7-195x300.jpg 195w, https:\/\/www.lassebacklund.fi\/wp-content\/uploads\/2024\/07\/Sid-7-666x1024.jpg 666w, https:\/\/www.lassebacklund.fi\/wp-content\/uploads\/2024\/07\/Sid-7-768x1182.jpg 768w, https:\/\/www.lassebacklund.fi\/wp-content\/uploads\/2024\/07\/Sid-7-998x1536.jpg 998w, https:\/\/www.lassebacklund.fi\/wp-content\/uploads\/2024\/07\/Sid-7-1331x2048.jpg 1331w\" sizes=\"auto, (max-width: 1519px) 100vw, 1519px\" \/> <img loading=\"lazy\" decoding=\"async\" class=\"alignnone size-full wp-image-22996\" src=\"https:\/\/www.lassebacklund.fi\/wp-content\/uploads\/2024\/07\/sid-8.jpg\" alt=\"\" width=\"1602\" height=\"2369\" srcset=\"https:\/\/www.lassebacklund.fi\/wp-content\/uploads\/2024\/07\/sid-8.jpg 1602w, https:\/\/www.lassebacklund.fi\/wp-content\/uploads\/2024\/07\/sid-8-203x300.jpg 203w, https:\/\/www.lassebacklund.fi\/wp-content\/uploads\/2024\/07\/sid-8-692x1024.jpg 692w, https:\/\/www.lassebacklund.fi\/wp-content\/uploads\/2024\/07\/sid-8-768x1136.jpg 768w, https:\/\/www.lassebacklund.fi\/wp-content\/uploads\/2024\/07\/sid-8-1039x1536.jpg 1039w, https:\/\/www.lassebacklund.fi\/wp-content\/uploads\/2024\/07\/sid-8-1385x2048.jpg 1385w\" sizes=\"auto, (max-width: 1602px) 100vw, 1602px\" \/> <img loading=\"lazy\" decoding=\"async\" class=\"alignnone size-full wp-image-22997\" src=\"https:\/\/www.lassebacklund.fi\/wp-content\/uploads\/2024\/07\/sid-9.jpg\" alt=\"\" width=\"1515\" height=\"2330\" srcset=\"https:\/\/www.lassebacklund.fi\/wp-content\/uploads\/2024\/07\/sid-9.jpg 1515w, https:\/\/www.lassebacklund.fi\/wp-content\/uploads\/2024\/07\/sid-9-195x300.jpg 195w, https:\/\/www.lassebacklund.fi\/wp-content\/uploads\/2024\/07\/sid-9-666x1024.jpg 666w, https:\/\/www.lassebacklund.fi\/wp-content\/uploads\/2024\/07\/sid-9-768x1181.jpg 768w, https:\/\/www.lassebacklund.fi\/wp-content\/uploads\/2024\/07\/sid-9-999x1536.jpg 999w, https:\/\/www.lassebacklund.fi\/wp-content\/uploads\/2024\/07\/sid-9-1332x2048.jpg 1332w\" sizes=\"auto, (max-width: 1515px) 100vw, 1515px\" \/> <img loading=\"lazy\" decoding=\"async\" class=\"alignnone size-full wp-image-22998\" src=\"https:\/\/www.lassebacklund.fi\/wp-content\/uploads\/2024\/07\/sid-10.jpg\" alt=\"\" width=\"1491\" height=\"2258\" srcset=\"https:\/\/www.lassebacklund.fi\/wp-content\/uploads\/2024\/07\/sid-10.jpg 1491w, https:\/\/www.lassebacklund.fi\/wp-content\/uploads\/2024\/07\/sid-10-198x300.jpg 198w, https:\/\/www.lassebacklund.fi\/wp-content\/uploads\/2024\/07\/sid-10-676x1024.jpg 676w, https:\/\/www.lassebacklund.fi\/wp-content\/uploads\/2024\/07\/sid-10-768x1163.jpg 768w, https:\/\/www.lassebacklund.fi\/wp-content\/uploads\/2024\/07\/sid-10-1014x1536.jpg 1014w, https:\/\/www.lassebacklund.fi\/wp-content\/uploads\/2024\/07\/sid-10-1352x2048.jpg 1352w\" sizes=\"auto, (max-width: 1491px) 100vw, 1491px\" \/> <img loading=\"lazy\" decoding=\"async\" class=\"alignnone size-full wp-image-22999\" src=\"https:\/\/www.lassebacklund.fi\/wp-content\/uploads\/2024\/07\/sid-11.jpg\" alt=\"\" width=\"1530\" height=\"2347\" srcset=\"https:\/\/www.lassebacklund.fi\/wp-content\/uploads\/2024\/07\/sid-11.jpg 1530w, https:\/\/www.lassebacklund.fi\/wp-content\/uploads\/2024\/07\/sid-11-196x300.jpg 196w, https:\/\/www.lassebacklund.fi\/wp-content\/uploads\/2024\/07\/sid-11-668x1024.jpg 668w, https:\/\/www.lassebacklund.fi\/wp-content\/uploads\/2024\/07\/sid-11-768x1178.jpg 768w, https:\/\/www.lassebacklund.fi\/wp-content\/uploads\/2024\/07\/sid-11-1001x1536.jpg 1001w, https:\/\/www.lassebacklund.fi\/wp-content\/uploads\/2024\/07\/sid-11-1335x2048.jpg 1335w\" sizes=\"auto, (max-width: 1530px) 100vw, 1530px\" \/> <img loading=\"lazy\" decoding=\"async\" class=\"alignnone size-full wp-image-23000\" src=\"https:\/\/www.lassebacklund.fi\/wp-content\/uploads\/2024\/07\/sid-12.jpg\" alt=\"\" width=\"1573\" height=\"2379\" srcset=\"https:\/\/www.lassebacklund.fi\/wp-content\/uploads\/2024\/07\/sid-12.jpg 1573w, https:\/\/www.lassebacklund.fi\/wp-content\/uploads\/2024\/07\/sid-12-198x300.jpg 198w, https:\/\/www.lassebacklund.fi\/wp-content\/uploads\/2024\/07\/sid-12-677x1024.jpg 677w, https:\/\/www.lassebacklund.fi\/wp-content\/uploads\/2024\/07\/sid-12-768x1162.jpg 768w, https:\/\/www.lassebacklund.fi\/wp-content\/uploads\/2024\/07\/sid-12-1016x1536.jpg 1016w, https:\/\/www.lassebacklund.fi\/wp-content\/uploads\/2024\/07\/sid-12-1354x2048.jpg 1354w\" sizes=\"auto, (max-width: 1573px) 100vw, 1573px\" \/> <img loading=\"lazy\" decoding=\"async\" class=\"alignnone size-full wp-image-23001\" src=\"https:\/\/www.lassebacklund.fi\/wp-content\/uploads\/2024\/07\/sid-13.jpg\" alt=\"\" width=\"1482\" height=\"2392\" srcset=\"https:\/\/www.lassebacklund.fi\/wp-content\/uploads\/2024\/07\/sid-13.jpg 1482w, https:\/\/www.lassebacklund.fi\/wp-content\/uploads\/2024\/07\/sid-13-186x300.jpg 186w, https:\/\/www.lassebacklund.fi\/wp-content\/uploads\/2024\/07\/sid-13-634x1024.jpg 634w, https:\/\/www.lassebacklund.fi\/wp-content\/uploads\/2024\/07\/sid-13-768x1240.jpg 768w, https:\/\/www.lassebacklund.fi\/wp-content\/uploads\/2024\/07\/sid-13-952x1536.jpg 952w, https:\/\/www.lassebacklund.fi\/wp-content\/uploads\/2024\/07\/sid-13-1269x2048.jpg 1269w\" sizes=\"auto, (max-width: 1482px) 100vw, 1482px\" \/> <img loading=\"lazy\" decoding=\"async\" class=\"alignnone size-full wp-image-23002\" src=\"https:\/\/www.lassebacklund.fi\/wp-content\/uploads\/2024\/07\/sid-14.jpg\" alt=\"\" width=\"1613\" height=\"2305\" srcset=\"https:\/\/www.lassebacklund.fi\/wp-content\/uploads\/2024\/07\/sid-14.jpg 1613w, https:\/\/www.lassebacklund.fi\/wp-content\/uploads\/2024\/07\/sid-14-210x300.jpg 210w, https:\/\/www.lassebacklund.fi\/wp-content\/uploads\/2024\/07\/sid-14-717x1024.jpg 717w, https:\/\/www.lassebacklund.fi\/wp-content\/uploads\/2024\/07\/sid-14-768x1097.jpg 768w, https:\/\/www.lassebacklund.fi\/wp-content\/uploads\/2024\/07\/sid-14-1075x1536.jpg 1075w, https:\/\/www.lassebacklund.fi\/wp-content\/uploads\/2024\/07\/sid-14-1433x2048.jpg 1433w\" sizes=\"auto, (max-width: 1613px) 100vw, 1613px\" \/> <img loading=\"lazy\" decoding=\"async\" class=\"alignnone size-full wp-image-23003\" src=\"https:\/\/www.lassebacklund.fi\/wp-content\/uploads\/2024\/07\/sid-15.jpg\" alt=\"\" width=\"1496\" height=\"2363\" srcset=\"https:\/\/www.lassebacklund.fi\/wp-content\/uploads\/2024\/07\/sid-15.jpg 1496w, https:\/\/www.lassebacklund.fi\/wp-content\/uploads\/2024\/07\/sid-15-190x300.jpg 190w, https:\/\/www.lassebacklund.fi\/wp-content\/uploads\/2024\/07\/sid-15-648x1024.jpg 648w, https:\/\/www.lassebacklund.fi\/wp-content\/uploads\/2024\/07\/sid-15-768x1213.jpg 768w, https:\/\/www.lassebacklund.fi\/wp-content\/uploads\/2024\/07\/sid-15-972x1536.jpg 972w, https:\/\/www.lassebacklund.fi\/wp-content\/uploads\/2024\/07\/sid-15-1297x2048.jpg 1297w\" sizes=\"auto, (max-width: 1496px) 100vw, 1496px\" \/> <img loading=\"lazy\" decoding=\"async\" class=\"alignnone size-full wp-image-23004\" src=\"https:\/\/www.lassebacklund.fi\/wp-content\/uploads\/2024\/07\/sid-16.jpg\" alt=\"\" width=\"1497\" height=\"2313\" srcset=\"https:\/\/www.lassebacklund.fi\/wp-content\/uploads\/2024\/07\/sid-16.jpg 1497w, https:\/\/www.lassebacklund.fi\/wp-content\/uploads\/2024\/07\/sid-16-194x300.jpg 194w, https:\/\/www.lassebacklund.fi\/wp-content\/uploads\/2024\/07\/sid-16-663x1024.jpg 663w, https:\/\/www.lassebacklund.fi\/wp-content\/uploads\/2024\/07\/sid-16-768x1187.jpg 768w, https:\/\/www.lassebacklund.fi\/wp-content\/uploads\/2024\/07\/sid-16-994x1536.jpg 994w, https:\/\/www.lassebacklund.fi\/wp-content\/uploads\/2024\/07\/sid-16-1325x2048.jpg 1325w\" sizes=\"auto, (max-width: 1497px) 100vw, 1497px\" \/> <img loading=\"lazy\" decoding=\"async\" class=\"alignnone size-full wp-image-23005\" src=\"https:\/\/www.lassebacklund.fi\/wp-content\/uploads\/2024\/07\/sid-17.jpg\" alt=\"\" width=\"1536\" height=\"2291\" srcset=\"https:\/\/www.lassebacklund.fi\/wp-content\/uploads\/2024\/07\/sid-17.jpg 1536w, https:\/\/www.lassebacklund.fi\/wp-content\/uploads\/2024\/07\/sid-17-201x300.jpg 201w, https:\/\/www.lassebacklund.fi\/wp-content\/uploads\/2024\/07\/sid-17-687x1024.jpg 687w, https:\/\/www.lassebacklund.fi\/wp-content\/uploads\/2024\/07\/sid-17-768x1146.jpg 768w, https:\/\/www.lassebacklund.fi\/wp-content\/uploads\/2024\/07\/sid-17-1030x1536.jpg 1030w, https:\/\/www.lassebacklund.fi\/wp-content\/uploads\/2024\/07\/sid-17-1373x2048.jpg 1373w\" sizes=\"auto, (max-width: 1536px) 100vw, 1536px\" \/> <img loading=\"lazy\" decoding=\"async\" class=\"alignnone size-full wp-image-23006\" src=\"https:\/\/www.lassebacklund.fi\/wp-content\/uploads\/2024\/07\/sid-18.jpg\" alt=\"\" width=\"1519\" height=\"2358\" srcset=\"https:\/\/www.lassebacklund.fi\/wp-content\/uploads\/2024\/07\/sid-18.jpg 1519w, https:\/\/www.lassebacklund.fi\/wp-content\/uploads\/2024\/07\/sid-18-193x300.jpg 193w, https:\/\/www.lassebacklund.fi\/wp-content\/uploads\/2024\/07\/sid-18-660x1024.jpg 660w, https:\/\/www.lassebacklund.fi\/wp-content\/uploads\/2024\/07\/sid-18-768x1192.jpg 768w, https:\/\/www.lassebacklund.fi\/wp-content\/uploads\/2024\/07\/sid-18-989x1536.jpg 989w, https:\/\/www.lassebacklund.fi\/wp-content\/uploads\/2024\/07\/sid-18-1319x2048.jpg 1319w\" sizes=\"auto, (max-width: 1519px) 100vw, 1519px\" \/> <img loading=\"lazy\" decoding=\"async\" class=\"alignnone size-full wp-image-23007\" src=\"https:\/\/www.lassebacklund.fi\/wp-content\/uploads\/2024\/07\/sid-19.jpg\" alt=\"\" width=\"1540\" height=\"2365\" srcset=\"https:\/\/www.lassebacklund.fi\/wp-content\/uploads\/2024\/07\/sid-19.jpg 1540w, https:\/\/www.lassebacklund.fi\/wp-content\/uploads\/2024\/07\/sid-19-195x300.jpg 195w, https:\/\/www.lassebacklund.fi\/wp-content\/uploads\/2024\/07\/sid-19-667x1024.jpg 667w, https:\/\/www.lassebacklund.fi\/wp-content\/uploads\/2024\/07\/sid-19-768x1179.jpg 768w, https:\/\/www.lassebacklund.fi\/wp-content\/uploads\/2024\/07\/sid-19-1000x1536.jpg 1000w, https:\/\/www.lassebacklund.fi\/wp-content\/uploads\/2024\/07\/sid-19-1334x2048.jpg 1334w\" sizes=\"auto, (max-width: 1540px) 100vw, 1540px\" \/> <img loading=\"lazy\" decoding=\"async\" class=\"alignnone size-full wp-image-23008\" src=\"https:\/\/www.lassebacklund.fi\/wp-content\/uploads\/2024\/07\/sid-20.jpg\" alt=\"\" width=\"1573\" height=\"2351\" srcset=\"https:\/\/www.lassebacklund.fi\/wp-content\/uploads\/2024\/07\/sid-20.jpg 1573w, https:\/\/www.lassebacklund.fi\/wp-content\/uploads\/2024\/07\/sid-20-201x300.jpg 201w, https:\/\/www.lassebacklund.fi\/wp-content\/uploads\/2024\/07\/sid-20-685x1024.jpg 685w, https:\/\/www.lassebacklund.fi\/wp-content\/uploads\/2024\/07\/sid-20-768x1148.jpg 768w, https:\/\/www.lassebacklund.fi\/wp-content\/uploads\/2024\/07\/sid-20-1028x1536.jpg 1028w, https:\/\/www.lassebacklund.fi\/wp-content\/uploads\/2024\/07\/sid-20-1370x2048.jpg 1370w\" sizes=\"auto, (max-width: 1573px) 100vw, 1573px\" \/> <img loading=\"lazy\" decoding=\"async\" class=\"alignnone size-full wp-image-23009\" src=\"https:\/\/www.lassebacklund.fi\/wp-content\/uploads\/2024\/07\/sid-21.jpg\" alt=\"\" width=\"1511\" height=\"2372\" srcset=\"https:\/\/www.lassebacklund.fi\/wp-content\/uploads\/2024\/07\/sid-21.jpg 1511w, https:\/\/www.lassebacklund.fi\/wp-content\/uploads\/2024\/07\/sid-21-191x300.jpg 191w, https:\/\/www.lassebacklund.fi\/wp-content\/uploads\/2024\/07\/sid-21-652x1024.jpg 652w, https:\/\/www.lassebacklund.fi\/wp-content\/uploads\/2024\/07\/sid-21-768x1206.jpg 768w, https:\/\/www.lassebacklund.fi\/wp-content\/uploads\/2024\/07\/sid-21-978x1536.jpg 978w, https:\/\/www.lassebacklund.fi\/wp-content\/uploads\/2024\/07\/sid-21-1305x2048.jpg 1305w\" sizes=\"auto, (max-width: 1511px) 100vw, 1511px\" \/> <img loading=\"lazy\" decoding=\"async\" class=\"alignnone size-full wp-image-23010\" src=\"https:\/\/www.lassebacklund.fi\/wp-content\/uploads\/2024\/07\/sid-22.jpg\" alt=\"\" width=\"1562\" height=\"2332\" srcset=\"https:\/\/www.lassebacklund.fi\/wp-content\/uploads\/2024\/07\/sid-22.jpg 1562w, https:\/\/www.lassebacklund.fi\/wp-content\/uploads\/2024\/07\/sid-22-201x300.jpg 201w, https:\/\/www.lassebacklund.fi\/wp-content\/uploads\/2024\/07\/sid-22-686x1024.jpg 686w, https:\/\/www.lassebacklund.fi\/wp-content\/uploads\/2024\/07\/sid-22-768x1147.jpg 768w, https:\/\/www.lassebacklund.fi\/wp-content\/uploads\/2024\/07\/sid-22-1029x1536.jpg 1029w, https:\/\/www.lassebacklund.fi\/wp-content\/uploads\/2024\/07\/sid-22-1372x2048.jpg 1372w\" sizes=\"auto, (max-width: 1562px) 100vw, 1562px\" \/> <img loading=\"lazy\" decoding=\"async\" class=\"alignnone size-full wp-image-23011\" src=\"https:\/\/www.lassebacklund.fi\/wp-content\/uploads\/2024\/07\/sid-23.jpg\" alt=\"\" width=\"1511\" height=\"2336\" srcset=\"https:\/\/www.lassebacklund.fi\/wp-content\/uploads\/2024\/07\/sid-23.jpg 1511w, https:\/\/www.lassebacklund.fi\/wp-content\/uploads\/2024\/07\/sid-23-194x300.jpg 194w, https:\/\/www.lassebacklund.fi\/wp-content\/uploads\/2024\/07\/sid-23-662x1024.jpg 662w, https:\/\/www.lassebacklund.fi\/wp-content\/uploads\/2024\/07\/sid-23-768x1187.jpg 768w, https:\/\/www.lassebacklund.fi\/wp-content\/uploads\/2024\/07\/sid-23-994x1536.jpg 994w, https:\/\/www.lassebacklund.fi\/wp-content\/uploads\/2024\/07\/sid-23-1325x2048.jpg 1325w\" sizes=\"auto, (max-width: 1511px) 100vw, 1511px\" \/> <img loading=\"lazy\" decoding=\"async\" class=\"alignnone size-full wp-image-23012\" src=\"https:\/\/www.lassebacklund.fi\/wp-content\/uploads\/2024\/07\/sid-24.jpg\" alt=\"\" width=\"1442\" height=\"2347\" srcset=\"https:\/\/www.lassebacklund.fi\/wp-content\/uploads\/2024\/07\/sid-24.jpg 1442w, https:\/\/www.lassebacklund.fi\/wp-content\/uploads\/2024\/07\/sid-24-184x300.jpg 184w, https:\/\/www.lassebacklund.fi\/wp-content\/uploads\/2024\/07\/sid-24-629x1024.jpg 629w, https:\/\/www.lassebacklund.fi\/wp-content\/uploads\/2024\/07\/sid-24-768x1250.jpg 768w, https:\/\/www.lassebacklund.fi\/wp-content\/uploads\/2024\/07\/sid-24-944x1536.jpg 944w, https:\/\/www.lassebacklund.fi\/wp-content\/uploads\/2024\/07\/sid-24-1258x2048.jpg 1258w\" sizes=\"auto, (max-width: 1442px) 100vw, 1442px\" \/> <img loading=\"lazy\" decoding=\"async\" class=\"alignnone size-full wp-image-23013\" src=\"https:\/\/www.lassebacklund.fi\/wp-content\/uploads\/2024\/07\/sid-25.jpg\" alt=\"\" width=\"1403\" height=\"2372\" srcset=\"https:\/\/www.lassebacklund.fi\/wp-content\/uploads\/2024\/07\/sid-25.jpg 1403w, https:\/\/www.lassebacklund.fi\/wp-content\/uploads\/2024\/07\/sid-25-177x300.jpg 177w, https:\/\/www.lassebacklund.fi\/wp-content\/uploads\/2024\/07\/sid-25-606x1024.jpg 606w, https:\/\/www.lassebacklund.fi\/wp-content\/uploads\/2024\/07\/sid-25-768x1298.jpg 768w, https:\/\/www.lassebacklund.fi\/wp-content\/uploads\/2024\/07\/sid-25-909x1536.jpg 909w, https:\/\/www.lassebacklund.fi\/wp-content\/uploads\/2024\/07\/sid-25-1211x2048.jpg 1211w\" sizes=\"auto, (max-width: 1403px) 100vw, 1403px\" \/> <img loading=\"lazy\" decoding=\"async\" class=\"alignnone size-full wp-image-23014\" src=\"https:\/\/www.lassebacklund.fi\/wp-content\/uploads\/2024\/07\/sid-26.jpg\" alt=\"\" width=\"1443\" height=\"2347\" srcset=\"https:\/\/www.lassebacklund.fi\/wp-content\/uploads\/2024\/07\/sid-26.jpg 1443w, https:\/\/www.lassebacklund.fi\/wp-content\/uploads\/2024\/07\/sid-26-184x300.jpg 184w, https:\/\/www.lassebacklund.fi\/wp-content\/uploads\/2024\/07\/sid-26-630x1024.jpg 630w, https:\/\/www.lassebacklund.fi\/wp-content\/uploads\/2024\/07\/sid-26-768x1249.jpg 768w, https:\/\/www.lassebacklund.fi\/wp-content\/uploads\/2024\/07\/sid-26-944x1536.jpg 944w, https:\/\/www.lassebacklund.fi\/wp-content\/uploads\/2024\/07\/sid-26-1259x2048.jpg 1259w\" sizes=\"auto, (max-width: 1443px) 100vw, 1443px\" \/> <img loading=\"lazy\" decoding=\"async\" class=\"alignnone size-full wp-image-23015\" src=\"https:\/\/www.lassebacklund.fi\/wp-content\/uploads\/2024\/07\/sid-27.jpg\" alt=\"\" width=\"1373\" height=\"2340\" srcset=\"https:\/\/www.lassebacklund.fi\/wp-content\/uploads\/2024\/07\/sid-27.jpg 1373w, https:\/\/www.lassebacklund.fi\/wp-content\/uploads\/2024\/07\/sid-27-176x300.jpg 176w, https:\/\/www.lassebacklund.fi\/wp-content\/uploads\/2024\/07\/sid-27-601x1024.jpg 601w, https:\/\/www.lassebacklund.fi\/wp-content\/uploads\/2024\/07\/sid-27-768x1309.jpg 768w, https:\/\/www.lassebacklund.fi\/wp-content\/uploads\/2024\/07\/sid-27-901x1536.jpg 901w, https:\/\/www.lassebacklund.fi\/wp-content\/uploads\/2024\/07\/sid-27-1202x2048.jpg 1202w\" sizes=\"auto, (max-width: 1373px) 100vw, 1373px\" \/><\/strong><\/span><\/p>\n","protected":false},"excerpt":{"rendered":"<p>Inskannat och sammanst\u00e4llt av Lasse Backlund i juli 2024. \u00c5r 1981 d\u00e5 Korsb\u00e4ck ungdomsf\u00f6rening fyllde 50 \u00e5r sammanst\u00e4llde folkskoll\u00e4raren Nils Bergman en historik \u00f6ver f\u00f6reningens verksamhet. Den h\u00f6gklassiga publikationen trycktes p\u00e5 Boktryckeri Fram Ab i Vasa och den utl\u00e5nades av <a class=\"more-link\" href=\"https:\/\/www.lassebacklund.fi\/?page_id=23016\">Forts\u00e4tt l\u00e4sa <span class=\"screen-reader-text\">  Ungdomsf\u00f6reningens 50-\u00e5rs historik 1981<\/span><span class=\"meta-nav\">&rarr;<\/span><\/a><\/p>\n","protected":false},"author":1,"featured_media":0,"parent":22964,"menu_order":5,"comment_status":"closed","ping_status":"closed","template":"","meta":{"footnotes":""},"class_list":["post-23016","page","type-page","status-publish","hentry"],"_links":{"self":[{"href":"https:\/\/www.lassebacklund.fi\/index.php?rest_route=\/wp\/v2\/pages\/23016","targetHints":{"allow":["GET"]}}],"collection":[{"href":"https:\/\/www.lassebacklund.fi\/index.php?rest_route=\/wp\/v2\/pages"}],"about":[{"href":"https:\/\/www.lassebacklund.fi\/index.php?rest_route=\/wp\/v2\/types\/page"}],"author":[{"embeddable":true,"href":"https:\/\/www.lassebacklund.fi\/index.php?rest_route=\/wp\/v2\/users\/1"}],"replies":[{"embeddable":true,"href":"https:\/\/www.lassebacklund.fi\/index.php?rest_route=%2Fwp%2Fv2%2Fcomments&post=23016"}],"version-history":[{"count":3,"href":"https:\/\/www.lassebacklund.fi\/index.php?rest_route=\/wp\/v2\/pages\/23016\/revisions"}],"predecessor-version":[{"id":23019,"href":"https:\/\/www.lassebacklund.fi\/index.php?rest_route=\/wp\/v2\/pages\/23016\/revisions\/23019"}],"up":[{"embeddable":true,"href":"https:\/\/www.lassebacklund.fi\/index.php?rest_route=\/wp\/v2\/pages\/22964"}],"wp:attachment":[{"href":"https:\/\/www.lassebacklund.fi\/index.php?rest_route=%2Fwp%2Fv2%2Fmedia&parent=23016"}],"curies":[{"name":"wp","href":"https:\/\/api.w.org\/{rel}","templated":true}]}}