{"id":23,"date":"2016-07-12T21:55:51","date_gmt":"2016-07-12T19:55:51","guid":{"rendered":"http:\/\/www.lassebacklund.fi\/wp\/?page_id=23"},"modified":"2021-02-19T18:45:13","modified_gmt":"2021-02-19T16:45:13","slug":"foretag-och-foreningar","status":"publish","type":"page","link":"https:\/\/www.lassebacklund.fi\/?page_id=23","title":{"rendered":"F\u00f6retag i Dagsmark."},"content":{"rendered":"<h6><span class=\"Normal-C\">I Dagsmark har det genom tiderna funnits m\u00e5nga framg\u00e5ngsrika f\u00f6retag. En&nbsp;del \u00e4r fortfarande verksamma men en del har upph\u00f6rt med sin verksamhet. V\u00e4lj f\u00f6retag&nbsp;genom att klicka p\u00e5 n\u00e5gon knapp h\u00e4r under.<\/span><\/h6>\n<h6><a class=\"fasc-button fasc-size-medium fasc-type-glossy fasc-rounded-medium\" style=\"background-color: #33809e; color: #ffffff;\" href=\"https:\/\/www.lassebacklund.fi\/?page_id=19537\">Oy E. Lindell Ab och LINDA-k\u00f6k.<\/a><\/h6>\n<h6><a class=\"fasc-button fasc-size-medium fasc-type-glossy fasc-rounded-medium\" style=\"background-color: #33809e; color: #ffffff;\" href=\"http:\/\/www.lassebacklund.fi\/?page_id=298\">Nelsonas eller Kollboden<\/a><\/h6>\n<h6><a class=\"fasc-button fasc-size-medium fasc-type-glossy fasc-rounded-medium\" style=\"background-color: #33809e; color: #ffffff;\" href=\"http:\/\/www.lassebacklund.fi\/?page_id=7102\">Dagsmark Andelshandel m.b.t.<\/a><\/h6>\n<h6><a class=\"fasc-button fasc-size-medium fasc-type-glossy fasc-rounded-medium\" style=\"background-color: #33809e; color: #ffffff;\" href=\"http:\/\/www.lassebacklund.fi\/?page_id=1332\">Dagsmark Andelsmejeri.<\/a><\/h6>\n<h6><a class=\"fasc-button fasc-size-medium fasc-type-glossy fasc-rounded-medium\" style=\"background-color: #33809e; color: #ffffff;\" href=\"http:\/\/www.lassebacklund.fi\/?page_id=1417\">Lappfj\u00e4rds Andelshandels filial i Dagsmark<\/a><\/h6>\n<h6><a class=\"fasc-button fasc-size-medium fasc-type-glossy fasc-rounded-medium\" style=\"background-color: #33809e; color: #ffffff;\" href=\"http:\/\/www.lassebacklund.fi\/?page_id=3542\">Dagsmark Telefonandelslag<\/a><\/h6>\n<h6><a class=\"fasc-button fasc-size-medium fasc-type-glossy fasc-rounded-medium\" style=\"background-color: #33809e; color: #ffffff;\" href=\"http:\/\/www.lassebacklund.fi\/?page_id=14880\">Posten i Dagsmark<\/a><\/h6>\n<h6><a class=\"fasc-button fasc-size-medium fasc-type-glossy fasc-rounded-medium\" style=\"background-color: #33809e; color: #ffffff;\" href=\"http:\/\/www.lassebacklund.fi\/?page_id=16724\">Dagsmark Andelskassa<\/a><\/h6>\n<h6><a class=\"fasc-button fasc-size-medium fasc-type-glossy fasc-rounded-medium\" style=\"background-color: #33809e; color: #ffffff;\" href=\"http:\/\/www.lassebacklund.fi\/?page_id=6036\">Kvarn\u00e5 S\u00e5g<\/a><\/h6>\n<h6><a class=\"fasc-button fasc-size-medium fasc-type-glossy fasc-rounded-medium\" style=\"background-color: #33809e; color: #ffffff;\" href=\"http:\/\/www.lassebacklund.fi\/?page_id=1587\">Klemets S\u00e5g och Kvarn<\/a><\/h6>\n<h6><a class=\"fasc-button fasc-size-medium fasc-type-glossy fasc-rounded-medium\" style=\"background-color: #33809e; color: #ffffff;\" href=\"http:\/\/www.lassebacklund.fi\/?page_id=1626\">Ragnarsvik S\u00e5g och Kvarn<\/a><\/h6>\n<h6><a class=\"fasc-button fasc-size-medium fasc-type-glossy fasc-rounded-medium\" style=\"background-color: #33809e; color: #ffffff;\" href=\"http:\/\/www.lassebacklund.fi\/?page_id=1652\">S\u00e5gkvarnen i Verkforsen<\/a><\/h6>\n<h6><a class=\"fasc-button fasc-size-medium fasc-type-glossy fasc-rounded-medium\" style=\"background-color: #33809e; color: #ffffff;\" href=\"http:\/\/www.lassebacklund.fi\/?page_id=1696\">Viktor Nylund, s\u00e5g\u00e4gare<\/a><\/h6>\n<h6><a class=\"fasc-button fasc-size-medium fasc-type-glossy fasc-rounded-medium\" style=\"background-color: #33809e; color: #ffffff;\" href=\"http:\/\/www.lassebacklund.fi\/?page_id=7349\">Lappfj\u00e4rd L\u00e4skedrycksfabrik i Dagsmark<\/a><\/h6>\n<h6><a class=\"fasc-button fasc-size-medium fasc-type-glossy fasc-rounded-medium\" style=\"background-color: #33809e; color: #ffffff;\" href=\"http:\/\/www.lassebacklund.fi\/?page_id=1761\">Storfors S\u00e5g<\/a><\/h6>\n<h6><a class=\"fasc-button fasc-size-medium fasc-type-glossy fasc-rounded-medium\" style=\"background-color: #33809e; color: #ffffff;\" href=\"http:\/\/www.lassebacklund.fi\/?page_id=15309\">Myllyniemis Snickeri<\/a><\/h6>\n","protected":false},"excerpt":{"rendered":"<p>I Dagsmark har det genom tiderna funnits m\u00e5nga framg\u00e5ngsrika f\u00f6retag. En&nbsp;del \u00e4r fortfarande verksamma men en del har upph\u00f6rt med sin verksamhet. V\u00e4lj f\u00f6retag&nbsp;genom att klicka p\u00e5 n\u00e5gon knapp h\u00e4r under. Oy E. Lindell Ab och LINDA-k\u00f6k. Nelsonas eller Kollboden <a class=\"more-link\" href=\"https:\/\/www.lassebacklund.fi\/?page_id=23\">Forts\u00e4tt l\u00e4sa <span class=\"screen-reader-text\">  F\u00f6retag i Dagsmark.<\/span><span class=\"meta-nav\">&rarr;<\/span><\/a><\/p>\n","protected":false},"author":1,"featured_media":0,"parent":13,"menu_order":0,"comment_status":"closed","ping_status":"closed","template":"","meta":{"footnotes":""},"class_list":["post-23","page","type-page","status-publish","hentry"],"_links":{"self":[{"href":"https:\/\/www.lassebacklund.fi\/index.php?rest_route=\/wp\/v2\/pages\/23","targetHints":{"allow":["GET"]}}],"collection":[{"href":"https:\/\/www.lassebacklund.fi\/index.php?rest_route=\/wp\/v2\/pages"}],"about":[{"href":"https:\/\/www.lassebacklund.fi\/index.php?rest_route=\/wp\/v2\/types\/page"}],"author":[{"embeddable":true,"href":"https:\/\/www.lassebacklund.fi\/index.php?rest_route=\/wp\/v2\/users\/1"}],"replies":[{"embeddable":true,"href":"https:\/\/www.lassebacklund.fi\/index.php?rest_route=%2Fwp%2Fv2%2Fcomments&post=23"}],"version-history":[{"count":30,"href":"https:\/\/www.lassebacklund.fi\/index.php?rest_route=\/wp\/v2\/pages\/23\/revisions"}],"predecessor-version":[{"id":19583,"href":"https:\/\/www.lassebacklund.fi\/index.php?rest_route=\/wp\/v2\/pages\/23\/revisions\/19583"}],"up":[{"embeddable":true,"href":"https:\/\/www.lassebacklund.fi\/index.php?rest_route=\/wp\/v2\/pages\/13"}],"wp:attachment":[{"href":"https:\/\/www.lassebacklund.fi\/index.php?rest_route=%2Fwp%2Fv2%2Fmedia&parent=23"}],"curies":[{"name":"wp","href":"https:\/\/api.w.org\/{rel}","templated":true}]}}