{"id":22964,"date":"2024-07-17T20:58:38","date_gmt":"2024-07-17T17:58:38","guid":{"rendered":"https:\/\/www.lassebacklund.fi\/?page_id=22964"},"modified":"2024-07-28T23:44:55","modified_gmt":"2024-07-28T20:44:55","slug":"korsback-ungdomsforening","status":"publish","type":"page","link":"https:\/\/www.lassebacklund.fi\/?page_id=22964","title":{"rendered":"Korsb\u00e4ck Ungdomsf\u00f6rening"},"content":{"rendered":"<figure id=\"attachment_22967\" aria-describedby=\"caption-attachment-22967\" style=\"width: 1915px\" class=\"wp-caption alignnone\"><img loading=\"lazy\" decoding=\"async\" class=\"size-full wp-image-22967\" src=\"https:\/\/www.lassebacklund.fi\/wp-content\/uploads\/2024\/07\/Bild-1.jpg\" alt=\"\" width=\"1915\" height=\"1136\" srcset=\"https:\/\/www.lassebacklund.fi\/wp-content\/uploads\/2024\/07\/Bild-1.jpg 1915w, https:\/\/www.lassebacklund.fi\/wp-content\/uploads\/2024\/07\/Bild-1-300x178.jpg 300w, https:\/\/www.lassebacklund.fi\/wp-content\/uploads\/2024\/07\/Bild-1-1024x607.jpg 1024w, https:\/\/www.lassebacklund.fi\/wp-content\/uploads\/2024\/07\/Bild-1-768x456.jpg 768w, https:\/\/www.lassebacklund.fi\/wp-content\/uploads\/2024\/07\/Bild-1-1536x911.jpg 1536w\" sizes=\"auto, (max-width: 1915px) 100vw, 1915px\" \/><figcaption id=\"caption-attachment-22967\" class=\"wp-caption-text\">Ungdomsf\u00f6reningens lokal fotograferad fr\u00e5n g\u00e5rdssidan \u00e5r 2020.<\/figcaption><\/figure>\n<p>Korsb\u00e4ck Ungdomsf\u00f6rening grundades \u00e5r 1931 p\u00e5 initiativ av folkskoll\u00e4raren Frans Steng\u00e5rd, vilket betyder att den inom en n\u00e4ra framtid kommer att fylla 100 \u00e5r.<\/p>\n<h2>L\u00e4nkar:<\/h2>\n<p>&#8211;<strong>\u00e5r 1981<\/strong> d\u00e5 ungdomsf\u00f6reningen fyllde 50 \u00e5r sammanst\u00e4llde Nils Bergman en historik, som du kan l\u00e4sa <a href=\"https:\/\/www.lassebacklund.fi\/?page_id=23016\"><span style=\"color: #000080;\"><strong>H\u00c4R!<\/strong><\/span><\/a><\/p>\n<p>&#8211;<strong>\u00e5r 1946<\/strong> ordnade ungdomsf\u00f6reningen i Korsb\u00e4ck en hembygdsfest med ett omfattande program. Om du vill l\u00e4sa mera om festen och det festtal som folkskoll\u00e4raren Einar Lind h\u00f6ll vid festen, s\u00e5 skall du klicka <a href=\"https:\/\/www.lassebacklund.fi\/?page_id=22978\"><span style=\"color: #000080;\"><strong>H\u00c4R!<\/strong><\/span><\/a><\/p>\n<h2><strong>Foton.<\/strong><\/h2>\n<figure id=\"attachment_22972\" aria-describedby=\"caption-attachment-22972\" style=\"width: 2016px\" class=\"wp-caption alignnone\"><img loading=\"lazy\" decoding=\"async\" class=\"size-full wp-image-22972\" src=\"https:\/\/www.lassebacklund.fi\/wp-content\/uploads\/2024\/07\/Bild-2.jpg\" alt=\"\" width=\"2016\" height=\"1512\" srcset=\"https:\/\/www.lassebacklund.fi\/wp-content\/uploads\/2024\/07\/Bild-2.jpg 2016w, https:\/\/www.lassebacklund.fi\/wp-content\/uploads\/2024\/07\/Bild-2-300x225.jpg 300w, https:\/\/www.lassebacklund.fi\/wp-content\/uploads\/2024\/07\/Bild-2-1024x768.jpg 1024w, https:\/\/www.lassebacklund.fi\/wp-content\/uploads\/2024\/07\/Bild-2-768x576.jpg 768w, https:\/\/www.lassebacklund.fi\/wp-content\/uploads\/2024\/07\/Bild-2-1536x1152.jpg 1536w\" sizes=\"auto, (max-width: 2016px) 100vw, 2016px\" \/><figcaption id=\"caption-attachment-22972\" class=\"wp-caption-text\">Ungdomslokalen fotograferad fr\u00e5n norr sommaren 2020.<\/figcaption><\/figure>\n<figure id=\"attachment_22973\" aria-describedby=\"caption-attachment-22973\" style=\"width: 1613px\" class=\"wp-caption alignnone\"><img loading=\"lazy\" decoding=\"async\" class=\"size-full wp-image-22973\" src=\"https:\/\/www.lassebacklund.fi\/wp-content\/uploads\/2024\/07\/Bild-3.jpg\" alt=\"\" width=\"1613\" height=\"1210\" srcset=\"https:\/\/www.lassebacklund.fi\/wp-content\/uploads\/2024\/07\/Bild-3.jpg 1613w, https:\/\/www.lassebacklund.fi\/wp-content\/uploads\/2024\/07\/Bild-3-300x225.jpg 300w, https:\/\/www.lassebacklund.fi\/wp-content\/uploads\/2024\/07\/Bild-3-1024x768.jpg 1024w, https:\/\/www.lassebacklund.fi\/wp-content\/uploads\/2024\/07\/Bild-3-768x576.jpg 768w, https:\/\/www.lassebacklund.fi\/wp-content\/uploads\/2024\/07\/Bild-3-1536x1152.jpg 1536w\" sizes=\"auto, (max-width: 1613px) 100vw, 1613px\" \/><figcaption id=\"caption-attachment-22973\" class=\"wp-caption-text\">Ungdomslokalen fotograferad fr\u00e5n s\u00f6der sommaren 2020.<\/figcaption><\/figure>\n<figure id=\"attachment_22974\" aria-describedby=\"caption-attachment-22974\" style=\"width: 2016px\" class=\"wp-caption alignnone\"><img loading=\"lazy\" decoding=\"async\" class=\"size-full wp-image-22974\" src=\"https:\/\/www.lassebacklund.fi\/wp-content\/uploads\/2024\/07\/Bild-4-Martharumshornet.jpg\" alt=\"\" width=\"2016\" height=\"1512\" srcset=\"https:\/\/www.lassebacklund.fi\/wp-content\/uploads\/2024\/07\/Bild-4-Martharumshornet.jpg 2016w, https:\/\/www.lassebacklund.fi\/wp-content\/uploads\/2024\/07\/Bild-4-Martharumshornet-300x225.jpg 300w, https:\/\/www.lassebacklund.fi\/wp-content\/uploads\/2024\/07\/Bild-4-Martharumshornet-1024x768.jpg 1024w, https:\/\/www.lassebacklund.fi\/wp-content\/uploads\/2024\/07\/Bild-4-Martharumshornet-768x576.jpg 768w, https:\/\/www.lassebacklund.fi\/wp-content\/uploads\/2024\/07\/Bild-4-Martharumshornet-1536x1152.jpg 1536w\" sizes=\"auto, (max-width: 2016px) 100vw, 2016px\" \/><figcaption id=\"caption-attachment-22974\" class=\"wp-caption-text\">Ungdomslokalen med martharumsh\u00f6rnet n\u00e4rmast i bild, fotograferad fr\u00e5n \u00f6ster sommaren 2020<\/figcaption><\/figure>\n","protected":false},"excerpt":{"rendered":"<p>Korsb\u00e4ck Ungdomsf\u00f6rening grundades \u00e5r 1931 p\u00e5 initiativ av folkskoll\u00e4raren Frans Steng\u00e5rd, vilket betyder att den inom en n\u00e4ra framtid kommer att fylla 100 \u00e5r. L\u00e4nkar: &#8211;\u00e5r 1981 d\u00e5 ungdomsf\u00f6reningen fyllde 50 \u00e5r sammanst\u00e4llde Nils Bergman en historik, som du kan <a class=\"more-link\" href=\"https:\/\/www.lassebacklund.fi\/?page_id=22964\">Forts\u00e4tt l\u00e4sa <span class=\"screen-reader-text\">  Korsb\u00e4ck Ungdomsf\u00f6rening<\/span><span class=\"meta-nav\">&rarr;<\/span><\/a><\/p>\n","protected":false},"author":1,"featured_media":0,"parent":1391,"menu_order":5,"comment_status":"closed","ping_status":"closed","template":"","meta":{"footnotes":""},"class_list":["post-22964","page","type-page","status-publish","hentry"],"_links":{"self":[{"href":"https:\/\/www.lassebacklund.fi\/index.php?rest_route=\/wp\/v2\/pages\/22964","targetHints":{"allow":["GET"]}}],"collection":[{"href":"https:\/\/www.lassebacklund.fi\/index.php?rest_route=\/wp\/v2\/pages"}],"about":[{"href":"https:\/\/www.lassebacklund.fi\/index.php?rest_route=\/wp\/v2\/types\/page"}],"author":[{"embeddable":true,"href":"https:\/\/www.lassebacklund.fi\/index.php?rest_route=\/wp\/v2\/users\/1"}],"replies":[{"embeddable":true,"href":"https:\/\/www.lassebacklund.fi\/index.php?rest_route=%2Fwp%2Fv2%2Fcomments&post=22964"}],"version-history":[{"count":5,"href":"https:\/\/www.lassebacklund.fi\/index.php?rest_route=\/wp\/v2\/pages\/22964\/revisions"}],"predecessor-version":[{"id":23020,"href":"https:\/\/www.lassebacklund.fi\/index.php?rest_route=\/wp\/v2\/pages\/22964\/revisions\/23020"}],"up":[{"embeddable":true,"href":"https:\/\/www.lassebacklund.fi\/index.php?rest_route=\/wp\/v2\/pages\/1391"}],"wp:attachment":[{"href":"https:\/\/www.lassebacklund.fi\/index.php?rest_route=%2Fwp%2Fv2%2Fmedia&parent=22964"}],"curies":[{"name":"wp","href":"https:\/\/api.w.org\/{rel}","templated":true}]}}