{"id":22655,"date":"2024-03-27T20:54:12","date_gmt":"2024-03-27T18:54:12","guid":{"rendered":"https:\/\/www.lassebacklund.fi\/?page_id=22655"},"modified":"2024-12-13T00:25:57","modified_gmt":"2024-12-12T22:25:57","slug":"anselm-lillkulls-gard-pa-sunnantillvagen-97","status":"publish","type":"page","link":"https:\/\/www.lassebacklund.fi\/?page_id=22655","title":{"rendered":"Anselm Lillkulls g\u00e5rd p\u00e5 Sunnantillv\u00e4gen 97"},"content":{"rendered":"<figure id=\"attachment_22654\" aria-describedby=\"caption-attachment-22654\" style=\"width: 1600px\" class=\"wp-caption alignnone\"><img loading=\"lazy\" decoding=\"async\" class=\"size-full wp-image-22654\" src=\"https:\/\/www.lassebacklund.fi\/wp-content\/uploads\/2024\/03\/SoderqvistHakans.jpg\" alt=\"\" width=\"1600\" height=\"1200\" srcset=\"https:\/\/www.lassebacklund.fi\/wp-content\/uploads\/2024\/03\/SoderqvistHakans.jpg 1600w, https:\/\/www.lassebacklund.fi\/wp-content\/uploads\/2024\/03\/SoderqvistHakans-300x225.jpg 300w, https:\/\/www.lassebacklund.fi\/wp-content\/uploads\/2024\/03\/SoderqvistHakans-1024x768.jpg 1024w, https:\/\/www.lassebacklund.fi\/wp-content\/uploads\/2024\/03\/SoderqvistHakans-768x576.jpg 768w, https:\/\/www.lassebacklund.fi\/wp-content\/uploads\/2024\/03\/SoderqvistHakans-1536x1152.jpg 1536w\" sizes=\"auto, (max-width: 1600px) 100vw, 1600px\" \/><figcaption id=\"caption-attachment-22654\" class=\"wp-caption-text\">Den h\u00e4r g\u00e5rden byggdes i b\u00f6rjan av 1940-talet av bonden Anselm Lillkull och den har efter det haft flera \u00e4gare. Fotot taget fr\u00e5n Sunnantillv\u00e4gen sommaren 2005.<\/figcaption><\/figure>\n<p><span style=\"color: #000080;\"><strong>Sammanst\u00e4llt av Lasse Backlund i mars 2024. Uppgifterna \u00e4r tagna ur gamla lagfarter, mantalsl\u00e4ngder och kyrkb\u00f6cker. Flera personer har bidragit med fotografier och information.<\/strong><\/span><\/p>\n<h3><strong>G\u00e5rdens historia<\/strong><\/h3>\n<p>Anselm Lillkull (1902-1962) var son till Josef Henrik Lillkull (1870-1905) som v\u00e4xte upp p\u00e5 <a href=\"https:\/\/www.lassebacklund.fi\/?page_id=4864\">\u00c5backv\u00e4gen 32<\/a> som \u00e5r 1898 hade gift sig med Adelina Lillkull (1876-1947) som var dotter till Rebeck Kalle.<\/p>\n<p>Anselm gifte sig den 12 februari \u00e5r 1933 med Elna L\u00f6vdahl (1909-1985), som var dotter till <a href=\"https:\/\/www.lassebacklund.fi\/?page_id=980\">\u201dPelas Viktor\u201d Lillkull (f. 1868) och Katarina (f. Eriks 1866-1957)<\/a>. Den 17 april 1933 f\u00f6ddes deras enda barn, dottern Berit Ruth Solveig.<\/p>\n<p>Anselm blev tidigt faderl\u00f6s och v\u00e4xte upp med sin mor Adelina p\u00e5 Sunnantillv\u00e4gen 87. Hon var bonde p\u00e5 Lillkull hemman Lund 5:8, som hennes far Karl hade erh\u00e5llit i storskiftet 1900-1912.<\/p>\n<figure id=\"attachment_2206\" aria-describedby=\"caption-attachment-2206\" style=\"width: 1116px\" class=\"wp-caption alignnone\"><img loading=\"lazy\" decoding=\"async\" class=\"size-full wp-image-2206\" src=\"https:\/\/www.lassebacklund.fi\/wp-content\/uploads\/2016\/12\/1-2.jpg\" alt=\"\" width=\"1116\" height=\"632\" srcset=\"https:\/\/www.lassebacklund.fi\/wp-content\/uploads\/2016\/12\/1-2.jpg 1116w, https:\/\/www.lassebacklund.fi\/wp-content\/uploads\/2016\/12\/1-2-300x170.jpg 300w, https:\/\/www.lassebacklund.fi\/wp-content\/uploads\/2016\/12\/1-2-768x435.jpg 768w, https:\/\/www.lassebacklund.fi\/wp-content\/uploads\/2016\/12\/1-2-1024x580.jpg 1024w\" sizes=\"auto, (max-width: 1116px) 100vw, 1116px\" \/><figcaption id=\"caption-attachment-2206\" class=\"wp-caption-text\">I den h\u00e4r byggnaden p\u00e5 <a href=\"https:\/\/www.lassebacklund.fi\/?page_id=2213\">Sunnantillv\u00e4gen 87<\/a> f\u00f6ddes Anselm Lillkull och h\u00e4r st\u00e5r han \u00e5r 1932 med sin mor Adelina och syster Aina.<\/figcaption><\/figure>\n<figure id=\"attachment_2207\" aria-describedby=\"caption-attachment-2207\" style=\"width: 874px\" class=\"wp-caption alignnone\"><img loading=\"lazy\" decoding=\"async\" class=\"size-full wp-image-2207\" src=\"https:\/\/www.lassebacklund.fi\/wp-content\/uploads\/2016\/12\/2-2.jpg\" alt=\"\" width=\"874\" height=\"665\" srcset=\"https:\/\/www.lassebacklund.fi\/wp-content\/uploads\/2016\/12\/2-2.jpg 874w, https:\/\/www.lassebacklund.fi\/wp-content\/uploads\/2016\/12\/2-2-300x228.jpg 300w, https:\/\/www.lassebacklund.fi\/wp-content\/uploads\/2016\/12\/2-2-768x584.jpg 768w\" sizes=\"auto, (max-width: 874px) 100vw, 874px\" \/><figcaption id=\"caption-attachment-2207\" class=\"wp-caption-text\">Fr.v. Anselm Lillkull (1902-1962) och hans d\u00e5tida f\u00e4stm\u00f6 Daga Kjellberg, hemma fr\u00e5n Nykarleby som var l\u00e4rare i Dagsmark \u00e5ren 1925-1929. Den \u00e4ldre damen mitt i bild \u00e4r Adelina Lillkull (1876-1947) och snett bakom henne sitter sonhustrun Amanda (1904-1989) som var gift med Adelinas son Selim. I Adelinas famn sitter Nils Lillkull (1925-2002). Till h\u00f6ger om Nils sitter Aina (1904-1989) som gifte sig med Sigurd L\u00f6fgren. Kvinnan bredvid Aina ser ut att vara Lempi Lillsj\u00f6 och l\u00e4ngst till h\u00f6ger sitter Signe Ekberg (1909-1990) som gifte sig med Leander Nyholm. Huset fotograferat fr\u00e5n nordost \u00e5r 1928.<\/figcaption><\/figure>\n<h3><strong>Adelinas hemman delas<\/strong><\/h3>\n<p><strong>\u00c5r 1935, den 8 mars<\/strong> delades Adelina Lillkulls hemman mellan hennes s\u00f6ner Artur och Anselm. <a href=\"https:\/\/www.lassebacklund.fi\/?page_id=2213\">Artur tog \u00f6ver hemg\u00e5rden<\/a> och halva hemmanet och betalade sytning \u00e5t Adelina, som avled i april 1947. Det hemmanet fick beh\u00e5lla namnet Lund, 5:121.<\/p>\n<p>Anselm fick halva hemmanet men inga byggnader och det fick namnet S\u00f6derlund, nr 5:122.<\/p>\n<figure id=\"attachment_22648\" aria-describedby=\"caption-attachment-22648\" style=\"width: 1676px\" class=\"wp-caption alignnone\"><img loading=\"lazy\" decoding=\"async\" class=\"size-full wp-image-22648\" src=\"https:\/\/www.lassebacklund.fi\/wp-content\/uploads\/2024\/03\/Berit-Anselm-och-Elna-Lillkull.jpg\" alt=\"\" width=\"1676\" height=\"956\" srcset=\"https:\/\/www.lassebacklund.fi\/wp-content\/uploads\/2024\/03\/Berit-Anselm-och-Elna-Lillkull.jpg 1676w, https:\/\/www.lassebacklund.fi\/wp-content\/uploads\/2024\/03\/Berit-Anselm-och-Elna-Lillkull-300x171.jpg 300w, https:\/\/www.lassebacklund.fi\/wp-content\/uploads\/2024\/03\/Berit-Anselm-och-Elna-Lillkull-1024x584.jpg 1024w, https:\/\/www.lassebacklund.fi\/wp-content\/uploads\/2024\/03\/Berit-Anselm-och-Elna-Lillkull-768x438.jpg 768w, https:\/\/www.lassebacklund.fi\/wp-content\/uploads\/2024\/03\/Berit-Anselm-och-Elna-Lillkull-1536x876.jpg 1536w\" sizes=\"auto, (max-width: 1676px) 100vw, 1676px\" \/><figcaption id=\"caption-attachment-22648\" class=\"wp-caption-text\">Till v\u00e4nster Berit Lillkull med sina f\u00f6r\u00e4ldrar Anselm och Elna vid kaffebordet. Fotot utl\u00e5nat av Ellen Hultqvist.<\/figcaption><\/figure>\n<p><strong>I b\u00f6rjan av 1940-talet<\/strong> byggde Anselm och Elna Lillkull den g\u00e5rd, som fortfarande st\u00e5r kvar och i samma veva byggde de ocks\u00e5 det uthus, som i dag \u00e4r helt f\u00f6rfallet.<\/p>\n<h3><strong>Dottern Berit tar \u00f6ver<\/strong><\/h3>\n<p><strong>\u00c5r 1958, den 15 april<\/strong> s\u00e5lde Anselm och Elna Lillkull hemmanet S\u00f6derlund utan byggnader \u00e5t sin dotter Berit f\u00f6r 200\u00a0000 mark. K\u00f6peskillingen kvitterades med det arbete som Berit under flera \u00e5r hade utf\u00f6rt p\u00e5 hemmanet.<\/p>\n<figure id=\"attachment_22647\" aria-describedby=\"caption-attachment-22647\" style=\"width: 1454px\" class=\"wp-caption alignnone\"><img loading=\"lazy\" decoding=\"async\" class=\"size-full wp-image-22647\" src=\"https:\/\/www.lassebacklund.fi\/wp-content\/uploads\/2024\/03\/Berit-i-Sverige.jpg\" alt=\"\" width=\"1454\" height=\"1055\" srcset=\"https:\/\/www.lassebacklund.fi\/wp-content\/uploads\/2024\/03\/Berit-i-Sverige.jpg 1454w, https:\/\/www.lassebacklund.fi\/wp-content\/uploads\/2024\/03\/Berit-i-Sverige-300x218.jpg 300w, https:\/\/www.lassebacklund.fi\/wp-content\/uploads\/2024\/03\/Berit-i-Sverige-1024x743.jpg 1024w, https:\/\/www.lassebacklund.fi\/wp-content\/uploads\/2024\/03\/Berit-i-Sverige-768x557.jpg 768w\" sizes=\"auto, (max-width: 1454px) 100vw, 1454px\" \/><figcaption id=\"caption-attachment-22647\" class=\"wp-caption-text\">Berit Lillkull p\u00e5 skidutf\u00e4rd under den tid p\u00e5 1950-talet, d\u00e5 hon bodde i Sverige. Fotot utl\u00e5nat av Inga-Lill Sandstr\u00f6m.<\/figcaption><\/figure>\n<p><strong>\u00c5r 1962<\/strong> avled bonden Anselm Lillkull och den del av byggnaderna han d\u00e5 \u00e4gde \u00e4rvdes av dottern Berit medan Elna forts\u00e4ttningsvis \u00e4gde sin halva andel. Vid den h\u00e4r tiden arbetade Berit som kokerska p\u00e5 folkskolan i Dagsmark. Efter en tid b\u00f6rjade hon arbeta p\u00e5 Stadshotellet i Kristinestad, dit hon ocks\u00e5 flyttade.<\/p>\n<p><strong>\u00c5r 1964<\/strong> gifte sig Berit med Alvar Butts (1926-2002) fr\u00e5n Tj\u00f6ck och hon flyttade d\u00e5 dit, till Tj\u00f6ckv\u00e4gen 397. \u00c5r 1965 byggde de en ny och modern g\u00e5rd vid Tj\u00f6ckv\u00e4gen n\u00e4ra riksv\u00e4g 8 och de flyttade d\u00e5 dit. Efter Berits flyttning till Kristinestad och Tj\u00f6ck bodde Elna ensam i g\u00e5rden p\u00e5 Sunnantillv\u00e4gen.<\/p>\n<h3><strong>Rudi Nyberg tar \u00f6ver<\/strong><\/h3>\n<p><strong>\u00c5r 1968, den 27 juli<\/strong> s\u00e5lde Berit hemmanet \u00e5t chauff\u00f6ren Rudi Nyberg (f.1917) och tillsammans med sin mor Elna s\u00e5lde de byggnaderna, alltsammans f\u00f6r 8\u00a0000 mark.\u00a0 I k\u00f6pet ingick inte skogen p\u00e5 Berg\u00e5sen invid Lillsj\u00f6lidv\u00e4gen. F\u00f6re k\u00f6pet hade Rudi Nyberg bott ensam i en liten stuga p\u00e5 <a href=\"https:\/\/www.lassebacklund.fi\/?page_id=10040\">Lisa-Morav\u00e4gen 35<\/a>.<\/p>\n<p>Elna Lillkull bodde i g\u00e5rden \u00e4nda tills g\u00e5rden s\u00e5ldes.<\/p>\n<p><strong>\u00c5r 1968, den 24 juli<\/strong> hade Elna k\u00f6pt en g\u00e5rd p\u00e5 Bj\u00f6rkvik l\u00e4genhet i L\u00e5lby. Tomten p\u00e5 700 kvm l\u00e5g p\u00e5 Storl\u00e5ls hemman och hon k\u00f6pte den och g\u00e5rden f\u00f6r 2 500 mark av snickaren Gunnar Nyqvist (f.1905) och hans hustru Anita (f.1915) och hon flyttade d\u00e5 dit. Elna avled \u00e5r 1985 och de sista \u00e5ren bodde hon p\u00e5 pension\u00e4rshemmet i Lappfj\u00e4rd.<\/p>\n<p><strong>\u00c5r 1969, den 25 augusti<\/strong> k\u00f6pte Elna ett till\u00e4ggsomr\u00e5de p\u00e5 480 kvm av bonden Gunnar (f. 1925) och Anna-Liisa (f.1923) \u00d6sterg\u00e5rd f\u00f6r 250 mark.<\/p>\n<figure id=\"attachment_22839\" aria-describedby=\"caption-attachment-22839\" style=\"width: 1586px\" class=\"wp-caption alignnone\"><img loading=\"lazy\" decoding=\"async\" class=\"size-full wp-image-22839\" src=\"https:\/\/www.lassebacklund.fi\/wp-content\/uploads\/2024\/05\/Elnas-stuga-i-Lalby-1.jpg\" alt=\"\" width=\"1586\" height=\"931\" srcset=\"https:\/\/www.lassebacklund.fi\/wp-content\/uploads\/2024\/05\/Elnas-stuga-i-Lalby-1.jpg 1586w, https:\/\/www.lassebacklund.fi\/wp-content\/uploads\/2024\/05\/Elnas-stuga-i-Lalby-1-300x176.jpg 300w, https:\/\/www.lassebacklund.fi\/wp-content\/uploads\/2024\/05\/Elnas-stuga-i-Lalby-1-1024x601.jpg 1024w, https:\/\/www.lassebacklund.fi\/wp-content\/uploads\/2024\/05\/Elnas-stuga-i-Lalby-1-768x451.jpg 768w, https:\/\/www.lassebacklund.fi\/wp-content\/uploads\/2024\/05\/Elnas-stuga-i-Lalby-1-1536x902.jpg 1536w\" sizes=\"auto, (max-width: 1586px) 100vw, 1586px\" \/><figcaption id=\"caption-attachment-22839\" class=\"wp-caption-text\">D\u00e5 Elna \u00e5r 1968 s\u00e5lde sin g\u00e5rd p\u00e5 Sunnantillv\u00e4gen, s\u00e5 k\u00f6pte hon denna g\u00e5rd i L\u00e5lby och h\u00e4r bodde hon tills hon flyttade till pension\u00e4rshemmet. Efter Elnas d\u00f6d 1985 \u00e4rvde dottern Berit g\u00e5rden och efter Berits d\u00f6d s\u00e5lde staden g\u00e5rden \u00e5t verkstads\u00e4garen p\u00e5 andra sidan v\u00e4gen. Fotot fr\u00e5n maj 2024.<\/figcaption><\/figure>\n<figure id=\"attachment_22650\" aria-describedby=\"caption-attachment-22650\" style=\"width: 1130px\" class=\"wp-caption alignnone\"><img loading=\"lazy\" decoding=\"async\" class=\"size-full wp-image-22650\" src=\"https:\/\/www.lassebacklund.fi\/wp-content\/uploads\/2024\/03\/IMG_5044.jpg\" alt=\"\" width=\"1130\" height=\"848\" srcset=\"https:\/\/www.lassebacklund.fi\/wp-content\/uploads\/2024\/03\/IMG_5044.jpg 1130w, https:\/\/www.lassebacklund.fi\/wp-content\/uploads\/2024\/03\/IMG_5044-300x225.jpg 300w, https:\/\/www.lassebacklund.fi\/wp-content\/uploads\/2024\/03\/IMG_5044-1024x768.jpg 1024w, https:\/\/www.lassebacklund.fi\/wp-content\/uploads\/2024\/03\/IMG_5044-768x576.jpg 768w\" sizes=\"auto, (max-width: 1130px) 100vw, 1130px\" \/><figcaption id=\"caption-attachment-22650\" class=\"wp-caption-text\">Alvar Butts hemg\u00e5rd st\u00e5r fortfarande kvar n\u00e4ra Tj\u00f6ckv\u00e4gen. Staden s\u00e5lde den p\u00e5 auktion i b\u00f6rjan av 2020-talet f\u00f6r 20 001 \u20ac. Fotot fr\u00e5n april 2019.<\/figcaption><\/figure>\n<figure id=\"attachment_22651\" aria-describedby=\"caption-attachment-22651\" style=\"width: 1210px\" class=\"wp-caption alignnone\"><img loading=\"lazy\" decoding=\"async\" class=\"size-full wp-image-22651\" src=\"https:\/\/www.lassebacklund.fi\/wp-content\/uploads\/2024\/03\/IMG_5047.jpg\" alt=\"\" width=\"1210\" height=\"720\" srcset=\"https:\/\/www.lassebacklund.fi\/wp-content\/uploads\/2024\/03\/IMG_5047.jpg 1210w, https:\/\/www.lassebacklund.fi\/wp-content\/uploads\/2024\/03\/IMG_5047-300x179.jpg 300w, https:\/\/www.lassebacklund.fi\/wp-content\/uploads\/2024\/03\/IMG_5047-1024x609.jpg 1024w, https:\/\/www.lassebacklund.fi\/wp-content\/uploads\/2024\/03\/IMG_5047-768x457.jpg 768w\" sizes=\"auto, (max-width: 1210px) 100vw, 1210px\" \/><figcaption id=\"caption-attachment-22651\" class=\"wp-caption-text\">Den h\u00e4r g\u00e5rden p\u00e5 175 kvm byggde Berit och Alvar Butts \u00e5r 1965. Berit avled \u00e5r 2013 och eftersom hon saknade arvingar \u00e4rvdes alla tillg\u00e5ngar av finska staten. Staten \u00f6verl\u00e4t bland annat den h\u00e4r g\u00e5rden med tillh\u00f6rande 1,8 ha jordbruksmark \u00e5t staden Kristinestad och samma sak gjordes med den obebodda g\u00e5rden i L\u00e5lby, d\u00e4r hennes mamma Elna hade bott i tiderna. Staden s\u00e5lde arvet p\u00e5 auktion och den nya \u00e4garen fr\u00e5n Tj\u00f6ck rev sedan ner g\u00e5rden och i dag syns det knappt var den har st\u00e5tt. Fotot fr\u00e5n april 2019.<\/figcaption><\/figure>\n<p><strong>\u00c5r 1969, den 12 september<\/strong> s\u00e5lde Rudi Nyberg den del av hans hemman som l\u00e5g p\u00e5 s\u00f6dra sidan av Sunnantillv\u00e4gen. K\u00f6pare var bonden Bertel och Julia L\u00e5ngfors, som blev \u00e4gare till l\u00e4genhet S\u00f6der\u00e5kern p\u00e5 0,27 ha f\u00f6r 300 mark. \u00c5r 1975 s\u00e5lde Bertel detta omr\u00e5de vidare \u00e5t sin bror Boris L\u00e5ngfors och hans hustru Gun-Lis.<\/p>\n<h3><strong>H\u00e5kan S\u00f6derqvist tar \u00f6ver<\/strong><\/h3>\n<p><strong>\u00c5r 1974, den 17 december<\/strong> s\u00e5lde Rudi Nyberg alla byggnader och de marker som l\u00e5g mellan Sunnantillv\u00e4gen och \u00e5n \u00e5t lantbrukstekniker H\u00e5kan S\u00f6derqvist f\u00f6r 25\u00a0000 mark. H\u00e5kan var son till <a href=\"https:\/\/www.lassebacklund.fi\/?page_id=13410\">Yngve och Elin S\u00f6derqvist<\/a> och \u00e5r 1981 gifte han sig med Irja Rannikko (f.1958 i K\u00e4rjenkoski). Efter ett par \u00e5r k\u00f6pte H\u00e5kan <a href=\"https:\/\/www.lassebacklund.fi\/?page_id=15726\">Vilho Toivonens f\u00f6re detta hemman<\/a> av finska staten.<\/p>\n<figure id=\"attachment_13447\" aria-describedby=\"caption-attachment-13447\" style=\"width: 1200px\" class=\"wp-caption alignnone\"><img loading=\"lazy\" decoding=\"async\" class=\"size-full wp-image-13447\" src=\"https:\/\/www.lassebacklund.fi\/wp-content\/uploads\/2019\/08\/PICT6107.jpg\" alt=\"\" width=\"1200\" height=\"1603\" srcset=\"https:\/\/www.lassebacklund.fi\/wp-content\/uploads\/2019\/08\/PICT6107.jpg 1200w, https:\/\/www.lassebacklund.fi\/wp-content\/uploads\/2019\/08\/PICT6107-225x300.jpg 225w, https:\/\/www.lassebacklund.fi\/wp-content\/uploads\/2019\/08\/PICT6107-768x1026.jpg 768w, https:\/\/www.lassebacklund.fi\/wp-content\/uploads\/2019\/08\/PICT6107-767x1024.jpg 767w\" sizes=\"auto, (max-width: 1200px) 100vw, 1200px\" \/><figcaption id=\"caption-attachment-13447\" class=\"wp-caption-text\">H\u00e5kan S\u00f6derqvist bodde p\u00e5 Sunnantillv\u00e4gen 97 fr\u00e5n mitten av 1970-talet men <a href=\"https:\/\/www.lassebacklund.fi\/?page_id=7496\">Dagsmark Ungdomsf\u00f6renings hus Majbo<\/a> var hans andra hem och han st\u00e4llde alltid upp n\u00e4r n\u00e5got skulle g\u00f6ras. Fotot fr\u00e5n 2006.<\/figcaption><\/figure>\n<p><strong>\u00c5r 2007<\/strong> avled den fr\u00e5nskilda H\u00e5kan och g\u00e5rden och hemmanet \u00f6vertogs av arvingarna. Dessa s\u00e5lde d\u00e5 Toivonens hemman \u00e5t potatisf\u00f6retaget \u00d6str\u00f6m och de \u00f6vriga hemmansdelarna fr\u00e5n Lillkulls och S\u00f6derqvistas s\u00e5lde de \u00e5t r\u00e5grannarna, som p\u00e5 detta s\u00e4tt kunde f\u00f6rstora \u00e5krarna.<\/p>\n<p>G\u00e5rden och tomten s\u00e5ldes \u00e5t den nuvarande \u00e4garen, som inte anv\u00e4nder den utan har l\u00e5tit den f\u00f6rfalla.<\/p>\n<h3><strong>Foton.<\/strong><\/h3>\n<figure id=\"attachment_11387\" aria-describedby=\"caption-attachment-11387\" style=\"width: 1828px\" class=\"wp-caption alignnone\"><img loading=\"lazy\" decoding=\"async\" class=\"size-full wp-image-11387\" src=\"https:\/\/www.lassebacklund.fi\/wp-content\/uploads\/2019\/02\/Sl\u00e4kten-Lillkull-el-L\u00f6vdahl-hos-Evertas.jpg\" alt=\"\" width=\"1828\" height=\"1116\" srcset=\"https:\/\/www.lassebacklund.fi\/wp-content\/uploads\/2019\/02\/Sl\u00e4kten-Lillkull-el-L\u00f6vdahl-hos-Evertas.jpg 1828w, https:\/\/www.lassebacklund.fi\/wp-content\/uploads\/2019\/02\/Sl\u00e4kten-Lillkull-el-L\u00f6vdahl-hos-Evertas-300x183.jpg 300w, https:\/\/www.lassebacklund.fi\/wp-content\/uploads\/2019\/02\/Sl\u00e4kten-Lillkull-el-L\u00f6vdahl-hos-Evertas-768x469.jpg 768w, https:\/\/www.lassebacklund.fi\/wp-content\/uploads\/2019\/02\/Sl\u00e4kten-Lillkull-el-L\u00f6vdahl-hos-Evertas-1024x625.jpg 1024w\" sizes=\"auto, (max-width: 1828px) 100vw, 1828px\" \/><figcaption id=\"caption-attachment-11387\" class=\"wp-caption-text\">Sl\u00e4kttr\u00e4ff hos <a href=\"https:\/\/www.lassebacklund.fi\/?page_id=1066\">Evert och Selma p\u00e5 Korsb\u00e4ckv\u00e4gen<\/a> d\u00e5 Johannes Lillkulls, eller John Linds \u00e4nka Helga kom p\u00e5 bes\u00f6k fr\u00e5n Amerika ungef\u00e4r 1946-1947. Sittande fr\u00e5n v\u00e4nster Elsebeth Kangas (f\u00f6dd Lillsj\u00f6), Maj-Lis Kangas och Berit Lillkull. St\u00e5ende fr\u00e5n v\u00e4nster Holger L\u00f6vdahl, Frans L\u00f6vdahl, Alfons L\u00f6vdahl, Evert Storkull, Amanda L\u00f6vdahl, Selma Storkull och Katarina L\u00f6vdahl som kallades &#8221;Lill Kajs&#8221;. Kajs var f\u00f6dd Eriks i Tj\u00f6ck, sedan hette hon Lillkull, d\u00e5 hon gifte sig med &#8221;Pelas-Viktor&#8221; men som p\u00e5 1920-talet bytta namn till L\u00f6vdahl. Till h\u00f6ger om Kajs st\u00e5r Maria Granberg, Helga Lind, Anselm Lillkull och Elna Lillkull. G\u00e5rden i bakgrunden st\u00e5r fortfarande kvar n\u00e4ra <a href=\"https:\/\/www.lassebacklund.fi\/?page_id=1531\">Lillbron<\/a>.<\/figcaption><\/figure>\n<figure id=\"attachment_22649\" aria-describedby=\"caption-attachment-22649\" style=\"width: 889px\" class=\"wp-caption alignnone\"><img loading=\"lazy\" decoding=\"async\" class=\"size-full wp-image-22649\" src=\"https:\/\/www.lassebacklund.fi\/wp-content\/uploads\/2024\/03\/Elnas-dotter-Berit-som-konfirmand.jpg\" alt=\"\" width=\"889\" height=\"1434\" srcset=\"https:\/\/www.lassebacklund.fi\/wp-content\/uploads\/2024\/03\/Elnas-dotter-Berit-som-konfirmand.jpg 889w, https:\/\/www.lassebacklund.fi\/wp-content\/uploads\/2024\/03\/Elnas-dotter-Berit-som-konfirmand-186x300.jpg 186w, https:\/\/www.lassebacklund.fi\/wp-content\/uploads\/2024\/03\/Elnas-dotter-Berit-som-konfirmand-635x1024.jpg 635w, https:\/\/www.lassebacklund.fi\/wp-content\/uploads\/2024\/03\/Elnas-dotter-Berit-som-konfirmand-768x1239.jpg 768w\" sizes=\"auto, (max-width: 889px) 100vw, 889px\" \/><figcaption id=\"caption-attachment-22649\" class=\"wp-caption-text\">Berit Lillkulls konfirmationsfoto.<\/figcaption><\/figure>\n<figure id=\"attachment_22653\" aria-describedby=\"caption-attachment-22653\" style=\"width: 1210px\" class=\"wp-caption alignnone\"><img loading=\"lazy\" decoding=\"async\" class=\"size-full wp-image-22653\" src=\"https:\/\/www.lassebacklund.fi\/wp-content\/uploads\/2024\/03\/IMG_6439.jpg\" alt=\"\" width=\"1210\" height=\"908\" srcset=\"https:\/\/www.lassebacklund.fi\/wp-content\/uploads\/2024\/03\/IMG_6439.jpg 1210w, https:\/\/www.lassebacklund.fi\/wp-content\/uploads\/2024\/03\/IMG_6439-300x225.jpg 300w, https:\/\/www.lassebacklund.fi\/wp-content\/uploads\/2024\/03\/IMG_6439-1024x768.jpg 1024w, https:\/\/www.lassebacklund.fi\/wp-content\/uploads\/2024\/03\/IMG_6439-768x576.jpg 768w\" sizes=\"auto, (max-width: 1210px) 100vw, 1210px\" \/><figcaption id=\"caption-attachment-22653\" class=\"wp-caption-text\">Fotot av Anselm och Elnas g\u00e5rd \u00e4r taget sommaren 2019.<\/figcaption><\/figure>\n<figure id=\"attachment_22652\" aria-describedby=\"caption-attachment-22652\" style=\"width: 1210px\" class=\"wp-caption alignnone\"><img loading=\"lazy\" decoding=\"async\" class=\"size-full wp-image-22652\" src=\"https:\/\/www.lassebacklund.fi\/wp-content\/uploads\/2024\/03\/IMG_6438.jpg\" alt=\"\" width=\"1210\" height=\"908\" srcset=\"https:\/\/www.lassebacklund.fi\/wp-content\/uploads\/2024\/03\/IMG_6438.jpg 1210w, https:\/\/www.lassebacklund.fi\/wp-content\/uploads\/2024\/03\/IMG_6438-300x225.jpg 300w, https:\/\/www.lassebacklund.fi\/wp-content\/uploads\/2024\/03\/IMG_6438-1024x768.jpg 1024w, https:\/\/www.lassebacklund.fi\/wp-content\/uploads\/2024\/03\/IMG_6438-768x576.jpg 768w\" sizes=\"auto, (max-width: 1210px) 100vw, 1210px\" \/><figcaption id=\"caption-attachment-22652\" class=\"wp-caption-text\">P\u00e5 fotot fr\u00e5n 2019 har taket fallit in och i dag \u00e4r uthusbyggnaden betydligt l\u00e4gre.<\/figcaption><\/figure>\n","protected":false},"excerpt":{"rendered":"<p>Sammanst\u00e4llt av Lasse Backlund i mars 2024. Uppgifterna \u00e4r tagna ur gamla lagfarter, mantalsl\u00e4ngder och kyrkb\u00f6cker. Flera personer har bidragit med fotografier och information. G\u00e5rdens historia Anselm Lillkull (1902-1962) var son till Josef Henrik Lillkull (1870-1905) som v\u00e4xte upp p\u00e5 <a class=\"more-link\" href=\"https:\/\/www.lassebacklund.fi\/?page_id=22655\">Forts\u00e4tt l\u00e4sa <span class=\"screen-reader-text\">  Anselm Lillkulls g\u00e5rd p\u00e5 Sunnantillv\u00e4gen 97<\/span><span class=\"meta-nav\">&rarr;<\/span><\/a><\/p>\n","protected":false},"author":1,"featured_media":0,"parent":90,"menu_order":97,"comment_status":"closed","ping_status":"closed","template":"","meta":{"footnotes":""},"class_list":["post-22655","page","type-page","status-publish","hentry"],"_links":{"self":[{"href":"https:\/\/www.lassebacklund.fi\/index.php?rest_route=\/wp\/v2\/pages\/22655","targetHints":{"allow":["GET"]}}],"collection":[{"href":"https:\/\/www.lassebacklund.fi\/index.php?rest_route=\/wp\/v2\/pages"}],"about":[{"href":"https:\/\/www.lassebacklund.fi\/index.php?rest_route=\/wp\/v2\/types\/page"}],"author":[{"embeddable":true,"href":"https:\/\/www.lassebacklund.fi\/index.php?rest_route=\/wp\/v2\/users\/1"}],"replies":[{"embeddable":true,"href":"https:\/\/www.lassebacklund.fi\/index.php?rest_route=%2Fwp%2Fv2%2Fcomments&post=22655"}],"version-history":[{"count":12,"href":"https:\/\/www.lassebacklund.fi\/index.php?rest_route=\/wp\/v2\/pages\/22655\/revisions"}],"predecessor-version":[{"id":23406,"href":"https:\/\/www.lassebacklund.fi\/index.php?rest_route=\/wp\/v2\/pages\/22655\/revisions\/23406"}],"up":[{"embeddable":true,"href":"https:\/\/www.lassebacklund.fi\/index.php?rest_route=\/wp\/v2\/pages\/90"}],"wp:attachment":[{"href":"https:\/\/www.lassebacklund.fi\/index.php?rest_route=%2Fwp%2Fv2%2Fmedia&parent=22655"}],"curies":[{"name":"wp","href":"https:\/\/api.w.org\/{rel}","templated":true}]}}