{"id":22611,"date":"2024-03-24T20:30:07","date_gmt":"2024-03-24T18:30:07","guid":{"rendered":"https:\/\/www.lassebacklund.fi\/?page_id=22611"},"modified":"2024-03-24T20:53:20","modified_gmt":"2024-03-24T18:53:20","slug":"toivonens-gard-pa-dagsmarkvagen-355","status":"publish","type":"page","link":"https:\/\/www.lassebacklund.fi\/?page_id=22611","title":{"rendered":"Toivonens g\u00e5rd p\u00e5 Dagsmarkv\u00e4gen 355"},"content":{"rendered":"<figure id=\"attachment_15725\" aria-describedby=\"caption-attachment-15725\" style=\"width: 1387px\" class=\"wp-caption alignnone\"><img loading=\"lazy\" decoding=\"async\" class=\"wp-image-15725 size-full\" src=\"https:\/\/www.lassebacklund.fi\/wp-content\/uploads\/2020\/03\/G\u00e5rd-i-Kias-kroken.jpg\" alt=\"\" width=\"1387\" height=\"800\" srcset=\"https:\/\/www.lassebacklund.fi\/wp-content\/uploads\/2020\/03\/G\u00e5rd-i-Kias-kroken.jpg 1387w, https:\/\/www.lassebacklund.fi\/wp-content\/uploads\/2020\/03\/G\u00e5rd-i-Kias-kroken-300x173.jpg 300w, https:\/\/www.lassebacklund.fi\/wp-content\/uploads\/2020\/03\/G\u00e5rd-i-Kias-kroken-1024x591.jpg 1024w, https:\/\/www.lassebacklund.fi\/wp-content\/uploads\/2020\/03\/G\u00e5rd-i-Kias-kroken-768x443.jpg 768w\" sizes=\"auto, (max-width: 1387px) 100vw, 1387px\" \/><figcaption id=\"caption-attachment-15725\" class=\"wp-caption-text\">Den h\u00e4r g\u00e5rden byggde Vilho Toivonen under flera \u00e5rs tid, fr\u00e5n 1967 till1971. P\u00e5 den h\u00e4r tomten n\u00e4ra Kiaskroken, s\u00e5 hade det tidigare funnits en g\u00e5rd, som hade tillh\u00f6rt \u201dViiraas Kaal Hindrik\u201d, allts\u00e5 Karl Henrik Mitts och hans andra hustru Matilda Rosenberg.<\/figcaption><\/figure>\n<p><strong><span style=\"color: #000080;\">Sammanst\u00e4llt av Lasse Backlund i mars 2024. Uppgifterna har f\u00e5tts av Vilhos och Elmas barn och ur gamla lagfarter.<\/span><\/strong><\/p>\n<h3><strong>L\u00e4nkar:<\/strong><\/h3>\n<p>Om du f\u00f6rst vill l\u00e4sa om den g\u00e5rd p\u00e5 Sunnantillv\u00e4gen d\u00e4r Vilho och Elma Toivonen bodde f\u00f6rst, s\u00e5 skall du klicka <a href=\"https:\/\/www.lassebacklund.fi\/?page_id=15726\"><span style=\"color: #000080;\"><strong>H\u00c4R!<\/strong><\/span><\/a><\/p>\n<h2><strong>G\u00e5rdens historia.<\/strong><\/h2>\n<p><strong>Vilho ArtturinpoikaToivonen<\/strong>\u00a0(1919-2006) f\u00f6ddes i Back by i \u00d6mossa i en g\u00e5rd som stod p\u00e5 det st\u00e4lle d\u00e4r Haavistos transportbolag i dag har sitt garage n\u00e4ra Riksv\u00e4g 8. Vilhos far Artturi var b\u00e5de skr\u00e4ddare och skomakare, och Vilho v\u00e4xte upp under enkla f\u00f6rh\u00e5llanden i en liten stuga. Mot slutet av 1930-talet flyttade Vilho till Degerby i Ing\u00e5, d\u00e4r han b\u00f6rjade arbeta p\u00e5\u00a0<a style=\"font-style: inherit; font-weight: inherit;\" href=\"http:\/\/www.mangsgard.fi\/Mangs%20sve\/index%20sve.html\">Mangs g\u00e5rd<\/a>. D\u00e4r tr\u00e4ffade han Elma Korkeam\u00e4ki som arbetade p\u00e5 g\u00e5rden<a style=\"font-style: inherit; font-weight: inherit;\" href=\"http:\/\/bebyggelsenamn.sls.fi\/bebyggelsenamn\/1475\/flyt-inga\/\">\u00a0Flyt<\/a>\u00a0i samma by.<\/p>\n<p><strong>Elma Korkeam\u00e4ki<\/strong>\u00a0(1917-1990) var f\u00f6dd i L\u00e4hteenkyl\u00e4 by i Stor\u00e5 p\u00e5 ett stort hemman. Hon var dotter till Leander Hirsim\u00e4ki el. Korkeam\u00e4ki (1891-1931) och Hilda K\u00e4pyl\u00e4 (1891-1931). Leanders farfar Josef Korsb\u00e4ck och hans farmor Anna Kajsa Lillkull hade i tiderna flyttat fr\u00e5n Korsb\u00e4ck i Dagsmark till L\u00e4hteenkyl\u00e4 by i Stor\u00e5.<\/p>\n<p>Elmas mor Hilda dog i barns\u00e4ng i juli 1931, d\u00e5 Elmas lillasyster Helvi f\u00f6ddes. 5 dagar efter d\u00f6dsfallet dog Elmas far Leander i blodf\u00f6rgiftning och b\u00e5da f\u00f6r\u00e4ldrarna begravdes p\u00e5 samma g\u00e5ng. Tragedin var ofattbar och Elma och hennes syskon togs om hand av grannar och sl\u00e4ktingar. G\u00e5rden och hemmanet s\u00e5ldes i delar f\u00f6r att t\u00e4cka kostnaderna f\u00f6r barnens uppfostran. Elmas barndomshem st\u00e5r fortfarande kvar, en stor bondg\u00e5rd med dubbla farstukvistar.<\/p>\n<p>\u00c5ret d\u00e4rp\u00e5 gjorde Vilho sin milit\u00e4rtj\u00e4nst och f\u00f6re den avslutades br\u00f6t forts\u00e4ttningskriget ut. Vilho togs ut i krigstj\u00e4nst och han hemf\u00f6rlovades f\u00f6rst 1944. Under denna tid f\u00f6ddes Vilhos och Elmas andra barn, dottern Kaarina \u00e5r 1943. Hemspr\u00e5ket var finska men under tiden i Ing\u00e5 l\u00e4rde sig familjen tala ocks\u00e5 svenska.<\/p>\n<p>Medan Vilho var ute vid fronten flyttade Elma med de tv\u00e5 barnen tillbaka till L\u00e4hteenkyl\u00e4 by i Stor\u00e5, d\u00e4r hon kunde bo hos sl\u00e4ktingar. D\u00e5 kriget tog slut k\u00f6pte Vilho och Elma Toivonen en liten g\u00e5rd p\u00e5 Bergkullav\u00e4gen i Lappfj\u00e4rd, bakom kyrkan. De flyttade d\u00e5 dit och g\u00e5rden f\u00f6rstorades med n\u00e5gra rum och de k\u00f6pte mark bland annat i Lilltm\u00e5san och de arrenderade mark runt om i Lappfj\u00e4rd. Vilho arbetade ocks\u00e5 \u00e5t andra, bland annat \u00e5t Artur Hellman.<\/p>\n<p><strong>I december \u00e5r 1952<\/strong> k\u00f6pte Vilho och Elma Toivonen en del av\u00a0Skomakas hemman i Dagsmark. Den h\u00e4r hemmansdelen hade tillh\u00f6rt ungkarlen <a href=\"https:\/\/www.lassebacklund.fi\/?page_id=11146\">\u201dSkomakas Konrad\u201d Rosenlund<\/a> (1893-1987).\u00a0D\u00e4r uppf\u00f6rde en g\u00e5rd, som var sammanbyggd med uthuset men i mitten av 1960-talet ville de bygga en ny g\u00e5rd \u00e5t sig. Elma ville d\u00e5 att de skulle flytta n\u00e4rmare centrum.<\/p>\n<p><strong>\u00c5r 1966, den 9 september<\/strong> k\u00f6pte de en bostadstomt, som var p\u00e5 3 100 m\u00b2 n\u00e4ra Kiaskroken av <a href=\"https:\/\/www.lassebacklund.fi\/?page_id=10865\">Alvar Bj\u00f6rklund<\/a>. Den br\u00f6ts ut fr\u00e5n Rosenback hemmanet och fick numret 3:133 och d\u00f6ptes till Korkeam\u00e4ki. P\u00e5 detta st\u00e4lle hade tidigare st\u00e5tt en boningsbyggnad men den revs f\u00f6re Toivonen k\u00f6pte tomten.<\/p>\n<figure id=\"attachment_22616\" aria-describedby=\"caption-attachment-22616\" style=\"width: 2560px\" class=\"wp-caption alignnone\"><img loading=\"lazy\" decoding=\"async\" class=\"size-full wp-image-22616\" src=\"https:\/\/www.lassebacklund.fi\/wp-content\/uploads\/2024\/03\/Toivonen-Vilho-o-Hilkka-scaled.jpg\" alt=\"\" width=\"2560\" height=\"1433\" srcset=\"https:\/\/www.lassebacklund.fi\/wp-content\/uploads\/2024\/03\/Toivonen-Vilho-o-Hilkka-scaled.jpg 2560w, https:\/\/www.lassebacklund.fi\/wp-content\/uploads\/2024\/03\/Toivonen-Vilho-o-Hilkka-300x168.jpg 300w, https:\/\/www.lassebacklund.fi\/wp-content\/uploads\/2024\/03\/Toivonen-Vilho-o-Hilkka-1024x573.jpg 1024w, https:\/\/www.lassebacklund.fi\/wp-content\/uploads\/2024\/03\/Toivonen-Vilho-o-Hilkka-768x430.jpg 768w, https:\/\/www.lassebacklund.fi\/wp-content\/uploads\/2024\/03\/Toivonen-Vilho-o-Hilkka-1536x860.jpg 1536w, https:\/\/www.lassebacklund.fi\/wp-content\/uploads\/2024\/03\/Toivonen-Vilho-o-Hilkka-2048x1146.jpg 2048w\" sizes=\"auto, (max-width: 2560px) 100vw, 2560px\" \/><figcaption id=\"caption-attachment-22616\" class=\"wp-caption-text\">Toivonens g\u00e5rd p\u00e5 Dagsmarkv\u00e4gen n\u00e4ra Kiaskroken.\u00a0 Vilho, som var k\u00e4nd som en duktig byggare b\u00f6rjade uppf\u00f6ra g\u00e5rden i slutet av 1960-talet och \u00e5r 1971 flyttade de in. Till v\u00e4nster syns den g\u00e5rd som Kaj och Tuula Lundell byggde \u00e5r 1985.<\/figcaption><\/figure>\n<p><strong>\u00c5r 1971<\/strong> var g\u00e5rden f\u00e4rdig s\u00e5 att de kunde flytta fr\u00e5n Sunnantillv\u00e4gen till den nya g\u00e5rden.<\/p>\n<p><strong>\u00c5r 1975<\/strong> besl\u00f6t Vilho och Elma Toivonen att de skulle separera och f\u00f6ljande \u00e5r, den 14 september skedde avvittringen. Det best\u00e4mdes d\u00e5 att Vilho \u00f6vertar g\u00e5rden i Kiaskroken medan Elma skulle f\u00e5 motsvarande summa i pengar.<\/p>\n<p>Vilho avled \u00e5r 2006 och han var d\u00e5 ensam \u00e4gare till g\u00e5rden. G\u00e5rden s\u00e5ldes sedan \u00e5t den nuvarande \u00e4garen.<\/p>\n<h2><strong>Foton.<\/strong><\/h2>\n<figure id=\"attachment_15704\" aria-describedby=\"caption-attachment-15704\" style=\"width: 1249px\" class=\"wp-caption alignnone\"><img loading=\"lazy\" decoding=\"async\" class=\"size-full wp-image-15704\" src=\"https:\/\/www.lassebacklund.fi\/wp-content\/uploads\/2020\/03\/Elma-och-Vilho-med-barnbarnet-Krister-Hammarberg.jpg\" alt=\"\" width=\"1249\" height=\"1173\" srcset=\"https:\/\/www.lassebacklund.fi\/wp-content\/uploads\/2020\/03\/Elma-och-Vilho-med-barnbarnet-Krister-Hammarberg.jpg 1249w, https:\/\/www.lassebacklund.fi\/wp-content\/uploads\/2020\/03\/Elma-och-Vilho-med-barnbarnet-Krister-Hammarberg-300x282.jpg 300w, https:\/\/www.lassebacklund.fi\/wp-content\/uploads\/2020\/03\/Elma-och-Vilho-med-barnbarnet-Krister-Hammarberg-1024x962.jpg 1024w, https:\/\/www.lassebacklund.fi\/wp-content\/uploads\/2020\/03\/Elma-och-Vilho-med-barnbarnet-Krister-Hammarberg-768x721.jpg 768w\" sizes=\"auto, (max-width: 1249px) 100vw, 1249px\" \/><figcaption id=\"caption-attachment-15704\" class=\"wp-caption-text\">Barnbarnet Krister Hammarberg \u00e4r med, d\u00e5 antingen mormor eller morfar fyller 50 \u00e5r. Fotot fr\u00e5n Toivonens g\u00e5rd p\u00e5 Sunnantill.<\/figcaption><\/figure>\n<figure id=\"attachment_15724\" aria-describedby=\"caption-attachment-15724\" style=\"width: 1289px\" class=\"wp-caption alignnone\"><img loading=\"lazy\" decoding=\"async\" class=\"size-full wp-image-15724\" src=\"https:\/\/www.lassebacklund.fi\/wp-content\/uploads\/2020\/03\/Vilho-t\u00f6mmer-upp-\u00e5t-Hilkka-Virtanen-och-Mauno-Toivonen.jpg\" alt=\"\" width=\"1289\" height=\"1206\" srcset=\"https:\/\/www.lassebacklund.fi\/wp-content\/uploads\/2020\/03\/Vilho-t\u00f6mmer-upp-\u00e5t-Hilkka-Virtanen-och-Mauno-Toivonen.jpg 1289w, https:\/\/www.lassebacklund.fi\/wp-content\/uploads\/2020\/03\/Vilho-t\u00f6mmer-upp-\u00e5t-Hilkka-Virtanen-och-Mauno-Toivonen-300x281.jpg 300w, https:\/\/www.lassebacklund.fi\/wp-content\/uploads\/2020\/03\/Vilho-t\u00f6mmer-upp-\u00e5t-Hilkka-Virtanen-och-Mauno-Toivonen-1024x958.jpg 1024w, https:\/\/www.lassebacklund.fi\/wp-content\/uploads\/2020\/03\/Vilho-t\u00f6mmer-upp-\u00e5t-Hilkka-Virtanen-och-Mauno-Toivonen-768x719.jpg 768w\" sizes=\"auto, (max-width: 1289px) 100vw, 1289px\" \/><figcaption id=\"caption-attachment-15724\" class=\"wp-caption-text\">Vilho h\u00e4ller i \u00e5t sambon Hilkka och \u00e5t sonen Mauno.<\/figcaption><\/figure>\n<figure id=\"attachment_15710\" aria-describedby=\"caption-attachment-15710\" style=\"width: 1091px\" class=\"wp-caption alignnone\"><img loading=\"lazy\" decoding=\"async\" class=\"size-full wp-image-15710\" src=\"https:\/\/www.lassebacklund.fi\/wp-content\/uploads\/2020\/03\/Mauno-och-Elma-med-hennes-bror-1957.jpg\" alt=\"\" width=\"1091\" height=\"1109\" srcset=\"https:\/\/www.lassebacklund.fi\/wp-content\/uploads\/2020\/03\/Mauno-och-Elma-med-hennes-bror-1957.jpg 1091w, https:\/\/www.lassebacklund.fi\/wp-content\/uploads\/2020\/03\/Mauno-och-Elma-med-hennes-bror-1957-295x300.jpg 295w, https:\/\/www.lassebacklund.fi\/wp-content\/uploads\/2020\/03\/Mauno-och-Elma-med-hennes-bror-1957-1007x1024.jpg 1007w, https:\/\/www.lassebacklund.fi\/wp-content\/uploads\/2020\/03\/Mauno-och-Elma-med-hennes-bror-1957-768x781.jpg 768w\" sizes=\"auto, (max-width: 1091px) 100vw, 1091px\" \/><figcaption id=\"caption-attachment-15710\" class=\"wp-caption-text\">Mauno Toivonen med sin mor och sin morbror.<\/figcaption><\/figure>\n<figure id=\"attachment_15708\" aria-describedby=\"caption-attachment-15708\" style=\"width: 918px\" class=\"wp-caption alignnone\"><img loading=\"lazy\" decoding=\"async\" class=\"size-full wp-image-15708\" src=\"https:\/\/www.lassebacklund.fi\/wp-content\/uploads\/2020\/03\/Kaarina-Toivonen-och-Rauha-L\u00f6vholm-1956.jpg\" alt=\"\" width=\"918\" height=\"1450\" srcset=\"https:\/\/www.lassebacklund.fi\/wp-content\/uploads\/2020\/03\/Kaarina-Toivonen-och-Rauha-L\u00f6vholm-1956.jpg 918w, https:\/\/www.lassebacklund.fi\/wp-content\/uploads\/2020\/03\/Kaarina-Toivonen-och-Rauha-L\u00f6vholm-1956-190x300.jpg 190w, https:\/\/www.lassebacklund.fi\/wp-content\/uploads\/2020\/03\/Kaarina-Toivonen-och-Rauha-L\u00f6vholm-1956-648x1024.jpg 648w, https:\/\/www.lassebacklund.fi\/wp-content\/uploads\/2020\/03\/Kaarina-Toivonen-och-Rauha-L\u00f6vholm-1956-768x1213.jpg 768w\" sizes=\"auto, (max-width: 918px) 100vw, 918px\" \/><figcaption id=\"caption-attachment-15708\" class=\"wp-caption-text\">Kaarina Toivonen och Rauha L\u00f6vholm p\u00e5 skidor \u00e5r 1956.<\/figcaption><\/figure>\n<figure id=\"attachment_15721\" aria-describedby=\"caption-attachment-15721\" style=\"width: 1020px\" class=\"wp-caption alignnone\"><img loading=\"lazy\" decoding=\"async\" class=\"size-full wp-image-15721\" src=\"https:\/\/www.lassebacklund.fi\/wp-content\/uploads\/2020\/03\/Vilho-och-Elma-h\u00f6b\u00e4rgar-med-Mauno-o-sittande-Kaarina.jpg\" alt=\"\" width=\"1020\" height=\"1006\" srcset=\"https:\/\/www.lassebacklund.fi\/wp-content\/uploads\/2020\/03\/Vilho-och-Elma-h\u00f6b\u00e4rgar-med-Mauno-o-sittande-Kaarina.jpg 1020w, https:\/\/www.lassebacklund.fi\/wp-content\/uploads\/2020\/03\/Vilho-och-Elma-h\u00f6b\u00e4rgar-med-Mauno-o-sittande-Kaarina-300x296.jpg 300w, https:\/\/www.lassebacklund.fi\/wp-content\/uploads\/2020\/03\/Vilho-och-Elma-h\u00f6b\u00e4rgar-med-Mauno-o-sittande-Kaarina-768x757.jpg 768w\" sizes=\"auto, (max-width: 1020px) 100vw, 1020px\" \/><figcaption id=\"caption-attachment-15721\" class=\"wp-caption-text\">Vilho och Elma i tr\u00f6skningstagen, medan Mauno bara st\u00e5r med h\u00e4nderna i sidorna. Sittande dottern Kaarina tillsammans med grannens flicka. I h\u00f6gra kanten skymtar deras g\u00e5rd, som var tillbyggd med en vinkel p\u00e5 baksidan.<\/figcaption><\/figure>\n<figure id=\"attachment_15709\" aria-describedby=\"caption-attachment-15709\" style=\"width: 1264px\" class=\"wp-caption alignnone\"><img loading=\"lazy\" decoding=\"async\" class=\"size-full wp-image-15709\" src=\"https:\/\/www.lassebacklund.fi\/wp-content\/uploads\/2020\/03\/Mauno-med-fisk-i-Stor\u00e5.jpg\" alt=\"\" width=\"1264\" height=\"1296\" srcset=\"https:\/\/www.lassebacklund.fi\/wp-content\/uploads\/2020\/03\/Mauno-med-fisk-i-Stor\u00e5.jpg 1264w, https:\/\/www.lassebacklund.fi\/wp-content\/uploads\/2020\/03\/Mauno-med-fisk-i-Stor\u00e5-293x300.jpg 293w, https:\/\/www.lassebacklund.fi\/wp-content\/uploads\/2020\/03\/Mauno-med-fisk-i-Stor\u00e5-999x1024.jpg 999w, https:\/\/www.lassebacklund.fi\/wp-content\/uploads\/2020\/03\/Mauno-med-fisk-i-Stor\u00e5-768x787.jpg 768w\" sizes=\"auto, (max-width: 1264px) 100vw, 1264px\" \/><figcaption id=\"caption-attachment-15709\" class=\"wp-caption-text\">Mauno var ingen storfiskare, trots att han h\u00e4r st\u00e5r en fin lax i handen.<\/figcaption><\/figure>\n<figure id=\"attachment_15711\" aria-describedby=\"caption-attachment-15711\" style=\"width: 824px\" class=\"wp-caption alignnone\"><img loading=\"lazy\" decoding=\"async\" class=\"size-full wp-image-15711\" src=\"https:\/\/www.lassebacklund.fi\/wp-content\/uploads\/2020\/03\/Mauno-och-Elma-Toivonen.jpg\" alt=\"\" width=\"824\" height=\"1289\" srcset=\"https:\/\/www.lassebacklund.fi\/wp-content\/uploads\/2020\/03\/Mauno-och-Elma-Toivonen.jpg 824w, https:\/\/www.lassebacklund.fi\/wp-content\/uploads\/2020\/03\/Mauno-och-Elma-Toivonen-192x300.jpg 192w, https:\/\/www.lassebacklund.fi\/wp-content\/uploads\/2020\/03\/Mauno-och-Elma-Toivonen-655x1024.jpg 655w, https:\/\/www.lassebacklund.fi\/wp-content\/uploads\/2020\/03\/Mauno-och-Elma-Toivonen-768x1201.jpg 768w\" sizes=\"auto, (max-width: 824px) 100vw, 824px\" \/><figcaption id=\"caption-attachment-15711\" class=\"wp-caption-text\">Mauno Toivonen med sin mor Elma p\u00e5 trappan till det nybyggda huset p\u00e5 Sunnantillv\u00e4gen p\u00e5 1950-talet.<\/figcaption><\/figure>\n<figure id=\"attachment_15723\" aria-describedby=\"caption-attachment-15723\" style=\"width: 881px\" class=\"wp-caption alignnone\"><img loading=\"lazy\" decoding=\"async\" class=\"size-full wp-image-15723\" src=\"https:\/\/www.lassebacklund.fi\/wp-content\/uploads\/2020\/03\/Vilho-Toivonen-i-unga-\u00e5r.jpg\" alt=\"\" width=\"881\" height=\"1248\" srcset=\"https:\/\/www.lassebacklund.fi\/wp-content\/uploads\/2020\/03\/Vilho-Toivonen-i-unga-\u00e5r.jpg 881w, https:\/\/www.lassebacklund.fi\/wp-content\/uploads\/2020\/03\/Vilho-Toivonen-i-unga-\u00e5r-212x300.jpg 212w, https:\/\/www.lassebacklund.fi\/wp-content\/uploads\/2020\/03\/Vilho-Toivonen-i-unga-\u00e5r-723x1024.jpg 723w, https:\/\/www.lassebacklund.fi\/wp-content\/uploads\/2020\/03\/Vilho-Toivonen-i-unga-\u00e5r-768x1088.jpg 768w\" sizes=\"auto, (max-width: 881px) 100vw, 881px\" \/><figcaption id=\"caption-attachment-15723\" class=\"wp-caption-text\">Vilho Toivonen i milit\u00e4ren, \u00e5ret \u00e4r 1939 eller 1940.<\/figcaption><\/figure>\n<figure id=\"attachment_15713\" aria-describedby=\"caption-attachment-15713\" style=\"width: 1754px\" class=\"wp-caption alignnone\"><img loading=\"lazy\" decoding=\"async\" class=\"size-full wp-image-15713\" src=\"https:\/\/www.lassebacklund.fi\/wp-content\/uploads\/2020\/03\/Mauno-Toivonen-1956.jpg\" alt=\"\" width=\"1754\" height=\"1751\" srcset=\"https:\/\/www.lassebacklund.fi\/wp-content\/uploads\/2020\/03\/Mauno-Toivonen-1956.jpg 1754w, https:\/\/www.lassebacklund.fi\/wp-content\/uploads\/2020\/03\/Mauno-Toivonen-1956-300x300.jpg 300w, https:\/\/www.lassebacklund.fi\/wp-content\/uploads\/2020\/03\/Mauno-Toivonen-1956-1024x1022.jpg 1024w, https:\/\/www.lassebacklund.fi\/wp-content\/uploads\/2020\/03\/Mauno-Toivonen-1956-150x150.jpg 150w, https:\/\/www.lassebacklund.fi\/wp-content\/uploads\/2020\/03\/Mauno-Toivonen-1956-768x767.jpg 768w, https:\/\/www.lassebacklund.fi\/wp-content\/uploads\/2020\/03\/Mauno-Toivonen-1956-1536x1533.jpg 1536w\" sizes=\"auto, (max-width: 1754px) 100vw, 1754px\" \/><figcaption id=\"caption-attachment-15713\" class=\"wp-caption-text\">Fundersam Mauno Toivonen med vida f\u00e4lt i bakgrunden. Till h\u00f6ger om Mauno syns gaveln p\u00e5 Anselm och Elna Lillkulls g\u00e5rd.<\/figcaption><\/figure>\n<figure id=\"attachment_15703\" aria-describedby=\"caption-attachment-15703\" style=\"width: 1253px\" class=\"wp-caption alignnone\"><img loading=\"lazy\" decoding=\"async\" class=\"size-full wp-image-15703\" src=\"https:\/\/www.lassebacklund.fi\/wp-content\/uploads\/2020\/03\/Elma-och-Mauno-Toivonen-p\u00e5-\u00e5kern.jpg\" alt=\"\" width=\"1253\" height=\"1151\" srcset=\"https:\/\/www.lassebacklund.fi\/wp-content\/uploads\/2020\/03\/Elma-och-Mauno-Toivonen-p\u00e5-\u00e5kern.jpg 1253w, https:\/\/www.lassebacklund.fi\/wp-content\/uploads\/2020\/03\/Elma-och-Mauno-Toivonen-p\u00e5-\u00e5kern-300x276.jpg 300w, https:\/\/www.lassebacklund.fi\/wp-content\/uploads\/2020\/03\/Elma-och-Mauno-Toivonen-p\u00e5-\u00e5kern-1024x941.jpg 1024w, https:\/\/www.lassebacklund.fi\/wp-content\/uploads\/2020\/03\/Elma-och-Mauno-Toivonen-p\u00e5-\u00e5kern-768x705.jpg 768w\" sizes=\"auto, (max-width: 1253px) 100vw, 1253px\" \/><figcaption id=\"caption-attachment-15703\" class=\"wp-caption-text\">Mauno Toivonen h\u00e4lsar p\u00e5 mor Elma som \u00e4r ute p\u00e5 \u00e5kern.<\/figcaption><\/figure>\n<figure id=\"attachment_15705\" aria-describedby=\"caption-attachment-15705\" style=\"width: 1132px\" class=\"wp-caption alignnone\"><img loading=\"lazy\" decoding=\"async\" class=\"size-full wp-image-15705\" src=\"https:\/\/www.lassebacklund.fi\/wp-content\/uploads\/2020\/03\/Elma-och-Vilho-Toivonen-p\u00e5-motorcykel.jpg\" alt=\"\" width=\"1132\" height=\"1145\" srcset=\"https:\/\/www.lassebacklund.fi\/wp-content\/uploads\/2020\/03\/Elma-och-Vilho-Toivonen-p\u00e5-motorcykel.jpg 1132w, https:\/\/www.lassebacklund.fi\/wp-content\/uploads\/2020\/03\/Elma-och-Vilho-Toivonen-p\u00e5-motorcykel-297x300.jpg 297w, https:\/\/www.lassebacklund.fi\/wp-content\/uploads\/2020\/03\/Elma-och-Vilho-Toivonen-p\u00e5-motorcykel-1012x1024.jpg 1012w, https:\/\/www.lassebacklund.fi\/wp-content\/uploads\/2020\/03\/Elma-och-Vilho-Toivonen-p\u00e5-motorcykel-768x777.jpg 768w\" sizes=\"auto, (max-width: 1132px) 100vw, 1132px\" \/><figcaption id=\"caption-attachment-15705\" class=\"wp-caption-text\">Vilho t\u00e4nker provk\u00f6ra Maunos motorcykel med Elma p\u00e5 b\u00f6npallen. Fotot taget p\u00e5 50-talet i Karlstad.<\/figcaption><\/figure>\n<figure id=\"attachment_15715\" aria-describedby=\"caption-attachment-15715\" style=\"width: 1098px\" class=\"wp-caption alignnone\"><img loading=\"lazy\" decoding=\"async\" class=\"size-full wp-image-15715\" src=\"https:\/\/www.lassebacklund.fi\/wp-content\/uploads\/2020\/03\/Mauno-Elma-och-Vilho-i-Sverige.jpg\" alt=\"\" width=\"1098\" height=\"1097\" srcset=\"https:\/\/www.lassebacklund.fi\/wp-content\/uploads\/2020\/03\/Mauno-Elma-och-Vilho-i-Sverige.jpg 1098w, https:\/\/www.lassebacklund.fi\/wp-content\/uploads\/2020\/03\/Mauno-Elma-och-Vilho-i-Sverige-300x300.jpg 300w, https:\/\/www.lassebacklund.fi\/wp-content\/uploads\/2020\/03\/Mauno-Elma-och-Vilho-i-Sverige-1024x1024.jpg 1024w, https:\/\/www.lassebacklund.fi\/wp-content\/uploads\/2020\/03\/Mauno-Elma-och-Vilho-i-Sverige-150x150.jpg 150w, https:\/\/www.lassebacklund.fi\/wp-content\/uploads\/2020\/03\/Mauno-Elma-och-Vilho-i-Sverige-768x767.jpg 768w\" sizes=\"auto, (max-width: 1098px) 100vw, 1098px\" \/><figcaption id=\"caption-attachment-15715\" class=\"wp-caption-text\">Elma och Vilho Toivonen h\u00e4lsar p\u00e5 sonen Mauno i Karlstad.<\/figcaption><\/figure>\n<figure id=\"attachment_15716\" aria-describedby=\"caption-attachment-15716\" style=\"width: 1013px\" class=\"wp-caption alignnone\"><img loading=\"lazy\" decoding=\"async\" class=\"size-full wp-image-15716\" src=\"https:\/\/www.lassebacklund.fi\/wp-content\/uploads\/2020\/03\/Mayvor-Mannfolk-och-Kaarina-Toivonen-1957.jpg\" alt=\"\" width=\"1013\" height=\"1068\" srcset=\"https:\/\/www.lassebacklund.fi\/wp-content\/uploads\/2020\/03\/Mayvor-Mannfolk-och-Kaarina-Toivonen-1957.jpg 1013w, https:\/\/www.lassebacklund.fi\/wp-content\/uploads\/2020\/03\/Mayvor-Mannfolk-och-Kaarina-Toivonen-1957-285x300.jpg 285w, https:\/\/www.lassebacklund.fi\/wp-content\/uploads\/2020\/03\/Mayvor-Mannfolk-och-Kaarina-Toivonen-1957-971x1024.jpg 971w, https:\/\/www.lassebacklund.fi\/wp-content\/uploads\/2020\/03\/Mayvor-Mannfolk-och-Kaarina-Toivonen-1957-768x810.jpg 768w\" sizes=\"auto, (max-width: 1013px) 100vw, 1013px\" \/><figcaption id=\"caption-attachment-15716\" class=\"wp-caption-text\">P\u00e5 motorcykeln Kaarina Toivonen med grannflickan Mayvor Mannfolk p\u00e5 b\u00f6npallen. Fotot \u00e4r taget 1957 utanf\u00f6r Toivonens f\u00e4hus p\u00e5 Sunnantillv\u00e4gen.<\/figcaption><\/figure>\n<p>&nbsp;<\/p>\n","protected":false},"excerpt":{"rendered":"<p>Sammanst\u00e4llt av Lasse Backlund i mars 2024. Uppgifterna har f\u00e5tts av Vilhos och Elmas barn och ur gamla lagfarter. L\u00e4nkar: Om du f\u00f6rst vill l\u00e4sa om den g\u00e5rd p\u00e5 Sunnantillv\u00e4gen d\u00e4r Vilho och Elma Toivonen bodde f\u00f6rst, s\u00e5 skall du <a class=\"more-link\" href=\"https:\/\/www.lassebacklund.fi\/?page_id=22611\">Forts\u00e4tt l\u00e4sa <span class=\"screen-reader-text\">  Toivonens g\u00e5rd p\u00e5 Dagsmarkv\u00e4gen 355<\/span><span class=\"meta-nav\">&rarr;<\/span><\/a><\/p>\n","protected":false},"author":1,"featured_media":0,"parent":61,"menu_order":355,"comment_status":"closed","ping_status":"closed","template":"","meta":{"footnotes":""},"class_list":["post-22611","page","type-page","status-publish","hentry"],"_links":{"self":[{"href":"https:\/\/www.lassebacklund.fi\/index.php?rest_route=\/wp\/v2\/pages\/22611","targetHints":{"allow":["GET"]}}],"collection":[{"href":"https:\/\/www.lassebacklund.fi\/index.php?rest_route=\/wp\/v2\/pages"}],"about":[{"href":"https:\/\/www.lassebacklund.fi\/index.php?rest_route=\/wp\/v2\/types\/page"}],"author":[{"embeddable":true,"href":"https:\/\/www.lassebacklund.fi\/index.php?rest_route=\/wp\/v2\/users\/1"}],"replies":[{"embeddable":true,"href":"https:\/\/www.lassebacklund.fi\/index.php?rest_route=%2Fwp%2Fv2%2Fcomments&post=22611"}],"version-history":[{"count":6,"href":"https:\/\/www.lassebacklund.fi\/index.php?rest_route=\/wp\/v2\/pages\/22611\/revisions"}],"predecessor-version":[{"id":22619,"href":"https:\/\/www.lassebacklund.fi\/index.php?rest_route=\/wp\/v2\/pages\/22611\/revisions\/22619"}],"up":[{"embeddable":true,"href":"https:\/\/www.lassebacklund.fi\/index.php?rest_route=\/wp\/v2\/pages\/61"}],"wp:attachment":[{"href":"https:\/\/www.lassebacklund.fi\/index.php?rest_route=%2Fwp%2Fv2%2Fmedia&parent=22611"}],"curies":[{"name":"wp","href":"https:\/\/api.w.org\/{rel}","templated":true}]}}