{"id":22591,"date":"2024-03-23T21:17:40","date_gmt":"2024-03-23T19:17:40","guid":{"rendered":"https:\/\/www.lassebacklund.fi\/?page_id=22591"},"modified":"2024-12-08T20:15:46","modified_gmt":"2024-12-08T18:15:46","slug":"vilhelmina-sundholms-stuga-pa-storavagen-21","status":"publish","type":"page","link":"https:\/\/www.lassebacklund.fi\/?page_id=22591","title":{"rendered":"Vilhelmina Sundholms stuga p\u00e5 Stor\u00e5v\u00e4gen 21"},"content":{"rendered":"<figure id=\"attachment_22590\" aria-describedby=\"caption-attachment-22590\" style=\"width: 1600px\" class=\"wp-caption alignnone\"><img loading=\"lazy\" decoding=\"async\" class=\"size-full wp-image-22590\" src=\"https:\/\/www.lassebacklund.fi\/wp-content\/uploads\/2024\/03\/Norrvik-Johans-obebott.jpg\" alt=\"\" width=\"1600\" height=\"1200\" srcset=\"https:\/\/www.lassebacklund.fi\/wp-content\/uploads\/2024\/03\/Norrvik-Johans-obebott.jpg 1600w, https:\/\/www.lassebacklund.fi\/wp-content\/uploads\/2024\/03\/Norrvik-Johans-obebott-300x225.jpg 300w, https:\/\/www.lassebacklund.fi\/wp-content\/uploads\/2024\/03\/Norrvik-Johans-obebott-1024x768.jpg 1024w, https:\/\/www.lassebacklund.fi\/wp-content\/uploads\/2024\/03\/Norrvik-Johans-obebott-768x576.jpg 768w, https:\/\/www.lassebacklund.fi\/wp-content\/uploads\/2024\/03\/Norrvik-Johans-obebott-1536x1152.jpg 1536w\" sizes=\"auto, (max-width: 1600px) 100vw, 1600px\" \/><figcaption id=\"caption-attachment-22590\" class=\"wp-caption-text\">Det h\u00e4r bostadshuset p\u00e5 Stor\u00e5v\u00e4gen 21 byggde bonden Egil Norrvik p\u00e5 1980-talet p\u00e5 Vilhelmina Sundholms bostadstomt. Fotot \u00e4r taget sommaren 2003.<\/figcaption><\/figure>\n<p><span style=\"color: #000080;\"><strong>Sammanst\u00e4llt av Lasse Backlund i mars 2024. Uppgifterna \u00e4r tagna ur gamla lagfarter och sl\u00e4ktutredningar.<\/strong><\/span><\/p>\n<h3><strong>Tomtens gamla historia.<\/strong><\/h3>\n<p><strong>\u00c5r 1916, den 1 mars<\/strong> s\u00e5lde bonden Erik Anders Roseng\u00e5rd en parcell p\u00e5 Lillkull hemman p\u00e5 2\u00a0200 m\u00b2 \u00e5t backstugusittaren Vilhelmina Sundholm f\u00f6r 290 mark. Hon var dotter till Erik Henrik Storkull, senare Sundholm och Maria Knus. Om du vill l\u00e4sa mera om hennes sl\u00e4kt, s\u00e5 skall du klicka <a href=\"https:\/\/www.lassebacklund.fi\/?page_id=1227\"><span style=\"color: #000080;\"><strong>H\u00c4R<\/strong><\/span><\/a> och g\u00e5 sedan vidare till tabell 74.<\/p>\n<p>Vilhelmina, som kallades Koll Mina uppf\u00f6rde en liten stuga p\u00e5 parcellen, d\u00e4r hon sedan bodde \u00e4nda till sin d\u00f6d \u00e5r 1943. Hon gifte sig aldrig och fick heller inga barn.<\/p>\n<figure id=\"attachment_22589\" aria-describedby=\"caption-attachment-22589\" style=\"width: 564px\" class=\"wp-caption alignnone\"><img loading=\"lazy\" decoding=\"async\" class=\"size-full wp-image-22589\" src=\"https:\/\/www.lassebacklund.fi\/wp-content\/uploads\/2024\/03\/Karta-ny.jpg\" alt=\"\" width=\"564\" height=\"434\" srcset=\"https:\/\/www.lassebacklund.fi\/wp-content\/uploads\/2024\/03\/Karta-ny.jpg 564w, https:\/\/www.lassebacklund.fi\/wp-content\/uploads\/2024\/03\/Karta-ny-300x231.jpg 300w\" sizes=\"auto, (max-width: 564px) 100vw, 564px\" \/><figcaption id=\"caption-attachment-22589\" class=\"wp-caption-text\">Tomt nr 5-34 p\u00e5 Brobackan br\u00f6ts ut fr\u00e5n Lillkull hemman \u00e5r 1916 och Vilhelmina Sundholms stuga l\u00e5g ungef\u00e4r vid den bl\u00e5a rektangeln. Hennes barndomshem l\u00e5g i n\u00e4rheten, i det nedre v\u00e4nstra h\u00f6rnet p\u00e5 kartan.<\/figcaption><\/figure>\n<figure id=\"attachment_22588\" aria-describedby=\"caption-attachment-22588\" style=\"width: 1388px\" class=\"wp-caption alignnone\"><img loading=\"lazy\" decoding=\"async\" class=\"size-full wp-image-22588\" src=\"https:\/\/www.lassebacklund.fi\/wp-content\/uploads\/2024\/03\/1.jpg\" alt=\"\" width=\"1388\" height=\"1045\" srcset=\"https:\/\/www.lassebacklund.fi\/wp-content\/uploads\/2024\/03\/1.jpg 1388w, https:\/\/www.lassebacklund.fi\/wp-content\/uploads\/2024\/03\/1-300x226.jpg 300w, https:\/\/www.lassebacklund.fi\/wp-content\/uploads\/2024\/03\/1-1024x771.jpg 1024w, https:\/\/www.lassebacklund.fi\/wp-content\/uploads\/2024\/03\/1-768x578.jpg 768w\" sizes=\"auto, (max-width: 1388px) 100vw, 1388px\" \/><figcaption id=\"caption-attachment-22588\" class=\"wp-caption-text\">N\u00e5gra foton av Vilhelmina eller hennes stuga finns inte men i v\u00e4nstra kanten p\u00e5 detta foto syns en del av hennes stuga, som l\u00e5g bredvid Westeras smedja.<\/figcaption><\/figure>\n<p><strong>\u00c5r 1942, den 5 juli<\/strong> uppgjorde Vilhelmina ett testamente, eftersom hon saknade br\u00f6starvingar. Hennes \u00f6nskan var att efter hennes d\u00f6d s\u00e5 skulle alla hennes tillg\u00e5ngar tillfalla systern Karolina (1870-1957), som bodde i Norge. Till testamentsexekutor uts\u00e5g hon sin kusin Erik Anders Englund fr\u00e5n Palon.<\/p>\n<figure id=\"attachment_6557\" aria-describedby=\"caption-attachment-6557\" style=\"width: 651px\" class=\"wp-caption alignnone\"><img loading=\"lazy\" decoding=\"async\" class=\"size-full wp-image-6557\" src=\"https:\/\/www.lassebacklund.fi\/wp-content\/uploads\/2017\/11\/11.jpg\" alt=\"\" width=\"651\" height=\"463\" srcset=\"https:\/\/www.lassebacklund.fi\/wp-content\/uploads\/2017\/11\/11.jpg 651w, https:\/\/www.lassebacklund.fi\/wp-content\/uploads\/2017\/11\/11-300x213.jpg 300w\" sizes=\"auto, (max-width: 651px) 100vw, 651px\" \/><figcaption id=\"caption-attachment-6557\" class=\"wp-caption-text\">I slutet av 1940-talet bodde <a href=\"https:\/\/www.lassebacklund.fi\/?page_id=6571\">skr\u00e4ddarinas dotter Agda<\/a> med sin man Paul R\u00f6nnlund i Koll Minas stuga och h\u00e4r st\u00e5r deras dotter Lisette (f.1945) p\u00e5 g\u00e5rden.\u00a0 I bakgrunden syns Ragnar Skogmans nybyggda g\u00e5rd, som blev f\u00e4rdig 1945.<\/figcaption><\/figure>\n<p><strong>\u00c5r 1976, den 16 mars<\/strong> s\u00e5lde Karolinas tv\u00e5 levande barn Anna Treland och Magnus Solbarm med en fullmakt som gavs \u00e5t f\u00f6rmyndarn\u00e4mndens ordf\u00f6rande Holger Perjus stugan och tomt nr 5:34 \u00e5t bonden Egil Norrvik. Denne rev sedan Vilhelminas stuga och uppf\u00f6rde en st\u00f6rre g\u00e5rd p\u00e5 samma tomt och den \u00e4r fortfarande i den sl\u00e4ktens \u00e4go.<\/p>\n<p><strong>\u00c5r 1992, den 21 november<\/strong> s\u00e5lde Egil och Birgit Norrvik de b\u00e5da l\u00e4genheterna och alla byggnader \u00e5t sin yngsta son.<\/p>\n","protected":false},"excerpt":{"rendered":"<p>Sammanst\u00e4llt av Lasse Backlund i mars 2024. Uppgifterna \u00e4r tagna ur gamla lagfarter och sl\u00e4ktutredningar. Tomtens gamla historia. \u00c5r 1916, den 1 mars s\u00e5lde bonden Erik Anders Roseng\u00e5rd en parcell p\u00e5 Lillkull hemman p\u00e5 2\u00a0200 m\u00b2 \u00e5t backstugusittaren Vilhelmina Sundholm <a class=\"more-link\" href=\"https:\/\/www.lassebacklund.fi\/?page_id=22591\">Forts\u00e4tt l\u00e4sa <span class=\"screen-reader-text\">  Vilhelmina Sundholms stuga p\u00e5 Stor\u00e5v\u00e4gen 21<\/span><span class=\"meta-nav\">&rarr;<\/span><\/a><\/p>\n","protected":false},"author":1,"featured_media":0,"parent":88,"menu_order":21,"comment_status":"closed","ping_status":"closed","template":"","meta":{"footnotes":""},"class_list":["post-22591","page","type-page","status-publish","hentry"],"_links":{"self":[{"href":"https:\/\/www.lassebacklund.fi\/index.php?rest_route=\/wp\/v2\/pages\/22591","targetHints":{"allow":["GET"]}}],"collection":[{"href":"https:\/\/www.lassebacklund.fi\/index.php?rest_route=\/wp\/v2\/pages"}],"about":[{"href":"https:\/\/www.lassebacklund.fi\/index.php?rest_route=\/wp\/v2\/types\/page"}],"author":[{"embeddable":true,"href":"https:\/\/www.lassebacklund.fi\/index.php?rest_route=\/wp\/v2\/users\/1"}],"replies":[{"embeddable":true,"href":"https:\/\/www.lassebacklund.fi\/index.php?rest_route=%2Fwp%2Fv2%2Fcomments&post=22591"}],"version-history":[{"count":6,"href":"https:\/\/www.lassebacklund.fi\/index.php?rest_route=\/wp\/v2\/pages\/22591\/revisions"}],"predecessor-version":[{"id":23404,"href":"https:\/\/www.lassebacklund.fi\/index.php?rest_route=\/wp\/v2\/pages\/22591\/revisions\/23404"}],"up":[{"embeddable":true,"href":"https:\/\/www.lassebacklund.fi\/index.php?rest_route=\/wp\/v2\/pages\/88"}],"wp:attachment":[{"href":"https:\/\/www.lassebacklund.fi\/index.php?rest_route=%2Fwp%2Fv2%2Fmedia&parent=22591"}],"curies":[{"name":"wp","href":"https:\/\/api.w.org\/{rel}","templated":true}]}}