{"id":22381,"date":"2023-12-12T20:55:59","date_gmt":"2023-12-12T18:55:59","guid":{"rendered":"https:\/\/www.lassebacklund.fi\/?page_id=22381"},"modified":"2023-12-26T23:02:37","modified_gmt":"2023-12-26T21:02:37","slug":"trygves-foton-album-5","status":"publish","type":"page","link":"https:\/\/www.lassebacklund.fi\/?page_id=22381","title":{"rendered":"Trygves foton, album 5"},"content":{"rendered":"<figure id=\"attachment_22386\" aria-describedby=\"caption-attachment-22386\" style=\"width: 2001px\" class=\"wp-caption alignnone\"><img loading=\"lazy\" decoding=\"async\" class=\"size-full wp-image-22386\" src=\"https:\/\/www.lassebacklund.fi\/wp-content\/uploads\/2023\/12\/15-DSC_0529.jpg\" alt=\"\" width=\"2001\" height=\"1410\" srcset=\"https:\/\/www.lassebacklund.fi\/wp-content\/uploads\/2023\/12\/15-DSC_0529.jpg 2001w, https:\/\/www.lassebacklund.fi\/wp-content\/uploads\/2023\/12\/15-DSC_0529-300x211.jpg 300w, https:\/\/www.lassebacklund.fi\/wp-content\/uploads\/2023\/12\/15-DSC_0529-1024x722.jpg 1024w, https:\/\/www.lassebacklund.fi\/wp-content\/uploads\/2023\/12\/15-DSC_0529-768x541.jpg 768w, https:\/\/www.lassebacklund.fi\/wp-content\/uploads\/2023\/12\/15-DSC_0529-1536x1082.jpg 1536w\" sizes=\"auto, (max-width: 2001px) 100vw, 2001px\" \/><figcaption id=\"caption-attachment-22386\" class=\"wp-caption-text\">201. \u00c5r 1970 fick de \u00e5tta luciakandidaterna tillsammans 2 170 r\u00f6ster och mest fick Inger Lund, som fick 451 r\u00f6ster. Insamlingen Syd\u00f6sterbottens Lucia gav 3 000 mark \u00e5t Kamratf\u00f6rbundet vid folkh\u00f6gskolan, en stor summa den tiden.<\/figcaption><\/figure>\n<figure id=\"attachment_22383\" aria-describedby=\"caption-attachment-22383\" style=\"width: 2006px\" class=\"wp-caption alignnone\"><img loading=\"lazy\" decoding=\"async\" class=\"size-full wp-image-22383\" src=\"https:\/\/www.lassebacklund.fi\/wp-content\/uploads\/2023\/12\/01-DSC_0506.jpg\" alt=\"\" width=\"2006\" height=\"1384\" srcset=\"https:\/\/www.lassebacklund.fi\/wp-content\/uploads\/2023\/12\/01-DSC_0506.jpg 2006w, https:\/\/www.lassebacklund.fi\/wp-content\/uploads\/2023\/12\/01-DSC_0506-300x207.jpg 300w, https:\/\/www.lassebacklund.fi\/wp-content\/uploads\/2023\/12\/01-DSC_0506-1024x706.jpg 1024w, https:\/\/www.lassebacklund.fi\/wp-content\/uploads\/2023\/12\/01-DSC_0506-768x530.jpg 768w, https:\/\/www.lassebacklund.fi\/wp-content\/uploads\/2023\/12\/01-DSC_0506-1536x1060.jpg 1536w\" sizes=\"auto, (max-width: 2006px) 100vw, 2006px\" \/><figcaption id=\"caption-attachment-22383\" class=\"wp-caption-text\">202. Lucian \u00e5r 1970, Inger Lund fr\u00e5n Tj\u00f6ck kr\u00f6ntes av Thorvald Hohenthal till v\u00e4nster. Till h\u00f6ger sitter kommunalpolitikern och kommunall\u00e4karen Thorolf Dreijer.<\/figcaption><\/figure>\n<figure id=\"attachment_22388\" aria-describedby=\"caption-attachment-22388\" style=\"width: 2115px\" class=\"wp-caption alignnone\"><img loading=\"lazy\" decoding=\"async\" class=\"size-full wp-image-22388\" src=\"https:\/\/www.lassebacklund.fi\/wp-content\/uploads\/2023\/12\/24-DSC_0538.jpg\" alt=\"\" width=\"2115\" height=\"1391\" srcset=\"https:\/\/www.lassebacklund.fi\/wp-content\/uploads\/2023\/12\/24-DSC_0538.jpg 2115w, https:\/\/www.lassebacklund.fi\/wp-content\/uploads\/2023\/12\/24-DSC_0538-300x197.jpg 300w, https:\/\/www.lassebacklund.fi\/wp-content\/uploads\/2023\/12\/24-DSC_0538-1024x673.jpg 1024w, https:\/\/www.lassebacklund.fi\/wp-content\/uploads\/2023\/12\/24-DSC_0538-768x505.jpg 768w, https:\/\/www.lassebacklund.fi\/wp-content\/uploads\/2023\/12\/24-DSC_0538-1536x1010.jpg 1536w, https:\/\/www.lassebacklund.fi\/wp-content\/uploads\/2023\/12\/24-DSC_0538-2048x1347.jpg 2048w\" sizes=\"auto, (max-width: 2115px) 100vw, 2115px\" \/><figcaption id=\"caption-attachment-22388\" class=\"wp-caption-text\">203. Festsalen p\u00e5 lokalen i Lappfj\u00e4rd \u00e4r stor och rymlig men p\u00e5 luciafesten \u00e5r 1970 var ocks\u00e5 alla st\u00e5platser upptagna och folk tr\u00e4ngdes i d\u00f6rrarna.<\/figcaption><\/figure>\n<figure id=\"attachment_22384\" aria-describedby=\"caption-attachment-22384\" style=\"width: 1987px\" class=\"wp-caption alignnone\"><img loading=\"lazy\" decoding=\"async\" class=\"size-full wp-image-22384\" src=\"https:\/\/www.lassebacklund.fi\/wp-content\/uploads\/2023\/12\/10-DSC_0515.jpg\" alt=\"\" width=\"1987\" height=\"1318\" srcset=\"https:\/\/www.lassebacklund.fi\/wp-content\/uploads\/2023\/12\/10-DSC_0515.jpg 1987w, https:\/\/www.lassebacklund.fi\/wp-content\/uploads\/2023\/12\/10-DSC_0515-300x199.jpg 300w, https:\/\/www.lassebacklund.fi\/wp-content\/uploads\/2023\/12\/10-DSC_0515-1024x679.jpg 1024w, https:\/\/www.lassebacklund.fi\/wp-content\/uploads\/2023\/12\/10-DSC_0515-768x509.jpg 768w, https:\/\/www.lassebacklund.fi\/wp-content\/uploads\/2023\/12\/10-DSC_0515-1536x1019.jpg 1536w\" sizes=\"auto, (max-width: 1987px) 100vw, 1987px\" \/><figcaption id=\"caption-attachment-22384\" class=\"wp-caption-text\">204. &#8221;Poporkestern Junior&#8221; gjorde r\u00e4tt f\u00f6r sitt namn, eftersom de tre pojkarna var i 13-14 \u00e5rs \u00e5ldern d\u00e5 de upptr\u00e4dde p\u00e5 luciafesten \u00e5r 1970. Gruppen hette p\u00e5 riktigt &#8221;Catch&#8221; och det var deras f\u00f6rsta riktiga spelning. Till v\u00e4nster basisten Peter Holm, i mitten gitarristen Stefan Engelholm och till h\u00f6ger trummisen Stefan Kl\u00e5vus. Alla gillade inte deras musik, till exempel dr Dreijer steg upp och gick hem. Efter en tid bytte bandet namnet till &#8221;Octupus&#8221;.<\/figcaption><\/figure>\n<figure id=\"attachment_22385\" aria-describedby=\"caption-attachment-22385\" style=\"width: 2045px\" class=\"wp-caption alignnone\"><img loading=\"lazy\" decoding=\"async\" class=\"size-full wp-image-22385\" src=\"https:\/\/www.lassebacklund.fi\/wp-content\/uploads\/2023\/12\/11-DSC_0516.jpg\" alt=\"\" width=\"2045\" height=\"1377\" srcset=\"https:\/\/www.lassebacklund.fi\/wp-content\/uploads\/2023\/12\/11-DSC_0516.jpg 2045w, https:\/\/www.lassebacklund.fi\/wp-content\/uploads\/2023\/12\/11-DSC_0516-300x202.jpg 300w, https:\/\/www.lassebacklund.fi\/wp-content\/uploads\/2023\/12\/11-DSC_0516-1024x690.jpg 1024w, https:\/\/www.lassebacklund.fi\/wp-content\/uploads\/2023\/12\/11-DSC_0516-768x517.jpg 768w, https:\/\/www.lassebacklund.fi\/wp-content\/uploads\/2023\/12\/11-DSC_0516-1536x1034.jpg 1536w\" sizes=\"auto, (max-width: 2045px) 100vw, 2045px\" \/><figcaption id=\"caption-attachment-22385\" class=\"wp-caption-text\">205. Den nya barntr\u00e4dg\u00e5rden i Kristinestad hade skickat en grupp lekande sm\u00e5tomtar, som ser ut att f\u00f6rs\u00f6ka sig p\u00e5 en annorlunda ringlek.<\/figcaption><\/figure>\n<figure id=\"attachment_22387\" aria-describedby=\"caption-attachment-22387\" style=\"width: 1609px\" class=\"wp-caption alignnone\"><img loading=\"lazy\" decoding=\"async\" class=\"size-full wp-image-22387\" src=\"https:\/\/www.lassebacklund.fi\/wp-content\/uploads\/2023\/12\/23-DSC_0537.jpg\" alt=\"\" width=\"1609\" height=\"1080\" srcset=\"https:\/\/www.lassebacklund.fi\/wp-content\/uploads\/2023\/12\/23-DSC_0537.jpg 1609w, https:\/\/www.lassebacklund.fi\/wp-content\/uploads\/2023\/12\/23-DSC_0537-300x201.jpg 300w, https:\/\/www.lassebacklund.fi\/wp-content\/uploads\/2023\/12\/23-DSC_0537-1024x687.jpg 1024w, https:\/\/www.lassebacklund.fi\/wp-content\/uploads\/2023\/12\/23-DSC_0537-768x516.jpg 768w, https:\/\/www.lassebacklund.fi\/wp-content\/uploads\/2023\/12\/23-DSC_0537-1536x1031.jpg 1536w\" sizes=\"auto, (max-width: 1609px) 100vw, 1609px\" \/><figcaption id=\"caption-attachment-22387\" class=\"wp-caption-text\">206. Spelm\u00e4nnen i Lappfj\u00e4rds Spelmanslag upptr\u00e4dde i Lappfj\u00e4rd p\u00e5 luciafesten 1970 if\u00f6rda tomtem\u00f6ssor.<\/figcaption><\/figure>\n<figure id=\"attachment_22389\" aria-describedby=\"caption-attachment-22389\" style=\"width: 1011px\" class=\"wp-caption alignnone\"><img loading=\"lazy\" decoding=\"async\" class=\"size-full wp-image-22389\" src=\"https:\/\/www.lassebacklund.fi\/wp-content\/uploads\/2023\/12\/DSC_0809.jpg\" alt=\"\" width=\"1011\" height=\"1313\" srcset=\"https:\/\/www.lassebacklund.fi\/wp-content\/uploads\/2023\/12\/DSC_0809.jpg 1011w, https:\/\/www.lassebacklund.fi\/wp-content\/uploads\/2023\/12\/DSC_0809-231x300.jpg 231w, https:\/\/www.lassebacklund.fi\/wp-content\/uploads\/2023\/12\/DSC_0809-788x1024.jpg 788w, https:\/\/www.lassebacklund.fi\/wp-content\/uploads\/2023\/12\/DSC_0809-768x997.jpg 768w\" sizes=\"auto, (max-width: 1011px) 100vw, 1011px\" \/><figcaption id=\"caption-attachment-22389\" class=\"wp-caption-text\">207. Under flera \u00e5r tillverkades smycket f\u00f6r Syd\u00f6sterbottens Lucia av guldsmeden Helge Hellman i Kristinestad, s\u00e5 ocks\u00e5 detta \u00e5r 1970.<\/figcaption><\/figure>\n<figure id=\"attachment_22429\" aria-describedby=\"caption-attachment-22429\" style=\"width: 1772px\" class=\"wp-caption alignnone\"><img loading=\"lazy\" decoding=\"async\" class=\"size-full wp-image-22429\" src=\"https:\/\/www.lassebacklund.fi\/wp-content\/uploads\/2023\/12\/Lars-Lillhannus-scaled.jpg\" alt=\"\" width=\"1772\" height=\"2560\" srcset=\"https:\/\/www.lassebacklund.fi\/wp-content\/uploads\/2023\/12\/Lars-Lillhannus-scaled.jpg 1772w, https:\/\/www.lassebacklund.fi\/wp-content\/uploads\/2023\/12\/Lars-Lillhannus-208x300.jpg 208w, https:\/\/www.lassebacklund.fi\/wp-content\/uploads\/2023\/12\/Lars-Lillhannus-709x1024.jpg 709w, https:\/\/www.lassebacklund.fi\/wp-content\/uploads\/2023\/12\/Lars-Lillhannus-768x1110.jpg 768w, https:\/\/www.lassebacklund.fi\/wp-content\/uploads\/2023\/12\/Lars-Lillhannus-1063x1536.jpg 1063w, https:\/\/www.lassebacklund.fi\/wp-content\/uploads\/2023\/12\/Lars-Lillhannus-1417x2048.jpg 1417w\" sizes=\"auto, (max-width: 1772px) 100vw, 1772px\" \/><figcaption id=\"caption-attachment-22429\" class=\"wp-caption-text\">208. I slutet av september 1969, f\u00f6re Syd\u00f6sterbottens medborgarinstitut p\u00e5b\u00f6rjade h\u00f6stterminen samlades ett 30-tal l\u00e4rare p\u00e5 folkh\u00f6gskolan f\u00f6r information. Direktionsordf\u00f6rande Egil Appel h\u00e4lsade v\u00e4lkommen och rektor Trygve Lindqvist presenterade kursutbudet och gav annan viktig information. H\u00e4r \u00e4r det kantor Lars Lillhannus som presenterar sig och ber\u00e4ttar vilka musikkurser som han kommer att dra.<\/figcaption><\/figure>\n<figure id=\"attachment_22448\" aria-describedby=\"caption-attachment-22448\" style=\"width: 2086px\" class=\"wp-caption alignnone\"><img loading=\"lazy\" decoding=\"async\" class=\"size-full wp-image-22448\" src=\"https:\/\/www.lassebacklund.fi\/wp-content\/uploads\/2023\/12\/Lucia-1969-20-DSC_0812.jpg\" alt=\"\" width=\"2086\" height=\"1405\" srcset=\"https:\/\/www.lassebacklund.fi\/wp-content\/uploads\/2023\/12\/Lucia-1969-20-DSC_0812.jpg 2086w, https:\/\/www.lassebacklund.fi\/wp-content\/uploads\/2023\/12\/Lucia-1969-20-DSC_0812-300x202.jpg 300w, https:\/\/www.lassebacklund.fi\/wp-content\/uploads\/2023\/12\/Lucia-1969-20-DSC_0812-1024x690.jpg 1024w, https:\/\/www.lassebacklund.fi\/wp-content\/uploads\/2023\/12\/Lucia-1969-20-DSC_0812-768x517.jpg 768w, https:\/\/www.lassebacklund.fi\/wp-content\/uploads\/2023\/12\/Lucia-1969-20-DSC_0812-1536x1035.jpg 1536w, https:\/\/www.lassebacklund.fi\/wp-content\/uploads\/2023\/12\/Lucia-1969-20-DSC_0812-2048x1379.jpg 2048w\" sizes=\"auto, (max-width: 2086px) 100vw, 2086px\" \/><figcaption id=\"caption-attachment-22448\" class=\"wp-caption-text\">209. Luciakandidaterna 1969 var fr\u00e5n olika delar i Syd\u00f6sterbotten och de var mellan 16 och 18 \u00e5r gamla<\/figcaption><\/figure>\n<figure id=\"attachment_22447\" aria-describedby=\"caption-attachment-22447\" style=\"width: 2090px\" class=\"wp-caption alignnone\"><img loading=\"lazy\" decoding=\"async\" class=\"size-full wp-image-22447\" src=\"https:\/\/www.lassebacklund.fi\/wp-content\/uploads\/2023\/12\/Lucia-1969-1-037-DSC_0799.jpg\" alt=\"\" width=\"2090\" height=\"1366\" srcset=\"https:\/\/www.lassebacklund.fi\/wp-content\/uploads\/2023\/12\/Lucia-1969-1-037-DSC_0799.jpg 2090w, https:\/\/www.lassebacklund.fi\/wp-content\/uploads\/2023\/12\/Lucia-1969-1-037-DSC_0799-300x196.jpg 300w, https:\/\/www.lassebacklund.fi\/wp-content\/uploads\/2023\/12\/Lucia-1969-1-037-DSC_0799-1024x669.jpg 1024w, https:\/\/www.lassebacklund.fi\/wp-content\/uploads\/2023\/12\/Lucia-1969-1-037-DSC_0799-768x502.jpg 768w, https:\/\/www.lassebacklund.fi\/wp-content\/uploads\/2023\/12\/Lucia-1969-1-037-DSC_0799-1536x1004.jpg 1536w, https:\/\/www.lassebacklund.fi\/wp-content\/uploads\/2023\/12\/Lucia-1969-1-037-DSC_0799-2048x1339.jpg 2048w\" sizes=\"auto, (max-width: 2090px) 100vw, 2090px\" \/><figcaption id=\"caption-attachment-22447\" class=\"wp-caption-text\">210. Kandidat nr 2, Rita Hietaharju fr\u00e5n Blomtr\u00e4sket samlade 1 302 r\u00f6ster av totalt 2 708 i Luciavalet 1969. Insamlingen gav \u00f6ver 4 000 mark \u00e5t Kamratf\u00f6rbundet vid folkh\u00f6gskolan och det var pengar som sedan kunde delas ut som stipendier.<\/figcaption><\/figure>\n<figure id=\"attachment_22446\" aria-describedby=\"caption-attachment-22446\" style=\"width: 1972px\" class=\"wp-caption alignnone\"><img loading=\"lazy\" decoding=\"async\" class=\"size-full wp-image-22446\" src=\"https:\/\/www.lassebacklund.fi\/wp-content\/uploads\/2023\/12\/Lucia-1969-1-2-DSC_0818.jpg\" alt=\"\" width=\"1972\" height=\"1288\" srcset=\"https:\/\/www.lassebacklund.fi\/wp-content\/uploads\/2023\/12\/Lucia-1969-1-2-DSC_0818.jpg 1972w, https:\/\/www.lassebacklund.fi\/wp-content\/uploads\/2023\/12\/Lucia-1969-1-2-DSC_0818-300x196.jpg 300w, https:\/\/www.lassebacklund.fi\/wp-content\/uploads\/2023\/12\/Lucia-1969-1-2-DSC_0818-1024x669.jpg 1024w, https:\/\/www.lassebacklund.fi\/wp-content\/uploads\/2023\/12\/Lucia-1969-1-2-DSC_0818-768x502.jpg 768w, https:\/\/www.lassebacklund.fi\/wp-content\/uploads\/2023\/12\/Lucia-1969-1-2-DSC_0818-1536x1003.jpg 1536w\" sizes=\"auto, (max-width: 1972px) 100vw, 1972px\" \/><figcaption id=\"caption-attachment-22446\" class=\"wp-caption-text\">211. Guldsmeden Helge Hellman tillverkade och donerade luciasmycket \u00e5r 1969.<\/figcaption><\/figure>\n<figure id=\"attachment_22449\" aria-describedby=\"caption-attachment-22449\" style=\"width: 1354px\" class=\"wp-caption alignnone\"><img loading=\"lazy\" decoding=\"async\" class=\"size-full wp-image-22449\" src=\"https:\/\/www.lassebacklund.fi\/wp-content\/uploads\/2023\/12\/Lucia-1969-30-DSC_0827.jpg\" alt=\"\" width=\"1354\" height=\"1851\" srcset=\"https:\/\/www.lassebacklund.fi\/wp-content\/uploads\/2023\/12\/Lucia-1969-30-DSC_0827.jpg 1354w, https:\/\/www.lassebacklund.fi\/wp-content\/uploads\/2023\/12\/Lucia-1969-30-DSC_0827-219x300.jpg 219w, https:\/\/www.lassebacklund.fi\/wp-content\/uploads\/2023\/12\/Lucia-1969-30-DSC_0827-749x1024.jpg 749w, https:\/\/www.lassebacklund.fi\/wp-content\/uploads\/2023\/12\/Lucia-1969-30-DSC_0827-768x1050.jpg 768w, https:\/\/www.lassebacklund.fi\/wp-content\/uploads\/2023\/12\/Lucia-1969-30-DSC_0827-1124x1536.jpg 1124w\" sizes=\"auto, (max-width: 1354px) 100vw, 1354px\" \/><figcaption id=\"caption-attachment-22449\" class=\"wp-caption-text\">212. Syd\u00f6sterbottens tionde Lucia Rita Hietaharju ledsagas ner fr\u00e5n scenen av professor Harald Teir, som sk\u00f6tte kr\u00f6ningen. Festen p\u00e5 lokalen samlade en rekordpublik p\u00e5 1 000 personer och de fick ta del av mycket musik och fina upptr\u00e4danden. Fotot fr\u00e5n 13.12.1969.<\/figcaption><\/figure>\n","protected":false},"excerpt":{"rendered":"","protected":false},"author":1,"featured_media":0,"parent":15591,"menu_order":5,"comment_status":"closed","ping_status":"closed","template":"","meta":{"footnotes":""},"class_list":["post-22381","page","type-page","status-publish","hentry"],"_links":{"self":[{"href":"https:\/\/www.lassebacklund.fi\/index.php?rest_route=\/wp\/v2\/pages\/22381","targetHints":{"allow":["GET"]}}],"collection":[{"href":"https:\/\/www.lassebacklund.fi\/index.php?rest_route=\/wp\/v2\/pages"}],"about":[{"href":"https:\/\/www.lassebacklund.fi\/index.php?rest_route=\/wp\/v2\/types\/page"}],"author":[{"embeddable":true,"href":"https:\/\/www.lassebacklund.fi\/index.php?rest_route=\/wp\/v2\/users\/1"}],"replies":[{"embeddable":true,"href":"https:\/\/www.lassebacklund.fi\/index.php?rest_route=%2Fwp%2Fv2%2Fcomments&post=22381"}],"version-history":[{"count":12,"href":"https:\/\/www.lassebacklund.fi\/index.php?rest_route=\/wp\/v2\/pages\/22381\/revisions"}],"predecessor-version":[{"id":22451,"href":"https:\/\/www.lassebacklund.fi\/index.php?rest_route=\/wp\/v2\/pages\/22381\/revisions\/22451"}],"up":[{"embeddable":true,"href":"https:\/\/www.lassebacklund.fi\/index.php?rest_route=\/wp\/v2\/pages\/15591"}],"wp:attachment":[{"href":"https:\/\/www.lassebacklund.fi\/index.php?rest_route=%2Fwp%2Fv2%2Fmedia&parent=22381"}],"curies":[{"name":"wp","href":"https:\/\/api.w.org\/{rel}","templated":true}]}}