{"id":22277,"date":"2023-11-14T22:41:01","date_gmt":"2023-11-14T20:41:01","guid":{"rendered":"https:\/\/www.lassebacklund.fi\/?page_id=22277"},"modified":"2025-05-25T16:38:21","modified_gmt":"2025-05-25T13:38:21","slug":"kalbo-jakob-och-den-ihjalslagna-ryssen-1808","status":"publish","type":"page","link":"https:\/\/www.lassebacklund.fi\/?page_id=22277","title":{"rendered":"Kalbo Jakob och den ihj\u00e4lslagna ryssen 1808"},"content":{"rendered":"<p><span style=\"color: #000080;\"><strong>Sammanst\u00e4llt av Lasse Backlund i november 2023 enligt uppgifter i en tidningsartikel av Eskil Hannus i Syd-\u00d6sterbotten 2 november 1965.<\/strong><\/span><\/p>\n<p><img loading=\"lazy\" decoding=\"async\" class=\"alignnone size-full wp-image-22279\" src=\"https:\/\/www.lassebacklund.fi\/wp-content\/uploads\/2023\/11\/Kalbo-Jakobs-lada.jpg\" alt=\"\" width=\"441\" height=\"635\" srcset=\"https:\/\/www.lassebacklund.fi\/wp-content\/uploads\/2023\/11\/Kalbo-Jakobs-lada.jpg 441w, https:\/\/www.lassebacklund.fi\/wp-content\/uploads\/2023\/11\/Kalbo-Jakobs-lada-208x300.jpg 208w\" sizes=\"auto, (max-width: 441px) 100vw, 441px\" \/><\/p>\n<p>Torparen Jakob Johansson Kallbo (1762-1846) f\u00f6ddes p\u00e5 Br\u00e4nn hemman i Lappfj\u00e4rd och han var gift med Maria M\u00e5rtensdotter Ulves (1764-1843). Jakob var son till bonden Johan Grelsson, som kom som m\u00e5g till hemmanet Br\u00e4nn. Johan var gift med Katarina Henriksdotter.<\/p>\n<p>\u201dKalbo Jakob\u201d skulle i sin ungdom ha varit ovanligt stark. Han var k\u00e4rv och h\u00e5rdf\u00f6r och t\u00e5lde inga intr\u00e5ng p\u00e5 sina dom\u00e4ner. Ryssarnas ankomst till Lappfj\u00e4rd sommaren 1808 var just en s\u00e5dan sak, som fick Jakob p\u00e5 ilsket hum\u00f6r.<\/p>\n<p>Enligt h\u00f6rs\u00e4gen fr\u00e5n Lappfj\u00e4rd for ryssarna h\u00e5rdh\u00e4nt fram p\u00e5 sina st\u00e4llen. Mord och plundringar begicks. Ryssarna kom ocks\u00e5 fram till Kalbo torpet i s\u00f6dra utkanten av kyrkbyn, d\u00e4r de tr\u00e4ffade p\u00e5 torparen Jakob. En av kosackerna fattade tag i Jakobs l\u00e5nga h\u00e5r och tvingade honom att f\u00f6lja med, springande bredvid h\u00e4sten. Men n\u00e4r de kom i n\u00e4rheten av en trave skutved, s\u00e5 ryckte Jakob \u00e5t sig ett tr\u00e4d och slog ihj\u00e4l kosacken. Han gr\u00e4vde ner liket i en grop i Gammelb\u00e4cken, som rinner f\u00f6rbi Kalbo. I n\u00e4rheten fanns ocks\u00e5 en \u00e4ng, som kallades Marin och d\u00e4r h\u00f6ll sig familjen Kalbo g\u00f6mda medan slaget vid Lappfj\u00e4rd p\u00e5gick. \u201dR\u00f6da kanonkulor ven \u00f6ver dem i luften\u201d, har det ber\u00e4ttats i Lappfj\u00e4rd.<\/p>\n<p>\u201dKalbo Jakob\u201d hade en son, som hette Henrik Jakobsson Kallbo (1798-1868), som gifte sig med Brita Stina Mickelsdotter, f\u00f6dd S\u00f6derberg (1805-1869).<\/p>\n<p>Henrik och Brita fick \u00e5tminstone en son, som hette Josef Kalbo (1846-1873), som sedan gifte sig med Greta Sofia, som var f\u00f6dd 1847 i Vestervik i Sideby. Josef och Greta Sofia fick endast en son, som dog ung och Josef sj\u00e4lv dog \u00e5r 1873. D\u00e4rmed dog den egentliga sl\u00e4kten Kalbo ut.<\/p>\n<p>\u00c4nkan Greta Sofia, gifte sedan om sig med Josef Nordlund, som var f\u00f6dd p\u00e5 Lillsund hemman i Lappfj\u00e4rd \u00e5r 1847. Han hade till och med hetat Lillsund i tiderna men antog sedan sl\u00e4ktnamnet Nordlund.<\/p>\n<p>Greta Sofia och Johan Nordlund fick en dotter Hilda (1888-1980), som sedan hela livet kallades \u201dKalbo Hilda\u201d trots att hon inte var n\u00e5gon riktig Kalbo. Hon var i flera \u00e5rs tid piga hos Wilhelmina och Viktor Rosenstedt i Perus. \u00c5r 1924 gifte sig Hilda med husbonden, \u00e4nklingen Viktor Rosenstedt (1872-1954) och de bodde sedan i ett mindre hus p\u00e5 v\u00e4gen till Dagsmark, s\u00e5 l\u00e4nge de levde.<\/p>\n<p>Det \u00e4r denna Hilda, som har ber\u00e4ttat historien f\u00f6r Eskil Hannus, som \u00e5r 1965 publicerade ber\u00e4ttelsen i tidningen Syd-\u00d6sterbotten. Eskil Hannus hade f\u00f6rst h\u00f6rt historien om den d\u00f6dade ryssen av Ivar \u201dKalbo Ivar\u201d Nordlund, som dog 1963 men denne hann ber\u00e4tta \u00e5t Eskil att hans moster \u201dKalbo Hilda\u201d vet mera om denna episod.<\/p>\n<p>Ber\u00e4ttelsen om den d\u00f6dade ryssen \u00e4r bara en h\u00f6rs\u00e4gen, f\u00f6r dylika h\u00e4ndelser finns inte nedtecknade. Man kan dock anta att det nog finns en gnutta sanningshalt i ber\u00e4ttelsen, annars skulle den inte ha \u00f6verlevt s\u00e5 l\u00e4nge.<\/p>\n<p>&nbsp;<\/p>\n","protected":false},"excerpt":{"rendered":"<p>Sammanst\u00e4llt av Lasse Backlund i november 2023 enligt uppgifter i en tidningsartikel av Eskil Hannus i Syd-\u00d6sterbotten 2 november 1965. Torparen Jakob Johansson Kallbo (1762-1846) f\u00f6ddes p\u00e5 Br\u00e4nn hemman i Lappfj\u00e4rd och han var gift med Maria M\u00e5rtensdotter Ulves (1764-1843). <a class=\"more-link\" href=\"https:\/\/www.lassebacklund.fi\/?page_id=22277\">Forts\u00e4tt l\u00e4sa <span class=\"screen-reader-text\">  Kalbo Jakob och den ihj\u00e4lslagna ryssen 1808<\/span><span class=\"meta-nav\">&rarr;<\/span><\/a><\/p>\n","protected":false},"author":1,"featured_media":0,"parent":6292,"menu_order":490,"comment_status":"closed","ping_status":"closed","template":"","meta":{"footnotes":""},"class_list":["post-22277","page","type-page","status-publish","hentry"],"_links":{"self":[{"href":"https:\/\/www.lassebacklund.fi\/index.php?rest_route=\/wp\/v2\/pages\/22277","targetHints":{"allow":["GET"]}}],"collection":[{"href":"https:\/\/www.lassebacklund.fi\/index.php?rest_route=\/wp\/v2\/pages"}],"about":[{"href":"https:\/\/www.lassebacklund.fi\/index.php?rest_route=\/wp\/v2\/types\/page"}],"author":[{"embeddable":true,"href":"https:\/\/www.lassebacklund.fi\/index.php?rest_route=\/wp\/v2\/users\/1"}],"replies":[{"embeddable":true,"href":"https:\/\/www.lassebacklund.fi\/index.php?rest_route=%2Fwp%2Fv2%2Fcomments&post=22277"}],"version-history":[{"count":2,"href":"https:\/\/www.lassebacklund.fi\/index.php?rest_route=\/wp\/v2\/pages\/22277\/revisions"}],"predecessor-version":[{"id":22280,"href":"https:\/\/www.lassebacklund.fi\/index.php?rest_route=\/wp\/v2\/pages\/22277\/revisions\/22280"}],"up":[{"embeddable":true,"href":"https:\/\/www.lassebacklund.fi\/index.php?rest_route=\/wp\/v2\/pages\/6292"}],"wp:attachment":[{"href":"https:\/\/www.lassebacklund.fi\/index.php?rest_route=%2Fwp%2Fv2%2Fmedia&parent=22277"}],"curies":[{"name":"wp","href":"https:\/\/api.w.org\/{rel}","templated":true}]}}