{"id":22259,"date":"2023-11-06T19:02:35","date_gmt":"2023-11-06T17:02:35","guid":{"rendered":"https:\/\/www.lassebacklund.fi\/?page_id=22259"},"modified":"2024-12-22T14:58:11","modified_gmt":"2024-12-22T12:58:11","slug":"kops-kontor-i-lappfjard","status":"publish","type":"page","link":"https:\/\/www.lassebacklund.fi\/?page_id=22259","title":{"rendered":"KOP:s kontor i Lappfj\u00e4rd"},"content":{"rendered":"<p><strong><span style=\"color: #000080;\">Sammanst\u00e4llt av Lasse Backlund i november 2023.<\/span><\/strong><\/p>\n<h3><strong>Historia<\/strong><\/h3>\n<p><strong>\u00c5r 1959, den 5 mars<\/strong> s\u00e5lde Elis Lilltr\u00e4sk en tomt p\u00e5 ca 1 800 kvm av H\u00e5ksell hemman \u00e5t Ab Haldin Oy fr\u00e5n Vasa f\u00f6r 905 000 gamla mark och de uppf\u00f6rde d\u00e5 en byggnad p\u00e5 tomten, som fick namnet Viking 13-52.<\/p>\n<p><strong>I mitten av 1960-talet<\/strong> f\u00f6reslog V. Nummela, Arne L\u00f6vholm och flera andra kunder att KOP skulle \u00f6ppna ett filialkontor i Lappfj\u00e4rd. Aff\u00e4rsbanken KOP hade sedan 1919 haft bankkontor i Kristinestad, men nu ans\u00e5gs tiden inne att utvidga r\u00f6relsen till Lappfj\u00e4rd.<\/p>\n<p><strong>\u00c5r 1967, den 21 februari<\/strong> s\u00e5lde Ab Haldin Oy\u00a0 l\u00e4genheten Viking \u00e5t byggm\u00e4stare Thure Nygren f\u00f6r 35 000 mark. Denne p\u00e5b\u00f6rjade en renovering och ombyggnad av byggnaden och den f\u00f6rsta hyresg\u00e4sten, som flyttade dit var arbetskraftsbyr\u00e5n. De \u00f6ppnade i den \u00f6stra \u00e4ndan den 1 maj 1967.<\/p>\n<p><strong>\u00c5r 1967, den 9 augusti<\/strong> s\u00e5lde byggm\u00e4stare Thure Nygren l\u00e4genheten Viking med byggnad f\u00f6r 40 000 mark \u00e5t KOP:s fastighetsbolag Kerova Oy. Nygren renoverade d\u00e5 den v\u00e4stra delen och den 6 november samma \u00e5r kunde KOP \u00f6ppna sitt kontor. F\u00f6rest\u00e5ndare blev merkonom Jan-Ole Svens fr\u00e5n Kristinestad och Laila Koski, senare gift S\u00f6derg\u00e5rd fr\u00e5n \u00d6mossa sk\u00f6tte bankbetj\u00e4ningen.<\/p>\n<figure id=\"attachment_22258\" aria-describedby=\"caption-attachment-22258\" style=\"width: 800px\" class=\"wp-caption alignnone\"><img loading=\"lazy\" decoding=\"async\" class=\"size-full wp-image-22258\" src=\"https:\/\/www.lassebacklund.fi\/wp-content\/uploads\/2023\/11\/KOP-i-Lappfjard-previewImage_4-YAM100300-P-2-143423040700300-1.jpg\" alt=\"\" width=\"800\" height=\"600\" srcset=\"https:\/\/www.lassebacklund.fi\/wp-content\/uploads\/2023\/11\/KOP-i-Lappfjard-previewImage_4-YAM100300-P-2-143423040700300-1.jpg 800w, https:\/\/www.lassebacklund.fi\/wp-content\/uploads\/2023\/11\/KOP-i-Lappfjard-previewImage_4-YAM100300-P-2-143423040700300-1-300x225.jpg 300w, https:\/\/www.lassebacklund.fi\/wp-content\/uploads\/2023\/11\/KOP-i-Lappfjard-previewImage_4-YAM100300-P-2-143423040700300-1-768x576.jpg 768w\" sizes=\"auto, (max-width: 800px) 100vw, 800px\" \/><figcaption id=\"caption-attachment-22258\" class=\"wp-caption-text\">Fotot av KOP:s kontor i Lappfj\u00e4rd \u00e4r l\u00e5nat fr\u00e5n Facebook.<\/figcaption><\/figure>\n<p>D\u00e5 KOP \u00f6ppnade \u00e5r 1967, s\u00e5 fanns det fr\u00e5n tidigare flera andra bankkontor i Lappfj\u00e4rd. I grannskapet fanns den \u00e4ldsta banken Lappfj\u00e4rds Sparbank, p\u00e5 andra sidan landsv\u00e4gen l\u00e5g Postbankens kontor. I Stenmanas kroken fanns den gamla Lantmannabanken, som Helsingfors Aktiebank hade tagit \u00f6ver och p\u00e5 andra sidan \u00e5n fanns Lappfj\u00e4rdsnejdens Andelskassas kontor.<\/p>\n<p><strong>\u00c5r 1977, i januari<\/strong> \u00f6ppnade Matti Pajunen, 39 \u00e5r och hemma fr\u00e5n Sideby en reparationsverkstad, som granne till banken. Han bodde d\u00e5 i Kristinestad och reparerade elektroniska apparater och eftersom han ocks\u00e5 s\u00e5lde s\u00e5dana s\u00e5 trodde han att utrymmet inte kommer att r\u00e4cka till i framtiden.<\/p>\n","protected":false},"excerpt":{"rendered":"<p>Sammanst\u00e4llt av Lasse Backlund i november 2023. Historia \u00c5r 1959, den 5 mars s\u00e5lde Elis Lilltr\u00e4sk en tomt p\u00e5 ca 1 800 kvm av H\u00e5ksell hemman \u00e5t Ab Haldin Oy fr\u00e5n Vasa f\u00f6r 905 000 gamla mark och de uppf\u00f6rde <a class=\"more-link\" href=\"https:\/\/www.lassebacklund.fi\/?page_id=22259\">Forts\u00e4tt l\u00e4sa <span class=\"screen-reader-text\">  KOP:s kontor i Lappfj\u00e4rd<\/span><span class=\"meta-nav\">&rarr;<\/span><\/a><\/p>\n","protected":false},"author":1,"featured_media":0,"parent":23,"menu_order":0,"comment_status":"closed","ping_status":"closed","template":"","meta":{"footnotes":""},"class_list":["post-22259","page","type-page","status-publish","hentry"],"_links":{"self":[{"href":"https:\/\/www.lassebacklund.fi\/index.php?rest_route=\/wp\/v2\/pages\/22259","targetHints":{"allow":["GET"]}}],"collection":[{"href":"https:\/\/www.lassebacklund.fi\/index.php?rest_route=\/wp\/v2\/pages"}],"about":[{"href":"https:\/\/www.lassebacklund.fi\/index.php?rest_route=\/wp\/v2\/types\/page"}],"author":[{"embeddable":true,"href":"https:\/\/www.lassebacklund.fi\/index.php?rest_route=\/wp\/v2\/users\/1"}],"replies":[{"embeddable":true,"href":"https:\/\/www.lassebacklund.fi\/index.php?rest_route=%2Fwp%2Fv2%2Fcomments&post=22259"}],"version-history":[{"count":6,"href":"https:\/\/www.lassebacklund.fi\/index.php?rest_route=\/wp\/v2\/pages\/22259\/revisions"}],"predecessor-version":[{"id":23475,"href":"https:\/\/www.lassebacklund.fi\/index.php?rest_route=\/wp\/v2\/pages\/22259\/revisions\/23475"}],"up":[{"embeddable":true,"href":"https:\/\/www.lassebacklund.fi\/index.php?rest_route=\/wp\/v2\/pages\/23"}],"wp:attachment":[{"href":"https:\/\/www.lassebacklund.fi\/index.php?rest_route=%2Fwp%2Fv2%2Fmedia&parent=22259"}],"curies":[{"name":"wp","href":"https:\/\/api.w.org\/{rel}","templated":true}]}}