{"id":22241,"date":"2023-11-03T17:07:13","date_gmt":"2023-11-03T15:07:13","guid":{"rendered":"https:\/\/www.lassebacklund.fi\/?page_id=22241"},"modified":"2023-11-03T20:13:20","modified_gmt":"2023-11-03T18:13:20","slug":"lina-sandells-besok-i-kristinestad","status":"publish","type":"page","link":"https:\/\/www.lassebacklund.fi\/?page_id=22241","title":{"rendered":"Lina Sandells bes\u00f6k i Kristinestad\u00a0"},"content":{"rendered":"<p><span style=\"color: #000080;\"><b>Sammanst\u00e4llt och renskrivet av Lasse Backlund i november 2023.<\/b><\/span><\/p>\n<p><span style=\"color: #000080;\"><strong>P\u00e5 riktigt hette hon Carolina Wilhelmina Sandell men hon \u00e4r mest k\u00e4nd som Lina Sandell, f\u00f6dd i Sm\u00e5land i Sverige \u00e5r 1832. Hon var teolog, poet, f\u00f6rfattare och har skrivit psalmer som \u201dBlott en dag\u201d och \u201dTryggare kan ingen vara\u201d.<\/strong><\/span><\/p>\n<figure id=\"attachment_22248\" aria-describedby=\"caption-attachment-22248\" style=\"width: 436px\" class=\"wp-caption alignnone\"><img loading=\"lazy\" decoding=\"async\" class=\"size-full wp-image-22248\" src=\"https:\/\/www.lassebacklund.fi\/wp-content\/uploads\/2023\/11\/Lina-Sandells-foto.jpg\" alt=\"\" width=\"436\" height=\"676\" srcset=\"https:\/\/www.lassebacklund.fi\/wp-content\/uploads\/2023\/11\/Lina-Sandells-foto.jpg 436w, https:\/\/www.lassebacklund.fi\/wp-content\/uploads\/2023\/11\/Lina-Sandells-foto-193x300.jpg 193w\" sizes=\"auto, (max-width: 436px) 100vw, 436px\" \/><figcaption id=\"caption-attachment-22248\" class=\"wp-caption-text\">Lina Sandell (1832-1903)<\/figcaption><\/figure>\n<p><span style=\"color: #000080;\"><strong>Sin utbildning fick hon i unga \u00e5r i hemmet av sin far, som var prost och hon l\u00e4rde sig ocks\u00e5 fr\u00e4mmande spr\u00e5k. Men hon var ocks\u00e5 sjuklig, s\u00e5 hon till och med var delvis f\u00f6rlamad. Med \u00e5ren blev hon dock starkare och n\u00e4stan \u00e5terst\u00e4lld.<\/strong><\/span><\/p>\n<p><span style=\"color: #000080;\"><strong>\u00c5r 1867 gifte hon sig med handlanden Oscar Berg (1839-1903), som ocks\u00e5 var riksdagsman och bokf\u00f6rl\u00e4ggare. Tillsammans gjorde de en br\u00f6llopsresa till \u00d6sterbotten och de stannade en tid i Kristinestad.<\/strong><\/span><\/p>\n<p><span style=\"color: #000080;\"><strong>Ivar Lind\u00e9n, som var prost i Lappfj\u00e4rd skrev en ber\u00e4ttelse om parets bes\u00f6k i Kristinestad, som han publicerade i tidningen Syd-\u00d6sterbotten i augusti 1967, allts\u00e5 100 \u00e5r efter bes\u00f6ket.\u00a0<\/strong><\/span><\/p>\n<h5><strong>Prosten Ivar Lind\u00e9ns artikel.<\/strong><\/h5>\n<p>En sommars\u00f6ndag \u00e5r 1867 \u2013 allts\u00e5 f\u00f6r hundra \u00e5r sedan \u2013 kom en svensk aff\u00e4rsman ut fr\u00e5n Ulrika Eleonorakyrkan i Kristinestad, d\u00e4r han nyss hade bevistat gudstj\u00e4nsten. Han fr\u00e5gade d\u00e5 en annan kyrkobes\u00f6kare, om det skulle h\u00e5llas n\u00e5gon andaktsstund i staden p\u00e5 kv\u00e4llen. Detta blev b\u00f6rjan p\u00e5 en s\u00e4regen kontakt.<\/p>\n<p>Den h\u00e4r mannen var aff\u00e4rsmannen Oscar Berg och han var inte enbart p\u00e5 aff\u00e4rsresa i Finland utan han var ocks\u00e5 p\u00e5 br\u00f6llopsresa. Han hade nyligen gift sig med den k\u00e4nda s\u00e5ngf\u00f6rfattarinnan Lina Sandell. Hon var med honom i Kristinestad men hade insjuknat och l\u00e5g denna s\u00f6ndag <a href=\"https:\/\/www.kristinestadshistoria.fi\/?page_id=20660\">p\u00e5 sitt hotellrum<\/a>. Vad som sedan h\u00e4nde den h\u00e4r s\u00f6ndagen och dagen d\u00e4rp\u00e5 har hon utf\u00f6rligt skildrat i sina dagboksanteckningar:<\/p>\n<h5><strong>Lina Sandells anteckningar om bes\u00f6ket i Kristinestad.<\/strong><\/h5>\n<p>\u201dMen j\u00e4mte sjukdomsn\u00f6den hade Herren \u00e4ven vederkvickelse i beredskap \u00e5t oss. P\u00e5 s\u00f6ndagen gick Oscar t\u00e4mligen nedslagen fr\u00e5n kyrkan. Han fr\u00e5gade d\u00e5 av ett fruntimmer om det m\u00f6jligen skulle h\u00e5llas n\u00e5gon andlig sammankomst n\u00e5gonstans i staden p\u00e5 aftonen. Hon svarade glatt att ni \u00e4r en som tror p\u00e5 Herren Jesus, s\u00e5 var v\u00e4lkommen till telegrafchefen i kv\u00e4ll. D\u00e4r kommer att samlas n\u00e5gra k\u00e4ra v\u00e4nner.<\/p>\n<p>Oscar kom till <a href=\"https:\/\/www.kristinestadshistoria.fi\/?page_id=20660\">hotellrummet<\/a> och ber\u00e4ttade om detta f\u00f6r mig och trots att jag var klen ville jag g\u00e4rna komma ut. S\u00e5 vi besl\u00f6t att g\u00e5 dit. Vi visste inte vad denna \u201dtelegrafchef\u201d hette eller var han bodde.<\/p>\n<p>Vi gick ut p\u00e5 gatan d\u00e4r vi r\u00e5kade p\u00e5 ett fruntimmer och fr\u00e5gade henne var b\u00f6nestunden skulle h\u00e5llas. Hon svarade d\u00e5 att f\u00f6lj med henne, f\u00f6r hon var just p\u00e5 v\u00e4g dit.<\/p>\n<p>Vi kom d\u00e5 till en ganska stor sal, d\u00e4r det var mycket folk. D\u00e4r talade f\u00f6rst en urmakare \u00f6ver psalm 45, gott och enkelt p\u00e5 fullt evangelisk grund. Sedan fortsatte en postiljon i samma \u00e4mne och det k\u00e4ndes ljuvligt att f\u00e5 vara tillsammans med trossyskon. Det hela p\u00e5minde om samlingsstunderna med v\u00e5ra kolport\u00f6rer hemma i Sm\u00e5land.<\/p>\n<p>Vi b\u00f6rjade dock snart f\u00f6rst\u00e5 att vi hade kommit till ett annat st\u00e4lle, \u00e4n dit vi var p\u00e5 v\u00e4g. Vi gladde oss i alla fall att det fanns mer \u00e4n en samlingslokal f\u00f6r Guds barn i den lilla staden.<\/p>\n<p>Vi gick ut p\u00e5 gatan och st\u00f6tte d\u00e5 p\u00e5 en man, som sade att han var p\u00e5 v\u00e4g till hotellet. Han hade av telegrafchefen blivit utskickad f\u00f6r att h\u00e4mta en svensk resande fr\u00e5n hotellet, som ville vara med om en samlingsstund kring Guds ord. V\u00e4nnerna hos telegrafchefen visste inte vad vi hette, lika lite som vi visste vad de hette.<\/p>\n<p>Givetvis antog vi inbjudan och f\u00f6ljde med mannen och blev p\u00e5 det hj\u00e4rtligaste mottagna av telegrafchefen Stenroth och hans fru. Stenroth sj\u00e4lv var f\u00f6rv\u00e5nande lik v\u00e5r k\u00e4re Salander i \u00d6lmestad, som var en av de mest uppburna pr\u00e4sterna i V\u00e4xj\u00f6 stift p\u00e5 1860-talet.<\/p>\n<p>Det var inte s\u00e5 underligt att det k\u00e4ndes lite varmt om hj\u00e4rtat. Han hade l\u00e4nge tr\u00e4lat under ett lagsok men kunde nu inte nog prisa och upph\u00f6ja den fria n\u00e5den. Luthers skrifter hade varit medlet till hans frig\u00f6relse och d\u00e4rf\u00f6r var de k\u00e4rare och dyrbarare \u00e4n alla andra m\u00e4nniskoskrifter.<\/p>\n<p>Han l\u00e4ste h\u00f6gt Luthers predikan f\u00f6r dagen och denna gav sedan anledning till ett livligt samtal. N\u00e5gra enkelt troende Guds barn var samlade i g\u00e5rden och f\u00f6rst p\u00e5 kv\u00e4llen skiljdes vi fr\u00e5n dem och vi blev d\u00e5 inbjudna att tillbringa hela f\u00f6ljande dag i deras krets.<\/p>\n<p>Vi gjorde s\u00e5 f\u00f6ljande dag och hade ljuvliga stunder tillsammans kring bibeln och Luther. P\u00e5 kv\u00e4llen blev vi sedan inbjudna till folkskoll\u00e4rare Stenberg. Han h\u00f6ll d\u00e5 en bibelf\u00f6rklaring \u00f6ver Jesaja 35.\u201d<\/p>\n<h5><strong>Vad vet vi nu om dessa kretsar d\u00e4r Lina Sandell och hennes man Oscar trivdes under sitt bes\u00f6k i Kristinestad.<\/strong><\/h5>\n<p>Urmakaren hette Johan Fredrik Westerholm och han var den centrala gestalt, som de s\u00e5 kallade norrstadskristna samlades kring. Han var ingen stor talare men han var nitisk att samla folk omkring sig.<\/p>\n<p>Postiljonen hette Granholm och hade desto l\u00e4ttare att uttrycka sig. Han hade dock inte tid att hela tiden vara med d\u00e4r han beh\u00f6vdes, och allt fler m\u00e4nniskor kom och visade sin l\u00e4ngtan att f\u00e5 h\u00f6ra Guds ord.<\/p>\n<p>Andaktsstunderna var framf\u00f6r allt tillf\u00e4llen d\u00e4r man l\u00e4ste ur Luthers eller andra goda l\u00e4rares skrifter. De som regelbundet samlades vid dessa \u201dnorrstadskristnas\u201d m\u00f6ten skall enligt deras egna uppgifter vid denna tid ha varit n\u00e4rmare ett hundratal.<\/p>\n<p>Den andra gruppen som Lina skrev om var resterna av de s\u00e5 kallade \u201ds\u00f6derstadskristna\u201d. Dessa samlades i snickaren Sundblads hem. De hade n\u00e4ra anknytning till den andliga r\u00f6relse som hade uppst\u00e5tt kring Maja Lisa Snickars i N\u00e4rpes. Sundblads hustru var s\u00e4rskilt k\u00e4nd f\u00f6r sin innerliga gudsfruktan. Fr\u00e5n detta hem har f\u00f6rresten flera k\u00e4nda kantorer och organister med namnet Sundblad utg\u00e5tt.<\/p>\n<p>N\u00e4r urmakaren Westerholm \u00e5r 1860 slog sig ner i staden och de norrstadskristna blev en verklig r\u00f6relse att tala om, s\u00e5 ville de s\u00f6derstadskristna g\u00e5 samman med dem. Det fick de inte eftersom de f\u00f6rutom Luthers skrifter ocks\u00e5 godk\u00e4nde reformerta f\u00f6rfattare, som enligt Westerholms mening f\u00f6r mycket talade om Andens verk i den troendes innersta.<\/p>\n<p>B\u00e5de Sundblad och Westerholm skrev till Fredrik Gabriel Hedberg, som b\u00e5da hade st\u00f6rsta f\u00f6rtroende f\u00f6r. Vad Hedberg gav f\u00f6r r\u00e5d \u00e5t dem vet vi inte men sp\u00e4nningen mellan de b\u00e5da l\u00e4gren l\u00e4ttade.<\/p>\n<p>\u00c5r 1866, d\u00e5 metodisterna inledde sin verksamhet i Kristinestad, drogs n\u00e5gra av de s\u00f6derstadskristna till den r\u00f6relsen, bland annat snickaren Sundblad. Hans hustru d\u00e4remot fortsatte att tillsammans med flera andra samlas hos telegrafdirekt\u00f6ren Stenroth, som Lina Sandell hade s\u00e5 stort f\u00f6rtroende f\u00f6r.<\/p>\n<p>Urmakaren Westerholm gillade inte Stenroth, d\u00e4rf\u00f6r att denne hade haft kontakt med en Gestrin fr\u00e5n Satakunda, som var k\u00e4nd f\u00f6r att driva en evangelisk syndfrihetsl\u00e4ra. Stenroth hade genom dem kommit till frig\u00f6relse men f\u00f6rnekade best\u00e4mt i ett brev till Fredrik Gabriel Hedberg att han skulle hylla deras syndfrihetsl\u00e4ra. I brevet till Hedberg klagar han \u00f6ver att urmakaren Westerholm helt missf\u00f6rst\u00e5tt honom och undrar samtidigt om urmakaren har den goda l\u00e4ran blott i huvudet. Tydligen v\u00e4ntade Stenroth att Westerholm borde ha visat mer kristlig k\u00e4rlek, d\u00e5 de ju hade funnit samma fr\u00e4lsningsgrund, \u00e4ven om deras v\u00e4gar var n\u00e5got olika.<\/p>\n<p>Tv\u00e5 \u00e5r efter Lina Sandells bes\u00f6k kunde Westerholm i ett brev till Hedberg med gl\u00e4dje omn\u00e4mna att de b\u00e5da grupperna nu har blivit ett. Sannolikt \u00e4r att Lina Sandells stora uppskattning av b\u00e5de \u201ds\u00f6derstadskristna\u201d och \u201dnorrstadskristna\u201d i h\u00f6g grad bidrog till detta enande.<\/p>\n<p>Makarna Lina Sandell och Oscar Berg fortsatte sedan br\u00f6llopsresan upp till Vasa och ur hennes dagbok kan man m\u00e4rka att de saknade de givande tillf\u00e4llen vid ordet och i troende v\u00e4nners krets, som de hade haft i Kristinestad.<\/p>\n<h3><strong>F\u00f6rklaringar och l\u00e4nkar:<\/strong><\/h3>\n<p>Telegrafchefen Stenroth bodde i <a href=\"https:\/\/www.kristinestadshistoria.fi\/?page_id=23686\">g\u00e5rden Strandgatan 13.<\/a><\/p>\n<p>Urmakare Westerholm bodde i <a href=\"https:\/\/www.kristinestadshistoria.fi\/?page_id=19675\">g\u00e5rden Strandgatan 27<\/a>, vid Kolargr\u00e4nden.<\/p>\n<p>Snickare Sundblad bodde p\u00e5 <a href=\"https:\/\/www.kristinestadshistoria.fi\/?page_id=23788\">V\u00e4stra L\u00e5nggatan 38<\/a>, vid Sundstr\u00f6msgatan.<\/p>\n<p>Postiljonen Granholm bodde p\u00e5 V\u00e4stra L\u00e5nggatan, l\u00e4ngst bort i norrstan.<\/p>\n<p>L\u00e4s mera om Fredrik Gabriel Hedberg <a href=\"https:\/\/sv.wikipedia.org\/wiki\/Fredrik_Gabriel_Hedberg\"><span style=\"color: #000080;\"><strong>H\u00c4R!<\/strong><\/span><\/a><\/p>\n<p>L\u00e4s mera om Lina Sandell <a href=\"https:\/\/sv.wikipedia.org\/wiki\/Lina_Sandell\"><span style=\"color: #000080;\"><strong>H\u00c4R!<\/strong><\/span><\/a><\/p>\n","protected":false},"excerpt":{"rendered":"<p>Sammanst\u00e4llt och renskrivet av Lasse Backlund i november 2023. P\u00e5 riktigt hette hon Carolina Wilhelmina Sandell men hon \u00e4r mest k\u00e4nd som Lina Sandell, f\u00f6dd i Sm\u00e5land i Sverige \u00e5r 1832. Hon var teolog, poet, f\u00f6rfattare och har skrivit psalmer <a class=\"more-link\" href=\"https:\/\/www.lassebacklund.fi\/?page_id=22241\">Forts\u00e4tt l\u00e4sa <span class=\"screen-reader-text\">  Lina Sandells bes\u00f6k i Kristinestad\u00a0<\/span><span class=\"meta-nav\">&rarr;<\/span><\/a><\/p>\n","protected":false},"author":1,"featured_media":0,"parent":19,"menu_order":525,"comment_status":"closed","ping_status":"closed","template":"","meta":{"footnotes":""},"class_list":["post-22241","page","type-page","status-publish","hentry"],"_links":{"self":[{"href":"https:\/\/www.lassebacklund.fi\/index.php?rest_route=\/wp\/v2\/pages\/22241","targetHints":{"allow":["GET"]}}],"collection":[{"href":"https:\/\/www.lassebacklund.fi\/index.php?rest_route=\/wp\/v2\/pages"}],"about":[{"href":"https:\/\/www.lassebacklund.fi\/index.php?rest_route=\/wp\/v2\/types\/page"}],"author":[{"embeddable":true,"href":"https:\/\/www.lassebacklund.fi\/index.php?rest_route=\/wp\/v2\/users\/1"}],"replies":[{"embeddable":true,"href":"https:\/\/www.lassebacklund.fi\/index.php?rest_route=%2Fwp%2Fv2%2Fcomments&post=22241"}],"version-history":[{"count":7,"href":"https:\/\/www.lassebacklund.fi\/index.php?rest_route=\/wp\/v2\/pages\/22241\/revisions"}],"predecessor-version":[{"id":22251,"href":"https:\/\/www.lassebacklund.fi\/index.php?rest_route=\/wp\/v2\/pages\/22241\/revisions\/22251"}],"up":[{"embeddable":true,"href":"https:\/\/www.lassebacklund.fi\/index.php?rest_route=\/wp\/v2\/pages\/19"}],"wp:attachment":[{"href":"https:\/\/www.lassebacklund.fi\/index.php?rest_route=%2Fwp%2Fv2%2Fmedia&parent=22241"}],"curies":[{"name":"wp","href":"https:\/\/api.w.org\/{rel}","templated":true}]}}