{"id":22228,"date":"2023-10-31T17:59:27","date_gmt":"2023-10-31T15:59:27","guid":{"rendered":"https:\/\/www.lassebacklund.fi\/?page_id=22228"},"modified":"2025-06-23T20:44:52","modified_gmt":"2025-06-23T17:44:52","slug":"norrgards-hemmans-historia","status":"publish","type":"page","link":"https:\/\/www.lassebacklund.fi\/?page_id=22228","title":{"rendered":"Norrg\u00e5rds hemmans historia"},"content":{"rendered":"<p><strong><span style=\"color: #000080;\">Inga-Lill Sandstr\u00f6m, som v\u00e4xte upp i Dagsmark men numera bosatt i Vasa har gjort en grundlig utredning om det Storkull hemman som vid storskiftet 1900-1912 blev Norrg\u00e5rd 6:7-8. Det var d\u00e5 7\/96 mantal av Storkull och \u00e4gdes av bonden Viktor Johansson Norrg\u00e5rd f. Klemets och hans hustru Edla Karlsdotter.<\/span><\/strong><\/p>\n<h2><strong>Hemmanet omkring 1800.<\/strong><\/h2>\n<p><strong>Erik Mattsson Storkull<\/strong> f. 1773 hade efter fadern Matts Mattsson Storkull f. 1739 erh\u00e5llit h\u00e4lften eller 7\/48 mantal av Storkull skattehemman. Erik var gift med Catarina Henriksdotter Br\u00e4nn fr\u00e5n Lappfj\u00e4rd. Andra h\u00e4lften av hemmanet erh\u00f6ll hans bror Matts Mattsson Storkull f. 1766.<\/p>\n<h4><strong>Hemmanet delades<\/strong><\/h4>\n<p>Erik Mattsson Storkull \u00e4gde hemmanet till \u00e5r 1825 d\u00e5 det delades mellan tv\u00e5 av hans s\u00f6ner, Henrik Eriksson f. 1798 och Erik Eriksson f. 1801. Vardera erh\u00f6ll 7\/96 mantal av Storkull hemman.<\/p>\n<h4><strong>Henrik Eriksson tar \u00f6ver \u00e5r 1825<\/strong><\/h4>\n<p><strong>Henrik Eriksson Storkull<\/strong> f. 1798 var gift med Anna Greta Eriksdotter Mattfolk och han \u00e4gde hemmanet om 7\/96 dels mantal till \u00e5r 1867 d\u00e5 det \u00f6vertogs av hans son Erik Henrik f. 1825. Erik Henriks bror Karl Henriksson f. 1837 kallades \u201dKoll Kaal\u201d och var torpare p\u00e5 hemmanet.<\/p>\n<h4><strong>Erik Henrik tar \u00f6ver \u00e5r 1867<\/strong><\/h4>\n<p><strong>Erik Henrik Henriksson Storkull<\/strong> f. 1825 var gift tre g\u00e5nger: Gift 1. med Greta Andersdotter Klemets, gift 2. med Greta Johansdotter Korsb\u00e4ck och gift 3. med Maja Lena Johansdotter L\u00e5ng. Han hade f\u00e5tt 1.uppb. p\u00e5 sitt hemman 7\/96 dels mantal \u00e5r 1867<\/p>\n<h4><strong>Erik Henrik s\u00e4ljer halva hemmanet \u00e5r 1871<\/strong><\/h4>\n<p>Erik Henrik s\u00e5lde h\u00e4lften eller 7\/192 mtl den 1 april 1871 \u00e5t torparen Johan Henrik Lillkull eller Fr\u00f6berg och hans hustru Anna Lisa Andersdotter. K\u00f6pesumman var 1 400 mark och i k\u00f6pet ingick 1\/3 del av rian samt \u00e5ker, \u00e4ng, skog och mark. Johan Henrik Lillkull, el. Fr\u00f6berg el. Storkull och hans hustru Anna Lisa avstod hemmanet till sin son Johan Johan Henriksson den 25 april 1878.<\/p>\n<h4><strong>Viktor Norrg\u00e5rd k\u00f6per halva hemmanet \u00e5r 1891<\/strong><\/h4>\n<p>Johan Fr\u00f6berg el. Storkull f.4.4 1850 var gift med Wilhelmina Gustafsdotter \u00c5djers. Han \u00e4gde hemmanet om 7\/192 dels mantal av Storkull till \u00e5r 1891 d\u00e5 han efter hustruns d\u00f6d s\u00e5lde hemmanet f\u00f6r sin och de tre omyndiga barnens del. K\u00f6pebrevet skrevs den 28 mars 1891 och k\u00f6pesumman var 3050 mark. K\u00f6pare var torparen Viktor Johan Henriksson Klemets, senare Norrg\u00e5rd och hans hustru Edla Maria Karlsdotter. S\u00e4ljaren Johan f\u00f6rbeh\u00f6ll sig boningsstugan (en stuga, tv\u00e5 bokammare och farstukammare). Alla \u00f6vriga hus tillf\u00f6ll k\u00f6paren.\u00a0 Viktor Johansson Norrg\u00e5rd fick fastebrev p\u00e5 7\/192 mantal av Storkull den 10 maj 1892.<\/p>\n<p>Den andra delen av hemmanet 7\/192 mantal som Erik Henrik Storkull sj\u00e4lv blev med, d\u00e5 han \u00e5r 1871 s\u00e5lde halva hemmanet \u00e5t Johan Henrik Fr\u00f6berg. Denne \u00f6verl\u00e4t sedan hemmanet \u00e5t sin dotter Maria Sofia Storkull (f. 1858) och hennes man Josef Henrik Utter, senare Storkull. Maken Josef Henrik Utter el. Storkull for till Amerika 1881 och Maria Sofia s\u00e5lde hemmanet 16 februari, strax f\u00f6re sin d\u00f6d \u00e5r 1898 \u00e5t Sebbins dotter Edla Johansdotter Rosenback (1864-1928) och hennes man Josef (f. Berg 1839-1898), som sedan antog sl\u00e4ktnamnet Storkull.<\/p>\n<p><strong>\u00c5r 1898, den 17 juni<\/strong> avled bonden Josef Storkull och vid arvsskiftet 14 juni 1899 \u00f6vertog \u00e4nkan 1\/3 av hemmanet och de fem barnen delade p\u00e5 resten. Dottern Venla Maria (f.1864) var d\u00e5 \u00e4nnu ogift, sonen Josef Henrik (f.1868) hade ogfit farit till Amerika 1886, Adelina (f.1871) hade som ogift flyttat till Gamlakarleby, Emilia (f.1878) var bortgift och yngsta sonen Valentin (f.1881) hade farit till Amerika \u00e5r 1899.<\/p>\n<h4><strong>Viktor Norrg\u00e5rd tar \u00f6ver resten av hemmanet \u00e5r 1905<\/strong><\/h4>\n<p>\u00c5r 1905 s\u00e5lde Edla Rosenback och de andra del\u00e4garna hemmanet \u00e5t Viktor Norrg\u00e5rd och han erh\u00f6ll 1.uppb. p\u00e5 7\/192 mantal av Storkull hemman 9\/1 1905. D\u00e5 blev Viktor Norrg\u00e5rd \u00e4gare till hela hemmanet om 7\/96 mantal av Storkull, som tidigare \u00e4gts av Henrik Eriksson Storkull f. 1798.<\/p>\n","protected":false},"excerpt":{"rendered":"<p>Inga-Lill Sandstr\u00f6m, som v\u00e4xte upp i Dagsmark men numera bosatt i Vasa har gjort en grundlig utredning om det Storkull hemman som vid storskiftet 1900-1912 blev Norrg\u00e5rd 6:7-8. Det var d\u00e5 7\/96 mantal av Storkull och \u00e4gdes av bonden Viktor <a class=\"more-link\" href=\"https:\/\/www.lassebacklund.fi\/?page_id=22228\">Forts\u00e4tt l\u00e4sa <span class=\"screen-reader-text\">  Norrg\u00e5rds hemmans historia<\/span><span class=\"meta-nav\">&rarr;<\/span><\/a><\/p>\n","protected":false},"author":1,"featured_media":0,"parent":4156,"menu_order":6,"comment_status":"closed","ping_status":"closed","template":"","meta":{"footnotes":""},"class_list":["post-22228","page","type-page","status-publish","hentry"],"_links":{"self":[{"href":"https:\/\/www.lassebacklund.fi\/index.php?rest_route=\/wp\/v2\/pages\/22228","targetHints":{"allow":["GET"]}}],"collection":[{"href":"https:\/\/www.lassebacklund.fi\/index.php?rest_route=\/wp\/v2\/pages"}],"about":[{"href":"https:\/\/www.lassebacklund.fi\/index.php?rest_route=\/wp\/v2\/types\/page"}],"author":[{"embeddable":true,"href":"https:\/\/www.lassebacklund.fi\/index.php?rest_route=\/wp\/v2\/users\/1"}],"replies":[{"embeddable":true,"href":"https:\/\/www.lassebacklund.fi\/index.php?rest_route=%2Fwp%2Fv2%2Fcomments&post=22228"}],"version-history":[{"count":5,"href":"https:\/\/www.lassebacklund.fi\/index.php?rest_route=\/wp\/v2\/pages\/22228\/revisions"}],"predecessor-version":[{"id":24230,"href":"https:\/\/www.lassebacklund.fi\/index.php?rest_route=\/wp\/v2\/pages\/22228\/revisions\/24230"}],"up":[{"embeddable":true,"href":"https:\/\/www.lassebacklund.fi\/index.php?rest_route=\/wp\/v2\/pages\/4156"}],"wp:attachment":[{"href":"https:\/\/www.lassebacklund.fi\/index.php?rest_route=%2Fwp%2Fv2%2Fmedia&parent=22228"}],"curies":[{"name":"wp","href":"https:\/\/api.w.org\/{rel}","templated":true}]}}