{"id":22032,"date":"2023-02-11T16:46:52","date_gmt":"2023-02-11T14:46:52","guid":{"rendered":"https:\/\/www.lassebacklund.fi\/?page_id=22032"},"modified":"2023-02-12T21:45:17","modified_gmt":"2023-02-12T19:45:17","slug":"mjolnaren-erik-rosenstedt","status":"publish","type":"page","link":"https:\/\/www.lassebacklund.fi\/?page_id=22032","title":{"rendered":"Mj\u00f6lnaren Erik Rosenstedt"},"content":{"rendered":"<p><strong><span style=\"color: #000080;\">Sammanst\u00e4llt av Lasse Backlund 2014. Uppdaterats i november 2016.<\/span><\/strong><\/p>\n<p>Erik Andersson Rosenstedt var f\u00f6dd i Kullaa den 14 april 1782, men m\u00f6jligtvis kom hans f\u00f6r\u00e4ldrar fr\u00e5n Sverige. Han flyttade sedan till Norrmark f\u00f6r enligt mantalsl\u00e4ngden RA 7856:525 \u00e5r 1805 arbetade han som dr\u00e4ng bland 37 andra dr\u00e4ngar och 28 dr\u00e4nghustrur p\u00e5 Norrmark Bruk som \u00e4gdes av generaladjutanten Carl de Cornall fr\u00e5n Sverige.<\/p>\n<p>Enligt konfirmationsboken fr\u00e5n Norrmark f\u00f6rsamling verkade Erik Rosenstedt som mj\u00f6lnare och att han skulle vara f\u00f6dd 1782. I vissa papper st\u00e5r det att han var smed.<\/p>\n<figure id=\"attachment_1749\" aria-describedby=\"caption-attachment-1749\" style=\"width: 540px\" class=\"wp-caption aligncenter\"><img loading=\"lazy\" decoding=\"async\" class=\" wp-image-1749\" src=\"http:\/\/www.lassebacklund.fi\/wp-content\/uploads\/2016\/11\/20-1.jpg\" alt=\"Det \u00e4r mycket troligt att Erik verkade som mj\u00f6lnare i Norrmark f\u00f6r 31 januari 1814 k\u00f6pte Erik Rosenstedt Storfors mj\u00f6lkvarn i Perus f\u00f6r 500 riksdaler av pr\u00e4sten Rudolf Estlander och Jonas H\u00f6gmans arvingar. Enligt ovanst\u00e5ende konfirmationsbok skulle han ha \u201dafg\u00e5tt ur f\u00f6rsamlingen 2.6 1814\u201d, d\u00e5 han m\u00f6jligtvis flyttade till Perus.\" width=\"540\" height=\"444\" srcset=\"https:\/\/www.lassebacklund.fi\/wp-content\/uploads\/2016\/11\/20-1.jpg 5832w, https:\/\/www.lassebacklund.fi\/wp-content\/uploads\/2016\/11\/20-1-300x247.jpg 300w, https:\/\/www.lassebacklund.fi\/wp-content\/uploads\/2016\/11\/20-1-768x632.jpg 768w, https:\/\/www.lassebacklund.fi\/wp-content\/uploads\/2016\/11\/20-1-1024x843.jpg 1024w\" sizes=\"auto, (max-width: 540px) 100vw, 540px\" \/><figcaption id=\"caption-attachment-1749\" class=\"wp-caption-text\">Det \u00e4r mycket troligt att Erik verkade som mj\u00f6lnare i Norrmark f\u00f6r 31 januari 1814 k\u00f6pte Erik Rosenstedt Storfors mj\u00f6lkvarn i Perus f\u00f6r 500 riksdaler av pr\u00e4sten Rudolf Estlander och Jonas H\u00f6gmans arvingar. Enligt ovanst\u00e5ende konfirmationsbok skulle han ha \u201dafg\u00e5tt ur f\u00f6rsamlingen 2.6.1814\u201d, d\u00e5 han m\u00f6jligtvis flyttade till Perus.<\/figcaption><\/figure>\n<h3><strong>Rosenstedt i Storfors fr\u00e5n och med 1814<\/strong><\/h3>\n<p>Kommissionslantm\u00e4taren Jonas H\u00f6gman hade den 22 februari 1781 erh\u00e5llit tillst\u00e5nd av landsh\u00f6vdingen att anl\u00e4gga en skattlagd mj\u00f6l- och s\u00e5gkvarn och h\u00e4rvid l\u00e4t han bygga en mj\u00f6lkvarn p\u00e5 s\u00f6dra sidan av Lappfj\u00e4rds \u00e5 vid Storfors.<\/p>\n<figure id=\"attachment_1750\" aria-describedby=\"caption-attachment-1750\" style=\"width: 967px\" class=\"wp-caption alignnone\"><img loading=\"lazy\" decoding=\"async\" class=\"size-full wp-image-1750\" src=\"http:\/\/www.lassebacklund.fi\/wp-content\/uploads\/2016\/11\/21-1.jpg\" alt=\"P\u00e5 de h\u00e4r vackra klipporna var Rosenstedts kvarn bel\u00e4gen p\u00e5 den s\u00f6dra stranden. \" width=\"967\" height=\"725\" srcset=\"https:\/\/www.lassebacklund.fi\/wp-content\/uploads\/2016\/11\/21-1.jpg 967w, https:\/\/www.lassebacklund.fi\/wp-content\/uploads\/2016\/11\/21-1-300x225.jpg 300w, https:\/\/www.lassebacklund.fi\/wp-content\/uploads\/2016\/11\/21-1-768x576.jpg 768w\" sizes=\"auto, (max-width: 967px) 100vw, 967px\" \/><figcaption id=\"caption-attachment-1750\" class=\"wp-caption-text\">P\u00e5 de h\u00e4r vackra klipporna var Rosenstedts kvarn bel\u00e4gen p\u00e5 den s\u00f6dra stranden.<\/figcaption><\/figure>\n<figure id=\"attachment_1751\" aria-describedby=\"caption-attachment-1751\" style=\"width: 991px\" class=\"wp-caption alignnone\"><img loading=\"lazy\" decoding=\"async\" class=\"size-full wp-image-1751\" src=\"http:\/\/www.lassebacklund.fi\/wp-content\/uploads\/2016\/11\/22-1.jpg\" alt=\"Storfors fotograferad sommaren 2013.\" width=\"991\" height=\"743\" srcset=\"https:\/\/www.lassebacklund.fi\/wp-content\/uploads\/2016\/11\/22-1.jpg 991w, https:\/\/www.lassebacklund.fi\/wp-content\/uploads\/2016\/11\/22-1-300x225.jpg 300w, https:\/\/www.lassebacklund.fi\/wp-content\/uploads\/2016\/11\/22-1-768x576.jpg 768w\" sizes=\"auto, (max-width: 991px) 100vw, 991px\" \/><figcaption id=\"caption-attachment-1751\" class=\"wp-caption-text\">Storfors fotograferad sommaren 2013.<\/figcaption><\/figure>\n<p>Vid h\u00f6sttinget 1844 i Lappfj\u00e4rd framgick att Erik Rosenstedt utan tillst\u00e5nd uppf\u00f6rt en s\u00e5gkvarn i forsen. S\u00e5gen hade en ram och 11 blad och med den s\u00e5gade han br\u00e4der f\u00f6r avsalu och f\u00f6r eget bruk.<\/p>\n<p>P\u00e5 expedition-fogden Gustav Starckes anm\u00e4lan pliktade Erik Rosenstedt f\u00f6r den utan tillst\u00e5nd anlagda s\u00e5gen 24 rubel silver. Enligt LH del 2, sid 155 fick de s\u00e5gande b\u00f6nderna anv\u00e4nda endast ett s\u00e5gblad och s\u00e5ga f\u00f6r husbehov. Trots ans\u00f6kan fick de inte tillst\u00e5nd att anv\u00e4nda flera blad. M\u00e5nntro Erik Rosenstedt trotsade detta f\u00f6rbud och det var d\u00e4rf\u00f6r han kallades till tinget.<\/p>\n<p>Domen l\u00f6d som s\u00e5dan:<\/p>\n<p><em><span style=\"color: #000080;\">Mj\u00f6lnaren Erik Rosenstedt fr\u00e5n Dagsmark by, f\u00e4lldes p\u00e5 \u00e5talan av kronol\u00e4nsman Gustav Starcke, att f\u00f6r f\u00f6rsta resans olaga s\u00e5gning b\u00f6ta 16 riksdaler eller 24 silver rubel, vilka b\u00f6ter skall treskiftas mellan Kronan, H\u00e4radet och \u00e5klagaren Starcke, samt b\u00f6ra vid bristande tillg\u00e5ng av Rosenstedt avsittas med f\u00e4ngelse p\u00e5 vatten och br\u00f6d i 16 dagar.<\/span> <\/em><\/p>\n<figure id=\"attachment_1752\" aria-describedby=\"caption-attachment-1752\" style=\"width: 1278px\" class=\"wp-caption alignnone\"><img loading=\"lazy\" decoding=\"async\" class=\"size-full wp-image-1752\" src=\"http:\/\/www.lassebacklund.fi\/wp-content\/uploads\/2016\/11\/23-1.jpg\" alt=\"Domboken fr\u00e5n 1844 p\u00e5 Landsarkivet i Vasa, som visar att Rosenstedt d\u00f6mts till b\u00f6ter eller till &quot;f\u00e4ngelse vid vatten och br\u00f6d&quot;.\" width=\"1278\" height=\"229\" srcset=\"https:\/\/www.lassebacklund.fi\/wp-content\/uploads\/2016\/11\/23-1.jpg 1278w, https:\/\/www.lassebacklund.fi\/wp-content\/uploads\/2016\/11\/23-1-300x54.jpg 300w, https:\/\/www.lassebacklund.fi\/wp-content\/uploads\/2016\/11\/23-1-768x138.jpg 768w, https:\/\/www.lassebacklund.fi\/wp-content\/uploads\/2016\/11\/23-1-1024x183.jpg 1024w\" sizes=\"auto, (max-width: 1278px) 100vw, 1278px\" \/><figcaption id=\"caption-attachment-1752\" class=\"wp-caption-text\">Domboken fr\u00e5n 1844 p\u00e5 Landsarkivet i Vasa, som visar att Rosenstedt d\u00f6mts till b\u00f6ter eller till &#8221;f\u00e4ngelse vid vatten och br\u00f6d&#8221;.<\/figcaption><\/figure>\n<p>Enligt domboken skulle Rosenstedts b\u00f6ter delas mellan Kronan, H\u00e4radet och kronol\u00e4nsman Starcke.<\/p>\n<h3><strong>Erik Rosenstedt i Korsb\u00e4ck<\/strong><\/h3>\n<p>\u00c5r 1817 hade Erik Rosenstedt f\u00f6rv\u00e4rvat en s\u00e5g i Korsb\u00e4ck. Den l\u00e5g vid bonden Erik L\u00e5ngs hemman ungef\u00e4r 400 meter norr om Stortr\u00e4skets norra \u00e4nda vid Lill\u00e5n som ledde ned till Lillsj\u00f6n. Enligt uppgift s\u00e5 skulle den h\u00e4r s\u00e5gen ha funnits d\u00e4r sedan urminnes tider och skatt f\u00f6r den har betalats redan p\u00e5 1700-talet. Den 11 november 1817 h\u00f6lls en syn p\u00e5 st\u00e4llet p\u00e5 uppmaning av Kronobefallningsmannen Peuron och n\u00e4rvarande var kronol\u00e4nsmannen, en A. L. Schmidt, mj\u00f6lnaren Erik Rosenstedt och bonden Anders B\u00e5sk fr\u00e5n Dagsmark. Tillkallade var ocks\u00e5 4 b\u00f6nder fr\u00e5n Lappfj\u00e4rd och vid synen kunde de konstatera f\u00f6ljande:<\/p>\n<p>-s\u00e5gbyggnaden p\u00e5 Lill\u00e5ns v\u00e4stra strand var uppf\u00f6rd av grantimmer och i s\u00f6dra och norra \u00e4ndan stod den p\u00e5 stengrund. Den var 22 meter l\u00e5ng, 5,4 meter bred och 5 meter h\u00f6g, hade ett tak av br\u00e4der, som vilade p\u00e5 stolpar.<\/p>\n<p>-i byggnaden fanns en rams\u00e5g med ett s\u00e5gblad.<\/p>\n<p>-i \u00e5n fanns en damm byggd av stock med en totall\u00e4ngd om 40 meter. Den h\u00e4r dammen betj\u00e4nade ocks\u00e5 en mj\u00f6lkvarn p\u00e5 den \u00f6stra sidan av Lill\u00e5n.<\/p>\n<p>-stockarna som s\u00e5gen anv\u00e4nde kom fr\u00e5n ett omr\u00e5de inom 1\/4 till 2 mils omr\u00e5de, uppstr\u00f6ms l\u00e4ngs \u00e5n och det var f\u00f6r det mesta grantimmer som anv\u00e4ndes.<\/p>\n<p>-eftersom vattenfl\u00f6det var litet, s\u00e5 kunde s\u00e5gen anv\u00e4ndas omkring 4 dygn p\u00e5 v\u00e5ren och i b\u00e4sta fall 2 dygn om h\u00f6sten om mycket h\u00f6stregn faller. Uppskattningsvis &#8221;5 tolfter 7 alnar l\u00e5nga br\u00e4der&#8221; kan s\u00e5gas i dygnet. \u00c5ret innan hade &#8221;s\u00e5gqwarns r\u00e4ntan&#8221; uppg\u00e5tt till 2 rubel, 45 kopek.<\/p>\n<p>De n\u00e4rvarande konstaterade att s\u00e5gen inte skulle inneb\u00e4ra n\u00e5got men eller hinder f\u00f6r mj\u00f6lkvarnen p\u00e5 andra sidan \u00e5n. D\u00e4remot ans\u00e5g b\u00f6nderna Eric L\u00e5ng, Matts och Lars Klemets, Matts, Henrik och Anders B\u00e5sk att deras \u00e4ngar som l\u00e5g i s\u00e5gens n\u00e4rhet skulle skadas dels av vattnets fl\u00f6dande &#8221;och dels af S\u00e5gsp\u00e5n och stickor som wattnet f\u00f6r med sig&#8221;. De ville att dammen skulle \u00f6ppnas fr\u00e5n den 1 maj och h\u00e5llas \u00f6ppen hela sommaren.<\/p>\n<h3><strong>Erik Rosenstedts familj<\/strong><\/h3>\n<p>Erik Rosenstedt var gift med Caisa Lovisa Andersdotter Forsstr\u00f6m fr\u00e5n Fredriksfors bruk i Kullaa, som ocks\u00e5 \u00e4gdes av samma Carl de Cornall. De fick \u00e5tminstone 4 barn:<\/p>\n<h6>-Caisa f. 20.7.1807 d. 5.6.1810<\/h6>\n<h6>-Maja Lisa f. 11.1.1809<\/h6>\n<h6>-Erik <u>Johan<\/u> f. 5.11.1810, gift med Anna Kajsa Kl\u00e5vus, f. 1813.<\/h6>\n<h6>-Sibilla 31.5.1812, d\u00f6d m\u00f6jligtvis 1814.<\/h6>\n<p>&nbsp;<\/p>\n<p>Caisa Lovisa dog i Lappfj\u00e4rd 6.2.1822. \u00c5tminstone barnen Maja Lisa och Erik <u>Johan<\/u> uppn\u00e5dde vuxen \u00e5lder, f\u00f6r den 17. 6.1844 \u00f6verl\u00e4t Erik Rosenstedt sina \u00e4gande 2\/3 av Storfors mj\u00f6l-stamp och s\u00e5gkvarn \u00e5t sonen Erik <u>Johan<\/u> och hans hustru Anna Kajsa, (f. Kl\u00e5vus \u00e5r 1813) mot sytning och bostad och utl\u00f6sen \u00e5t systern Maja Lisa (KOa 55 953 v). Fadern Erik f\u00f6rbeh\u00f6ll sig r\u00e4tt att begagna smedjan och dess verktyg. D\u00e4r tillverkade han bland annat 2 j\u00e4rnkors f\u00f6r hans och hustruns gravar. Dessa kors st\u00e5r fortfarande p\u00e5 Birgitta begravningsplats i centrum av Lappfj\u00e4rd. De finns till h\u00f6ger direkt efter ing\u00e5ngen.<\/p>\n<figure id=\"attachment_1753\" aria-describedby=\"caption-attachment-1753\" style=\"width: 557px\" class=\"wp-caption alignnone\"><img loading=\"lazy\" decoding=\"async\" class=\" wp-image-1753\" src=\"http:\/\/www.lassebacklund.fi\/wp-content\/uploads\/2016\/11\/24-1.jpg\" alt=\"Erik Rosenstedt dog 9.4 1855 och han \u00e4r begravd p\u00e5 Birgitta begravningsplats i Lappfj\u00e4rd.\" width=\"557\" height=\"417\" srcset=\"https:\/\/www.lassebacklund.fi\/wp-content\/uploads\/2016\/11\/24-1.jpg 1386w, https:\/\/www.lassebacklund.fi\/wp-content\/uploads\/2016\/11\/24-1-300x225.jpg 300w, https:\/\/www.lassebacklund.fi\/wp-content\/uploads\/2016\/11\/24-1-768x576.jpg 768w, https:\/\/www.lassebacklund.fi\/wp-content\/uploads\/2016\/11\/24-1-1024x768.jpg 1024w\" sizes=\"auto, (max-width: 557px) 100vw, 557px\" \/><figcaption id=\"caption-attachment-1753\" class=\"wp-caption-text\">Erik Rosenstedt dog 9.4.1855 och han \u00e4r begravd p\u00e5 Birgitta begravningsplats i Lappfj\u00e4rd.<\/figcaption><\/figure>\n<p>Eriks son Johan (f. 5.11.1810, d. \u00e5r 1855) tog allts\u00e5 \u00f6ver Storfors s\u00e5gkvarn 1844 och efter det gick den i arv till Johans son Karl Gustav \u201dMj\u00f6lnar Kalle\u201d Rosenstedt (5.9.1837, d. 27.8.1918).<\/p>\n<p>Den 28.8.1869 publicerades i Vasabladet en kung\u00f6relse d\u00e4r l\u00e4nsmannen s\u00e4ljer Storfors p\u00e5 auktion men vem som d\u00e5 \u00e4r \u00e4gare \u00e4r oklart. I kung\u00f6relsen n\u00e4mns Johan Erik Rosenstedt eller Storfors, i \u00f6vrigt lyder kung\u00f6relsen s\u00e5 h\u00e4r:<\/p>\n<p><em>Genom offentlig auktion, som m\u00e5ndagen den 27 instundande September, kl. 10 f.m. anst\u00e4lles hos Mj\u00f6lnaren Johan Erik Rosenstedt eller Storfors i Dagsmark by af denne soken, f\u00f6rs\u00e4ljes till den mestbjudande en tull mj\u00f6l- och s\u00e5gkvarnanl\u00e4ggning, den f\u00f6rre med tvenne par stenar och stampbyggnad, uppf\u00f6rde i den s.k. Storforsen inom Dagsmark by, hvarest vattentillg\u00e5ng under str\u00e4ng k\u00f6ld eller torka aldrig tryter, med stort fall, samt ymnig tillg\u00e5ng till m\u00e4ld \u00e4r att p\u00e5r\u00e4kna och \u00e4r detta st\u00e4lle ett af de f\u00f6rn\u00e4msta p\u00e5 orten, tjenligt till n\u00e5gon st\u00f6rre fabriksanl\u00e4ggning, bel\u00e4get vid allm\u00e4nna landsv\u00e4gen till Tammerfors och en och en fjerdedels mil fr\u00e5n Kristinestad; \u00e5 l\u00e4genheten finnas uppf\u00f6rda n\u00f6diga s\u00e5v\u00e4l inredda som oinredda bonings- och uthus, \u00e4fvens\u00e5 underlyder qvarnst\u00e4llet betydlig arrenderad mark, deribland \u00f6ppen \u00e5ker och lindor; vid samma tillf\u00e4lle f\u00f6rs\u00e4ljes en och en half lott i Dagsmark Storsj\u00f6 tr\u00e4sk-tillandning, hvarom tillk\u00e4nnagives, med erinran att s\u00e4kra k\u00f6pare kunna om s\u00e5 \u00f6nskas emot antaglig s\u00e4kerhet f\u00e5 anbudet innest\u00e5ende, hvarom vid auktionen n\u00e4rmare delgives, likasom dessf\u00f6rinnan af underskrifven n\u00f6diga upplysningar i ett eller annat meddelas.<\/em><\/p>\n<p><em>Lappfjerd den 20 Augusti 1869.<\/em><\/p>\n<p><em>Fredrik Starcke, v. L\u00e4nsman<\/em><\/p>\n<p>17 april 1875 blev Johan Josef Johan Henriksson Kaas (eller Storfors) \u00e4gare till s\u00e5gkvarnen. Han hade stora planer f\u00f6r omr\u00e5det och anh\u00f6ll om en kvarn med tv\u00e5 stenar till f\u00f6rmalning av fr\u00e4mmandes spannm\u00e5l emot tull och d\u00e4rtill ville han \u00e4ndra det o\u00e4ndam\u00e5lsenliga s\u00e5gverket till en s\u00e5g med tv\u00e5 ramar och \u00e5tta s\u00e5gblad i varje ram. D\u00e4rtill en cirkels\u00e5g f\u00f6r kantning af br\u00e4der och plankor, att drifvas med vatten.<\/p>\n<p>Denne Kaas eller Storfors fick efter distriktingenj\u00f6rernas syner och unders\u00f6kningar p\u00e5 platsen av Guvern\u00f6ren i Vasa tillst\u00e5nd att bygga om s\u00e5gen, detta i april 1880. Han fick ocks\u00e5 tillst\u00e5nd att h\u00f6ja den befintliga dammen med 0,85 fot (ca 25 cm) \u00f6ver den vid dammen inhuggna fixpunkten. Dammen m\u00e5ste byggas med en r\u00f6rlig lucka som under flodtiden kunde \u00f6ppnas f\u00f6r fiskens uppstigande och i fall n\u00e5gon skulle flotta stockar nedf\u00f6r \u00e5n.<\/p>\n<p>Den 4 november 1880 upph\u00e4vde dock den Kejserliga senaten f\u00f6r Finland som pr\u00f6vat detta \u00e4rende. Senaten ans\u00e5g att det inte var n\u00f6dv\u00e4ndigt att utstr\u00e4cka dammen \u00f6ver hela \u00e5n och att verksamheten kunde drivas utan att inkr\u00e4kta p\u00e5 \u00e5ns kungs\u00e5dra. Denna s\u00e5gkvarn f\u00f6rst\u00f6rdes i en brand \u00e5r 1883.<\/p>\n<p>En ny s\u00e5gkvarn byggdes upp men nu p\u00e5 norra sidan av \u00e5n men \u00e5r 1889 st\u00e5r handlanden A. Dahl som \u00e4gare (LH, del 2, sid 155). Den var nu f\u00f6rh\u00e5llandevis stor med 3 par stenar och grynverk. Denna s\u00e5gkvarn betalade 100 mk avgift f\u00f6r v\u00e4gbyggnad d\u00e5 andra s\u00e5gar beh\u00f6vde betala endast 3 \u2013 18 mk.<\/p>\n<h3><u><strong>Fredriksfors eller Leineperi bruk i Kullaa.<\/strong><\/u><\/h3>\n<p>Erik Rosenstedts hustru Caisa Lovisa Forsstr\u00f6m var hemma fr\u00e5n Fredriksfors bruk i Kullaa, som ligger \u00f6ster om Bj\u00f6rneborg. Bruket hade grundats 1771 och var verksamt fram till b\u00f6rjan av 1900-talet. Bruket har haft m\u00e5nga \u00e4gare och utvecklades till ett av de viktigare i landet. Sista \u00e4garen blev Antti Ahlstr\u00f6m som \u00e5r 1877 k\u00f6pte bolaget. Antti som ocks\u00e5 \u00e4gde bruket i Norrmark var mest intresserad av de stora tillg\u00e5ngarna p\u00e5 skog och d\u00e4rf\u00f6r lades j\u00e4rnbruket ned.<\/p>\n<p>Bruket \u00e4gs idag av kommunen och bevaras som en vacker museimilj\u00f6.\u00a0Omr\u00e5det \u00e4r v\u00e4lsk\u00f6tt och vissa byggnader \u00e4r fortfarande i ursprungligt skick. H\u00e4r nedan n\u00e5gra bilder fr\u00e5n bruket:<\/p>\n<figure id=\"attachment_1754\" aria-describedby=\"caption-attachment-1754\" style=\"width: 917px\" class=\"wp-caption aligncenter\"><img loading=\"lazy\" decoding=\"async\" class=\"size-full wp-image-1754\" src=\"http:\/\/www.lassebacklund.fi\/wp-content\/uploads\/2016\/11\/25-1.jpg\" alt=\"Lasse framf\u00f6r smedjan sommaren 2013. \" width=\"917\" height=\"687\" srcset=\"https:\/\/www.lassebacklund.fi\/wp-content\/uploads\/2016\/11\/25-1.jpg 917w, https:\/\/www.lassebacklund.fi\/wp-content\/uploads\/2016\/11\/25-1-300x225.jpg 300w, https:\/\/www.lassebacklund.fi\/wp-content\/uploads\/2016\/11\/25-1-768x575.jpg 768w\" sizes=\"auto, (max-width: 917px) 100vw, 917px\" \/><figcaption id=\"caption-attachment-1754\" class=\"wp-caption-text\">Lasse framf\u00f6r smedjan sommaren 2013.<\/figcaption><\/figure>\n<figure id=\"attachment_1755\" aria-describedby=\"caption-attachment-1755\" style=\"width: 917px\" class=\"wp-caption aligncenter\"><img loading=\"lazy\" decoding=\"async\" class=\"size-full wp-image-1755\" src=\"http:\/\/www.lassebacklund.fi\/wp-content\/uploads\/2016\/11\/26-1.jpg\" alt=\"Erik Rosenstedts hustru hade v\u00e4xt upp p\u00e5 ett vackert st\u00e4lle.\" width=\"917\" height=\"688\" srcset=\"https:\/\/www.lassebacklund.fi\/wp-content\/uploads\/2016\/11\/26-1.jpg 917w, https:\/\/www.lassebacklund.fi\/wp-content\/uploads\/2016\/11\/26-1-300x225.jpg 300w, https:\/\/www.lassebacklund.fi\/wp-content\/uploads\/2016\/11\/26-1-768x576.jpg 768w\" sizes=\"auto, (max-width: 917px) 100vw, 917px\" \/><figcaption id=\"caption-attachment-1755\" class=\"wp-caption-text\">Erik Rosenstedts hustru hade v\u00e4xt upp p\u00e5 ett vackert st\u00e4lle.<\/figcaption><\/figure>\n<figure id=\"attachment_1756\" aria-describedby=\"caption-attachment-1756\" style=\"width: 900px\" class=\"wp-caption aligncenter\"><img loading=\"lazy\" decoding=\"async\" class=\"size-full wp-image-1756\" src=\"http:\/\/www.lassebacklund.fi\/wp-content\/uploads\/2016\/11\/27-1.jpg\" alt=\"Det gamla bruksomr\u00e5det i Kullaa \u00e4r v\u00e4lsk\u00f6tt.\" width=\"900\" height=\"675\" srcset=\"https:\/\/www.lassebacklund.fi\/wp-content\/uploads\/2016\/11\/27-1.jpg 900w, https:\/\/www.lassebacklund.fi\/wp-content\/uploads\/2016\/11\/27-1-300x225.jpg 300w, https:\/\/www.lassebacklund.fi\/wp-content\/uploads\/2016\/11\/27-1-768x576.jpg 768w\" sizes=\"auto, (max-width: 900px) 100vw, 900px\" \/><figcaption id=\"caption-attachment-1756\" class=\"wp-caption-text\">Det gamla bruksomr\u00e5det i Kullaa \u00e4r v\u00e4lsk\u00f6tt.<\/figcaption><\/figure>\n","protected":false},"excerpt":{"rendered":"<p>Sammanst\u00e4llt av Lasse Backlund 2014. Uppdaterats i november 2016. Erik Andersson Rosenstedt var f\u00f6dd i Kullaa den 14 april 1782, men m\u00f6jligtvis kom hans f\u00f6r\u00e4ldrar fr\u00e5n Sverige. Han flyttade sedan till Norrmark f\u00f6r enligt mantalsl\u00e4ngden RA 7856:525 \u00e5r 1805 arbetade <a class=\"more-link\" href=\"https:\/\/www.lassebacklund.fi\/?page_id=22032\">Forts\u00e4tt l\u00e4sa <span class=\"screen-reader-text\">  Mj\u00f6lnaren Erik Rosenstedt<\/span><span class=\"meta-nav\">&rarr;<\/span><\/a><\/p>\n","protected":false},"author":1,"featured_media":0,"parent":1761,"menu_order":10,"comment_status":"closed","ping_status":"closed","template":"","meta":{"footnotes":""},"class_list":["post-22032","page","type-page","status-publish","hentry"],"_links":{"self":[{"href":"https:\/\/www.lassebacklund.fi\/index.php?rest_route=\/wp\/v2\/pages\/22032","targetHints":{"allow":["GET"]}}],"collection":[{"href":"https:\/\/www.lassebacklund.fi\/index.php?rest_route=\/wp\/v2\/pages"}],"about":[{"href":"https:\/\/www.lassebacklund.fi\/index.php?rest_route=\/wp\/v2\/types\/page"}],"author":[{"embeddable":true,"href":"https:\/\/www.lassebacklund.fi\/index.php?rest_route=\/wp\/v2\/users\/1"}],"replies":[{"embeddable":true,"href":"https:\/\/www.lassebacklund.fi\/index.php?rest_route=%2Fwp%2Fv2%2Fcomments&post=22032"}],"version-history":[{"count":4,"href":"https:\/\/www.lassebacklund.fi\/index.php?rest_route=\/wp\/v2\/pages\/22032\/revisions"}],"predecessor-version":[{"id":22038,"href":"https:\/\/www.lassebacklund.fi\/index.php?rest_route=\/wp\/v2\/pages\/22032\/revisions\/22038"}],"up":[{"embeddable":true,"href":"https:\/\/www.lassebacklund.fi\/index.php?rest_route=\/wp\/v2\/pages\/1761"}],"wp:attachment":[{"href":"https:\/\/www.lassebacklund.fi\/index.php?rest_route=%2Fwp%2Fv2%2Fmedia&parent=22032"}],"curies":[{"name":"wp","href":"https:\/\/api.w.org\/{rel}","templated":true}]}}