{"id":21990,"date":"2022-12-16T09:14:32","date_gmt":"2022-12-16T07:14:32","guid":{"rendered":"https:\/\/www.lassebacklund.fi\/?page_id=21990"},"modified":"2025-07-04T18:08:35","modified_gmt":"2025-07-04T15:08:35","slug":"efter-kyrkans-invigning-i-maj-1852","status":"publish","type":"page","link":"https:\/\/www.lassebacklund.fi\/?page_id=21990","title":{"rendered":"Efter kyrkans invigning i maj 1852"},"content":{"rendered":"<p><span style=\"color: #000080;\"><strong>Denna artikel var inf\u00f6rd i tidningen Ilmarinen i tv\u00e5 nummer i maj 1852. Artikeln \u00e4r inte signerad men h\u00f6gst troligt \u00e4r det kyrkoherde Jacob Jonas Estlander (1785-1854) som har skrivit den. Estlander, som blev kyrkoherde i Lappfj\u00e4rd \u00e5r 1824 var den drivande kraften bakom kyrkbygget. Texten \u00e4r moderniserad och m\u00e5ttenheterna \u00e4r omvandlade fr\u00e5n fot och alnar till metersystemet.<\/strong><\/span><\/p>\n<p>Sedan \u00e4rkebiskopen den 13 maj 1852 anst\u00e4llt visitation i denna stads kyrka och dess arkiv samt den 14 examen i l\u00e4gre elementarskolan i staden, avreste biskopen samma dag till Lappfj\u00e4rd f\u00f6r att den 15 maj f\u00f6rr\u00e4tta visitation d\u00e4r. S\u00f6ndagen den 16 maj invigde biskopen, assisterad av prosten i Malax J. Wegelius, prosten, lektor H. Heikel, kyrkoherden i \u00d6stermark M. Kumlin och kapellanen i N\u00e4rpes pastor J. R. Eneberg, till dess heliga \u00e4ndam\u00e5l, ett verk f\u00f6r sekler, n\u00e4mligen Lappfj\u00e4rds nybyggda moderkyrka.<\/p>\n<p>Denna h\u00f6gtidliga akt, s\u00e5 s\u00e4llsynt att f\u00e5 sk\u00e5da, gjorde ett djupt intryck p\u00e5 \u00e5tminstone flertalet av de n\u00e4rvarande. \u2014 Hur m\u00e5nga tusenden skall inte i detta rum s\u00f6ka och finna tr\u00f6st och frid under jordelivets bekymmer? Hur m\u00e5nga andra tusenden skall inte f\u00f6das, blomstra och f\u00f6rsvinna fr\u00e5n jorden f\u00f6rr\u00e4n sj\u00e4lva kyrkan, slutligen anfr\u00e4tt av tidens tand, sammanfaller i grus? Hurudan blir denna tid, vilka intressen, vilka f\u00f6rh\u00e5llanden skall utg\u00f6ra det d\u00e5 levande sl\u00e4ktets str\u00e4vanden och fr\u00f6jder?<\/p>\n<p>Dylika betraktelser m\u00e5ste vid detta tillf\u00e4lle kraftigt ha p\u00e5tr\u00e4ngt sig var och en som inte \u00e4r allt f\u00f6r k\u00e4nslol\u00f6s f\u00f6r b\u00e5de det gudomliga och det m\u00e4nskliga.<\/p>\n<p>Kyrkan, som \u00e4r byggd av sten i form av ett grekiskt kors med de fyra in\u00e5tg\u00e5ende h\u00f6rnen snett avskurna, st\u00e5r p\u00e5 berggrund, h\u00f6jd \u00f6ver den omgivande nejden och \u00e4r synlig p\u00e5 omkring en halv mils avst\u00e5nd fr\u00e5n n\u00e4stan alla sidor. Grundstenen lades i november 1848 och i december 1851 var kyrkan s\u00e5vida f\u00e4rdig att f\u00f6rsta gudstj\u00e4nsten kunde h\u00e5llas andra s\u00f6ndagen i adventet. Den gamla tr\u00e4kyrkan, byggd \u00e5r 1666, var redan s\u00e5 fallf\u00e4rdig att man b\u00f6rjade befara takets infallande, varf\u00f6re arbetet p\u00e5 den nya energiskt m\u00e5ste p\u00e5skyndas. Trots att den nya byggnaden \u00e4r imponerande genom sin kolossala massa, s\u00e5 f\u00f6refaller dess yttre arkitektur likv\u00e4l inte vacker.<\/p>\n<p>Den huvudsakliga orsaken till detta \u00e4r tornet, som uppf\u00f6rdes \u00f6ver korsets mitt. Detta \u00e4r till formen \u00e5ttkantigt, f\u00f6rsett med 16 f\u00f6r det mesta blinda f\u00f6nster, det har 76 meter (228 fot) i omkrets men blott 18 m i h\u00f6jd, det trubbvinkliga taket inber\u00e4knat, och har ingenting gemensamt med kyrkans byggnadsstil. Men ifall kyrkans yttre inte \u00e4r till bel\u00e5tenhet, s\u00e5 gl\u00f6ms detta i det \u00f6gonblick man intr\u00e4der under de l\u00e4tta, h\u00f6ga och ljusa valven. En mera enkel och storartad interi\u00f6r torde n\u00e4ppeligen n\u00e5gon kyrka i Finland, domkyrkan i \u00c5bo ensam undantagen, erbjuda. Valven vilar p\u00e5 16 pelare, som samtidigt st\u00f6der de runt omkring kyrkan, med undantag av fonden i koret, g\u00e5ende l\u00e4ktarna.<\/p>\n<p>F\u00f6nstrens antal \u00e4r utom tornets 30, av vilka 3 sl\u00e4pper in ljus i sakristian, i cirkelrunda i rosettform, vardera av 3 meters diameter, genomsl\u00e4pper dager p\u00e5 vindarna och 4 \u00e5t f\u00f6rstugorna. De \u00f6vriga f\u00f6nstren sl\u00e4pper in ljus i sj\u00e4lva kyrkan, som trots sin storlek \u00e4r ganska ljus. Fyra av dessa f\u00f6nster, upptill halvrunda och placerade i mitten p\u00e5 gavlarna, har 5 m h\u00f6jd och 5,5 m i bredd. \u00c5terst\u00e5ende, likaledes halvcirkelformiga upptill, \u00e4r 7,5 meter h\u00f6ga och 2 m breda.<\/p>\n<p>F\u00f6r \u00f6vrigt \u00e4r kyrkans huvudsakliga dimensioner f\u00f6ljande: l\u00e4ngden 56 m, bredden i gavlarna 22 m, l\u00e4ngden p\u00e5 de v\u00e4ggar, som sk\u00e4r av de eljest in\u00e5t kyrkan g\u00e5ende h\u00f6rnen, vardera 11 meter. Genom dessa vinklars avsk\u00e4rning har kyrkan vunnit s\u00e4rdeles i utrymme \u00e4ven som platser f\u00f6r f\u00f6nster.<\/p>\n<p>H\u00f6jden fr\u00e5n sockeln till takbandet \u00e4r ca 12 m och h\u00f6jden d\u00e4rifr\u00e5n till takkammen 11,5 m, h\u00f6jden fr\u00e5n marken till spetsen p\u00e5 tornet 47 m och fr\u00e5n golvet till det h\u00f6ga valvet i mitten 27 m. Golvets arealinneh\u00e5ll, med sakristian och de fyra sm\u00e5 f\u00f6rstugorna inr\u00e4knade, utg\u00f6r omkring ca 1\u00a0700 m<sup>2<\/sup> (16.596 qvadratfot).<\/p>\n<p>Kostnaderna f\u00f6r kyrkan uppgick den 1 maj senaste \u00e5r f\u00f6rutom dagsverken till 10,820 rubel och 88 kopek. Fr\u00e5n denna tid \u00e4r r\u00e4kenskaperna \u00e4nnu inte avslutade och kan inte heller vara det, eftersom mycket arbete \u00e4nnu \u00e5terst\u00e5r. Efter ungef\u00e4rligt \u00f6verslag torde kostnaderna med inber\u00e4kning av dagsverken, mm. komma att uppg\u00e5 till omkring 52,000 rubel silver. (som j\u00e4mf\u00f6relse kan n\u00e4mnas att i Kristinestad s\u00e5ldes stora stadsg\u00e5rdar f\u00f6r lite mer \u00e4n 1\u00a0000 rubel och mindre kunde s\u00e4ljas f\u00f6r n\u00e5gra hundra rubel vid denna tid).<\/p>\n<p>Kyrkan \u00e4r ber\u00e4knad att ge sittplatser f\u00f6r 3,000 personer, men rymmer med s\u00e4kerhet detta antal dubbelt om inte mera, innan g\u00e5ngarna och l\u00e4ktarna blivit fyllda. Ocks\u00e5 p\u00e5 sj\u00e4lva invigningsdagen var en m\u00e4ngd b\u00e4nkar i de bakre delarna av kyrkan och en stor del av l\u00e4ktarna tomma, trots att en ofantlig m\u00e4nniskomassa, s\u00e5 v\u00e4l fr\u00e5n Lappfj\u00e4rd och dess kapeller som fr\u00e5n angr\u00e4nsande f\u00f6rsamlingar, var samlad. H\u00e4rav synes att kyrkans storlek inte \u00e4r l\u00e4mpad efter den n\u00e4rvarande utan efter kommande tidens behov, vilket \u00e4ven \u00e4r klokt och prisv\u00e4rt, ty f\u00f6rsamlingens marker skall, en g\u00e5ng fullt odlad, ge f\u00f6da \u00e5t fyrdubbelt s\u00e5 m\u00e5nga inbyggare som nu. Heder d\u00e4rf\u00f6r \u00e5t dem som oaktat dessa knappa \u00e5r rest detta h\u00e4rliga monument \u00e5t efterv\u00e4rlden! M\u00e5tte den nya helgedomen genom tidevarven av F\u00f6rsynen skyddas f\u00f6r olyckor!<\/p>\n","protected":false},"excerpt":{"rendered":"<p>Denna artikel var inf\u00f6rd i tidningen Ilmarinen i tv\u00e5 nummer i maj 1852. Artikeln \u00e4r inte signerad men h\u00f6gst troligt \u00e4r det kyrkoherde Jacob Jonas Estlander (1785-1854) som har skrivit den. Estlander, som blev kyrkoherde i Lappfj\u00e4rd \u00e5r 1824 var <a class=\"more-link\" href=\"https:\/\/www.lassebacklund.fi\/?page_id=21990\">Forts\u00e4tt l\u00e4sa <span class=\"screen-reader-text\">  Efter kyrkans invigning i maj 1852<\/span><span class=\"meta-nav\">&rarr;<\/span><\/a><\/p>\n","protected":false},"author":1,"featured_media":0,"parent":7821,"menu_order":5,"comment_status":"closed","ping_status":"closed","template":"","meta":{"footnotes":""},"class_list":["post-21990","page","type-page","status-publish","hentry"],"_links":{"self":[{"href":"https:\/\/www.lassebacklund.fi\/index.php?rest_route=\/wp\/v2\/pages\/21990","targetHints":{"allow":["GET"]}}],"collection":[{"href":"https:\/\/www.lassebacklund.fi\/index.php?rest_route=\/wp\/v2\/pages"}],"about":[{"href":"https:\/\/www.lassebacklund.fi\/index.php?rest_route=\/wp\/v2\/types\/page"}],"author":[{"embeddable":true,"href":"https:\/\/www.lassebacklund.fi\/index.php?rest_route=\/wp\/v2\/users\/1"}],"replies":[{"embeddable":true,"href":"https:\/\/www.lassebacklund.fi\/index.php?rest_route=%2Fwp%2Fv2%2Fcomments&post=21990"}],"version-history":[{"count":3,"href":"https:\/\/www.lassebacklund.fi\/index.php?rest_route=\/wp\/v2\/pages\/21990\/revisions"}],"predecessor-version":[{"id":24282,"href":"https:\/\/www.lassebacklund.fi\/index.php?rest_route=\/wp\/v2\/pages\/21990\/revisions\/24282"}],"up":[{"embeddable":true,"href":"https:\/\/www.lassebacklund.fi\/index.php?rest_route=\/wp\/v2\/pages\/7821"}],"wp:attachment":[{"href":"https:\/\/www.lassebacklund.fi\/index.php?rest_route=%2Fwp%2Fv2%2Fmedia&parent=21990"}],"curies":[{"name":"wp","href":"https:\/\/api.w.org\/{rel}","templated":true}]}}