{"id":2196,"date":"2016-12-13T17:43:04","date_gmt":"2016-12-13T16:43:04","guid":{"rendered":"http:\/\/www.lassebacklund.fi\/?page_id=2196"},"modified":"2025-10-03T19:13:28","modified_gmt":"2025-10-03T16:13:28","slug":"storas-selimas-gard-pa-sunnantillvagen-54","status":"publish","type":"page","link":"https:\/\/www.lassebacklund.fi\/?page_id=2196","title":{"rendered":"Stor\u00e5s Selimas g\u00e5rd p\u00e5 Sunnantillv\u00e4gen 54"},"content":{"rendered":"<figure id=\"attachment_2191\" aria-describedby=\"caption-attachment-2191\" style=\"width: 1600px\" class=\"wp-caption aligncenter\"><img loading=\"lazy\" decoding=\"async\" class=\"size-full wp-image-2191\" src=\"http:\/\/www.lassebacklund.fi\/wp-content\/uploads\/2016\/12\/1-1.jpg\" alt=\"H\u00e4r den gamla g\u00e5rden fotograferad fr\u00e5n g\u00e5rdssidan, allts\u00e5 fr\u00e5n s\u00f6der.\" width=\"1600\" height=\"1200\" srcset=\"https:\/\/www.lassebacklund.fi\/wp-content\/uploads\/2016\/12\/1-1.jpg 1600w, https:\/\/www.lassebacklund.fi\/wp-content\/uploads\/2016\/12\/1-1-300x225.jpg 300w, https:\/\/www.lassebacklund.fi\/wp-content\/uploads\/2016\/12\/1-1-768x576.jpg 768w, https:\/\/www.lassebacklund.fi\/wp-content\/uploads\/2016\/12\/1-1-1024x768.jpg 1024w\" sizes=\"auto, (max-width: 1600px) 100vw, 1600px\" \/><figcaption id=\"caption-attachment-2191\" class=\"wp-caption-text\">Den h\u00e4r g\u00e5rden byggde Henrik Lindberg omkring 1910-1915, p\u00e5 parcellen Lindberg, som han \u00e5r 1909 hade k\u00f6pt av Viktor Lillkull. Den har efter det haft flera \u00e4gare och anv\u00e4nds i dag som fritidsbostad. Fotot taget fr\u00e5n s\u00f6der.<\/figcaption><\/figure>\n<p><strong><span style=\"color: #000080;\">Sammanst\u00e4llt av Lasse Backlund 2014 och har uppdaterats flera g\u00e5nger sedan dess.<\/span><\/strong><\/p>\n<p>Det h\u00e4r huset p\u00e5 Sunnantillv\u00e4gen syns knappt till v\u00e4gen, s\u00e5 inb\u00e4ddat som det \u00e4r i vegetationen. Men st\u00e4llet \u00e4r vackert d\u00e4r det ligger i \u00e4ndan av Haga-t\u00e5, ett par hundra meter fr\u00e5n Sunnantillv\u00e4gen. Huset byggdes ca 1910-1920 h\u00f6gst troligt av \u201dHaga Hindrik\u201d, allts\u00e5 Henrik Lindberg (f. L\u00e5ng el. Lillsj\u00f6 1880-1952) och hans hustru Maria (f. Utter i Uttermossa 1867-1950). I april 1909 hade Haga Hindrik och Maria k\u00f6pt det h\u00e4r omr\u00e5det av storbonden \u201dPelas\u201d Viktor Lillkull, en kort tid f\u00f6re han \u00e5kte till Amerika.<\/p>\n<figure id=\"attachment_14000\" aria-describedby=\"caption-attachment-14000\" style=\"width: 1293px\" class=\"wp-caption alignnone\"><img loading=\"lazy\" decoding=\"async\" class=\"size-full wp-image-14000\" src=\"http:\/\/www.lassebacklund.fi\/wp-content\/uploads\/2019\/09\/Karta-ny.jpg\" alt=\"\" width=\"1293\" height=\"711\" srcset=\"https:\/\/www.lassebacklund.fi\/wp-content\/uploads\/2019\/09\/Karta-ny.jpg 1293w, https:\/\/www.lassebacklund.fi\/wp-content\/uploads\/2019\/09\/Karta-ny-300x165.jpg 300w, https:\/\/www.lassebacklund.fi\/wp-content\/uploads\/2019\/09\/Karta-ny-768x422.jpg 768w, https:\/\/www.lassebacklund.fi\/wp-content\/uploads\/2019\/09\/Karta-ny-1024x563.jpg 1024w\" sizes=\"auto, (max-width: 1293px) 100vw, 1293px\" \/><figcaption id=\"caption-attachment-14000\" class=\"wp-caption-text\">Bakom Nylundas i \u00e4ndan av Hagat\u00e5\u00a0 ligger Stor\u00e5s Selimas g\u00e5rd p\u00e5 Sunnantillv\u00e4gen 54.<\/figcaption><\/figure>\n<p>Maria Utter var dotter till Anders Henrik Utter fr\u00e5n Uttermossa (1836-1886) och Anders Henrik var gift med \u201dPelas\u201d Maja Lena Lillkull (1844-1881). Maja Lena var allts\u00e5 syster till Johan Henrik Lillkull som var far \u00e5t Nylundas Ida. Maja Lena var ocks\u00e5 syster till \u201dPelas Josip\u201d Josef Lillkull, som var far \u00e5t kommunalmannen \u201dPelas J\u00e5han&#8221;.<\/p>\n<p>Maria hade \u00e5r 1886 gift sig med Karl Erik Utter (f. Skrivars el. Utfolk i Uttermossa 1867-1901). Han dog allts\u00e5 ung men hann \u00e4nd\u00e5 f\u00e5 9 barn, bland annat dottern Sigrid. Ett \u00e5r efter Karls bortg\u00e5ng gifte Maria om sig med Henrik Lindberg och de fick ytterligare en son som emigrerade till Canada. Maria Utter och hennes f\u00f6rsta man Karl Erik bodde i tiderna i den g\u00e5rd, som sedan byggdes om till <a href=\"http:\/\/www.lassebacklund.fi\/?page_id=1928\">b\u00f6nehus<\/a>. \u00c5tminstone Sigrid brukade p\u00e5st\u00e5 att hon var f\u00f6dd p\u00e5 b\u00f6nehuset.<\/p>\n<p>Denne Henrik Lindberg var son till Johan Henrik Lillsj\u00f6 eller L\u00e5ng (1827-1905) och Karolina (f. Korsb\u00e4ck 1851-1934). Han var allts\u00e5 bror till \u201dIsakas\u201d Manda Hosioja och till Edla som gifte sig med \u201dHaga\u201d Emil Lund som bodde i skogsbrynet ovanf\u00f6r <a href=\"http:\/\/www.lassebacklund.fi\/?page_id=10865\">Lid-Viktoras.<\/a> Med andra var han morbror till bland annat Anselm, Leander, Johannes och Elna Lund.<\/p>\n<p>D\u00e5 Maria gifte om sig bytte ocks\u00e5 Sigrid\u00a0namnet till Lindberg. F\u00f6r \u00e4ldre Dagsmarkbor \u00e4r Sigrid mest k\u00e4nd som innehavare av Central Caf\u00e9 eller Sigrids Kaf\u00e9 som det kallades p\u00e5 1930-talet. Se skild historik om kaf\u00e9et p\u00e5 Dagsmarkv\u00e4gen 367, genom att klicka <a href=\"http:\/\/www.lassebacklund.fi\/?page_id=543\"><span style=\"color: #000080; text-decoration: underline;\"><strong>h\u00e4r!<\/strong><\/span><\/a><\/p>\n<p><strong>\u00c5r 1942, den 16 april<\/strong> s\u00e5lde Henrik och Maria Lindberg g\u00e5rden och det lilla hemmanet \u00e5t Marias dotter Sigrid Lindberg. K\u00f6peskillingen var 20 000 mark plus sytning \u00e5t s\u00e4ljarna.<\/p>\n<p><strong>\u00c5r 1950 i november, allts\u00e5 vid 52 \u00e5rs \u00e5lder<\/strong> gifte Sigrid sig med \u201dStor\u00e5s\u201d- Selim Nordman fr\u00e5n Kol\u00e4ngen. Selim var son till <a href=\"http:\/\/www.lassebacklund.fi\/?page_id=13987\">Matilda Nordman, f. Haaronoja<\/a> \u00e5r 1877, d. 1947. Selim f\u00f6ddes i Stormyron i ett torp n\u00e4ra Stor\u00e5sberget och arbetade i unga \u00e5r som dr\u00e4ng p\u00e5 olika gods i s\u00f6dra Finland och p\u00e5 \u00c5land. D\u00e5 han arbetade p\u00e5 Hangelby i Sibbo tr\u00e4ffade han sin f\u00f6rsta hustru Elin Sj\u00f6holm hemma fr\u00e5n N\u00e4rpes. Han gifte sig med henne \u00e5r 1937 p\u00e5 \u00c5land och f\u00f6ljande \u00e5r fick de dottern Sorenza och de bodde d\u00e5 i N\u00e4rpes. men paret skilde sig redan 1944. Skilsm\u00e4ssan fastst\u00e4lldes den 21 oktober 1949 av h\u00e4radsr\u00e4tten i N\u00e4rpes<\/p>\n<figure id=\"attachment_2194\" aria-describedby=\"caption-attachment-2194\" style=\"width: 429px\" class=\"wp-caption aligncenter\"><img loading=\"lazy\" decoding=\"async\" class=\" wp-image-2194\" src=\"http:\/\/www.lassebacklund.fi\/wp-content\/uploads\/2016\/12\/Selim-Nordman-foto-Olof-Granroth.jpg\" alt=\"P\u00e5 fotot \u201dStor\u00e5s-Selim\u201d. Foto: Olof Granroth, Selims systerson.\" width=\"429\" height=\"715\" srcset=\"https:\/\/www.lassebacklund.fi\/wp-content\/uploads\/2016\/12\/Selim-Nordman-foto-Olof-Granroth.jpg 899w, https:\/\/www.lassebacklund.fi\/wp-content\/uploads\/2016\/12\/Selim-Nordman-foto-Olof-Granroth-180x300.jpg 180w, https:\/\/www.lassebacklund.fi\/wp-content\/uploads\/2016\/12\/Selim-Nordman-foto-Olof-Granroth-768x1280.jpg 768w, https:\/\/www.lassebacklund.fi\/wp-content\/uploads\/2016\/12\/Selim-Nordman-foto-Olof-Granroth-615x1024.jpg 615w\" sizes=\"auto, (max-width: 429px) 100vw, 429px\" \/><figcaption id=\"caption-attachment-2194\" class=\"wp-caption-text\">\u201dStor\u00e5s Selim\u201d var en stor och reslig man. Foto: Olof Granroth, Selims systerson.<\/figcaption><\/figure>\n<figure id=\"attachment_2193\" aria-describedby=\"caption-attachment-2193\" style=\"width: 505px\" class=\"wp-caption aligncenter\"><img loading=\"lazy\" decoding=\"async\" class=\" wp-image-2193\" src=\"http:\/\/www.lassebacklund.fi\/wp-content\/uploads\/2016\/12\/Matilda-Nordmans-hemg\u00e5rd.jpg\" alt=\"I det huset p\u00e5 Kol\u00e4ngen f\u00f6ddes Selim Nordman. P\u00e5 senare tid anv\u00e4ndes huset som foderlada.\" width=\"505\" height=\"354\" srcset=\"https:\/\/www.lassebacklund.fi\/wp-content\/uploads\/2016\/12\/Matilda-Nordmans-hemg\u00e5rd.jpg 1495w, https:\/\/www.lassebacklund.fi\/wp-content\/uploads\/2016\/12\/Matilda-Nordmans-hemg\u00e5rd-300x210.jpg 300w, https:\/\/www.lassebacklund.fi\/wp-content\/uploads\/2016\/12\/Matilda-Nordmans-hemg\u00e5rd-768x538.jpg 768w, https:\/\/www.lassebacklund.fi\/wp-content\/uploads\/2016\/12\/Matilda-Nordmans-hemg\u00e5rd-1024x718.jpg 1024w\" sizes=\"auto, (max-width: 505px) 100vw, 505px\" \/><figcaption id=\"caption-attachment-2193\" class=\"wp-caption-text\">I det h\u00e4r huset p\u00e5 Kol\u00e4ngen f\u00f6ddes Selim Nordman. P\u00e5 senare tid anv\u00e4ndes huset som foderlada.<\/figcaption><\/figure>\n<p><strong>\u00c5r 1968, den\u00a0 25 juni<\/strong> s\u00e5lde Selim och Sigrid Nordman sina tv\u00e5 l\u00e4genheter Kvarn\u00e5\u00a0 2:83 och 5:155 p\u00e5 ca 2 ha bakom &#8221;Ulla&#8221; \u00e5t bonden Lennart Eskola f\u00f6r 3 000 mark.<\/p>\n<p><strong>\u00c5r 1969, den 8 maj<\/strong> k\u00f6pte Selim och Sigrid Nordman Lillk\u00e5rk lillstugan p\u00e5 Lisa-Morav\u00e4gen f\u00f6r 3 000 mark av Torsten och Pirkko Huhtala. Tomten p\u00e5 3 000 kvm, som fick namnet Stor\u00e5s nr 4:162 kunde brytas ur det st\u00f6rre omr\u00e5de som Torsten hade k\u00f6pt av Ellen L\u00e5ngqvist \u00e5r 1963.<\/p>\n<p><strong>\u00c5r 1969, den 21 maj<\/strong> s\u00e5lde Selim och Sigrid Nordman g\u00e5rden och markerna d\u00e4romkring \u00e5t grannarna Boris och Iris Lindblad f\u00f6r 11 000 mark. Efter f\u00f6rs\u00e4ljningen flyttade Selim och Sigrid till Lillk\u00e5rk lillstugan, som de nyligen hade k\u00f6pt och de bodde d\u00e4r s\u00e5 l\u00e4nge de levde. Lillstugans l\u00e4genhet fick namnet Stor\u00e5s 4:162. \u00c5r 1990 avled Selim Nordman och vid arvsskiftet \u00f6vertogs l\u00e4genheten Stor\u00e5s vid Lisa-Morav\u00e4gen av \u00e4nkan Sigrid och skogsskiftena Furomo 1:89 p\u00e5 By\u00e5sen i Dagsmark och Korsbacka 7:53 i Lappfj\u00e4rd av Selims dotter Soranza.<\/p>\n<p><strong>\u00c5r 1971, den 13 oktober<\/strong> s\u00e5lde Boris och Iris Lindblad en del av l\u00e4genheten Lindberg f\u00f6r 3 000 mark \u00e5t Grels (f.1947) och Margareta Vidberg (f.Storg\u00e5rd i Tj\u00f6ck 1948). G\u00e5rdsomr\u00e5det var 0,285 ha stort och fick namnet Nyberg.<\/p>\n<p><strong>\u00c5r 1975, den 10 april<\/strong> s\u00e5lde Grels och Margareta Vidberg l\u00e4genheten Nyberg f\u00f6r 4 500 mark \u00e5t Anja (f.1939) och Stig (f.1934) Wikstr\u00f6m fr\u00e5n Helsingfors. Makarna Vidberg flyttade d\u00e5 till Grels Vidbergs f\u00f6delsehem i Lillsj\u00f6 bakom Berg\u00e5sen. D\u00e4r bodde de till 1982 d\u00e5 de l\u00e4mnade Lillsj\u00f6 och flyttade till P\u00e5skmark. Stig var f\u00f6r \u00f6vrigt barnbarn till <a href=\"http:\/\/www.lassebacklund.fi\/?page_id=14982\">&#8221;Sanderas Mina&#8221; Viiala.<\/a><\/p>\n<p><strong>\u00c5r 1985<\/strong> s\u00e5lde Wikstr\u00f6m g\u00e5rden \u00e5t Maire och Pauli Lintula och de bodde h\u00e4r till \u00e5r 1991 d\u00e5 de flyttade till Lappfj\u00e4rd och efter det stod g\u00e5rden tom i flera \u00e5r.<\/p>\n<p><strong>\u00c5r 1997<\/strong> s\u00e5lde Maire och Pauli Lintula g\u00e5rden \u00e5t den nuvarande \u00e4garfamiljen som alla \u00e4r bosatta i Vasa och de anv\u00e4nder huset som fritidsst\u00e4lle.<\/p>\n<figure id=\"attachment_2192\" aria-describedby=\"caption-attachment-2192\" style=\"width: 530px\" class=\"wp-caption aligncenter\"><img loading=\"lazy\" decoding=\"async\" class=\" wp-image-2192\" src=\"http:\/\/www.lassebacklund.fi\/wp-content\/uploads\/2016\/12\/2-1.jpg\" alt=\"Huset som ligger ute p\u00e5 den \u00f6ppna sl\u00e4tten med potatisodlingar runtom \u00e4r skymd av stora och vackra bj\u00f6rkar. Fotot taget fr\u00e5n nordv\u00e4st, som det ser ut fr\u00e5n Sunnantillv\u00e4gen. \" width=\"530\" height=\"397\" srcset=\"https:\/\/www.lassebacklund.fi\/wp-content\/uploads\/2016\/12\/2-1.jpg 1600w, https:\/\/www.lassebacklund.fi\/wp-content\/uploads\/2016\/12\/2-1-300x225.jpg 300w, https:\/\/www.lassebacklund.fi\/wp-content\/uploads\/2016\/12\/2-1-768x576.jpg 768w, https:\/\/www.lassebacklund.fi\/wp-content\/uploads\/2016\/12\/2-1-1024x768.jpg 1024w\" sizes=\"auto, (max-width: 530px) 100vw, 530px\" \/><figcaption id=\"caption-attachment-2192\" class=\"wp-caption-text\">Huset som ligger ute p\u00e5 den \u00f6ppna sl\u00e4tten med potatisodlingar runtom \u00e4r skymd av stora och vackra bj\u00f6rkar. Fotot taget fr\u00e5n nordv\u00e4st, som det ser ut fr\u00e5n Sunnantillv\u00e4gen.<\/figcaption><\/figure>\n<figure id=\"attachment_2204\" aria-describedby=\"caption-attachment-2204\" style=\"width: 583px\" class=\"wp-caption aligncenter\"><img loading=\"lazy\" decoding=\"async\" class=\"size-full wp-image-2204\" src=\"http:\/\/www.lassebacklund.fi\/wp-content\/uploads\/2016\/12\/Karta-nedre-2.jpg\" alt=\"\" width=\"583\" height=\"385\" srcset=\"https:\/\/www.lassebacklund.fi\/wp-content\/uploads\/2016\/12\/Karta-nedre-2.jpg 583w, https:\/\/www.lassebacklund.fi\/wp-content\/uploads\/2016\/12\/Karta-nedre-2-300x198.jpg 300w\" sizes=\"auto, (max-width: 583px) 100vw, 583px\" \/><figcaption id=\"caption-attachment-2204\" class=\"wp-caption-text\">H\u00e4r p\u00e5 sockenkartan fr\u00e5n \u00e5r 1935 s\u00e5 ser vi Lindbergs g\u00e5rd i \u00e4ndan av Haga-t\u00e5.<\/figcaption><\/figure>\n<figure id=\"attachment_15176\" aria-describedby=\"caption-attachment-15176\" style=\"width: 1722px\" class=\"wp-caption alignnone\"><img loading=\"lazy\" decoding=\"async\" class=\"size-full wp-image-15176\" src=\"http:\/\/www.lassebacklund.fi\/wp-content\/uploads\/2019\/12\/Sigrid-Nordman-94-\u00e5r-hann-inte-se-lucia-1992.jpg\" alt=\"\" width=\"1722\" height=\"1550\" srcset=\"https:\/\/www.lassebacklund.fi\/wp-content\/uploads\/2019\/12\/Sigrid-Nordman-94-\u00e5r-hann-inte-se-lucia-1992.jpg 1722w, https:\/\/www.lassebacklund.fi\/wp-content\/uploads\/2019\/12\/Sigrid-Nordman-94-\u00e5r-hann-inte-se-lucia-1992-300x270.jpg 300w, https:\/\/www.lassebacklund.fi\/wp-content\/uploads\/2019\/12\/Sigrid-Nordman-94-\u00e5r-hann-inte-se-lucia-1992-768x691.jpg 768w, https:\/\/www.lassebacklund.fi\/wp-content\/uploads\/2019\/12\/Sigrid-Nordman-94-\u00e5r-hann-inte-se-lucia-1992-1024x922.jpg 1024w\" sizes=\"auto, (max-width: 1722px) 100vw, 1722px\" \/><figcaption id=\"caption-attachment-15176\" class=\"wp-caption-text\">\u00c5ldringarna p\u00e5 \u00c5ldersro fick bes\u00f6k av Lucia men hon s\u00e5 tidigt s\u00e5 att Sigrid inte ens hann f\u00e5 p\u00e5 sig glas\u00f6gonen. \u00c5ret var 1992 och Sigrid var d\u00e5 94 \u00e5r, &#8221;f\u00f6dd \u00e5p beenhuuse&#8221; brukade hon s\u00e4ga att hon var.<\/figcaption><\/figure>\n","protected":false},"excerpt":{"rendered":"<p>Sammanst\u00e4llt av Lasse Backlund 2014 och har uppdaterats flera g\u00e5nger sedan dess. Det h\u00e4r huset p\u00e5 Sunnantillv\u00e4gen syns knappt till v\u00e4gen, s\u00e5 inb\u00e4ddat som det \u00e4r i vegetationen. Men st\u00e4llet \u00e4r vackert d\u00e4r det ligger i \u00e4ndan av Haga-t\u00e5, ett <a class=\"more-link\" href=\"https:\/\/www.lassebacklund.fi\/?page_id=2196\">Forts\u00e4tt l\u00e4sa <span class=\"screen-reader-text\">  Stor\u00e5s Selimas g\u00e5rd p\u00e5 Sunnantillv\u00e4gen 54<\/span><span class=\"meta-nav\">&rarr;<\/span><\/a><\/p>\n","protected":false},"author":1,"featured_media":0,"parent":90,"menu_order":54,"comment_status":"closed","ping_status":"closed","template":"","meta":{"footnotes":""},"class_list":["post-2196","page","type-page","status-publish","hentry"],"_links":{"self":[{"href":"https:\/\/www.lassebacklund.fi\/index.php?rest_route=\/wp\/v2\/pages\/2196","targetHints":{"allow":["GET"]}}],"collection":[{"href":"https:\/\/www.lassebacklund.fi\/index.php?rest_route=\/wp\/v2\/pages"}],"about":[{"href":"https:\/\/www.lassebacklund.fi\/index.php?rest_route=\/wp\/v2\/types\/page"}],"author":[{"embeddable":true,"href":"https:\/\/www.lassebacklund.fi\/index.php?rest_route=\/wp\/v2\/users\/1"}],"replies":[{"embeddable":true,"href":"https:\/\/www.lassebacklund.fi\/index.php?rest_route=%2Fwp%2Fv2%2Fcomments&post=2196"}],"version-history":[{"count":16,"href":"https:\/\/www.lassebacklund.fi\/index.php?rest_route=\/wp\/v2\/pages\/2196\/revisions"}],"predecessor-version":[{"id":24790,"href":"https:\/\/www.lassebacklund.fi\/index.php?rest_route=\/wp\/v2\/pages\/2196\/revisions\/24790"}],"up":[{"embeddable":true,"href":"https:\/\/www.lassebacklund.fi\/index.php?rest_route=\/wp\/v2\/pages\/90"}],"wp:attachment":[{"href":"https:\/\/www.lassebacklund.fi\/index.php?rest_route=%2Fwp%2Fv2%2Fmedia&parent=2196"}],"curies":[{"name":"wp","href":"https:\/\/api.w.org\/{rel}","templated":true}]}}