{"id":2186,"date":"2016-12-13T12:05:33","date_gmt":"2016-12-13T11:05:33","guid":{"rendered":"http:\/\/www.lassebacklund.fi\/?page_id=2186"},"modified":"2022-02-11T00:27:04","modified_gmt":"2022-02-10T22:27:04","slug":"utteras-fleckoras-hus-pa-sunnantillvagen-26","status":"publish","type":"page","link":"https:\/\/www.lassebacklund.fi\/?page_id=2186","title":{"rendered":"\u201dUtteras fleckoras\u201d hus p\u00e5 Sunnantillv\u00e4gen 26."},"content":{"rendered":"<p><span style=\"color: #000080;\">Sammanst\u00e4llt av Lasse Backlund 2013. Uppdaterats i december 2016.<\/span><\/p>\n<figure id=\"attachment_2185\" aria-describedby=\"caption-attachment-2185\" style=\"width: 1031px\" class=\"wp-caption aligncenter\"><img loading=\"lazy\" decoding=\"async\" class=\"size-full wp-image-2185\" src=\"http:\/\/www.lassebacklund.fi\/wp-content\/uploads\/2016\/12\/1.jpg\" alt=\"Detta foto fr\u00e5n \u00e5r 1979 d\u00e5 Lasse Backlund och Eva Lindb\u00e4ck bodde d\u00e4r en sommar.\" width=\"1031\" height=\"920\" srcset=\"https:\/\/www.lassebacklund.fi\/wp-content\/uploads\/2016\/12\/1.jpg 1031w, https:\/\/www.lassebacklund.fi\/wp-content\/uploads\/2016\/12\/1-300x268.jpg 300w, https:\/\/www.lassebacklund.fi\/wp-content\/uploads\/2016\/12\/1-768x685.jpg 768w, https:\/\/www.lassebacklund.fi\/wp-content\/uploads\/2016\/12\/1-1024x914.jpg 1024w\" sizes=\"auto, (max-width: 1031px) 100vw, 1031px\" \/><figcaption id=\"caption-attachment-2185\" class=\"wp-caption-text\">Detta foto fr\u00e5n \u00e5r 1979 d\u00e5 Lasse Backlund och Eva Lindb\u00e4ck bodde d\u00e4r en sommar.<\/figcaption><\/figure>\n<p>I det \u00e4ldre av de tv\u00e5 hus som var bel\u00e4get p\u00e5 det samf\u00e4llda omr\u00e5det d\u00e4r Lappfj\u00e4rds Potatis \u00a0finns i dag bodde i tiderna \u00e4nkan Henrika H\u00e4ggblom (1854-1934) men som kallades\u00a0 &#8221;Skaftong Riika&#8221;. Henrika hade bott p\u00e5 flera olika st\u00e4llen i Dagsmark. Henrika var dotter till Johan Gustaf H\u00e4ggblom (f\u00f6dd 1818 i Hvittisbofj\u00e4rd) och Anna Kajsa (f\u00f6dd p\u00e5 Klemets i Dagsmark 1824-1856). Anna Kajsa hade i unga \u00e5r bott en tid i Skaftung by med sin familj och det \u00e4r d\u00e4rf\u00f6r som hela sl\u00e4kten hette &#8221;Skaftong&#8221;. Henrika var syster till &#8221;Skaftong Josip&#8221;, som hade en dotter <a href=\"https:\/\/www.lassebacklund.fi\/?page_id=2052\">Adelina,<\/a> som under en l\u00e5ng tid bodde p\u00e5 Lillsj\u00f6lidv\u00e4gen. Henrika dog 1934 och fattigv\u00e5rdsn\u00e4mnden i Lappfj\u00e4rd s\u00e5lde hennes tillh\u00f6righeter p\u00e5 auktion i november 1934.<\/p>\n<p>Under vinterkriget bodde h\u00e4r Mikko Kutila, en dr\u00e4ng som var evakuerad fr\u00e5n Muola i Karelen. Dr\u00e4ngens husbonde hette Flittner och han var evakuerad fr\u00e5n samma ort. Han bodde dock p\u00e5 vinden hos Viktor Nylund, han var agrolog och dom var bekanta fr\u00e5n tidigare.<\/p>\n<p>Flittner och hans dr\u00e4ng kom med sina tv\u00e5 h\u00e4star, stoet Riento och f\u00f6let Poju g\u00e5ende fr\u00e5n Muola by i Karelen i december 1939. F\u00e4rden tog \u00f6ver tv\u00e5 veckor \u00a0och n\u00e4r de n\u00e4rmade sig Nylunds g\u00e5rd p\u00e5 Sunnantillv\u00e4gen s\u00e5 m\u00e5ste de fr\u00e5ga efter v\u00e4gen. Kurt Rosengren som d\u00e5 bodde n\u00e4ra Nylunds h\u00f6ll p\u00e5 att klyva ved i vedlidret sent en kv\u00e4ll d\u00e5 Flittner pl\u00f6tsligt stod i d\u00f6rren. Han var sk\u00e4ggig och ov\u00e5rdad efter den l\u00e5nga strapatsen och Kurt blev f\u00f6rskr\u00e4ckt. \u00a0Men d\u00e5 det klarnade vilket \u00e4rende g\u00e4sterna hade s\u00e5 f\u00f6ljde Kurt med och visade v\u00e4gen de sista hundra metrarna till Nylunds.<\/p>\n<p>Enligt Kurt Rosengren s\u00e5 var de h\u00e4r h\u00e4starna de absolut b\u00e4sta \u00a0som fanns, f\u00f6r han brukade tillsammans med Flittner k\u00f6ra ved fr\u00e5n Nylunds skogar ovanf\u00f6r Kvarn\u00e5 till Andelsmejeriet nere i byn. Dom var starka, lydiga \u00a0och l\u00e4tta att k\u00f6ra med.<\/p>\n<p>&#8221;Sanderas Mina&#8221; Viiala skulle ha bott h\u00e4r en tid och efter kriget bodde h\u00e4r ocks\u00e5 \u00e4nkan Maria Backlund. Maken Josef hade d\u00f6tt \u00e5r 1942 och Maria bodde h\u00e4r en tid, n\u00e4stan till sin d\u00f6d \u00e5r 1948.<\/p>\n<p>F\u00f6ljande som bodde h\u00e4r var systrarna Lillkull eller de som kallades f\u00f6r \u201dUtteras fleckor\u201d. De h\u00e4r fyra systrarna \u00a0bodde fram till 40-talet i ett annat hus i den s\u00f6dra \u00e4ndan av Lillskogen eller Nylundas skogen som den ocks\u00e5 kallas. Den 17 juli 1944, d\u00e5 alla fyra deltog i ett m\u00f6te p\u00e5 b\u00f6nehuset slog blixten ner i deras hus och det brann ner till grunden utan att n\u00e5gonting gick att r\u00e4dda. N\u00e5gra kilade stenar av stenfoten \u00e4r det enda som finns kvar i dag. Efter den f\u00f6r\u00f6dande branden st\u00e4llde byssborna upp och ordnade med nya hem \u00e5t dom i den andra \u00e4ndan av Lillskogen.<\/p>\n<p>De tv\u00e5 g\u00e5rdarna fanns p\u00e5 den samf\u00e4llda mark, som kallades f\u00f6r &#8221;Sandplassin&#8221;, eftersom d\u00e4r fanns rikligt med sand. Den g\u00e5rd som l\u00e5g n\u00e4rmare v\u00e4gen revs p\u00e5 60-talet och den andra i slutet p\u00e5 80-talet.<\/p>\n<p>Till de h\u00e4r b\u00e5da husen flyttade 3 av systrarna Lillkull:<\/p>\n<p>&#8211;<strong>Selma <\/strong>Sofia Josefsdotter Lillkull, (f. 1882, d. 1964)<\/p>\n<p>&#8211;<strong>Ellida<\/strong> Josefsdotter Lillkull,( f. 1884,d. 1978), \u00a0gift med Anders Prunnila (1879 &#8211; 1931), mor till Hemming Lindg\u00e5rd, (f.1913, d. 1987). Ellida och Anders hade ocks\u00e5 en dotter, Anna Julida (f. 1912, d. 1941). Anders Prunnila var son till Johan Henrik Prunnila (f. i Honkajoki 1843-1923). Anders syster Wilhelmina Prunnila var gift med Ivar S\u00f6derholm och var mor bland annat till Arne, Runar, Hj\u00f6rdis Westerlund och Lorenz. Ellida bodde som gift p\u00e5 <a href=\"http:\/\/www.lassebacklund.fi\/?page_id=1299\">Stoas torp i Lillsj\u00f6<\/a>, men flyttade efter kriget till sin son <a href=\"http:\/\/www.lassebacklund.fi\/?page_id=12852\">Hemming i Kvarn\u00e5<\/a>. P\u00e5 1950-talet flyttade ocks\u00e5 hon till Sunnantillv\u00e4gen.<\/p>\n<p>&#8211;<strong>Amanda<\/strong> Josefsdotter Lillkull el Dis\u00e9n,( f. 1887, d. 1958)<\/p>\n<p>&#8211;<strong>Hilda<\/strong> Josefsdotter Lillkull, (f. 1891, d. 1978).<\/p>\n<p>De h\u00e4r systrarnas far hette Josef Lillkull el. Dis\u00e9n (1852-1924) men f\u00f6ddes som Josef Utter. Josefs far Erik Henrik Utter (1821-1901) var f\u00f6dd i Uttermossa och var gift med Brita Lena Skrifvars, ocks\u00e5 fr\u00e5n Uttermossa. S\u00e5 det \u00e4r helt naturligt att de h\u00e4r 4 systrarna kallades f\u00f6r \u201dUtteras fleckor\u201d.<\/p>\n<p>(Vill du se flickornas hela sl\u00e4kthistoria, s\u00e5 klicka <a href=\"http:\/\/www.lassebacklund.fi\/serif\/storkull.html\"><strong><u>h\u00e4r<\/u><\/strong><\/a>, och g\u00e5 sedan till tabell 27.)<\/p>\n<p><img loading=\"lazy\" decoding=\"async\" class=\"alignnone size-full wp-image-2176\" src=\"http:\/\/www.lassebacklund.fi\/wp-content\/uploads\/2016\/12\/4.jpg\" alt=\"4\" width=\"844\" height=\"888\" srcset=\"https:\/\/www.lassebacklund.fi\/wp-content\/uploads\/2016\/12\/4.jpg 844w, https:\/\/www.lassebacklund.fi\/wp-content\/uploads\/2016\/12\/4-285x300.jpg 285w, https:\/\/www.lassebacklund.fi\/wp-content\/uploads\/2016\/12\/4-768x808.jpg 768w\" sizes=\"auto, (max-width: 844px) 100vw, 844px\" \/><\/p>\n<p>Utteras fleckor var duktiga p\u00e5 handarbete och deltog flitigt i syf\u00f6reningens m\u00f6ten. De arbetade i yngre \u00e5r som tj\u00e4narinnor eller pigor. De var v\u00e4ldigt omtyckta och givmilda.<\/p>\n<figure id=\"attachment_2174\" aria-describedby=\"caption-attachment-2174\" style=\"width: 557px\" class=\"wp-caption aligncenter\"><img loading=\"lazy\" decoding=\"async\" class=\" wp-image-2174\" src=\"http:\/\/www.lassebacklund.fi\/wp-content\/uploads\/2016\/12\/2.jpg\" alt=\"Utteras fleckoras stuga fotograferad fr\u00e5n s\u00f6der.\" width=\"557\" height=\"572\" srcset=\"https:\/\/www.lassebacklund.fi\/wp-content\/uploads\/2016\/12\/2.jpg 725w, https:\/\/www.lassebacklund.fi\/wp-content\/uploads\/2016\/12\/2-292x300.jpg 292w\" sizes=\"auto, (max-width: 557px) 100vw, 557px\" \/><figcaption id=\"caption-attachment-2174\" class=\"wp-caption-text\">Utteras fleckoras stuga fotograferad fr\u00e5n s\u00f6der.<\/figcaption><\/figure>\n<p>Det h\u00e4r huset revs n\u00e5gon g\u00e5ng p\u00e5 1980-talet f\u00f6r att ge rum f\u00f6r Lappfj\u00e4rds Potatis lagerutrymmen.<\/p>\n<h3><strong>Foton.<\/strong><\/h3>\n<figure id=\"attachment_2183\" aria-describedby=\"caption-attachment-2183\" style=\"width: 447px\" class=\"wp-caption aligncenter\"><img loading=\"lazy\" decoding=\"async\" class=\" wp-image-2183\" src=\"http:\/\/www.lassebacklund.fi\/wp-content\/uploads\/2016\/12\/Ellida-Lillkull-25-\u00e5r-spinner-ullgarn-\u00e5r-1910-1.jpg\" alt=\"\u201dUtteras-Liida\u201d spinner ullgarn som 25-\u00e5ring, \u00e5r 1910.\" width=\"447\" height=\"612\" srcset=\"https:\/\/www.lassebacklund.fi\/wp-content\/uploads\/2016\/12\/Ellida-Lillkull-25-\u00e5r-spinner-ullgarn-\u00e5r-1910-1.jpg 695w, https:\/\/www.lassebacklund.fi\/wp-content\/uploads\/2016\/12\/Ellida-Lillkull-25-\u00e5r-spinner-ullgarn-\u00e5r-1910-1-219x300.jpg 219w\" sizes=\"auto, (max-width: 447px) 100vw, 447px\" \/><figcaption id=\"caption-attachment-2183\" class=\"wp-caption-text\">\u201dUtteras-Liida\u201d spinner ullgarn som 25-\u00e5ring, \u00e5r 1910.<\/figcaption><\/figure>\n<figure id=\"attachment_2175\" aria-describedby=\"caption-attachment-2175\" style=\"width: 461px\" class=\"wp-caption aligncenter\"><img loading=\"lazy\" decoding=\"async\" class=\" wp-image-2175\" src=\"http:\/\/www.lassebacklund.fi\/wp-content\/uploads\/2016\/12\/3.jpg\" alt=\"H\u00e4r Amanda Dis\u00e9n eller Utteras-Manda som hon kallades p\u00e5 Backlundas g\u00e5rden i slutet p\u00e5 50-talet\" width=\"461\" height=\"678\" srcset=\"https:\/\/www.lassebacklund.fi\/wp-content\/uploads\/2016\/12\/3.jpg 1020w, https:\/\/www.lassebacklund.fi\/wp-content\/uploads\/2016\/12\/3-204x300.jpg 204w, https:\/\/www.lassebacklund.fi\/wp-content\/uploads\/2016\/12\/3-768x1129.jpg 768w, https:\/\/www.lassebacklund.fi\/wp-content\/uploads\/2016\/12\/3-696x1024.jpg 696w\" sizes=\"auto, (max-width: 461px) 100vw, 461px\" \/><figcaption id=\"caption-attachment-2175\" class=\"wp-caption-text\">Amanda Dis\u00e9n eller Utteras-Manda som hon kallades p\u00e5 Backlundas g\u00e5rdsplan i slutet p\u00e5 50-talet<\/figcaption><\/figure>\n<figure id=\"attachment_2184\" aria-describedby=\"caption-attachment-2184\" style=\"width: 989px\" class=\"wp-caption aligncenter\"><img loading=\"lazy\" decoding=\"async\" class=\"size-full wp-image-2184\" src=\"http:\/\/www.lassebacklund.fi\/wp-content\/uploads\/2016\/12\/Matilda-och-Karolina-L\u00e5ngfors-Henrika-H\u00e4ggblom-till-h\u00f6ger-1.jpg\" alt=\"Linkliftartalko n\u00e5gonstans i Dagsmark, troligtvis hos fotografen Viktor Nylund. Fr.v. \u201dMokkela-Tilda\u201d Matilda L\u00e5ngfors, \u201dMokkela-Lina\u201d Karolina L\u00e5ngfors och \u201dSkaftung-Riika\u201d Henrika H\u00e4ggblom. Tilda bodde sedan i Palon och var gift med K\u00e5rk-Erk-J\u00e5han, Lina ensam p\u00e5 A-sidon och Riika ocks\u00e5 p\u00e5 A-sidon i det hus dit \u201dUtteras-fleckor\u201d sedan flyttade. \" width=\"989\" height=\"653\" srcset=\"https:\/\/www.lassebacklund.fi\/wp-content\/uploads\/2016\/12\/Matilda-och-Karolina-L\u00e5ngfors-Henrika-H\u00e4ggblom-till-h\u00f6ger-1.jpg 989w, https:\/\/www.lassebacklund.fi\/wp-content\/uploads\/2016\/12\/Matilda-och-Karolina-L\u00e5ngfors-Henrika-H\u00e4ggblom-till-h\u00f6ger-1-300x198.jpg 300w, https:\/\/www.lassebacklund.fi\/wp-content\/uploads\/2016\/12\/Matilda-och-Karolina-L\u00e5ngfors-Henrika-H\u00e4ggblom-till-h\u00f6ger-1-768x507.jpg 768w\" sizes=\"auto, (max-width: 989px) 100vw, 989px\" \/><figcaption id=\"caption-attachment-2184\" class=\"wp-caption-text\">Linkliftartalko n\u00e5gonstans i Dagsmark, troligtvis hos fotografen Viktor Nylund.<br \/>Fr.v. \u201dMokkela-Tilda\u201d Matilda L\u00e5ngfors, \u201dMokkela-Lina\u201d Karolina L\u00e5ngfors och \u201dSkaftung-Rika\u201d Henrika H\u00e4ggblom. Mokkela-Tilda bodde sedan i Palon och var gift med K\u00e5rk-Erk-J\u00e5han medan Mokkela-Lina bodde ensam p\u00e5 A-sidon n\u00e4ra Hagat\u00e5. Skaftung-Riika bodde ocks\u00e5 p\u00e5 A-sidon i det hus dit \u201dUtteras-fleckor\u201d sedan flyttade.<\/figcaption><\/figure>\n<figure id=\"attachment_2118\" aria-describedby=\"caption-attachment-2118\" style=\"width: 477px\" class=\"wp-caption aligncenter\"><img loading=\"lazy\" decoding=\"async\" class=\" wp-image-2118\" src=\"http:\/\/www.lassebacklund.fi\/wp-content\/uploads\/2016\/11\/H\u00e5kan-S\u00f6derqvist-och-Selma-Lillkull-Utteras-Selma.jpg\" alt=\"H\u00e4r &quot;Utteras&quot;-Selma Lillkull ut med tr\u00e4sparkaren. P\u00e5 sparkaren sitter &quot;Axelas&quot; H\u00e5kan S\u00f6derqvist och i bakgrunden syns lillstugan d\u00e4r Lillkulls.\" width=\"477\" height=\"742\" srcset=\"https:\/\/www.lassebacklund.fi\/wp-content\/uploads\/2016\/11\/H\u00e5kan-S\u00f6derqvist-och-Selma-Lillkull-Utteras-Selma.jpg 596w, https:\/\/www.lassebacklund.fi\/wp-content\/uploads\/2016\/11\/H\u00e5kan-S\u00f6derqvist-och-Selma-Lillkull-Utteras-Selma-193x300.jpg 193w\" sizes=\"auto, (max-width: 477px) 100vw, 477px\" \/><figcaption id=\"caption-attachment-2118\" class=\"wp-caption-text\">&#8221;Utteras&#8221;-Selma Lillkull ut med tr\u00e4sparkaren. P\u00e5 sparkaren sitter &#8221;Axelas&#8221; H\u00e5kan S\u00f6derqvist och i bakgrunden syns lillstugan d\u00e4r Lillkulls.<\/figcaption><\/figure>\n<figure id=\"attachment_12878\" aria-describedby=\"caption-attachment-12878\" style=\"width: 1362px\" class=\"wp-caption alignnone\"><img loading=\"lazy\" decoding=\"async\" class=\"size-full wp-image-12878\" src=\"http:\/\/www.lassebacklund.fi\/wp-content\/uploads\/2019\/07\/22-Ok\u00e4nda-damer-foto.jpg\" alt=\"\" width=\"1362\" height=\"844\" srcset=\"https:\/\/www.lassebacklund.fi\/wp-content\/uploads\/2019\/07\/22-Ok\u00e4nda-damer-foto.jpg 1362w, https:\/\/www.lassebacklund.fi\/wp-content\/uploads\/2019\/07\/22-Ok\u00e4nda-damer-foto-300x186.jpg 300w, https:\/\/www.lassebacklund.fi\/wp-content\/uploads\/2019\/07\/22-Ok\u00e4nda-damer-foto-768x476.jpg 768w, https:\/\/www.lassebacklund.fi\/wp-content\/uploads\/2019\/07\/22-Ok\u00e4nda-damer-foto-1024x635.jpg 1024w\" sizes=\"auto, (max-width: 1362px) 100vw, 1362px\" \/><figcaption id=\"caption-attachment-12878\" class=\"wp-caption-text\">Till v\u00e4nster Hemmings mor Ellida Prunnila och till h\u00f6ger hennes syster Hilda Lillkull, som kallades &#8221;Utter fleckor&#8221;. Fotot \u00e4r troligen taget av Ellen \u00c5n\u00e4s, \u00e5tminstone st\u00e5r flickorna p\u00e5 Sunnantillv\u00e4gen utanf\u00f6r &#8221;Ulla&#8221;. I bakgrunden syns &#8221;Pelas-Kaalas&#8221; uthus.<\/figcaption><\/figure>\n<figure id=\"attachment_12873\" aria-describedby=\"caption-attachment-12873\" style=\"width: 1536px\" class=\"wp-caption alignnone\"><img loading=\"lazy\" decoding=\"async\" class=\"size-full wp-image-12873\" src=\"http:\/\/www.lassebacklund.fi\/wp-content\/uploads\/2019\/07\/18-Ok\u00e4nda-damer-2.jpg\" alt=\"\" width=\"1536\" height=\"914\" srcset=\"https:\/\/www.lassebacklund.fi\/wp-content\/uploads\/2019\/07\/18-Ok\u00e4nda-damer-2.jpg 1536w, https:\/\/www.lassebacklund.fi\/wp-content\/uploads\/2019\/07\/18-Ok\u00e4nda-damer-2-300x179.jpg 300w, https:\/\/www.lassebacklund.fi\/wp-content\/uploads\/2019\/07\/18-Ok\u00e4nda-damer-2-768x457.jpg 768w, https:\/\/www.lassebacklund.fi\/wp-content\/uploads\/2019\/07\/18-Ok\u00e4nda-damer-2-1024x609.jpg 1024w\" sizes=\"auto, (max-width: 1536px) 100vw, 1536px\" \/><figcaption id=\"caption-attachment-12873\" class=\"wp-caption-text\">&#8221;Utteras fleckor&#8221; systrarna Hilda Lillkull och Ellida Prunnila vid en grav p\u00e5 \u00c5s\u00e4ndan.<\/figcaption><\/figure>\n<figure id=\"attachment_12872\" aria-describedby=\"caption-attachment-12872\" style=\"width: 1311px\" class=\"wp-caption alignnone\"><img loading=\"lazy\" decoding=\"async\" class=\"size-full wp-image-12872\" src=\"http:\/\/www.lassebacklund.fi\/wp-content\/uploads\/2019\/07\/17Utteras-fleckor-p\u00e5-a-sidon.jpg\" alt=\"\" width=\"1311\" height=\"967\" srcset=\"https:\/\/www.lassebacklund.fi\/wp-content\/uploads\/2019\/07\/17Utteras-fleckor-p\u00e5-a-sidon.jpg 1311w, https:\/\/www.lassebacklund.fi\/wp-content\/uploads\/2019\/07\/17Utteras-fleckor-p\u00e5-a-sidon-300x221.jpg 300w, https:\/\/www.lassebacklund.fi\/wp-content\/uploads\/2019\/07\/17Utteras-fleckor-p\u00e5-a-sidon-768x566.jpg 768w, https:\/\/www.lassebacklund.fi\/wp-content\/uploads\/2019\/07\/17Utteras-fleckor-p\u00e5-a-sidon-1024x755.jpg 1024w\" sizes=\"auto, (max-width: 1311px) 100vw, 1311px\" \/><figcaption id=\"caption-attachment-12872\" class=\"wp-caption-text\">Anna \u00c5n\u00e4s till h\u00f6ger p\u00e5 bes\u00f6k hos Ellida Prunnila och dennes syster Hilda Lillkull. Systrarna bodde p\u00e5 Sunnantillv\u00e4gen, d\u00e4r Lappfj\u00e4rds potatis i dag har sina lokaler.<\/figcaption><\/figure>\n","protected":false},"excerpt":{"rendered":"<p>Sammanst\u00e4llt av Lasse Backlund 2013. Uppdaterats i december 2016. I det \u00e4ldre av de tv\u00e5 hus som var bel\u00e4get p\u00e5 det samf\u00e4llda omr\u00e5det d\u00e4r Lappfj\u00e4rds Potatis \u00a0finns i dag bodde i tiderna \u00e4nkan Henrika H\u00e4ggblom (1854-1934) men som kallades\u00a0 &#8221;Skaftong <a class=\"more-link\" href=\"https:\/\/www.lassebacklund.fi\/?page_id=2186\">Forts\u00e4tt l\u00e4sa <span class=\"screen-reader-text\">  \u201dUtteras fleckoras\u201d hus p\u00e5 Sunnantillv\u00e4gen 26.<\/span><span class=\"meta-nav\">&rarr;<\/span><\/a><\/p>\n","protected":false},"author":1,"featured_media":0,"parent":90,"menu_order":26,"comment_status":"closed","ping_status":"closed","template":"","meta":{"footnotes":""},"class_list":["post-2186","page","type-page","status-publish","hentry"],"_links":{"self":[{"href":"https:\/\/www.lassebacklund.fi\/index.php?rest_route=\/wp\/v2\/pages\/2186","targetHints":{"allow":["GET"]}}],"collection":[{"href":"https:\/\/www.lassebacklund.fi\/index.php?rest_route=\/wp\/v2\/pages"}],"about":[{"href":"https:\/\/www.lassebacklund.fi\/index.php?rest_route=\/wp\/v2\/types\/page"}],"author":[{"embeddable":true,"href":"https:\/\/www.lassebacklund.fi\/index.php?rest_route=\/wp\/v2\/users\/1"}],"replies":[{"embeddable":true,"href":"https:\/\/www.lassebacklund.fi\/index.php?rest_route=%2Fwp%2Fv2%2Fcomments&post=2186"}],"version-history":[{"count":10,"href":"https:\/\/www.lassebacklund.fi\/index.php?rest_route=\/wp\/v2\/pages\/2186\/revisions"}],"predecessor-version":[{"id":21611,"href":"https:\/\/www.lassebacklund.fi\/index.php?rest_route=\/wp\/v2\/pages\/2186\/revisions\/21611"}],"up":[{"embeddable":true,"href":"https:\/\/www.lassebacklund.fi\/index.php?rest_route=\/wp\/v2\/pages\/90"}],"wp:attachment":[{"href":"https:\/\/www.lassebacklund.fi\/index.php?rest_route=%2Fwp%2Fv2%2Fmedia&parent=2186"}],"curies":[{"name":"wp","href":"https:\/\/api.w.org\/{rel}","templated":true}]}}