{"id":21618,"date":"2022-02-12T18:20:48","date_gmt":"2022-02-12T16:20:48","guid":{"rendered":"https:\/\/www.lassebacklund.fi\/?page_id=21618"},"modified":"2022-02-12T18:35:24","modified_gmt":"2022-02-12T16:35:24","slug":"skaftong-slakten","status":"publish","type":"page","link":"https:\/\/www.lassebacklund.fi\/?page_id=21618","title":{"rendered":"Skaftong sl\u00e4kten."},"content":{"rendered":"<p><span style=\"color: #000080;\"><strong>Sammanst\u00e4llt av Lasse Backlund i februari 2022, men hj\u00e4lp av Wilhelm Janssons uppgifter.<\/strong><\/span><\/p>\n<h5><strong>Sl\u00e4ktens tidiga historia i Korsb\u00e4ck.<\/strong><\/h5>\n<p>Den sl\u00e4kt som i folkmun kallas \u201dSkaftong\u201d har sitt ursprung i Korsb\u00e4ck och vi f\u00e5r g\u00e5 \u00e4nda till 1700-talets senare del f\u00f6r att f\u00e5 en b\u00f6rjan. \u00c5r 1766 testamenterade husbonden p\u00e5 Korsb\u00e4ck hemman Mickel Mickelsson sin hemmansdel p\u00e5 \u00bc del Korsb\u00e4ck \u00e5t sin sv\u00e5ger, allts\u00e5 hustruns bror Hans Andersson (1741-1768). \u00c4nnu 1760 hade Hans Andersson varit dr\u00e4ng i Korsb\u00e4ck och \u00e5r 1764 gifte han sig med Maria Pehrsdotter Bengs (1745-1812) fr\u00e5n P\u00e5skmark.<\/p>\n<p>Hans Andersson var bror till Mickels hustru Margareta och han hade fr\u00e5n tidigare h\u00e4lften av hela Korsb\u00e4ck och man kan fr\u00e5ga sig varf\u00f6r Mickel gav sin hemmansdel \u00e5t sin sv\u00e5ger Hans Andersson och inte till son Erik Mickelsson.<\/p>\n<p>Det berodde p\u00e5 att Mickels genstr\u00e4viga och trilskande son Erik Mickelsson mitt i b\u00e4sta antiden hade g\u00e5tt ifr\u00e5n f\u00f6r\u00e4ldrarna med b\u00e5de hustru och flera arbetsf\u00f6ra barn. Det hade allts\u00e5 varit mycket br\u00e5k mellan dessa som ledde till det f\u00f6r sonen of\u00f6rdelaktiga testamentet.<\/p>\n<p>Hans Andersson och hans Maria fick 3 barn men endast Mickel Hansson (1765-1844) och Johan Hansson (1768-1840) levde till vuxen \u00e5lder.<\/p>\n<h5><strong>Mickel blev bonde p\u00e5 Korsb\u00e4ck medan hans bror Johan blev torpare.<\/strong><\/h5>\n<p>Den \u00e4ldre sonen Mickel Hansson \u00e4rvde hela hemmanet och blev bonde medan den yngre brodern Johan Hansson endast blev en torpare under sin bror. Mickel Hansson gifte sig runt 1790 med Margareta L\u00e5ng fr\u00e5n Dagsmark och fick m\u00e5nga barn och har ett stort antal \u00e4ttlingar.<\/p>\n<p>Den yngre brodern Johan Hansson och hustrun Greta var allts\u00e5 torpare p\u00e5 Mickels hemman och de fick \u00e5tminstone 2 s\u00f6ner, som levde till vuxen \u00e5lder. Johan Johansson var f\u00f6dd 1798 och den yngre brodern Josef Johansson var f\u00f6dd 1793.<\/p>\n<h5><strong>Torparsonen Josef Korsb\u00e4ck flyttar till Skaftung 1829.<\/strong><\/h5>\n<p>\u00c5r 1819 gifte sig Josef Johansson med Maja Lena Sm\u00e5tr\u00e4sk (f.1796 i Starr\u00e4ngen). I 10 \u00e5rs tid k\u00e4mpade torparsonen Josef med det h\u00e5rda arbetet p\u00e5 faderns torp tills han \u00e5r 1829 med sin hustru och 2 barn flyttade till Skaftung by. Han kunde d\u00e4r bli bonde p\u00e5 ett Ingves hemman och ungef\u00e4r samtidigt f\u00f6ljde hans bror Johan Johansson med till Skaftung.<\/p>\n<p>\u00c5r 1831 flyttade ocks\u00e5 Josefs och Johans f\u00f6r\u00e4ldrar till Skaftung. Fadern Johan Hansson dog d\u00e4r \u00e5r 1840 och modern Greta avled 1851, ocks\u00e5 i Skaftung.<\/p>\n<p>Josef och Maja Lena fick flera barn i Skaftung f\u00f6re de av n\u00e5gon orsak \u00e5r 1840 flyttade tillbaka till Dagsmark f\u00f6r att bli torpare p\u00e5 Klemets hemman. Efter denna 11-\u00e5riga period i Skaftung by kallas hela sl\u00e4kten efter det f\u00f6r \u201dSkaftong\u201d.<\/p>\n<h5><strong>Anna Kajsa, gift H\u00e4ggblom (1824-1856).<\/strong><\/h5>\n<p>En dotter Anna Kajsa f\u00f6ddes \u00e5r 1824 under deras tid i Korsb\u00e4ck och d\u00e5 hon var 5 \u00e5r flyttade hon med sin familj till Skaftung. \u00c5r 1846 gifte sig Anna Kajsa sig med dr\u00e4ngen Johan Gustaf Sabinasson H\u00e4ggblom (f.1818) fr\u00e5n Hvittisbofj\u00e4rd. Johan Gustaf l\u00e4r ha haft endast ett \u00f6ga och de blev efter gifterm\u00e5let torpare p\u00e5 Klemets i Dagsmark.<\/p>\n<p>Anna Kajsa och Johan Gustaf fick flera barn, bland annat:<\/p>\n<p>-Maria Sofia (f.1848).<\/p>\n<p>-Johan Victor (f. 1849, d\u00f6d i tyfus i Thusby 1869)<\/p>\n<p>-Anna Karolina (f.1850)<\/p>\n<p>-Josef Henrik (f.1852) som kallades \u201dSkaftong Josip\u201d. Se f\u00f6ljande rubrik nedan!<\/p>\n<p>-Henrika (f.1854) som kallades \u201dSkaftong Rika\u201d . Hon var ogift och barnl\u00f6s och bodde i e<a href=\"https:\/\/www.lassebacklund.fi\/?page_id=2186\">n stuga p\u00e5 Sunnantillv\u00e4gen<\/a> d\u00e4r Lappfj\u00e4rds Potatis i dag har sina utrymmen.<\/p>\n<p>Efter att Anna Kajsa dog \u00e5r 1856 gifte sig Johan Gustaf H\u00e4ggblom p\u00e5 nytt med Kajsa Gabrielsdotter Bengtil\u00e4 eller Penttil\u00e4 fr\u00e5n Stor\u00e5. De fick \u00e5tminstone en son Niklas, som kallades \u201dSkaftong Niklas\u201d och han blev sedan bonde i Uttermossa.<\/p>\n<h5><strong>Josef Henrik H\u00e4ggblom (1852-1906).<\/strong><\/h5>\n<p>Josef, som kallades \u201dSkaftong Josip\u201d gifte sig 1878 med Karolina Gustafsdotter Korsb\u00e4ck (1850-1938). De blev b\u00f6nder i Korsb\u00e4ck och \u00e5r 1903 k\u00f6pte Josef och hans granne Erland Lindqvist en hemmansdel av Rosenback hemman i Dagsmark. Under storskiftet 1900-1912 fick Josef H\u00e4ggblom sitt hemman H\u00e4ggblom placerat i ett enda skifte i Korsb\u00e4ck. De bodde sj\u00e4lva p\u00e5 det st\u00e4lle d\u00e4r Ida Korsb\u00e4ck sedan bodde. Grannen Erland Lindqvist fick sin hemmansdel \u201dLindqvist\u201d placerad s\u00f6der om H\u00e4ggblom.<\/p>\n<figure id=\"attachment_4078\" aria-describedby=\"caption-attachment-4078\" style=\"width: 1328px\" class=\"wp-caption alignnone\"><img loading=\"lazy\" decoding=\"async\" class=\"wp-image-4078 size-full\" src=\"https:\/\/www.lassebacklund.fi\/wp-content\/uploads\/2017\/05\/11-H\u00e4ggblom.jpg\" alt=\"\" width=\"1328\" height=\"859\" srcset=\"https:\/\/www.lassebacklund.fi\/wp-content\/uploads\/2017\/05\/11-H\u00e4ggblom.jpg 1328w, https:\/\/www.lassebacklund.fi\/wp-content\/uploads\/2017\/05\/11-H\u00e4ggblom-300x194.jpg 300w, https:\/\/www.lassebacklund.fi\/wp-content\/uploads\/2017\/05\/11-H\u00e4ggblom-768x497.jpg 768w, https:\/\/www.lassebacklund.fi\/wp-content\/uploads\/2017\/05\/11-H\u00e4ggblom-1024x662.jpg 1024w\" sizes=\"auto, (max-width: 1328px) 100vw, 1328px\" \/><figcaption id=\"caption-attachment-4078\" class=\"wp-caption-text\">&#8221;Skaftong Josip&#8221; H\u00e4ggblom fick sitt hemman v\u00e4l samlat, p\u00e5 det omr\u00e5de d\u00e4r skolbyggnaden st\u00e5r i dag.<\/figcaption><\/figure>\n<h5><strong>\u201dSkaftong Adelin\u201d H\u00e4ggblom (1887-1956)<\/strong><\/h5>\n<p>\u00c5r 1887 f\u00f6ddes deras enda barn, dottern Adelina. Efter det vistades Josef i flera \u00e5r i Amerika men han \u00e5terv\u00e4nde och hade troligtvis dollars p\u00e5 fickan, s\u00e5 att han kunde k\u00f6pa Rosenbacks hemmansdel. Josef dog \u00e5r 1905 och \u00e4nkan Karolina och dottern Adelina fortsatte att bo i Korsb\u00e4ck.<\/p>\n<p>\u00c5r 1914 gifte sig dottern Adelina med Frans Viktorsson Hirsim\u00e4ki, som var f\u00f6dd \u00e5r 1882 i Villamo i Stor\u00e5. Som m\u00e5g blev d\u00e5 Frans bonde p\u00e5 hemmanet i Korsb\u00e4ck, som kallades \u201dSkaftong\u201d. Hans sl\u00e4kt kom ursprungligen fr\u00e5n Dagsmark och han pratade bra svenska och eftersom han ocks\u00e5 hade vistats i Amerika, kunde han s\u00e4kert g\u00f6ra sig f\u00f6rst\u00e5dd p\u00e5 3 spr\u00e5k.<\/p>\n<p>Adelina och Frans fick \u00e5r 1914 en dotter Elna, som sedan gifte sig med <a href=\"https:\/\/www.lassebacklund.fi\/?page_id=12346\">V\u00e4in\u00f6 Mannila<\/a> och de bodde i Palon i Dagsmark<\/p>\n<p>Adelina och Frans fick ocks\u00e5 en son \u00e5r 1917, som fick namnet Frans. Han var ogift och barnl\u00f6s och bodde som vuxen i Sverige.<\/p>\n<p>\u00c5r 1918 drabbades Frans Hirsim\u00e4ki av spanska sjukan och han avled d\u00e5 i lunginflammation.<\/p>\n<p>\u00c5r 1923 hamnade Adelina och modern Karolina p\u00e5 obest\u00e5nd och de kunde inte beh\u00e5lla hemmanet H\u00e4ggblom. Det s\u00e5ldes p\u00e5 konkursauktion och Lappfj\u00e4rds kommun k\u00f6pte d\u00e5 hemmanet och \u00e5r 1930 kunde de sedan bygga den <a href=\"https:\/\/www.lassebacklund.fi\/?page_id=18246\">nya folkskolan<\/a> d\u00e4r.<\/p>\n<p>P\u00e5 n\u00e5got vis kunde unga \u00e4nkan Adelina Hirsim\u00e4ki \u00e5r 1923 k\u00f6pa <a href=\"https:\/\/www.lassebacklund.fi\/?page_id=2052\">en g\u00e5rd och lite mark p\u00e5 Lillsj\u00f6lidv\u00e4gen<\/a> av Josef Henrik Hosioja, som kallades \u201dIsakas Josip\u201d. Hon flyttade genast dit med sin mor och en ko. Ocks\u00e5 detta st\u00e4lle b\u00f6rjade kallas \u201dSkaftong\u201d, s\u00e5 man s\u00e4ga att det har varit ett seglivat namn. Adelina hade \u00e5ret innan f\u00e5tt en dotter Selma och \u00e5r 1923 gifte hon sig p\u00e5 nytt, denna g\u00e5ng med Johan Koivum\u00e4ki (f.1897) fr\u00e5n Storliden. Adelina och Johan fick sedan barnen Sanni (f.1924), Johan Gunnar (1926-1948) och Einar (f.1928).<\/p>\n<figure id=\"attachment_2054\" aria-describedby=\"caption-attachment-2054\" style=\"width: 1199px\" class=\"wp-caption alignnone\"><img loading=\"lazy\" decoding=\"async\" class=\"size-full wp-image-2054\" src=\"https:\/\/www.lassebacklund.fi\/wp-content\/uploads\/2016\/11\/1-10.jpg\" alt=\"\" width=\"1199\" height=\"732\" srcset=\"https:\/\/www.lassebacklund.fi\/wp-content\/uploads\/2016\/11\/1-10.jpg 1199w, https:\/\/www.lassebacklund.fi\/wp-content\/uploads\/2016\/11\/1-10-300x183.jpg 300w, https:\/\/www.lassebacklund.fi\/wp-content\/uploads\/2016\/11\/1-10-768x469.jpg 768w, https:\/\/www.lassebacklund.fi\/wp-content\/uploads\/2016\/11\/1-10-1024x625.jpg 1024w\" sizes=\"auto, (max-width: 1199px) 100vw, 1199px\" \/><figcaption id=\"caption-attachment-2054\" class=\"wp-caption-text\">Isakas torpet p\u00e5 Lillsj\u00f6lidv\u00e4gen, som p\u00e5 1920-talet \u00f6vertogs av Adelina Hirsim\u00e4ki. St\u00e4llet b\u00f6rjade d\u00e5 kallas &#8221;Skaftong&#8221; och det g\u00f6r det \u00e4nnu idag. Fotot fr\u00e5n 1960-talet, taget av Arthur Rosengren.<\/figcaption><\/figure>\n<p>\u00c5r 2004 revs g\u00e5rden p\u00e5 Lillsj\u00f6lidv\u00e4gen men namnet Skaftong lever fortfarande kvar.<\/p>\n<h5><strong>Malakias Josefsson Korsb\u00e4ck (1830-1868).<\/strong><\/h5>\n<p>Under tiden som bonden Josef och Karolina Korsb\u00e4ck bodde i Skaftung p\u00e5 Ingves hemman f\u00f6ddes flera barn, bland annat sonen Malakias. Under tiden i Skaftung anv\u00e4ndes sl\u00e4ktnamnet Ingves.<\/p>\n<p>D\u00e5 Malakias var 10 \u00e5r gammal flyttade f\u00f6r\u00e4ldrarna och hans syskon fr\u00e5n Skaftung tillbaka till Dagsmark d\u00e5 de blev torpare p\u00e5 Klemets hemman och de b\u00f6rjade d\u00e5 anv\u00e4nda sl\u00e4ktnamnet Klemets.<\/p>\n<p>\u00c5r 1860 gifte sig \u201dSkaftong Malakias\u201d med torparedottern Anna Greta Eriksdotter B\u00e5sk eller Gr\u00f6ndal (f.1840). Han blev d\u00e5 torpare p\u00e5 <a href=\"https:\/\/www.lassebacklund.fi\/?page_id=1299\">\u201dStoas torp\u201d i Lillsj\u00f6<\/a> och b\u00f6rjade kallas \u201dB\u00e5sk Kia\u201d eller bara \u201dKia\u201d, med sl\u00e4ktnamnet Lillsj\u00f6. Helt logisk s\u00e5 b\u00f6rjade hustrun Anna Greta kallas f\u00f6r \u201dKion\u201d.<\/p>\n<p>Malakias och Anna Greta Lillsj\u00f6 fick 4 barn, bland annat Josef Henrik Lillsj\u00f6, mera k\u00e4nd som <a href=\"https:\/\/www.lassebacklund.fi\/?page_id=645\">\u201dLillsj\u00f6 Bagarin\u201d<\/a> med ett bageri och karamellfabrik i Dagsmark.<\/p>\n<p>Malakias dog under det andra n\u00f6d\u00e5ret 1868 och \u00e5r 1876 gifte \u00e4nkan Anna Greta om sig med torparesonen Johan Henrik Prunnila, som var f\u00f6dd 1843 i Honkajoki.<\/p>\n<p>Anna Greta och Johan Henrik fick flera barn men de tillh\u00f6rde inte l\u00e4ngre \u201dSkaftong\u201d sl\u00e4ktet.<\/p>\n","protected":false},"excerpt":{"rendered":"<p>Sammanst\u00e4llt av Lasse Backlund i februari 2022, men hj\u00e4lp av Wilhelm Janssons uppgifter. Sl\u00e4ktens tidiga historia i Korsb\u00e4ck. Den sl\u00e4kt som i folkmun kallas \u201dSkaftong\u201d har sitt ursprung i Korsb\u00e4ck och vi f\u00e5r g\u00e5 \u00e4nda till 1700-talets senare del f\u00f6r <a class=\"more-link\" href=\"https:\/\/www.lassebacklund.fi\/?page_id=21618\">Forts\u00e4tt l\u00e4sa <span class=\"screen-reader-text\">  Skaftong sl\u00e4kten.<\/span><span class=\"meta-nav\">&rarr;<\/span><\/a><\/p>\n","protected":false},"author":1,"featured_media":0,"parent":21,"menu_order":9,"comment_status":"closed","ping_status":"closed","template":"","meta":{"footnotes":""},"class_list":["post-21618","page","type-page","status-publish","hentry"],"_links":{"self":[{"href":"https:\/\/www.lassebacklund.fi\/index.php?rest_route=\/wp\/v2\/pages\/21618","targetHints":{"allow":["GET"]}}],"collection":[{"href":"https:\/\/www.lassebacklund.fi\/index.php?rest_route=\/wp\/v2\/pages"}],"about":[{"href":"https:\/\/www.lassebacklund.fi\/index.php?rest_route=\/wp\/v2\/types\/page"}],"author":[{"embeddable":true,"href":"https:\/\/www.lassebacklund.fi\/index.php?rest_route=\/wp\/v2\/users\/1"}],"replies":[{"embeddable":true,"href":"https:\/\/www.lassebacklund.fi\/index.php?rest_route=%2Fwp%2Fv2%2Fcomments&post=21618"}],"version-history":[{"count":4,"href":"https:\/\/www.lassebacklund.fi\/index.php?rest_route=\/wp\/v2\/pages\/21618\/revisions"}],"predecessor-version":[{"id":21622,"href":"https:\/\/www.lassebacklund.fi\/index.php?rest_route=\/wp\/v2\/pages\/21618\/revisions\/21622"}],"up":[{"embeddable":true,"href":"https:\/\/www.lassebacklund.fi\/index.php?rest_route=\/wp\/v2\/pages\/21"}],"wp:attachment":[{"href":"https:\/\/www.lassebacklund.fi\/index.php?rest_route=%2Fwp%2Fv2%2Fmedia&parent=21618"}],"curies":[{"name":"wp","href":"https:\/\/api.w.org\/{rel}","templated":true}]}}