{"id":21457,"date":"2022-01-03T21:39:34","date_gmt":"2022-01-03T19:39:34","guid":{"rendered":"https:\/\/www.lassebacklund.fi\/?page_id=21457"},"modified":"2025-07-10T00:41:11","modified_gmt":"2025-07-09T21:41:11","slug":"tidningsartiklar-om-selim-bjorses","status":"publish","type":"page","link":"https:\/\/www.lassebacklund.fi\/?page_id=21457","title":{"rendered":"Tidningsartiklar om Selim Bj\u00f6rses"},"content":{"rendered":"<p><strong><span style=\"color: #000080;\">Artikel om Selim Bj\u00f6rses i Syd-\u00d6sterbotten 4.9.1948:<\/span><\/strong><\/p>\n<h2><strong>Selim Bj\u00f6rses, en uppburen klubbledare.<\/strong><\/h2>\n<p>En m\u00e4rkesgestalt bland ledarna f\u00f6r landsbygdens ungdom \u00e4r l\u00e4rare Selim Bj\u00f6rses i Lappfj\u00e4rd. \u00c4nda sedan 1929 har han st\u00e5tt i spetsen f\u00f6r arbetet bland ungdomen och barnen i hemkommunen Lappfj\u00e4rd. Han har st\u00e4dse drivits av en stark \u00f6nskan att skapa en god ungdom, en ungdom med rika kunskaper om jordens sk\u00f6tsel, med k\u00e4rlek till naturen, till v\u00e4xter och djur, till hembygden och f\u00f6rf\u00e4dernas arbete.<\/p>\n<p>Det \u00e4r l\u00e4rare Bj\u00f6rses som gjort klubbid\u00e9n k\u00e4nd i Lappfj\u00e4rd och som gjort att lantbruksklubben blivit en maktfaktor av betydenhet i kommunen. I knappast n\u00e5gon annan kommun i \u00d6sterbotten har lantbruksklubbarbetet l\u00e4mnat s\u00e5 tydliga spar efter sig som just i Lappfj\u00e4rd. Under de 18 \u00e5r l\u00e4rare Bj\u00f6rses st\u00e5tt i spetsen f\u00f6r lantbruksklubben har lappfj\u00e4rdsbygdens yttre tavla f\u00f6r\u00e4ndrats i h\u00f6g grad. Manga hundra flickor och pojkar har under \u00e5rens lopp h\u00f6rt till klubben, de har vuxit upp till m\u00e4n och kvinnor, vilka som fullvuxna bevarat och f\u00f6rkovrat de l\u00e4rdomar de i ungdomen inh\u00e4mtat. De har ocks\u00e5 till\u00e4mpat dem.<\/p>\n<p>Den gr\u00f6nska och prakt som i dag m\u00f6ter oss i Lappfj\u00e4rd i form av tr\u00e4dg\u00e5rdar och planteringar b\u00e4r till stor del lantbruksklubbens st\u00e4mpel. Lantbruksklubbarna arbetar f\u00f6r att h\u00f6ja v\u00e5rt folk i andligt och materiellt avseende. Det \u00e4r ett arbete med ungdomen f\u00f6r ungdomen och v\u00e5rt folk. Lappfj\u00e4rds lantbruksklubb \u00e4r ett verk av Selim Bj\u00f6rses. Sedan senaste v\u00e5r \u00e4r han inte l\u00e4ngre direkt ledare f\u00f6r klubben, men han arbetar dock \u00e4nnu i m\u00e5n av tid f\u00f6r densamma. M\u00e5 landsdelen \u00e4nnu l\u00e4nge ha f\u00f6rm\u00e5nen ha honom med i lantbruksklubbarbetet, arbetet d\u00e4r de v\u00e4xandes hj\u00e4rta hand, huvud och h\u00e4lsa \u00f6vas.<\/p>\n<p><strong><span style=\"color: #000080;\">Artikel i Syd-\u00d6sterbottens tr\u00e4dg\u00e5rdsnummer 4.9.1948, skriven av lantbruksklubbens ledare Selim Bj\u00f6rses fr\u00e5n Lappfj\u00e4rd:<\/span><\/strong><\/p>\n<h2><strong>Tr\u00e4dg\u00e5rdsodlingen utvecklar de ungas sk\u00f6nhetssinne. <\/strong><\/h2>\n<p><strong>Klubbarbetet i Lappfj\u00e4rd har resulterat i hundratals vackra tr\u00e4dg\u00e5rdar.<\/strong><\/p>\n<p>Intresset f\u00f6r tr\u00e4dg\u00e5rden och dess v\u00e4xter har m\u00e4rkbart \u00f6kats i v\u00e5ra bygder under de senaste decennierna. I Lappfj\u00e4rd fanns i b\u00f6rjan av detta sekel tr\u00e4dg\u00e5rdar endast vid n\u00e5gra enstaka tj\u00e4nstemannabost\u00e4der. Dessa planteringar tedde sig d\u00e5 likt fridfulla oaser p\u00e5 den vida sl\u00e4tten, n\u00e4r stormarna sveper kring de kala boplatserna. K\u00f6ksv\u00e4xtodlingen inskr\u00e4nkte sig vanligen till n\u00e5gra kryddv\u00e4xter. Frukter och b\u00e4r odlades mest som rariteter. Tr\u00e4dg\u00e5rdens produkter anv\u00e4ndes i ringa utstr\u00e4ckning vid matlagningen och den dagliga kosten var d\u00e4rf\u00f6r enformig och vitaminfattig.<\/p>\n<p>Skolor och f\u00f6reningar b\u00f6rjade dock under seklets f\u00f6rsta decennier sprida k\u00e4nnedom om tr\u00e4dg\u00e5rdens v\u00e4xter, deras odling och anv\u00e4ndning i hush\u00e5llet, och bygdens folk anammade kunskaperna. I b\u00f6rjan gick det l\u00e5ngsamt, men d\u00e5 de f\u00f6rsta trevande odlingsf\u00f6rs\u00f6ken gav goda resultat, \u00f6kades snart intresset. I Lappfj\u00e4rds kommun var Dagsmark by under l\u00e5ng tid ett gott stycke framom andra byar p\u00e5 tr\u00e4dg\u00e5rdsodlingens omr\u00e5de, fr\u00e4mst tack vare l\u00e4raren J. J. Wadstr\u00f6ms verksamhet.<\/p>\n<p>I de \u00f6vriga byarna \u00f6kades intresset f\u00f6r tr\u00e4dg\u00e5rdens v\u00e4xter starkt i b\u00f6rjan av 1930-talet. I mitten av 1920-talet var s\u00e5dana v\u00e4xter som tomater, gurkor, pumpor och b\u00f6nor ganska s\u00e4llsynta v\u00e4xter, b\u00e5de i tr\u00e4dg\u00e5rden och p\u00e5 matbordet. Detsamma kan s\u00e4gas om frukter och b\u00e4r. Men under 1930-talets senare del s\u00e5g man h\u00e4r och var i bygden sm\u00e5 tomatkast samt sm\u00e4rre gurk- och b\u00f6nodlingar. M\u00e5nga nya tr\u00e4dg\u00e5rdar med frukttr\u00e4d och b\u00e4rbuskar hade ocks\u00e5 anlagts. Den enformiga sl\u00e4tten med sina kala boplatser och gr\u00e5a g\u00e5rdar hade nu m\u00e4rkbart f\u00f6rsk\u00f6nats. V\u00e5ra lantbruksklubbar har en viss andel i denna utveckling p\u00e5 tr\u00e4dg\u00e5rdsodlingens omr\u00e5de. Klubbarna har hos oss liksom i andra l\u00e4nder lyckats sprida kunskap bland bygdens folk. Klubbledaren kan under sina dagliga f\u00e4rder ge nyttiga r\u00e5d om v\u00e4xterna och deras sk\u00f6tsel.<\/p>\n<p>De vuxna har s\u00e4llan under sommarens br\u00e5da vardag tid f\u00f6r experiment med nya v\u00e4xter, odlingsmetoder och matrecept. Den v\u00e4xande ungdomen \u00e4r d\u00e4remot vanligen villig att f\u00f6lja sin ledares anvisningar. De flesta ungdomar har intresse f\u00f6r levande v\u00e4xter och djur och en slumrande forskarh\u00e5g ger dem lust att pr\u00f6va nya v\u00e4gar och egna krafter. Tr\u00e4dg\u00e5rdsodlingen ger dem m\u00f6jligheter att pryda kring hem och g\u00e5rd och tillfredsst\u00e4ller och utvecklar deras sk\u00f6nhetssinne. N\u00e4r de ungas verksamhet \u00e4r f\u00f6rlagd till hemmets omedelbara omgivning, f\u00f6ljer de \u00e4ldre, mer eller mindre intresserade, med de ungas verksamhet och f\u00e5r sj\u00e4lva l\u00e4rdomar och erfarenheter.<\/p>\n<p>Som bevis f\u00f6r det ovansagda m\u00e5 n\u00e4mnas att n\u00e4r klubben i Lappfj\u00e4rd 1929 b\u00f6rjade sin verksamhet ville ingen odla mor\u00f6tter, r\u00f6dbetor och l\u00f6k i st\u00f6rre m\u00e4ngd, eftersom sk\u00f6tseln av odlingarna med de d\u00e5 vanliga odlingsmetoderna var arbetsdryg och gav d\u00e5liga sk\u00f6rdar. D\u00e5 klubbmedlemmarna senare l\u00e4rde sig att anv\u00e4nda goda redskap och arbetsmetoder \u00f6kades arealerna v\u00e4sentligt och i dag odlas dessa v\u00e4xter b\u00e5de av klubbmedlemmar och av bygdens husb\u00f6nder \u00f6ver stora ytor som \u00e4r tio, ja hundra g\u00e5nger st\u00f6rre \u00e4n f\u00f6r tjugo \u00e5r tillbaka. N\u00e4r klubbmedlemmarna \u00e5r1930 anlade sina tr\u00e4dg\u00e5rdar och planterade sina frukttr\u00e4d skakade m\u00e5nga p\u00e5 huvudet \u00e5t nymodigheterna. Sedan dess har hundratals tr\u00e4dg\u00e5rdar med frukttr\u00e4d, b\u00e4rbuskar och prydnadsv\u00e4xter anlagts. De pryder nu lappfj\u00e4rdsbygden och sk\u00e4nker m\u00e4nniskorna b\u00e5de andliga och materiella v\u00e4rden.<\/p>\n","protected":false},"excerpt":{"rendered":"<p>Artikel om Selim Bj\u00f6rses i Syd-\u00d6sterbotten 4.9.1948: Selim Bj\u00f6rses, en uppburen klubbledare. En m\u00e4rkesgestalt bland ledarna f\u00f6r landsbygdens ungdom \u00e4r l\u00e4rare Selim Bj\u00f6rses i Lappfj\u00e4rd. \u00c4nda sedan 1929 har han st\u00e5tt i spetsen f\u00f6r arbetet bland ungdomen och barnen i <a class=\"more-link\" href=\"https:\/\/www.lassebacklund.fi\/?page_id=21457\">Forts\u00e4tt l\u00e4sa <span class=\"screen-reader-text\">  Tidningsartiklar om Selim Bj\u00f6rses<\/span><span class=\"meta-nav\">&rarr;<\/span><\/a><\/p>\n","protected":false},"author":1,"featured_media":0,"parent":4555,"menu_order":0,"comment_status":"closed","ping_status":"closed","template":"","meta":{"footnotes":""},"class_list":["post-21457","page","type-page","status-publish","hentry"],"_links":{"self":[{"href":"https:\/\/www.lassebacklund.fi\/index.php?rest_route=\/wp\/v2\/pages\/21457","targetHints":{"allow":["GET"]}}],"collection":[{"href":"https:\/\/www.lassebacklund.fi\/index.php?rest_route=\/wp\/v2\/pages"}],"about":[{"href":"https:\/\/www.lassebacklund.fi\/index.php?rest_route=\/wp\/v2\/types\/page"}],"author":[{"embeddable":true,"href":"https:\/\/www.lassebacklund.fi\/index.php?rest_route=\/wp\/v2\/users\/1"}],"replies":[{"embeddable":true,"href":"https:\/\/www.lassebacklund.fi\/index.php?rest_route=%2Fwp%2Fv2%2Fcomments&post=21457"}],"version-history":[{"count":3,"href":"https:\/\/www.lassebacklund.fi\/index.php?rest_route=\/wp\/v2\/pages\/21457\/revisions"}],"predecessor-version":[{"id":24313,"href":"https:\/\/www.lassebacklund.fi\/index.php?rest_route=\/wp\/v2\/pages\/21457\/revisions\/24313"}],"up":[{"embeddable":true,"href":"https:\/\/www.lassebacklund.fi\/index.php?rest_route=\/wp\/v2\/pages\/4555"}],"wp:attachment":[{"href":"https:\/\/www.lassebacklund.fi\/index.php?rest_route=%2Fwp%2Fv2%2Fmedia&parent=21457"}],"curies":[{"name":"wp","href":"https:\/\/api.w.org\/{rel}","templated":true}]}}