{"id":21365,"date":"2021-08-20T20:38:00","date_gmt":"2021-08-20T17:38:00","guid":{"rendered":"https:\/\/www.lassebacklund.fi\/?page_id=21365"},"modified":"2021-09-15T20:04:51","modified_gmt":"2021-09-15T17:04:51","slug":"tidningsurklipp-fran-ar-1916","status":"publish","type":"page","link":"https:\/\/www.lassebacklund.fi\/?page_id=21365","title":{"rendered":"Tidningsurklipp fr\u00e5n \u00e5r 1916."},"content":{"rendered":"<h4><strong>Folkm\u00e4ngderna i Syd\u00f6sterbotten:<\/strong><\/h4>\n<p><strong>I Kristinestads f\u00f6rsamling<\/strong> f\u00f6ddes det 59 barn under \u00e5r 1915, av dessa var 7 f\u00f6dda utanf\u00f6r \u00e4ktenskapet. 39 personer hade avlidit och den \u00e4ldsta avlidna mannen var 79 \u00e5r och den \u00e4ldsta kvinnan 90. 18 par hade gift sig. 146 personer hade flyttat in till staden medan 176 hade flyttat bort och allt detta gjorde att folkm\u00e4ngden hade minskat med 10 personer till 3\u00a0512.<\/p>\n<p><strong>I stadsf\u00f6rsamlingen i Tj\u00f6ck<\/strong> hade det f\u00f6tts 34 barn och 31 personer hade d\u00f6tt. 15 par hade gift sig. Inflyttning och utflyttningen var i balans och i landsf\u00f6rsamlingen bodde det nu 1\u00a0540 personer.<\/p>\n<p><strong>I Lappfj\u00e4rd<\/strong> hade det f\u00f6tts 166 barn och 133 personer hade avlidit, av dessa 8 i Amerika. 80 personer hade flyttat till f\u00f6rsamlingen och 93 hade flyttat bort. 30 par hade vigts. Folkm\u00e4ngden \u00f6kade med 7 till 7\u00a0315 personer.<\/p>\n<p><strong>I Sideby<\/strong> f\u00f6ddes det 90 barn under det senaste \u00e5ret och 53 personer hade d\u00f6tt. Av de avlidna var 5 personer \u00e4ldre \u00e4n 80 och den \u00e4ldsta avlidna var 95 \u00e5r. 20 par hade gift sig. Folkm\u00e4ngden i Sideby \u00f6kade med 67 personer till 3\u00a0540.<\/p>\n<p>I Helsingfors bodde det 174\u00a0000, i \u00c5bo 53\u00a0000,i Tammerfors 44\u00a0900 och i Vasa 22\u00a0678 personer.<\/p>\n<h4><strong>Kristinestads handel under \u00e5r 1915.<\/strong><\/h4>\n<p>Enligt det av Handelsf\u00f6reningen uppr\u00e4ttade sammandraget utgjorde v\u00e4rdet av importen \u00f6ver Kristinestad totalt 101\u00a0500 mark mot 963\u00a0000 \u00e5ret innan. Ingen export har skett och det skall j\u00e4mf\u00f6ras med 1, 8 miljoner det f\u00f6reg\u00e5ende \u00e5ret. Orsaken till raset \u00e4r det p\u00e5 p\u00e5g\u00e5ende v\u00e4rldskriget, som helt lamslagit handeln i staden.<\/p>\n<p>Av importen var sockret den st\u00f6rsta produkten med 45\u00a0000 mark, kaffe f\u00f6r 13\u00a0000 och ett segelfartyg f\u00f6r 11\u00a0000 mark. Alla andra produkter importerades i sm\u00e5 m\u00e4ngder.<\/p>\n<p><span style=\"color: #000080;\"><strong>Syd-\u00d6sterbotten 26.4.1916:<\/strong><\/span><\/p>\n<h5><strong>Stora \u00f6versv\u00e4mningar i Lappfj\u00e4rd.<\/strong><\/h5>\n<p>Islossningen har i \u00e5r f\u00f6rsigg\u00e5tt n\u00e5gorlunda normalt, fast\u00e4n v\u00e5rfl\u00f6det \u00e4r rikligare \u00e4n under tidigare \u00e5r. D\u00e5 slussarna i den nya bron inte f\u00f6rsm\u00e5r sv\u00e4lja alla de stora vattenmassor, som de senaste dagarnas regn ytterligare h\u00f6jt p\u00e5, har betydliga \u00f6versv\u00e4mningar intr\u00e4ffat.<\/p>\n<p>V\u00e4garna \u00e4r p\u00e5 flera st\u00e4llen under vatten och s\u00f6ndergr\u00e4vda av str\u00f6mmar. Ungdomshemmet \u00e4r kringflutet av vatten och ungdomsf\u00f6reningen, som andra p\u00e5skdagen haft f\u00f6r avsikt att fira sitt 20-\u00e5rs jubileum, m\u00e5ste nu skjuta upp festen. Likas\u00e5 m\u00e5ste mantalsskrivningen, som ocks\u00e5 skulle g\u00f6ras p\u00e5 ungdomshemmet, flyttas till tingsst\u00e4llet.<\/p>\n<p>\u00c4nda upp till folkskolan n\u00e5r vattenmassorna och n\u00e5gon s\u00e4nkning \u00e4r under de n\u00e4rmaste dagarna inte att hoppas p\u00e5.<\/p>\n<p><span style=\"color: #000080;\"><strong>Syd-\u00d6sterbotten 1.11.1916:<\/strong><\/span><\/p>\n<h5><strong>Byrallor.<\/strong><\/h5>\n<p>P\u00e5 ungdomsf\u00f6reningarnas festprogram intar bygdem\u00e5lsber\u00e4ttelserna ofta en framskjuten plats och f\u00f6rnekas kan ju ej heller att en munvig ber\u00e4ttare med sin tokroliga \u201eralla&#8221; har l\u00e4tt att h\u00e5lla den eng\u00e5ng v\u00e4ckta munterheten vid liv. Det \u00e4r dock inte allom givet att sj\u00e4lv kunna s\u00e4tta ihop bygdem\u00e5lsber\u00e4ttelser och d\u00e4rf\u00f6r, n\u00e4r den bekanta byrallef\u00f6rfattaren A. I. Nygrens skrifter redan f\u00f6r m\u00e5nga \u00e4r varit utg\u00e5ngna ur bokhandeln, har det st\u00f6tt p\u00e5 sv\u00e5righeter att f\u00e5 tag i nya byahistorier.<\/p>\n<p>F\u00f6r att i n\u00e5gon m\u00e5n avhj\u00e4lpa bristen har en bekant bygdem\u00e5lsber\u00e4ttare Karl Rosenback i Dagsmark samlat sina historier och gett ut dem i bokform under titeln \u201eByrallor&#8221;. Rallorna, som \u00e4r 17 till antalet, \u00e4r flytande ber\u00e4ttade och saknar ingalunda humoristiska po\u00e4nger. De l\u00e4mpar sig s\u00e4rdeles v\u00e4l att ber\u00e4ttas och kommer s\u00e4kert att utg\u00f6ra ett b\u00e4rande nummer p\u00e5 programmen vid ungdomsfester. \u00c5tergivandet blir \u00e4ven f\u00f6r ber\u00e4ttaren l\u00e4ttare genom i texten angivna ljudbeteckningar. Boken som kostar endast 1 mk 50 p:i kan best\u00e4llas hos f\u00f6rfattaren under adress Dagsmark.<\/p>\n<p>&nbsp;<\/p>\n","protected":false},"excerpt":{"rendered":"<p>Folkm\u00e4ngderna i Syd\u00f6sterbotten: I Kristinestads f\u00f6rsamling f\u00f6ddes det 59 barn under \u00e5r 1915, av dessa var 7 f\u00f6dda utanf\u00f6r \u00e4ktenskapet. 39 personer hade avlidit och den \u00e4ldsta avlidna mannen var 79 \u00e5r och den \u00e4ldsta kvinnan 90. 18 par hade <a class=\"more-link\" href=\"https:\/\/www.lassebacklund.fi\/?page_id=21365\">Forts\u00e4tt l\u00e4sa <span class=\"screen-reader-text\">  Tidningsurklipp fr\u00e5n \u00e5r 1916.<\/span><span class=\"meta-nav\">&rarr;<\/span><\/a><\/p>\n","protected":false},"author":1,"featured_media":0,"parent":3732,"menu_order":1916,"comment_status":"closed","ping_status":"closed","template":"","meta":{"footnotes":""},"class_list":["post-21365","page","type-page","status-publish","hentry"],"_links":{"self":[{"href":"https:\/\/www.lassebacklund.fi\/index.php?rest_route=\/wp\/v2\/pages\/21365","targetHints":{"allow":["GET"]}}],"collection":[{"href":"https:\/\/www.lassebacklund.fi\/index.php?rest_route=\/wp\/v2\/pages"}],"about":[{"href":"https:\/\/www.lassebacklund.fi\/index.php?rest_route=\/wp\/v2\/types\/page"}],"author":[{"embeddable":true,"href":"https:\/\/www.lassebacklund.fi\/index.php?rest_route=\/wp\/v2\/users\/1"}],"replies":[{"embeddable":true,"href":"https:\/\/www.lassebacklund.fi\/index.php?rest_route=%2Fwp%2Fv2%2Fcomments&post=21365"}],"version-history":[{"count":4,"href":"https:\/\/www.lassebacklund.fi\/index.php?rest_route=\/wp\/v2\/pages\/21365\/revisions"}],"predecessor-version":[{"id":21381,"href":"https:\/\/www.lassebacklund.fi\/index.php?rest_route=\/wp\/v2\/pages\/21365\/revisions\/21381"}],"up":[{"embeddable":true,"href":"https:\/\/www.lassebacklund.fi\/index.php?rest_route=\/wp\/v2\/pages\/3732"}],"wp:attachment":[{"href":"https:\/\/www.lassebacklund.fi\/index.php?rest_route=%2Fwp%2Fv2%2Fmedia&parent=21365"}],"curies":[{"name":"wp","href":"https:\/\/api.w.org\/{rel}","templated":true}]}}