{"id":21300,"date":"2021-07-06T00:01:15","date_gmt":"2021-07-05T21:01:15","guid":{"rendered":"https:\/\/www.lassebacklund.fi\/?page_id=21300"},"modified":"2021-07-06T00:10:57","modified_gmt":"2021-07-05T21:10:57","slug":"tidningsurklipp-fran-ar-1914","status":"publish","type":"page","link":"https:\/\/www.lassebacklund.fi\/?page_id=21300","title":{"rendered":"Tidningsurklipp fr\u00e5n \u00e5r 1914."},"content":{"rendered":"<p><span style=\"color: #000080;\"><strong>Syd-\u00d6sterbotten 3.1.1914:<\/strong><\/span><\/p>\n<h4><strong>Emigrationen \u00e5r 1912.<\/strong><\/h4>\n<p>Finlands officiella statistikuppgifter har utkommit och d\u00e4r finns emigrationsstatistiken fr\u00e5n \u00e5r 1912 med. Det \u00e5ret medf\u00f6rde en visserligen inte stor men dock anm\u00e4rkningsv\u00e4rd stegring av emigrationen gentemot f\u00f6reg\u00e5ende \u00e5r. Emigranternas antal, som under \u00e5ren 1909 och 1910 stigit \u00f6ver 19\u00a0000 men \u00e5r 1911 hastigt sjunkit med mer \u00e4n h\u00e4lften eller till endast 9\u00a0372, steg igen kraftigt \u00e5r 1912 med 14,4 % eller till 19\u00a0724. Av dessa var 5\u00a0652 m\u00e4n, 5\u00a0072 kvinnor och resten var barn.<\/p>\n<p>S\u00e5som under tidigare \u00e5r har Vasa L\u00e4n \u00e4ven nu under \u00e5r 1912 uppvisat det st\u00f6rsta antalet emigranter, n\u00e4mligen 4\u00a0200. Efter Vasa l\u00e4n f\u00f6ljer \u00c5bo- och Bj\u00f6rneborgs l\u00e4n med 1\u00a0900 och Ule\u00e5borgs l\u00e4n med 1\u00a0174 emigranter.<\/p>\n","protected":false},"excerpt":{"rendered":"<p>Syd-\u00d6sterbotten 3.1.1914: Emigrationen \u00e5r 1912. Finlands officiella statistikuppgifter har utkommit och d\u00e4r finns emigrationsstatistiken fr\u00e5n \u00e5r 1912 med. Det \u00e5ret medf\u00f6rde en visserligen inte stor men dock anm\u00e4rkningsv\u00e4rd stegring av emigrationen gentemot f\u00f6reg\u00e5ende \u00e5r. Emigranternas antal, som under \u00e5ren 1909 <a class=\"more-link\" href=\"https:\/\/www.lassebacklund.fi\/?page_id=21300\">Forts\u00e4tt l\u00e4sa <span class=\"screen-reader-text\">  Tidningsurklipp fr\u00e5n \u00e5r 1914.<\/span><span class=\"meta-nav\">&rarr;<\/span><\/a><\/p>\n","protected":false},"author":1,"featured_media":0,"parent":3732,"menu_order":1914,"comment_status":"closed","ping_status":"closed","template":"","meta":{"footnotes":""},"class_list":["post-21300","page","type-page","status-publish","hentry"],"_links":{"self":[{"href":"https:\/\/www.lassebacklund.fi\/index.php?rest_route=\/wp\/v2\/pages\/21300","targetHints":{"allow":["GET"]}}],"collection":[{"href":"https:\/\/www.lassebacklund.fi\/index.php?rest_route=\/wp\/v2\/pages"}],"about":[{"href":"https:\/\/www.lassebacklund.fi\/index.php?rest_route=\/wp\/v2\/types\/page"}],"author":[{"embeddable":true,"href":"https:\/\/www.lassebacklund.fi\/index.php?rest_route=\/wp\/v2\/users\/1"}],"replies":[{"embeddable":true,"href":"https:\/\/www.lassebacklund.fi\/index.php?rest_route=%2Fwp%2Fv2%2Fcomments&post=21300"}],"version-history":[{"count":2,"href":"https:\/\/www.lassebacklund.fi\/index.php?rest_route=\/wp\/v2\/pages\/21300\/revisions"}],"predecessor-version":[{"id":21302,"href":"https:\/\/www.lassebacklund.fi\/index.php?rest_route=\/wp\/v2\/pages\/21300\/revisions\/21302"}],"up":[{"embeddable":true,"href":"https:\/\/www.lassebacklund.fi\/index.php?rest_route=\/wp\/v2\/pages\/3732"}],"wp:attachment":[{"href":"https:\/\/www.lassebacklund.fi\/index.php?rest_route=%2Fwp%2Fv2%2Fmedia&parent=21300"}],"curies":[{"name":"wp","href":"https:\/\/api.w.org\/{rel}","templated":true}]}}