{"id":21,"date":"2016-07-12T21:55:18","date_gmt":"2016-07-12T19:55:18","guid":{"rendered":"http:\/\/www.lassebacklund.fi\/wp\/?page_id=21"},"modified":"2025-04-21T21:45:04","modified_gmt":"2025-04-21T18:45:04","slug":"slaktutredningar","status":"publish","type":"page","link":"https:\/\/www.lassebacklund.fi\/?page_id=21","title":{"rendered":"Sl\u00e4ktutredningar"},"content":{"rendered":"<p class=\"Wp-Standard-P\"><span class=\"Standard-C\">H\u00e4r hittar du sl\u00e4ktutredningar, d\u00e4r du kan hitta dig sj\u00e4lv, dina v\u00e4nner eller dina grannar. Klicka p\u00e5 n\u00e5gon av knapparna h\u00e4r under.<\/span><\/p>\n<h4 class=\"Wp-Standard-P\"><a class=\"fasc-button fasc-size-medium fasc-type-glossy fasc-rounded-medium\" style=\"background-color: #33809e; color: #ffffff;\" href=\"http:\/\/www.lassebacklund.fi\/?page_id=7179\">Sl\u00e4kten Klemets<\/a><\/h4>\n<h4 class=\"Wp-Standard-P\"><a class=\"fasc-button fasc-size-medium fasc-type-glossy fasc-rounded-medium\" style=\"background-color: #33809e; color: #ffffff;\" href=\"http:\/\/www.lassebacklund.fi\/?page_id=6410\">Lillkulls sl\u00e4kt<\/a><\/h4>\n<h4 class=\"Wp-Standard-P\"><a class=\"fasc-button fasc-size-medium fasc-type-glossy fasc-rounded-medium\" style=\"background-color: #33809e; color: #ffffff;\" href=\"http:\/\/www.lassebacklund.fi\/?page_id=7168\">Sebbins efterkommande<\/a><\/h4>\n<h4 class=\"Wp-Standard-P\"><a class=\"fasc-button fasc-size-medium fasc-type-glossy fasc-rounded-medium\" style=\"background-color: #33809e; color: #ffffff;\" href=\"http:\/\/www.lassebacklund.fi\/?page_id=7896\">Olof Fr\u00f6bergs \u00e4ttlingar<\/a><\/h4>\n<h4 class=\"Wp-Standard-P\"><a class=\"fasc-button fasc-size-medium fasc-type-glossy fasc-rounded-medium\" style=\"background-color: #33809e; color: #ffffff;\" href=\"http:\/\/www.lassebacklund.fi\/?page_id=1227\">Storkulls sl\u00e4kt<\/a><\/h4>\n<h4>&nbsp;<\/h4>\n<h4><a class=\"fasc-button fasc-size-medium fasc-type-glossy fasc-rounded-medium\" style=\"background-color: #33809e; color: #ffffff;\" href=\"https:\/\/www.lassebacklund.fi\/?page_id=20088\">Johan B\u00e5sks \u00e4ttlingar<\/a><\/h4>\n<h4>&nbsp;<\/h4>\n<h4><a href=\"https:\/\/www.lassebacklund.fi\/?page_id=21618\"><strong>-Skaftong sl\u00e4kten<\/strong><\/a><\/h4>\n<h4><a href=\"https:\/\/www.lassebacklund.fi\/?page_id=23962\"><strong>-Josef Korsb\u00e4ck fr\u00e5n Antas i Tresk<\/strong><\/a><\/h4>\n","protected":false},"excerpt":{"rendered":"<p>H\u00e4r hittar du sl\u00e4ktutredningar, d\u00e4r du kan hitta dig sj\u00e4lv, dina v\u00e4nner eller dina grannar. Klicka p\u00e5 n\u00e5gon av knapparna h\u00e4r under. Sl\u00e4kten Klemets Lillkulls sl\u00e4kt Sebbins efterkommande Olof Fr\u00f6bergs \u00e4ttlingar Storkulls sl\u00e4kt &nbsp; Johan B\u00e5sks \u00e4ttlingar &nbsp; -Skaftong sl\u00e4kten <a class=\"more-link\" href=\"https:\/\/www.lassebacklund.fi\/?page_id=21\">Forts\u00e4tt l\u00e4sa <span class=\"screen-reader-text\">  Sl\u00e4ktutredningar<\/span><span class=\"meta-nav\">&rarr;<\/span><\/a><\/p>\n","protected":false},"author":1,"featured_media":0,"parent":13,"menu_order":0,"comment_status":"closed","ping_status":"closed","template":"","meta":{"footnotes":""},"class_list":["post-21","page","type-page","status-publish","hentry"],"_links":{"self":[{"href":"https:\/\/www.lassebacklund.fi\/index.php?rest_route=\/wp\/v2\/pages\/21","targetHints":{"allow":["GET"]}}],"collection":[{"href":"https:\/\/www.lassebacklund.fi\/index.php?rest_route=\/wp\/v2\/pages"}],"about":[{"href":"https:\/\/www.lassebacklund.fi\/index.php?rest_route=\/wp\/v2\/types\/page"}],"author":[{"embeddable":true,"href":"https:\/\/www.lassebacklund.fi\/index.php?rest_route=\/wp\/v2\/users\/1"}],"replies":[{"embeddable":true,"href":"https:\/\/www.lassebacklund.fi\/index.php?rest_route=%2Fwp%2Fv2%2Fcomments&post=21"}],"version-history":[{"count":17,"href":"https:\/\/www.lassebacklund.fi\/index.php?rest_route=\/wp\/v2\/pages\/21\/revisions"}],"predecessor-version":[{"id":23964,"href":"https:\/\/www.lassebacklund.fi\/index.php?rest_route=\/wp\/v2\/pages\/21\/revisions\/23964"}],"up":[{"embeddable":true,"href":"https:\/\/www.lassebacklund.fi\/index.php?rest_route=\/wp\/v2\/pages\/13"}],"wp:attachment":[{"href":"https:\/\/www.lassebacklund.fi\/index.php?rest_route=%2Fwp%2Fv2%2Fmedia&parent=21"}],"curies":[{"name":"wp","href":"https:\/\/api.w.org\/{rel}","templated":true}]}}