{"id":20847,"date":"2021-05-24T18:05:28","date_gmt":"2021-05-24T15:05:28","guid":{"rendered":"https:\/\/www.lassebacklund.fi\/?page_id=20847"},"modified":"2025-06-21T23:38:48","modified_gmt":"2025-06-21T20:38:48","slug":"slaktnamn-som-borjar-pa-c","status":"publish","type":"page","link":"https:\/\/www.lassebacklund.fi\/?page_id=20847","title":{"rendered":"Sl\u00e4ktnamn som b\u00f6rjar p\u00e5 C"},"content":{"rendered":"<p><img loading=\"lazy\" decoding=\"async\" class=\"alignnone size-full wp-image-24212\" src=\"https:\/\/www.lassebacklund.fi\/wp-content\/uploads\/2025\/06\/Carlson-Vicktor.jpg\" alt=\"\" width=\"797\" height=\"532\" srcset=\"https:\/\/www.lassebacklund.fi\/wp-content\/uploads\/2025\/06\/Carlson-Vicktor.jpg 797w, https:\/\/www.lassebacklund.fi\/wp-content\/uploads\/2025\/06\/Carlson-Vicktor-300x200.jpg 300w, https:\/\/www.lassebacklund.fi\/wp-content\/uploads\/2025\/06\/Carlson-Vicktor-768x513.jpg 768w\" sizes=\"auto, (max-width: 797px) 100vw, 797px\" \/><\/p>\n<p><img loading=\"lazy\" decoding=\"async\" class=\"alignnone size-full wp-image-20846\" src=\"https:\/\/www.lassebacklund.fi\/wp-content\/uploads\/2021\/05\/Cygnel-Ing-Britt.jpg\" alt=\"\" width=\"854\" height=\"821\" srcset=\"https:\/\/www.lassebacklund.fi\/wp-content\/uploads\/2021\/05\/Cygnel-Ing-Britt.jpg 854w, https:\/\/www.lassebacklund.fi\/wp-content\/uploads\/2021\/05\/Cygnel-Ing-Britt-300x288.jpg 300w, https:\/\/www.lassebacklund.fi\/wp-content\/uploads\/2021\/05\/Cygnel-Ing-Britt-768x738.jpg 768w\" sizes=\"auto, (max-width: 854px) 100vw, 854px\" \/><\/p>\n","protected":false},"excerpt":{"rendered":"","protected":false},"author":1,"featured_media":0,"parent":27,"menu_order":3,"comment_status":"closed","ping_status":"closed","template":"","meta":{"footnotes":""},"class_list":["post-20847","page","type-page","status-publish","hentry"],"_links":{"self":[{"href":"https:\/\/www.lassebacklund.fi\/index.php?rest_route=\/wp\/v2\/pages\/20847","targetHints":{"allow":["GET"]}}],"collection":[{"href":"https:\/\/www.lassebacklund.fi\/index.php?rest_route=\/wp\/v2\/pages"}],"about":[{"href":"https:\/\/www.lassebacklund.fi\/index.php?rest_route=\/wp\/v2\/types\/page"}],"author":[{"embeddable":true,"href":"https:\/\/www.lassebacklund.fi\/index.php?rest_route=\/wp\/v2\/users\/1"}],"replies":[{"embeddable":true,"href":"https:\/\/www.lassebacklund.fi\/index.php?rest_route=%2Fwp%2Fv2%2Fcomments&post=20847"}],"version-history":[{"count":2,"href":"https:\/\/www.lassebacklund.fi\/index.php?rest_route=\/wp\/v2\/pages\/20847\/revisions"}],"predecessor-version":[{"id":24213,"href":"https:\/\/www.lassebacklund.fi\/index.php?rest_route=\/wp\/v2\/pages\/20847\/revisions\/24213"}],"up":[{"embeddable":true,"href":"https:\/\/www.lassebacklund.fi\/index.php?rest_route=\/wp\/v2\/pages\/27"}],"wp:attachment":[{"href":"https:\/\/www.lassebacklund.fi\/index.php?rest_route=%2Fwp%2Fv2%2Fmedia&parent=20847"}],"curies":[{"name":"wp","href":"https:\/\/api.w.org\/{rel}","templated":true}]}}