{"id":2072,"date":"2016-11-18T16:36:19","date_gmt":"2016-11-18T15:36:19","guid":{"rendered":"http:\/\/www.lassebacklund.fi\/?page_id=2072"},"modified":"2025-07-28T23:29:48","modified_gmt":"2025-07-28T20:29:48","slug":"hemmanet-blomqvist-54-tidiga-historia","status":"publish","type":"page","link":"https:\/\/www.lassebacklund.fi\/?page_id=2072","title":{"rendered":"Hemmanet Blomqvist 5:4 tidiga historia."},"content":{"rendered":"<p><span style=\"color: #000080;\">Denna utredning av hemmanet Blomqvist \u00e4r uppgjort av Inga-Lill Sandstr\u00f6m fr\u00e5n Vasa. Hon \u00e4r f\u00f6dd och uppv\u00e4xt p\u00e5\u00a0 A-sidon.<\/span><\/p>\n<p>Den 19.11.1887 under \u00a7 23 anh\u00f6ll <strong>Karl Josefsson Lillkull (Blomkvist)<\/strong> och hustrun <strong>Anna Greta Johansdotter<\/strong> om 1:a uppbudet \u00e5 55\/1344 mantal av Lillkull skattehemman. De uppvisade ett k\u00f6pebrev av den 5.4.1881.<\/p>\n<h3>Hemmanets tidiga historia.<\/h3>\n<p>H\u00e4radsr\u00e4tten utredde tidigare \u00e4gares r\u00e4tt till ovann\u00e4mnda fastighet. Detta utvisade att <strong>Erik Henriksson Lillkull, Pelas-Erk f. 1808 <\/strong>\u00a0f\u00e5tt fastebrev p\u00e5 <strong>5\/48 mantal <\/strong>av Lillkull den 21.10.1841 som han f\u00f6rv\u00e4rvat f\u00f6re \u00e4ktenskapet med Maja Greta Johansdotter Riarb\u00e4ck.<\/p>\n<p>Erik Henriksson dog den 19.11.1862. Bouppteckningen den 10.1.1863 utvisade att Erik efterl\u00e4mnade sex barn, s\u00f6nerna Johan Henrik och Josef samt d\u00f6ttrarna Maja Lena, <strong>Anna Greta<\/strong>, Edla Karolina och Klara Sofia samt att den fasta egendomen utgjordes av 5\/48 mantal av Lillkull hemman.<\/p>\n<p>Arvsskifte uppr\u00e4ttades den 8.11.1865. Hemmanet delades s\u00e5lunda att s\u00f6nerna <strong>Johan<\/strong> <strong>Henrik<\/strong> och <strong>Josef <\/strong>vardera fick <strong>5\/168 mantal.<\/strong> Dottern Maja Lena fick besittningsr\u00e4tten till ett d\u00e4runder lydande torp som l\u00f6sen f\u00f6r sin arvsandel. De \u00f6vriga d\u00f6ttrarna fick <strong>5\/336 <\/strong>mantal var.<\/p>\n<p><strong>Johan Henrik Eriksson<\/strong> Lillkull s\u00e5lde sin arvsandel, 5\/168 mantal \u00e5t Erik Eriksson Perus i juli 1873 men denne s\u00e5lde hemmansdelen i november samma \u00e5r \u00e5t <strong>Johan Henrik Joh.son B\u00e5sk-Lillkull<\/strong> och hustru <strong>Anna Greta<\/strong> Eriksdotter (syster \u00e5t Johan Henrik).<\/p>\n<p>Ett <strong>fastebrev av den 27 mars 1867<\/strong> utvisar att <strong>Edla Karolina<\/strong> Eriksdotter och hennes man <strong>Johan Reinhold<\/strong> Johansson Lillkull (<strong>Sjuls<\/strong>) genom tv\u00e5 skilda k\u00f6pebrev 8.11 och 11.11.1865 blivit \u00e4gare till Edla Karolinas systrars, Anna Gretas och Klara Sofias arvsandelar tillhopa 5\/168 mantal. Tillsammans med Edla Karolinas egen arvsandel \u00e4gde hon och hennes man d\u00e5 <strong>5\/112 mantal.<\/strong><\/p>\n<p><strong>Johan Reinhold<\/strong> hade sedermera rest till Amerika och <strong>avlidit d\u00e4r den 24.1.1874<\/strong>. Han efterl\u00e4mnade sin hustru Edla Karolina och tre omyndiga barn, sonen Karl Johan och d\u00f6ttrarna Amanda och Vilhelmina.<\/p>\n<p>Den 23.3.1878 hade barnens f\u00f6rmyndare, Karl Mattsson Lillkull s\u00e5lt barnens andel i boet, 5\/252 mantal \u00e5t Edla Karolinas broder Josef Eriksson Lillkull. Den 1 maj samma \u00e5r hade Edla Karolina sj\u00e4lv s\u00e5lt sin andel i fastigheten med bifall av sin senare man <strong>Ad<\/strong><strong>rian Mickelsson <\/strong>Lillkull t. \u00d6sterback. Hon s\u00e5lde h\u00e4lften av sin andel \u00e5t sin broder, <strong>Josef<\/strong> <strong>Eriksson<\/strong> Lillkull och <strong>andra h\u00e4lften \u00e5t sin syster Anna Greta<\/strong> och hennes man <strong>Johan Henrik Johansson Lillkull (B\u00e5sk).<\/strong><\/p>\n<p><strong>Johan Henrik<\/strong> <strong>Lillkull<\/strong> t. B\u00e5sk avled den 11.2.1879. Han efterl\u00e4mnade sin hustru Anna Greta Eriksdotter och tre barn, Johan Viktor, Anna Greta och Edla Maria. Till boet h\u00f6rde<\/p>\n<p><strong>1) 5\/168 mantal<\/strong> ( k\u00f6pt av Erik Eriksson Perus).<\/p>\n<p>2<strong>) 5\/4032 mantal<\/strong> (avh. 1.5.1878) k\u00f6pt av Edla Karolina och Adrian Mickelsson Lillkull.<\/p>\n<p><strong>3) En tredje andel <\/strong>av hemmanet som Johan Henrik <strong>skulle<\/strong> ha tillhandlat sig av sin sv\u00e5ger Josef Eriksson. Skriftlig avhandling hade icke hunnit uppr\u00e4ttas f\u00f6re Johan Henriks d\u00f6d.<\/p>\n<p>Josef Eriksson hade senare <strong>bekr\u00e4ftat<\/strong> denna \u00f6verl\u00e5telse genom en <strong>skriftlig avh. den 22.4.1879 <\/strong>varigenom han skulle f\u00f6rs\u00e5lt h\u00e4lften eller <strong>5\/504 mantal <\/strong>av den andel han k\u00f6pt av systern Edla Karolinas och hennes man Johan Reinholds <strong>omyndiga barns<\/strong> f\u00f6rmyndare.<\/p>\n<p>Slutligen har Johan Henrik Johansson Lillkulls <strong>\u00e4nka Anna Greta Eriksdotter<\/strong>, den <strong>5.4.1881<\/strong> s\u00e5lt till sin <strong>m\u00e5g Karl Josefsson Blomkvist<\/strong> och sin <strong>dotter Anna Greta<\/strong> s\u00e5v\u00e4l sin giftor\u00e4tt samt de andelar som skulle ha tillfallit hennes omyndiga barn Johan Viktor och Edla Maria, tillsammans utg\u00f6rande 385\/12096 mantal av Lillkull skattehemman vilket av r\u00e4tten v\u00e4rderades till 2.000 mark. Tillsammans med dottern <strong>Anna Gretas egen <\/strong>i faderarv tillkommande del, 55\/6048 mantal utgjorde detta <strong>55\/1344 mantal av Lillkull skattehemman.<\/strong><\/p>\n<p>Hemmanet \u00f6verl\u00e5ts emot att dottern och m\u00e5gen <strong>ikl\u00e4der sig ansvar<\/strong> f\u00f6r hemmanets \u00e5samkade <strong>skulder 1.563 mark<\/strong> samt att de till modern utgiver en <strong>\u00e5rlig sytning<\/strong>. Dessutom skall de <strong>f\u00f6rs\u00f6rja<\/strong> bem\u00e4lde <strong>omyndiga barn <\/strong>med erforderlig <strong>f\u00f6da och kl\u00e4der<\/strong> tills de uppn\u00e5r 17 \u00e5rs \u00e5lder eller sig sj\u00e4lva livn\u00e4ra kan.<\/p>\n<p>Hemmanet f\u00e5r genast tilltr\u00e4das med allt vad d\u00e4runder h\u00f6rer.<\/p>\n<p>K\u00f6pebrevet bevittnat av Johan Erik Sjuls och Anders Peltoniemi.<\/p>\n<p>De n\u00e4rmaste fr\u00e4nderna har ocks\u00e5 underskrivit k\u00f6pebrevet och anser att f\u00f6rs\u00e4ljningen \u00e4r f\u00f6rm\u00e5nlig f\u00f6r de omyndiga barnen.<\/p>\n<p><strong>Fastebrev <\/strong>p\u00e5 detta hemman erh\u00f6ll Karl Blomkvist och hustrun Anna Greta den <strong>16.10.1888 \u00a7 118. <\/strong>Att det tog s\u00e5 l\u00e5ng tid fr\u00e5n hemmansk\u00f6pet till dess lagfart s\u00f6ktes beror s\u00e4kert p\u00e5 att Karl Blomkvist for till Amerika 1881, samma \u00e5r som k\u00f6pebrevet skrevs och \u00e5terkom i december 1886.<\/p>\n<p>Karl Blomkvists hustru Anna Greta dog den 11.2.1902 och f\u00f6rutom maken Karl efterl\u00e4mnade hon dottern Anna Maria. Vid bouppteckningen konstaterades att hemmanet var 55\/1344 mtl. Vid arvsskiftet 1903 r\u00e4knades det ut att omyndiga dottern Anna Marias andel av hemmanet var 605\/24192 mtl. \u00c5r 1909 s\u00e5lde Anna Marias f\u00f6rmyndare Viktor Mattsson Lillsj\u00f6 hennes \u00e4rvda del p\u00e5 auktion \u00e5t grannen Erland B\u00e5sk och hans hustru Ida f\u00f6r 4 420 mark. I k\u00f6pet ingick jord, skog, \u00e5byggnader, h\u00e4gnader, \u00e4ngslador och r\u00e5gs\u00e5dden. I k\u00f6pet ingick inte en ny boningstimra och ett parti huggen ved i skogen. F\u00f6rmyndarn\u00e4mndens ordf\u00f6rande J. J. Wadstr\u00f6m godk\u00e4nde f\u00f6rs\u00e4ljningen.<\/p>\n<p>Karl Blomqvist gifte sig 1902 med Vilhelmina Josefsdotter Lillkull.<\/p>\n<p>Vid storskiftesregleringen 1912 fick detta hemman namnet <strong>Blomqvist 5:4.<\/strong><\/p>\n","protected":false},"excerpt":{"rendered":"<p>Denna utredning av hemmanet Blomqvist \u00e4r uppgjort av Inga-Lill Sandstr\u00f6m fr\u00e5n Vasa. Hon \u00e4r f\u00f6dd och uppv\u00e4xt p\u00e5\u00a0 A-sidon. Den 19.11.1887 under \u00a7 23 anh\u00f6ll Karl Josefsson Lillkull (Blomkvist) och hustrun Anna Greta Johansdotter om 1:a uppbudet \u00e5 55\/1344 mantal <a class=\"more-link\" href=\"https:\/\/www.lassebacklund.fi\/?page_id=2072\">Forts\u00e4tt l\u00e4sa <span class=\"screen-reader-text\">  Hemmanet Blomqvist 5:4 tidiga historia.<\/span><span class=\"meta-nav\">&rarr;<\/span><\/a><\/p>\n","protected":false},"author":1,"featured_media":0,"parent":518,"menu_order":0,"comment_status":"closed","ping_status":"closed","template":"","meta":{"footnotes":""},"class_list":["post-2072","page","type-page","status-publish","hentry"],"_links":{"self":[{"href":"https:\/\/www.lassebacklund.fi\/index.php?rest_route=\/wp\/v2\/pages\/2072","targetHints":{"allow":["GET"]}}],"collection":[{"href":"https:\/\/www.lassebacklund.fi\/index.php?rest_route=\/wp\/v2\/pages"}],"about":[{"href":"https:\/\/www.lassebacklund.fi\/index.php?rest_route=\/wp\/v2\/types\/page"}],"author":[{"embeddable":true,"href":"https:\/\/www.lassebacklund.fi\/index.php?rest_route=\/wp\/v2\/users\/1"}],"replies":[{"embeddable":true,"href":"https:\/\/www.lassebacklund.fi\/index.php?rest_route=%2Fwp%2Fv2%2Fcomments&post=2072"}],"version-history":[{"count":5,"href":"https:\/\/www.lassebacklund.fi\/index.php?rest_route=\/wp\/v2\/pages\/2072\/revisions"}],"predecessor-version":[{"id":24418,"href":"https:\/\/www.lassebacklund.fi\/index.php?rest_route=\/wp\/v2\/pages\/2072\/revisions\/24418"}],"up":[{"embeddable":true,"href":"https:\/\/www.lassebacklund.fi\/index.php?rest_route=\/wp\/v2\/pages\/518"}],"wp:attachment":[{"href":"https:\/\/www.lassebacklund.fi\/index.php?rest_route=%2Fwp%2Fv2%2Fmedia&parent=2072"}],"curies":[{"name":"wp","href":"https:\/\/api.w.org\/{rel}","templated":true}]}}