{"id":20697,"date":"2021-05-12T12:16:27","date_gmt":"2021-05-12T09:16:27","guid":{"rendered":"https:\/\/www.lassebacklund.fi\/?page_id=20697"},"modified":"2021-05-12T12:57:37","modified_gmt":"2021-05-12T09:57:37","slug":"ode-till-solvangen","status":"publish","type":"page","link":"https:\/\/www.lassebacklund.fi\/?page_id=20697","title":{"rendered":"Ode till Solv\u00e4ngen."},"content":{"rendered":"<div class=\"o9v6fnle cxmmr5t8 oygrvhab hcukyx3x c1et5uql ii04i59q\">\n<h6 dir=\"auto\"><span style=\"color: #000080;\">Diktat av Eva efter en cykelf\u00e4rd till Solv\u00e4ngen i Kristinestad 11.5.2021:<\/span><\/h6>\n<h6 dir=\"auto\"><\/h6>\n<h6><\/h6>\n<h6>Vi gjorde en utflykt p\u00e5 tisdagskv\u00e4llen,<\/h6>\n<h6>det finns ju s\u00e5 m\u00e5nga intressanta st\u00e4llen,<\/h6>\n<h6>som ligger g\u00f6mda bland tall och gran<\/h6>\n<h6>p\u00e5 cykelavst\u00e5nd fr\u00e5n v\u00e5r sida av stan.<\/h6>\n<p>&nbsp;<\/p>\n<h6>D\u00e4r inne i skogen fanns f\u00f6rr en stuga,<\/h6>\n<h6>d\u00e4r bodde en man med barn och fruga.<\/h6>\n<h6>De levde av sm\u00e5bruk p\u00e5 arrendejord<\/h6>\n<h6>hade djur som gav mat p\u00e5 deras bord.<\/h6>\n<h6><\/h6>\n<h6><\/h6>\n<h6>Korna betade p\u00e5 tegarna smala<\/h6>\n<h6>runt dem fl\u00f6g kanske n\u00e5gon ladusvala<\/h6>\n<h6>\u00c5t folk och f\u00e4 togs vatten fr\u00e5n b\u00e4cken<\/h6>\n<h6>skr\u00e4mde v\u00e4l barnen, akta er f\u00f6r n\u00e4cken!<\/h6>\n<p>&nbsp;<\/p>\n<h6>Huset, ladug\u00e5rd och verktygslider<\/h6>\n<h6>var s\u00e4kert fina d\u00e5 i fordom tider.<\/h6>\n<h6>Nu \u00e4r allt borta, bara ruiner finns kvar<\/h6>\n<h6>naturen som bekant \u00e5ter allting tar.<\/h6>\n<p>&nbsp;<\/p>\n<h6>Koltrasten sj\u00f6ng kanske f\u00f6r de som d\u00e4r bodde<\/h6>\n<h6>undrar vad de dr\u00f6mde, t\u00e4nkte och trodde.<\/h6>\n<h6>Runt hela omr\u00e5det finns steng\u00e5rdar, breda<\/h6>\n<h6>s\u00e5 stenar har de plockat till lust och leda.<\/h6>\n<\/div>\n<p>&nbsp;<\/p>\n<h6>P\u00e5 tegarna betar nu en och annan \u00e4lg.<\/h6>\n<h6>d\u00e4r v\u00e4xer rallarros, hallon och s\u00e4lg.<\/h6>\n<h6>L\u00e4ngs v\u00e4gen ser man bl\u00e5sippor som blommar<\/h6>\n<h6>\u00e5tminstone nu i b\u00f6rjan av v\u00e5r och sommar.<\/h6>\n<p>&nbsp;<\/p>\n<figure id=\"attachment_20718\" aria-describedby=\"caption-attachment-20718\" style=\"width: 2016px\" class=\"wp-caption alignnone\"><img loading=\"lazy\" decoding=\"async\" class=\"size-full wp-image-20718\" src=\"https:\/\/www.lassebacklund.fi\/wp-content\/uploads\/2021\/05\/Solvangens-stenmur-kopia.jpg\" alt=\"\" width=\"2016\" height=\"1512\" srcset=\"https:\/\/www.lassebacklund.fi\/wp-content\/uploads\/2021\/05\/Solvangens-stenmur-kopia.jpg 2016w, https:\/\/www.lassebacklund.fi\/wp-content\/uploads\/2021\/05\/Solvangens-stenmur-kopia-300x225.jpg 300w, https:\/\/www.lassebacklund.fi\/wp-content\/uploads\/2021\/05\/Solvangens-stenmur-kopia-1024x768.jpg 1024w, https:\/\/www.lassebacklund.fi\/wp-content\/uploads\/2021\/05\/Solvangens-stenmur-kopia-768x576.jpg 768w, https:\/\/www.lassebacklund.fi\/wp-content\/uploads\/2021\/05\/Solvangens-stenmur-kopia-1536x1152.jpg 1536w\" sizes=\"auto, (max-width: 2016px) 100vw, 2016px\" \/><figcaption id=\"caption-attachment-20718\" class=\"wp-caption-text\">Man kan l\u00e4tt tro att denna stenmur \u00e4r en landsv\u00e4g, men s\u00e5 \u00e4r det allts\u00e5 inte.<\/figcaption><\/figure>\n","protected":false},"excerpt":{"rendered":"<p>Diktat av Eva efter en cykelf\u00e4rd till Solv\u00e4ngen i Kristinestad 11.5.2021: Vi gjorde en utflykt p\u00e5 tisdagskv\u00e4llen, det finns ju s\u00e5 m\u00e5nga intressanta st\u00e4llen, som ligger g\u00f6mda bland tall och gran p\u00e5 cykelavst\u00e5nd fr\u00e5n v\u00e5r sida av stan. &nbsp; D\u00e4r <a class=\"more-link\" href=\"https:\/\/www.lassebacklund.fi\/?page_id=20697\">Forts\u00e4tt l\u00e4sa <span class=\"screen-reader-text\">  Ode till Solv\u00e4ngen.<\/span><span class=\"meta-nav\">&rarr;<\/span><\/a><\/p>\n","protected":false},"author":1,"featured_media":0,"parent":16671,"menu_order":17,"comment_status":"closed","ping_status":"closed","template":"","meta":{"footnotes":""},"class_list":["post-20697","page","type-page","status-publish","hentry"],"_links":{"self":[{"href":"https:\/\/www.lassebacklund.fi\/index.php?rest_route=\/wp\/v2\/pages\/20697","targetHints":{"allow":["GET"]}}],"collection":[{"href":"https:\/\/www.lassebacklund.fi\/index.php?rest_route=\/wp\/v2\/pages"}],"about":[{"href":"https:\/\/www.lassebacklund.fi\/index.php?rest_route=\/wp\/v2\/types\/page"}],"author":[{"embeddable":true,"href":"https:\/\/www.lassebacklund.fi\/index.php?rest_route=\/wp\/v2\/users\/1"}],"replies":[{"embeddable":true,"href":"https:\/\/www.lassebacklund.fi\/index.php?rest_route=%2Fwp%2Fv2%2Fcomments&post=20697"}],"version-history":[{"count":28,"href":"https:\/\/www.lassebacklund.fi\/index.php?rest_route=\/wp\/v2\/pages\/20697\/revisions"}],"predecessor-version":[{"id":20726,"href":"https:\/\/www.lassebacklund.fi\/index.php?rest_route=\/wp\/v2\/pages\/20697\/revisions\/20726"}],"up":[{"embeddable":true,"href":"https:\/\/www.lassebacklund.fi\/index.php?rest_route=\/wp\/v2\/pages\/16671"}],"wp:attachment":[{"href":"https:\/\/www.lassebacklund.fi\/index.php?rest_route=%2Fwp%2Fv2%2Fmedia&parent=20697"}],"curies":[{"name":"wp","href":"https:\/\/api.w.org\/{rel}","templated":true}]}}