{"id":2049,"date":"2016-11-17T21:56:55","date_gmt":"2016-11-17T20:56:55","guid":{"rendered":"http:\/\/www.lassebacklund.fi\/?page_id=2049"},"modified":"2020-11-28T16:24:25","modified_gmt":"2020-11-28T14:24:25","slug":"lillsjolidvagen","status":"publish","type":"page","link":"https:\/\/www.lassebacklund.fi\/?page_id=2049","title":{"rendered":"Lillsj\u00f6lidv\u00e4gen"},"content":{"rendered":"<p>Klicka p\u00e5 en knapp h\u00e4r under, s\u00e5 kommer du till r\u00e4tt g\u00e5rdshistorik.<\/p>\n<h6><a class=\"fasc-button fasc-size-medium fasc-type-glossy fasc-rounded-medium\" style=\"background-color: #33809e; color: #ffffff;\" href=\"http:\/\/www.lassebacklund.fi\/?page_id=2052\">Hosioja eller Skaftung<\/a><\/h6>\n<h6><a class=\"fasc-button fasc-size-medium fasc-type-glossy fasc-rounded-medium\" style=\"background-color: #33809e; color: #ffffff;\" href=\"https:\/\/www.lassebacklund.fi\/?page_id=15537\">97 Rintalas<\/a><\/h6>\n<h6><a class=\"fasc-button fasc-size-medium fasc-type-glossy fasc-rounded-medium\" style=\"background-color: #33809e; color: #ffffff;\" href=\"https:\/\/www.lassebacklund.fi\/?page_id=18542\">106 H\u00e4llfors<\/a><\/h6>\n","protected":false},"excerpt":{"rendered":"<p>Klicka p\u00e5 en knapp h\u00e4r under, s\u00e5 kommer du till r\u00e4tt g\u00e5rdshistorik. Hosioja eller Skaftung 97 Rintalas 106 H\u00e4llfors<\/p>\n","protected":false},"author":1,"featured_media":0,"parent":51,"menu_order":0,"comment_status":"closed","ping_status":"closed","template":"","meta":{"footnotes":""},"class_list":["post-2049","page","type-page","status-publish","hentry"],"_links":{"self":[{"href":"https:\/\/www.lassebacklund.fi\/index.php?rest_route=\/wp\/v2\/pages\/2049","targetHints":{"allow":["GET"]}}],"collection":[{"href":"https:\/\/www.lassebacklund.fi\/index.php?rest_route=\/wp\/v2\/pages"}],"about":[{"href":"https:\/\/www.lassebacklund.fi\/index.php?rest_route=\/wp\/v2\/types\/page"}],"author":[{"embeddable":true,"href":"https:\/\/www.lassebacklund.fi\/index.php?rest_route=\/wp\/v2\/users\/1"}],"replies":[{"embeddable":true,"href":"https:\/\/www.lassebacklund.fi\/index.php?rest_route=%2Fwp%2Fv2%2Fcomments&post=2049"}],"version-history":[{"count":8,"href":"https:\/\/www.lassebacklund.fi\/index.php?rest_route=\/wp\/v2\/pages\/2049\/revisions"}],"predecessor-version":[{"id":18548,"href":"https:\/\/www.lassebacklund.fi\/index.php?rest_route=\/wp\/v2\/pages\/2049\/revisions\/18548"}],"up":[{"embeddable":true,"href":"https:\/\/www.lassebacklund.fi\/index.php?rest_route=\/wp\/v2\/pages\/51"}],"wp:attachment":[{"href":"https:\/\/www.lassebacklund.fi\/index.php?rest_route=%2Fwp%2Fv2%2Fmedia&parent=2049"}],"curies":[{"name":"wp","href":"https:\/\/api.w.org\/{rel}","templated":true}]}}