{"id":20088,"date":"2021-03-18T22:54:30","date_gmt":"2021-03-18T20:54:30","guid":{"rendered":"https:\/\/www.lassebacklund.fi\/?page_id=20088"},"modified":"2021-03-18T23:11:26","modified_gmt":"2021-03-18T21:11:26","slug":"johans-basks-attlingar","status":"publish","type":"page","link":"https:\/\/www.lassebacklund.fi\/?page_id=20088","title":{"rendered":"Johan B\u00e5sks \u00e4ttlingar"},"content":{"rendered":"<h4><strong><u>Tabell 1<\/u><\/strong><\/h4>\n<h4><strong>\u00a0<\/strong><strong>Johan B\u00e5sk.<\/strong><\/h4>\n<p><strong>-Johan Henrik B\u00e5sk <\/strong>(1841-d\u00f6df\u00f6rklarad 1940). Se tabell 2.<\/p>\n<p>-Josef Viktor B\u00e5sk (f.1849) flyttade ogift och barnl\u00f6s till Hausj\u00e4rvi 1871.<\/p>\n<p>-Karl Erik B\u00e5sk (f.1858) for till sj\u00f6ss \u00e5r 1873, ogift och barnl\u00f6s. F\u00f6rsvann ungef\u00e4r 1908 och d\u00f6df\u00f6rklarades p\u00e5 tinget i Lappfj\u00e4rd 1915.<\/p>\n<p>&#8211;<strong>Anders B\u00e5sk <\/strong>(1861-1914). Se tabell 4.<\/p>\n<h4><strong><u>Tabell 2<\/u><\/strong><\/h4>\n<p>Fr\u00e5n tabell 1<\/p>\n<p><strong>Johan Henrik, Johansson B\u00e5sk <\/strong>(1841-1940) gift 1864 med Anna Greta Henriksdotter Str\u00f6mberg (1843-1887). Johan Henrik for till Amerika och \u00e5terv\u00e4nde inte. D\u00f6df\u00f6rklarad p\u00e5 tinget i Lappfj\u00e4rd 1940. Vill du l\u00e4sa mera om denna f\u00f6rsta amerikafarare, s\u00e5 klicka <a href=\"https:\/\/www.lassebacklund.fi\/?page_id=2694\"><strong>H\u00c4R<\/strong><\/a> och g\u00e5 sedan till nummer 16.<\/p>\n<p><strong>-Edla Maria<\/strong>, Johan Henriksdotter B\u00e5sk (1869-1941). Se tabell 3.<\/p>\n<h4><strong><u>Tabell 3<\/u><\/strong><\/h4>\n<p>Fr\u00e5n tabell 2<\/p>\n<p>Edla Maria, Johan Henriksdotter B\u00e5sk (1869-1941) gift 1889 med bonden \u201d\u00c5sinas\u201d Viktor August Rosenback (1867-1951 ). S\u00f6nerna Frans Viktor (1891-1893) och Frans Selim (1903-1903).<\/p>\n<h4><strong><u>Tabell 4<\/u><\/strong><\/h4>\n<p>Fr\u00e5n tabell 1<\/p>\n<p>Anders Johansson B\u00e5sk (1861-1914) gift 1888 med Maria Sofia Eriksdotter Lillsj\u00f6 (1869-1923).<\/p>\n<p><strong>-Maria Josefina<\/strong> Andersdotter B\u00e5sk (f.1888). Se tabell 5.<\/p>\n<p>&#8211;<strong>Selma Amanda<\/strong> Andersdotter B\u00e5sk (1894-1973) se tabell 6.<\/p>\n<p>-Ida Vilhelmina Andersdotter B\u00e5sk (1897-1915) ogift och barnl\u00f6s.<\/p>\n<h4><strong><u>Tabell 5<\/u><\/strong><\/h4>\n<p>Fr\u00e5n tabell 4<\/p>\n<p>Maria Josefina Andersdotter B\u00e5sk (f.1888) gift f\u00f6rsta g\u00e5ngen 1911 med Frans Viktor Oskarsson H\u00e4gg (1801-1934). Bosatta p\u00e5 en del av Sj\u00f6holms hemman n\u00e4ra Erik Nyg\u00e5rds invid Korsb\u00e4ckv\u00e4gen, som \u00e5r 1936 s\u00e5ldes \u00e5t Anselm och Lilja Vidberg. Flyttade med barnen till Tenala i januari 1939. Andra g\u00e5ngen gift \u00e5r 1939 med statkarlen, \u00e4nklingen Gustaf Alfred Sundstr\u00f6m (f.1888 i Bromarf). Bosatt i Skogby i Tenala och hon \u00e5terv\u00e4nde inte.<\/p>\n<p>-Selim Valdemar H\u00e4gg (1917-1980) gift 1938 med Else Ingeborg Ahlberg (f.1911) \u00e5terv\u00e4nde \u00e5r 1942 och sedan bosatta i Tr\u00e4skvik och fick \u00e5tminstone en dotter.<\/p>\n<p>-Signe Irene H\u00e4gg (f.1921) flyttade med modern till Tenala.<\/p>\n<h4><strong><u>Tabell 6<\/u><\/strong><\/h4>\n<p>Fr\u00e5n tabell 4<\/p>\n<p>-Selma Amanda Andersdotter B\u00e5sk (1894-1973). Gift 1927 med \u201dAntas\u201d Otto Bj\u00f6rklund (1902-1985).<\/p>\n<p>&#8211;<u>Alice<\/u> Vineta (f.1927) gift 1961 med Arvid Dahlroos (1930-2011) och har tv\u00e5 barn.<\/p>\n<p>&#8211;<u>Elsi<\/u> Amanda (1931-2019) gift 1955 med Karl Korsb\u00e4ck (1930-1983), barnl\u00f6sa.<\/p>\n","protected":false},"excerpt":{"rendered":"<p>Tabell 1 \u00a0Johan B\u00e5sk. -Johan Henrik B\u00e5sk (1841-d\u00f6df\u00f6rklarad 1940). Se tabell 2. -Josef Viktor B\u00e5sk (f.1849) flyttade ogift och barnl\u00f6s till Hausj\u00e4rvi 1871. -Karl Erik B\u00e5sk (f.1858) for till sj\u00f6ss \u00e5r 1873, ogift och barnl\u00f6s. F\u00f6rsvann ungef\u00e4r 1908 och d\u00f6df\u00f6rklarades <a class=\"more-link\" href=\"https:\/\/www.lassebacklund.fi\/?page_id=20088\">Forts\u00e4tt l\u00e4sa <span class=\"screen-reader-text\">  Johan B\u00e5sks \u00e4ttlingar<\/span><span class=\"meta-nav\">&rarr;<\/span><\/a><\/p>\n","protected":false},"author":1,"featured_media":0,"parent":21,"menu_order":8,"comment_status":"closed","ping_status":"closed","template":"","meta":{"footnotes":""},"class_list":["post-20088","page","type-page","status-publish","hentry"],"_links":{"self":[{"href":"https:\/\/www.lassebacklund.fi\/index.php?rest_route=\/wp\/v2\/pages\/20088","targetHints":{"allow":["GET"]}}],"collection":[{"href":"https:\/\/www.lassebacklund.fi\/index.php?rest_route=\/wp\/v2\/pages"}],"about":[{"href":"https:\/\/www.lassebacklund.fi\/index.php?rest_route=\/wp\/v2\/types\/page"}],"author":[{"embeddable":true,"href":"https:\/\/www.lassebacklund.fi\/index.php?rest_route=\/wp\/v2\/users\/1"}],"replies":[{"embeddable":true,"href":"https:\/\/www.lassebacklund.fi\/index.php?rest_route=%2Fwp%2Fv2%2Fcomments&post=20088"}],"version-history":[{"count":6,"href":"https:\/\/www.lassebacklund.fi\/index.php?rest_route=\/wp\/v2\/pages\/20088\/revisions"}],"predecessor-version":[{"id":20094,"href":"https:\/\/www.lassebacklund.fi\/index.php?rest_route=\/wp\/v2\/pages\/20088\/revisions\/20094"}],"up":[{"embeddable":true,"href":"https:\/\/www.lassebacklund.fi\/index.php?rest_route=\/wp\/v2\/pages\/21"}],"wp:attachment":[{"href":"https:\/\/www.lassebacklund.fi\/index.php?rest_route=%2Fwp%2Fv2%2Fmedia&parent=20088"}],"curies":[{"name":"wp","href":"https:\/\/api.w.org\/{rel}","templated":true}]}}