{"id":20010,"date":"2021-03-13T11:22:06","date_gmt":"2021-03-13T09:22:06","guid":{"rendered":"https:\/\/www.lassebacklund.fi\/?page_id=20010"},"modified":"2021-03-13T11:33:40","modified_gmt":"2021-03-13T09:33:40","slug":"schwerins-grav-i-kalajoki","status":"publish","type":"page","link":"https:\/\/www.lassebacklund.fi\/?page_id=20010","title":{"rendered":"Schwerins grav i Kalajoki."},"content":{"rendered":"<p><span style=\"color: #000080;\"><strong>Artikel skriven av signaturen \u201d\u00c5.\u201d inf\u00f6rd i Syd-\u00d6sterbotten 3.10.1936. Renskriven av Lasse Backlund i mars 2021.<\/strong><\/span><\/p>\n<h5><strong>En v\u00e5rd restes p\u00e5 graven \u00e5r 1905.<\/strong><\/h5>\n<p><a href=\"https:\/\/www.lassebacklund.fi\/?page_id=20002\">G. Skrifvars skrev i denna tidning<\/a> den 29 augusti 1936 den verkligt intressanta skildringen av krigsh\u00e4ndelserna i Kristinestadstrakten sensommaren 1808 och slaget vid Oravais d\u00e4r Wilhelm von Schwerin blev d\u00f6dligt s\u00e5rad i br\u00f6stet. Han avslutar artikeln med orden: \u201dHan dog den 27 september och begravdes invid Kalajoki kyrka under milit\u00e4ra former. Platsen, d\u00e4r han ligger begraven, f\u00f6ll dock sm\u00e5ningom i gl\u00f6mska och har senare icke kunnat fastst\u00e4llas.&#8221;<\/p>\n<p>Alldeles riktigt! D\u00e5 n\u00e5got till\u00e4gg om gravplatsen inte har varit synligt i tidningen, ber jag med n\u00e5gra rader f\u00e5 n\u00e4mna f\u00f6r intresserade av \u201dden lilla oskrivna historien&#8221; om \u00e5tg\u00f6randen i denna angel\u00e4genhet i Kalajoki f\u00f6r trettio \u00e5r sedan, varom en skutskeppare fr\u00e5n Peders\u00f6re d\u00e5 ber\u00e4ttade mig.<\/p>\n<p>Vid detta \u00e5rhundrades ing\u00e5ng och attacken mot v\u00e5rt samh\u00e4llsskick, ja, hela v\u00e5r tillvaro, som ig\u00e5ngsattes av v\u00e5r arvfiende, b\u00f6rjande med februarimanifestet \u00e5r 1899, uppv\u00e4cktes \u00e4ven hos befolkningen i Kalajoki tanken p\u00e5 det olyckliga kriget \u00e5r 1808, som f\u00f6rf\u00e4derna har ber\u00e4ttat om. Oron tilltog och slutsatser gjordes om hur det nu kunde komma att g\u00e5 med det arma Finland under ryskt godtycke. Man s\u00f6kte tr\u00f6st och styrka \u00e4ven nu i Ordet, v\u00e4l vetande att Herren pr\u00f6var blott, han ej f\u00f6rskjuter.<\/p>\n<p>F\u00f6rsamlingsmedlemmarna erinrade sig vid bes\u00f6k i kyrkan vad de av sina farf\u00f6r\u00e4ldrar hade h\u00f6rt om det rysliga krigets framfart p\u00e5 orten samt \u00e4ven om \u201enuori kreivi\u201d (den unga greven) som d\u00e5 d\u00f6tt d\u00e4r.\u00a0 Anvisning hade av en och annan getts p\u00e5 ett igenvuxet st\u00e4lle i n\u00e4rheten av kyrkans kor, d\u00e4r den allm\u00e4nna meningen ans\u00e5g att han f\u00e5tt sin sista vila. Platsen hade alltid betraktats med s\u00e4rskild v\u00f6rdnad \u00e4ven av ungdomen, d\u00e5 man ber\u00e4ttat om vem som d\u00e4r vilade samt att den unga greven var fr\u00e5n Sverige och hade d\u00f6tt f\u00f6r Finlands f\u00f6rsvar.<\/p>\n<p>Inom handlanden Joh. L\u00f6fqvists och fabrikanterna Friis\u2019 familjer framkastades f\u00f6rslag om hedrande av greve Wilhelm von Schwerins minne genom resande av en v\u00e5rd p\u00e5 hans grav p\u00e5 socknens kyrkog\u00e5rd. Fr\u00e5n ord skred man till handling med verklig iver, och \u00e5r 1903 restes gravstenen p\u00e5 antytt st\u00e4lle. Det var n\u00e4rmast den f\u00f6r tv\u00e5 \u00e5r sedan h\u00e4dang\u00e5ngna docenten, med. &amp; kir. dr Reguel L\u00f6fqvist, som j\u00e4mte en av herrarna Friis, senare Pohjanpalo, f\u00f6rs\u00f6kte fastst\u00e4lla gravplatsen och genom sitt energiska ingripande och personliga anseende slutligen lyckades f\u00e5 gravstenen upprest p\u00e5 den antagliga gravplatsen tack vare stor offervilja vid insamling av penningmedel inom Kalajoki.<\/p>\n<p>Enligt vad jag nu i mitt dunkla minne kan ih\u00e5gkomma av ett fotografi som togs f\u00f6r 100-\u00e5rsminnet, \u00e4r v\u00e5rden av svart granit, kanske halvannan meter i h\u00f6jd, och upptar p\u00e5 den finslipade framsidan rang, namn, f\u00f6delse- och d\u00f6ds\u00e5r inhuggna i frakturstil samt underst: \u201dKalajokibor reste v\u00e5rden\u201d. Allt p\u00e5 finska spr\u00e5ket.<\/p>\n<p>Den h\u00e4r gravstenen \u00e4r rest snett till v\u00e4nster mot kyrkans kor, och en av grannarna blev sedermera kyrkoherden, prosten Ottelin, som var en betydande person i f\u00f6rsamlingen. Till 100-\u00e5rsdagen 1908 kunde genom g\u00e4stgivarens p\u00e5 orten f\u00f6rsorg ett fotografi anskaffas av graven, och ans\u00e5gs det l\u00e4mpligt att en avbildning s\u00e4ndes till den unga hj\u00e4ltens f\u00f6delsebygd, d\u00e4r T\u00e4rna folkh\u00f6gskola \u00e4r bel\u00e4gen 9 km s\u00f6der om Sala i V\u00e4stmanland, samt bilder av monumentet i Oravais och Wilhelm von Schwerins bro.<\/p>\n<figure id=\"attachment_20013\" aria-describedby=\"caption-attachment-20013\" style=\"width: 1707px\" class=\"wp-caption alignnone\"><img loading=\"lazy\" decoding=\"async\" class=\"size-full wp-image-20013\" src=\"https:\/\/www.lassebacklund.fi\/wp-content\/uploads\/2021\/03\/Wilhelm_von_Schwerinin-gravsten-i-Kalajoki-scaled.jpg\" alt=\"\" width=\"1707\" height=\"2560\" srcset=\"https:\/\/www.lassebacklund.fi\/wp-content\/uploads\/2021\/03\/Wilhelm_von_Schwerinin-gravsten-i-Kalajoki-scaled.jpg 1707w, https:\/\/www.lassebacklund.fi\/wp-content\/uploads\/2021\/03\/Wilhelm_von_Schwerinin-gravsten-i-Kalajoki-200x300.jpg 200w, https:\/\/www.lassebacklund.fi\/wp-content\/uploads\/2021\/03\/Wilhelm_von_Schwerinin-gravsten-i-Kalajoki-683x1024.jpg 683w, https:\/\/www.lassebacklund.fi\/wp-content\/uploads\/2021\/03\/Wilhelm_von_Schwerinin-gravsten-i-Kalajoki-768x1152.jpg 768w, https:\/\/www.lassebacklund.fi\/wp-content\/uploads\/2021\/03\/Wilhelm_von_Schwerinin-gravsten-i-Kalajoki-1024x1536.jpg 1024w, https:\/\/www.lassebacklund.fi\/wp-content\/uploads\/2021\/03\/Wilhelm_von_Schwerinin-gravsten-i-Kalajoki-1365x2048.jpg 1365w\" sizes=\"auto, (max-width: 1707px) 100vw, 1707px\" \/><figcaption id=\"caption-attachment-20013\" class=\"wp-caption-text\">Wilhelm von Schwerins gravsten i Kalajoki restes av ortsbor \u00e5r 1903, just efter att den f\u00f6rsta f\u00f6rryskningsv\u00e5gen hade avtagit i Finland. Fotot fr\u00e5n Wikipedia.<\/figcaption><\/figure>\n<p>&nbsp;<\/p>\n","protected":false},"excerpt":{"rendered":"<p>Artikel skriven av signaturen \u201d\u00c5.\u201d inf\u00f6rd i Syd-\u00d6sterbotten 3.10.1936. Renskriven av Lasse Backlund i mars 2021. En v\u00e5rd restes p\u00e5 graven \u00e5r 1905. G. Skrifvars skrev i denna tidning den 29 augusti 1936 den verkligt intressanta skildringen av krigsh\u00e4ndelserna i <a class=\"more-link\" href=\"https:\/\/www.lassebacklund.fi\/?page_id=20010\">Forts\u00e4tt l\u00e4sa <span class=\"screen-reader-text\">  Schwerins grav i Kalajoki.<\/span><span class=\"meta-nav\">&rarr;<\/span><\/a><\/p>\n","protected":false},"author":1,"featured_media":0,"parent":15875,"menu_order":4,"comment_status":"closed","ping_status":"closed","template":"","meta":{"footnotes":""},"class_list":["post-20010","page","type-page","status-publish","hentry"],"_links":{"self":[{"href":"https:\/\/www.lassebacklund.fi\/index.php?rest_route=\/wp\/v2\/pages\/20010","targetHints":{"allow":["GET"]}}],"collection":[{"href":"https:\/\/www.lassebacklund.fi\/index.php?rest_route=\/wp\/v2\/pages"}],"about":[{"href":"https:\/\/www.lassebacklund.fi\/index.php?rest_route=\/wp\/v2\/types\/page"}],"author":[{"embeddable":true,"href":"https:\/\/www.lassebacklund.fi\/index.php?rest_route=\/wp\/v2\/users\/1"}],"replies":[{"embeddable":true,"href":"https:\/\/www.lassebacklund.fi\/index.php?rest_route=%2Fwp%2Fv2%2Fcomments&post=20010"}],"version-history":[{"count":4,"href":"https:\/\/www.lassebacklund.fi\/index.php?rest_route=\/wp\/v2\/pages\/20010\/revisions"}],"predecessor-version":[{"id":20018,"href":"https:\/\/www.lassebacklund.fi\/index.php?rest_route=\/wp\/v2\/pages\/20010\/revisions\/20018"}],"up":[{"embeddable":true,"href":"https:\/\/www.lassebacklund.fi\/index.php?rest_route=\/wp\/v2\/pages\/15875"}],"wp:attachment":[{"href":"https:\/\/www.lassebacklund.fi\/index.php?rest_route=%2Fwp%2Fv2%2Fmedia&parent=20010"}],"curies":[{"name":"wp","href":"https:\/\/api.w.org\/{rel}","templated":true}]}}