{"id":19987,"date":"2021-03-12T19:35:36","date_gmt":"2021-03-12T17:35:36","guid":{"rendered":"https:\/\/www.lassebacklund.fi\/?page_id=19987"},"modified":"2025-05-25T15:53:18","modified_gmt":"2025-05-25T12:53:18","slug":"slaget-vid-lappfjard-1808","status":"publish","type":"page","link":"https:\/\/www.lassebacklund.fi\/?page_id=19987","title":{"rendered":"Slaget vid Lappfj\u00e4rd 1808"},"content":{"rendered":"<p><strong><span style=\"color: #000080;\">Anteckningar sammanst\u00e4llda av signaturen E. K\u2014 rs. och publicerade i tidningen Syd-\u00d6sterbotten 29.8.1908. Renskrivna av Lasse Backlund i mars 2021:<\/span><\/strong><\/p>\n<p>Kung Gustaf Adolf hade befallt general von Vegesack att landstiga med sina 4,000 man vid Bj\u00f6rneborg. Under \u00f6verfarten fr\u00e5n Sverige uppstod emellertid en stark storm. von Vegesacks fartyg skingrades, och d\u00e5 landstigningen vid Bj\u00f6rneborg f\u00f6r den styrka, han lyckats \u00e5ter samla, var f\u00f6renad med sv\u00e5righeter, fortsatte han i st\u00e4llet seglingen till Kristinestad, dit han framkom med 2,500 man den 28 augusti 1808. F\u00f6rst l\u00e5ngt senare p\u00e5 h\u00f6sten landsteg \u00f6vriga delar av hans k\u00e5r, efter att ha v\u00e4derdrivits \u00e4nnu l\u00e4ngre mot norr.<\/p>\n<p>Vegesack indelade genast efter landstigningen sin styrka i tv\u00e5 brigader, som st\u00e4lldes under \u00f6verstarna Br\u00e4ndstr\u00f6ms och von Platens bef\u00e4l. D\u00e4refter framryckte han till Lappfj\u00e4rd, dit han kom samma dag om kv\u00e4llen, och han \u00f6vertog bef\u00e4let ocks\u00e5 \u00f6ver de trupper som d\u00e4r stod under Furuhjelms bef\u00e4l.<\/p>\n<p>Samma dag hade ryssarna under Uschakoff anfallit mot von Otters st\u00e4llning vid Nummij\u00e4rvi i Kauhajoki. En h\u00e4ftig strid hade b\u00f6rjats. Men von Otter hade l\u00e5tit en stor skara b\u00f6nder under full f\u00e4ltmusik inmarschera norrifr\u00e5n i Nummij\u00e4rvi by. Ryssarna, som trodde, att deras motst\u00e5ndare f\u00e5tt f\u00f6rst\u00e4rkning, hade upph\u00f6rt med anfallet, d\u00e5 von Otter passade p\u00e5 att sj\u00e4lv rycka fram. \u00d6sterbottningarna t\u00e4vlade med bj\u00f6rneborgarna i tapperhet. Ryssarna drevs undan p\u00e5 hela linjen och antr\u00e4dde efter en skarp f\u00e4ktning \u00e5tert\u00e5get s\u00f6derut.<\/p>\n<p>Detta anfall fr\u00e5n ryssarnas sida hade varit \u00e4mnat att ske samtidigt med ett annat p\u00e5 kustv\u00e4gen. H\u00e4r framryckte n\u00e4mligen den ryska generalen Bibikoff med omkring 1,600 man norrifr\u00e5n mot Lappfj\u00e4rd. Han hade ingen aning om att von Vegesacks hade landstigit med trupper i staden. Den 29 augusti p\u00e5 morgonen anf\u00f6ll Bibikoffs f\u00f6rtrupper de svenska f\u00e4ltvakterna. Von Vegesack satt till bords i pr\u00e4stg\u00e5rden, d\u00e5 rapport kom, att fienden anf\u00f6ll hans f\u00f6rposter. \u201dHan skall vara v\u00e4lkommen!\u201d utropade von Vagesack genast och reste sig fr\u00e5n frukostbordet, urs\u00e4ktande sig hos v\u00e4rdfolket f\u00f6r sitt pl\u00f6tsliga uppbrott. D\u00e4rp\u00e5 steg han till h\u00e4st och skyndade \u00e5t det h\u00e5ll d\u00e4r skottv\u00e4xlingen h\u00f6rdes.<\/p>\n<p>En halv fj\u00e4rdings v\u00e4g s\u00f6der om Lappfj\u00e4rds \u00e5 hade Furuhjelm med sina trupper tagit st\u00e4llning. P\u00e5 norra sidan av en smal dalg\u00e5ng som genomflyts av en liten \u00e5, kallad Lill\u00e5n, stod Gyllenb\u00f6gel med sitt lantv\u00e4rn. P\u00e5 var sin sida om honom stod en bataljon bj\u00f6rneborgare, skyddad genom f\u00f6rhuggningar. P\u00e5 Mangs-backen fanns vidare styckev\u00e4rn, som skyldes genom uppsatta l\u00f6vruskor.<\/p>\n<p>D\u00e5 von Vegesack hann fram, s\u00e5g han, hur ryssarna p\u00e5 tre kolonner, vardera f\u00f6retr\u00e4dd av l\u00e5nga j\u00e4garkedjor, ryckte ned \u00f6ver dalg\u00e5ngen. Han gav befallning \u00e5t sina svenskar som stod l\u00e4ngre bakom vid Lappfj\u00e4rds gamla kyrka,(bortflyttad 1863, gravplatsen finns kvar), att \u00e4ven marschera upp i slagordningen. En bataljon uppl\u00e4ndningar fick f\u00f6rst\u00e4rka den v\u00e4nstra och en bataljon helsingar den h\u00f6gra flygeln. Tre andra bataljoner l\u00e4t han uppst\u00e4lla i reserv bakom mitten. Hans resliga krigargestalt syntes \u00f6ver allt i kulregnet.<\/p>\n<p>Ryssarna hade emellertid \u00f6ppnat en livlig eld mot f\u00f6rhuggningen. D\u00e5 denna snart i Vegesacks \u00f6gon blev alltf\u00f6r besv\u00e4rlig, red han fram till artilleribef\u00e4lhavaren kapten Uggla och befallde honom att besvara densamma.<\/p>\n<p><em>\u201d\u00c4nnu \u00e4r icke min tid<\/em>\u201d, svarade denne p\u00e5 sitt trygga s\u00e4tt.<\/p>\n<p>von Vegesack var just inte van vid att f\u00e5 dylika svar av sina underordnade, och missn\u00f6jd s\u00e4nde han sin adjutant att h\u00e4mta fram det artilleri, han f\u00f6rt med sig fr\u00e5n Sverige. Detta kom fram i starkt trav.<\/p>\n<p>\u201dHerr general\u201d, \u00e5tertog Uggla, \u201dblottst\u00e4ll ej folk utan \u00e4ndam\u00e5l, jag skall nog ansvara f\u00f6r utg\u00e5ngen\u201d.<\/p>\n<p>Ugglas egendomliga trygghet gjorde ett visst intryck p\u00e5 von Vegesack, som av naturen hade allt utom denna egenskap. Befallning gavs att kanonerna, som skyndsamt framsl\u00e4pades, fick v\u00e4nda om. Ryssarna var d\u00e5 endast p\u00e5 druvhagelsh\u00e5ll. Men l\u00f6jtnant Brakel, som med sitt kompani bj\u00f6rneborgare utgjorde kanonbet\u00e4ckningen, drog undan de l\u00f6vruskor och l\u00f6sa tr\u00e4dstammar som dolde Ugglas kanoner, och dessa \u00f6ppnade under sin chefs s\u00e4kra ledning en m\u00f6rdande eld.<\/p>\n<p>\u201dV\u00e5gor af oordning b\u00f6rjade ocks\u00e5 snart visa sig i ryssarnes m\u00f6rka led\u201d, skriver en av deltagarna. Men von Vegesack var inte den, som l\u00e4nge kunde h\u00e5lla sig p\u00e5 avst\u00e5nd. N\u00e4r han m\u00e4rkte, att stockningar och luckor uppkom bland ryssarna befallde han genast uppl\u00e4ndingarna p\u00e5 v\u00e4nstra flygeln, bj\u00f6rneborgarna i mitten och helsingarna p\u00e5 h\u00f6gra flygeln att m\u00f6ta dem p\u00e5 halva v\u00e4gen. Med stormsteg skyndade dessa tappra fram till anfall.<\/p>\n<p>Gyllenb\u00f6gels lantv\u00e4rn, som stod i mitten, strax v\u00e4ster om landsv\u00e4gen, vacklade d\u00e4remot i b\u00f6rjan inf\u00f6r det t\u00e4ta kulregnet och v\u00e4grade g\u00e5 fram ur f\u00f6rhuggningarna.<\/p>\n<p>\u201dKonsten att sl\u00e5 fienden\u201d, ropade Yegesack, \u201d\u00e4r just att st\u00e5 d\u00e4r han nu st\u00e5r. D\u00e4rf\u00f6r fram\u00e5t gossar och f\u00e4ll bajonetten\u201d!<\/p>\n<p>Tack vare Vegesacks tappra f\u00f6red\u00f6me b\u00f6rjade lantv\u00e4rnet snart \u201datt st\u00e5 sig v\u00e4l\u201d, i synnerhet sedan Brakel, som haft bef\u00e4let \u00f6ver kanonbet\u00e4ckningen, satte sina bj\u00f6rneborgare s\u00e5som f\u00f6rg\u00e5ngsm\u00e4n \u00e5t detsamma. De andra trupperna hade emellertid f\u00f6rf\u00f6ljt ryssarna p\u00e5 v\u00e4gen \u00e5t \u00d6mossa, d\u00e4r de stannade vid m\u00f6rkrets inbrott.<\/p>\n<p>Ryssarnas f\u00f6rlust uppgavs till 300 man. F\u00f6rlusten p\u00e5 svenska sidan var d\u00e4remot ganska obetydlig.<\/p>\n<p>En allm\u00e4n gl\u00e4dje var r\u00e5dande i svenska l\u00e4gret \u00f6ver denna \u00e4rofulla seger. I synnerhet gladde sig bj\u00f6rneborgarna av hj\u00e4rtans lust. Nu m\u00e4rktes det efter varje steg de tog att de kom n\u00e4rmare sin hembygd. Officerarna mottog fr\u00e5n alla h\u00e5ll bjudningar till v\u00e4lkomstfester. I synnerhet i det n\u00e4rliggande Bj\u00f6rneborg gjorde man stora tillrustningar f\u00f6r deras v\u00e4rdiga mottagande.<\/p>\n<p>\u201dLefve Sverige och Finland, hurra!\u00bb skriver dagboksantecknaren, f\u00e5ngen i ljusa framtidsdr\u00f6mmar. \u2014 Dock, fr\u00e5n gl\u00e4dje till sorg \u00e4r blott ett kort steg. Knappast hade bj\u00f6rneborgarna, genomv\u00e5ta av det h\u00e4ftiga och ih\u00e5llande regnet, kommit in i sina nya kvarter och f\u00e5tt n\u00f6dtorftigt torka sina kl\u00e4der, d\u00e5 nyheten spred sig, att befallning kommit av f\u00e4ltmarskalken, att tv\u00e5 av deras bataljoner skulle v\u00e4nda om mot norr och f\u00f6rst\u00e4rka huvudh\u00e4ren vid Kuortane.<\/p>\n<p>\u201dVe oss!\u201d utropar samma antecknare. F\u00f6rmodligen anade han strax, att det nu skulle b\u00f6rja \u201datt g\u00e5 bak\u00e5t en g\u00e5ng f\u00f6r alla\u201d.<\/p>\n<p>Med anledning av n\u00e4mnda order avt\u00e5gade \u00f6verste Palmfelt den 31 augusti med de tv\u00e5 efterskrivna bataljonerna fr\u00e5n Lappfj\u00e4rd, f\u00f6r att \u00f6ver Kauhajoki uppn\u00e5 best\u00e4mmelseorten. Men kommen till Kauhajoki fann han d\u00e4r en stark rysk avdelning f\u00f6re sig. von Otter, som han f\u00f6rmodat st\u00e5 kvar vid Nummij\u00e4rvi, hade n\u00e4mligen vid underr\u00e4ttelsen om att Palmfelt skulle g\u00e5 till Kuortane, i f\u00f6rtid l\u00e4mnat sin st\u00e4llning och dragit sig norrut \u00e4nda till Ilmola. Palmfelt s\u00f6kte visserligen att \u00e4ndock bana sig v\u00e4g. Men hans anfall misslyckades, och d\u00e4rf\u00f6r var han tvungen att i st\u00e4llet v\u00e4nda om till Paljakka mosse d\u00e4r han tillsvidare intog st\u00e4llning med front mot norr. H\u00e4rigenom kom varken Klingspor eller von Vegesack att p\u00e5 l\u00e4nge f\u00e5 n\u00e5got gagn av hans tv\u00e5 bataljoner.<\/p>\n","protected":false},"excerpt":{"rendered":"<p>Anteckningar sammanst\u00e4llda av signaturen E. K\u2014 rs. och publicerade i tidningen Syd-\u00d6sterbotten 29.8.1908. Renskrivna av Lasse Backlund i mars 2021: Kung Gustaf Adolf hade befallt general von Vegesack att landstiga med sina 4,000 man vid Bj\u00f6rneborg. Under \u00f6verfarten fr\u00e5n Sverige <a class=\"more-link\" href=\"https:\/\/www.lassebacklund.fi\/?page_id=19987\">Forts\u00e4tt l\u00e4sa <span class=\"screen-reader-text\">  Slaget vid Lappfj\u00e4rd 1808<\/span><span class=\"meta-nav\">&rarr;<\/span><\/a><\/p>\n","protected":false},"author":1,"featured_media":0,"parent":6292,"menu_order":12,"comment_status":"closed","ping_status":"closed","template":"","meta":{"footnotes":""},"class_list":["post-19987","page","type-page","status-publish","hentry"],"_links":{"self":[{"href":"https:\/\/www.lassebacklund.fi\/index.php?rest_route=\/wp\/v2\/pages\/19987","targetHints":{"allow":["GET"]}}],"collection":[{"href":"https:\/\/www.lassebacklund.fi\/index.php?rest_route=\/wp\/v2\/pages"}],"about":[{"href":"https:\/\/www.lassebacklund.fi\/index.php?rest_route=\/wp\/v2\/types\/page"}],"author":[{"embeddable":true,"href":"https:\/\/www.lassebacklund.fi\/index.php?rest_route=\/wp\/v2\/users\/1"}],"replies":[{"embeddable":true,"href":"https:\/\/www.lassebacklund.fi\/index.php?rest_route=%2Fwp%2Fv2%2Fcomments&post=19987"}],"version-history":[{"count":5,"href":"https:\/\/www.lassebacklund.fi\/index.php?rest_route=\/wp\/v2\/pages\/19987\/revisions"}],"predecessor-version":[{"id":24079,"href":"https:\/\/www.lassebacklund.fi\/index.php?rest_route=\/wp\/v2\/pages\/19987\/revisions\/24079"}],"up":[{"embeddable":true,"href":"https:\/\/www.lassebacklund.fi\/index.php?rest_route=\/wp\/v2\/pages\/6292"}],"wp:attachment":[{"href":"https:\/\/www.lassebacklund.fi\/index.php?rest_route=%2Fwp%2Fv2%2Fmedia&parent=19987"}],"curies":[{"name":"wp","href":"https:\/\/api.w.org\/{rel}","templated":true}]}}