{"id":19933,"date":"2021-03-12T10:37:02","date_gmt":"2021-03-12T08:37:02","guid":{"rendered":"https:\/\/www.lassebacklund.fi\/?page_id=19933"},"modified":"2025-02-11T21:16:26","modified_gmt":"2025-02-11T19:16:26","slug":"sideby-under-ofredstider","status":"publish","type":"page","link":"https:\/\/www.lassebacklund.fi\/?page_id=19933","title":{"rendered":"Sideby under ofredstider"},"content":{"rendered":"<p><span style=\"color: #000080;\"><strong>Artikel i Syd-\u00d6sterbotten 20.12.1938, skriven av signaturen E.N.\u00a0 och renskriven av Lasse Backlund i mars 2021:<\/strong><\/span><\/p>\n<p>Sideby ligger nu p\u00e5 sidan om de stora str\u00e5kv\u00e4garna. Detta f\u00f6rh\u00e5llande kommer troligtvis att forts\u00e4tta \u00e4nda tills \u201dStrandv\u00e4gen\u201d, allts\u00e5 v\u00e4gen fr\u00e5n Sastmola genom Risby, Kasab\u00f6le, Sideby, Skaftung och H\u00e4rkmeri till Tr\u00e4skvik blir statsv\u00e4g och utbyggd liksom \u201dStorv\u00e4gen\u201d som g\u00e5r mellan Bj\u00f6rneborg och Kristinestad. Men f\u00f6r 150 \u00e5r sedan fanns inte \u201dStorv\u00e4gen\u201d till, och d\u00e5 liksom tidigare gick all trafik mellan Bj\u00f6rneborg och Kristinestad l\u00e4ngs kusten efter den gamla postv\u00e4gen.<\/p>\n<p>Under ofredstider fick ocks\u00e5 postv\u00e4gen tj\u00e4na milit\u00e4ra \u00e4ndam\u00e5l. De h\u00e4rjningst\u00e5g som ryssarna f\u00f6retog i v\u00e5rt land f\u00f6re stora ofredens tider (1713-1721) vid olika tillf\u00e4llen ber\u00f6rde likv\u00e4l inte Sideby, men under n\u00e4mnda krig fick \u00e4ven Sideby k\u00e4nna av de ryska krigarskarornas framfart. Ryktet om ryssarnas ankomst n\u00e5dde nejden i f\u00f6rv\u00e4g. Den t\u00e4mligen f\u00e5taliga befolkningen drog sig d\u00e5 bort fr\u00e5n byn upp\u00e5t skogarna \u00f6ster om densamma och h\u00f6ll fr\u00e5n h\u00f6gre bel\u00e4gna st\u00e4llen utkik f\u00f6r att kunna varsko om fara hotade \u00e4ven d\u00e4r.<\/p>\n<p>Ett minne fr\u00e5n denna vakth\u00e5llning har vi bland annat i namnet \u201dVaktkullan\u201d, en relativt h\u00f6g backe ungef\u00e4r 1 \u00bd km \u00f6ster om byn. Namnet har sedermera f\u00f6rvanskats till Vackullan som \u00e4r bekv\u00e4mare att uttala. Och 1 \u00bd &#8211; 2 km \u00f6ster om Vaktkullan finns N\u00f6ts\u00e5sen, en h\u00f6gl\u00e4nd mo, d\u00e4r man h\u00f6ll boskapen och troligen f\u00f6r det mesta vistades under ryssens framfart i nejden. N\u00f6ts \u00e4r ju samma sak som f\u00e4hus och har f\u00e5tt sitt namn av n\u00f6t, som \u00e4r samma sak som hornboskap.<\/p>\n<p>En sedan flera mannaminnen tillbaka bortskaffad ribyggnad \u00f6ster om det s\u00e5 kallade Messtr\u00e4sket skall ocks\u00e5 ha tj\u00e4nstgjort som tillflyktsort under ofredstider.<\/p>\n<p>Vid ryssarnas ankomst 1713 befanns byn allts\u00e5 obefolkad och blev d\u00e5 helt och h\u00e5llet nedbr\u00e4nd. F\u00f6rst efter det ryssarna dragit sig bort, m\u00f6jligen efter fredsslutet 1721, p\u00e5b\u00f6rjades \u00e5teruppbyggnadsarbetet. F\u00f6rst g\u00e4llde det att f\u00e5 en stuga \u00e5t postf\u00f6raren Simon Eskilsson Hanses. Sedan uppf\u00f6rdes frt till och med tv\u00e5v\u00e5ningshus i den gamla byn, men dessa h\u00e4rjades av v\u00e5deld f\u00f6r ca 100 \u00e5r sedan.<\/p>\n<p>Huruvida namnen Rysshamnen och Rysshamnsviken har n\u00e5got att skaffa med den ryska invasionen under det stora nordiska krigets (1700-1721) dagar, har inte kunnat utredas. Redan p\u00e5 den tiden var nog Rysshamnsviken s\u00e5 grund, att den inte kunde utg\u00f6ra n\u00e5gon hamn f\u00f6r fartyg. I Skaftung by torde flykten undan ryssarna ha skett p\u00e5 samma s\u00e4tt, s\u00e5 att ocks\u00e5 den byn vid deras ankomst var folktom, och \u00e4r det sannolikt att \u00e4ven den nedbr\u00e4ndes. N\u00e5got direkt st\u00f6d f\u00f6r detta antagande finns visserligen inte, men varf\u00f6r skulle den ha skonats? P\u00e5 olika st\u00e4llen i vikarna i Skaftungsk\u00e4ren p\u00e5tr\u00e4ffade ryssarna flera fartyg som tillh\u00f6rde borgarna i Kristinestad och som br\u00e4ndes. Det var p\u00e5 h\u00f6sten 1713.<\/p>\n<p>P\u00e5 hemv\u00e4g fr\u00e5n Stockholm g\u00f6mdes fartygen i olika vikar utanf\u00f6r Skaftung. Det var Ekmans och Johan Sevalins 3 \u00e5r gamla klinkskuta p\u00e5 10 famnars k\u00f6l, lastad med st\u00e5l, tobak, salt och hampa, allt v\u00e4rt 3,800 daler, Matts Jansons 3-\u00e5riga klinkskuta p\u00e5 9 famnars k\u00f6l med likadan last, v\u00e4rd 5,380 daler, Markus Markussons hax p\u00e5 6 famnars k\u00f6l med dess tillbeh\u00f6r och ett skuttacklage fr\u00e5n ett strandat fartyg, allt v\u00e4rt 2,800 daler, samt dessutom Hindric Uddmans skuta. Allt nedbr\u00e4ndes enligt en uppgift i Kristinestads historia sidan 411. \u00a0F\u00f6r 50 &#8211; 60 \u00e5r sedan fanns \u00e4nnu i Skaftung sk\u00e4rg\u00e5rd bottenl\u00e4mningar kvar av de br\u00e4nda fartygen. P\u00e5 ett st\u00e4lle d\u00e4r, Kopparsundet, har ocks\u00e5 hittats gamla svenska kopparmynt, vilka m\u00f6jligen g\u00f6mts undan eller h\u00e4rstammat fr\u00e5n n\u00e5got av de br\u00e4nda fartygen.<\/p>\n<p>Men ryssarna drog vidare norrut, plundrande och troligen ocks\u00e5 br\u00e4nnande. Visserligen skonade de kyrkan i Lappfj\u00e4rd, men bortf\u00f6rde kyrkklockorna och ljuskronorna (Lappfj\u00e4rds historia I s.39). \u00a0Hur det riktigt var med pr\u00e4stg\u00e5rden framg\u00e5r inte, men d\u00e5 kyrkoherde Erik Sand tilltr\u00e4dde sin tj\u00e4nst \u00e5r 1721 var pr\u00e4stg\u00e5rden helt uppbr\u00e4nd. Hans f\u00f6retr\u00e4dare Johan Wendelius tilltr\u00e4dde tj\u00e4nsten \u00e5r 1712, men m\u00e5ste redan f\u00f6ljande \u00e5r fly f\u00f6r ryssarna till Sverige, s\u00e5 att man tydligen var utan pr\u00e4st i Lappfj\u00e4rd under Stora ofreden. Det f\u00f6refaller d\u00e4rf\u00f6r troligt att ryssarna skulle ha br\u00e4nt pr\u00e4stg\u00e5rden ocks\u00e5.<\/p>\n<p>Men p\u00e5 den tiden hade Sideby \u00e4nnu ingen kyrka eller pr\u00e4stg\u00e5rd. \u00a0Hur stor folkm\u00e4ngden var i Sideby och Skaftung vid stora ofredens b\u00f6rjan har inte kunnat utredas, men att den under kriget n\u00e5got minskat torde m\u00e5ste tas f\u00f6r givet. Gamla traditioner ber\u00e4ttar, att en del skulle s\u00f6kt sig \u00f6ver till Sverige, men att alla inte sedan \u00e5terv\u00e4nt.<\/p>\n<p>Enligt de \u00e4ldsta kyrkb\u00f6ckerna i Lappfj\u00e4rd skulle \u00e5r 1724, allts\u00e5 n\u00e5gra \u00e5r efter fredsslutet, i Sideby bott p\u00e5:<\/p>\n<h6>-Lassfolk funnits Simon Simoni, hustru Johanna,<\/h6>\n<h6>-Tejr Eric Erici, hustrun Anna Andersdotter,<\/h6>\n<h6>-Hansas Simon Eskilsson, hustrun Maria,<\/h6>\n<h6>-Kaars Nills Matzson, hustrun Karin Simonsdotter,<\/h6>\n<h6>-Pellfolk Johan Eriksson, hustrun Anna Thomasdotter,<\/h6>\n<h6>-Jossfolk Pehr Johansson, hustrun Margeta,<\/h6>\n<h6>-soldaten Hindrik Ojala, hustrun Karin Matzdotter.<\/h6>\n<h6>Tillsammans ca <strong>37 personer.<\/strong><\/h6>\n<p>&nbsp;<\/p>\n<p>I Skaftung bodde det p\u00e5:<\/p>\n<h6>-Tejr Anders Thomasson,<\/h6>\n<h6>-Ingvis lohan Simonsson,<\/h6>\n<h6>-Grannas M\u00e5rten M\u00e5nsson,<\/h6>\n<h6>-N\u00e5rg\u00e5ls Eric Andersson och<\/h6>\n<h6>-ski\u00e4riwachten Matz Larsson.<\/h6>\n<h6>Tillsammans ca <strong>27 personer.<\/strong><\/h6>\n<p>&nbsp;<\/p>\n<p>P\u00e5 Skougzman i \u00d6m\u00e5sa levde Simon Hindrichsson och Olof Michelsson p\u00e5 \u00d6man. Hela byns befolkning var c. 16 personer. De \u00f6vriga av byarnas hemman n\u00e4mnas inte och m\u00e5tte vid det h\u00e4r laget ha legat \u00f6de.<\/p>\n<p>Utg\u00e5r man fr\u00e5n att Skaftung och Sideby byar varit bebyggda sedan 12\u20141300-talen och \u00d6mossa \u00e5tminstone p\u00e5 1500-talet, s\u00e5 f\u00f6refaller det som om befolkningstalet i b\u00f6rjan p\u00e5 1700- talet \u00e4nd\u00e5 borde ha varit avsev\u00e4rt st\u00f6rre \u00e4n angivna siffror, varf\u00f6r det kan anses mycket sannolikt att kriget p\u00e5 ett eller annat s\u00e4tt mycket minskat folkm\u00e4ngden.<\/p>\n<p>Lilla ofreden 1742-1743 ber\u00f6rde inte Sideby p\u00e5 n\u00e5got vis.<\/p>\n<p>Av 1808\u201409 \u00e5rs krig hade Sideby d\u00e4remot k\u00e4nning. Om striderna vid \u00d6mossa har ofta och r\u00e4tt utf\u00f6rligt ber\u00e4ttats \u00e4ven i tidningspressen, varf\u00f6r de h\u00e4r f\u00f6rbig\u00e5s. Vid den tiden fanns redan \u201dStorv\u00e4gen\u201d mellan Bj\u00f6rneborg och Kristinestad till, s\u00e5 att det endast var enskilda str\u00f6patruller av kosacker som kom ned till kyrkbyn. Men man visste ju inte hur ryssarna skulle f\u00f6rh\u00e5lla sig och fann d\u00e4rf\u00f6r klokast att ocks\u00e5 d\u00e5 r\u00e4tt mycket dra sig tillbaka in\u00e5t skogarna.<\/p>\n<p>Men i skogsg\u00e5rdarna bodde man kvar, f\u00f6rmenande, att ryssarna icke skulle s\u00f6ka eller finna s\u00e5dana avl\u00e4gset bel\u00e4gna g\u00e5rdar. \u00a0Emellertid snokade de r\u00e4tt ocks\u00e5 p\u00e5 vissa sidobel\u00e4gna g\u00e5rdar. Och d\u00e5 en grupp kosacker tr\u00e4dde in i en s\u00e5dan g\u00e5rd, blev v\u00e4rdinnan s\u00e5 f\u00f6rskr\u00e4ckt, att hon fattade sitt 2 \u00e5r gamla gossebarn i famnen och hoppade ut genom f\u00f6nstret samt sprang till skogs. Gossen fick d\u00e4runder sina \u00f6gon s\u00e5 illa skadade, att han f\u00f6r \u00e5terstoden av sitt liv mycket led d\u00e4rav. I kyrkboken \u00e4r om honom antecknat \u201dblind&#8221;, men alldeles blind blev han dock inte. Som fullvuxen utflyttade han till Lappfj\u00e4rd.<\/p>\n<p>Enligt en gammal ber\u00e4ttelse skulle kyrkklockan vid Skaftung kapell ha tagits ned och g\u00f6mts bort undan ryssarna vid n\u00e5got krigstillf\u00e4lle, trots att man inte sedan kunnat \u00e5terfinna den. Detta torde \u00e5syfta Stora ofredens tider. Emellertid fanns inte kapellet i Skaftung mera till p\u00e5 den tiden och d\u00e5 tidigare fientliga h\u00e4rjningar inte utstr\u00e4ckts till dessa bygder, s\u00e5 torde ber\u00e4ttelsen i detta skick om skaftungklockan f\u00e5 \u00f6verf\u00f6ras till myternas omr\u00e5de. Krigssk\u00e5deplats under befrielsekriget 1918 var Sideby inte heller, men v\u00e4l var man i det n\u00e4rmaste man ur huse d\u00e5 i f\u00e4lt och m\u00e5nga ynglingar fr\u00e5n denna trakt f\u00f6ll i striderna f\u00f6r fosterlandets befrielse, medan ocks\u00e5 en del kom tillbaka s\u00e5som s\u00e5rade och hade men d\u00e4rav f\u00f6r livet.<\/p>\n<p><span style=\"color: #000080;\">(om du vill l\u00e4sa en tidningsartikel om avv\u00e4pningen av ryssarna i Sideby \u00e5r 1918, skall du klicka <a href=\"https:\/\/www.lassebacklund.fi\/?page_id=3749\"><span style=\"text-decoration: underline;\"><strong>H\u00c4R!<\/strong><\/span><\/a>)<\/span><\/p>\n","protected":false},"excerpt":{"rendered":"<p>Artikel i Syd-\u00d6sterbotten 20.12.1938, skriven av signaturen E.N.\u00a0 och renskriven av Lasse Backlund i mars 2021: Sideby ligger nu p\u00e5 sidan om de stora str\u00e5kv\u00e4garna. Detta f\u00f6rh\u00e5llande kommer troligtvis att forts\u00e4tta \u00e4nda tills \u201dStrandv\u00e4gen\u201d, allts\u00e5 v\u00e4gen fr\u00e5n Sastmola genom Risby, <a class=\"more-link\" href=\"https:\/\/www.lassebacklund.fi\/?page_id=19933\">Forts\u00e4tt l\u00e4sa <span class=\"screen-reader-text\">  Sideby under ofredstider<\/span><span class=\"meta-nav\">&rarr;<\/span><\/a><\/p>\n","protected":false},"author":1,"featured_media":0,"parent":8207,"menu_order":5,"comment_status":"closed","ping_status":"closed","template":"","meta":{"footnotes":""},"class_list":["post-19933","page","type-page","status-publish","hentry"],"_links":{"self":[{"href":"https:\/\/www.lassebacklund.fi\/index.php?rest_route=\/wp\/v2\/pages\/19933","targetHints":{"allow":["GET"]}}],"collection":[{"href":"https:\/\/www.lassebacklund.fi\/index.php?rest_route=\/wp\/v2\/pages"}],"about":[{"href":"https:\/\/www.lassebacklund.fi\/index.php?rest_route=\/wp\/v2\/types\/page"}],"author":[{"embeddable":true,"href":"https:\/\/www.lassebacklund.fi\/index.php?rest_route=\/wp\/v2\/users\/1"}],"replies":[{"embeddable":true,"href":"https:\/\/www.lassebacklund.fi\/index.php?rest_route=%2Fwp%2Fv2%2Fcomments&post=19933"}],"version-history":[{"count":6,"href":"https:\/\/www.lassebacklund.fi\/index.php?rest_route=\/wp\/v2\/pages\/19933\/revisions"}],"predecessor-version":[{"id":23648,"href":"https:\/\/www.lassebacklund.fi\/index.php?rest_route=\/wp\/v2\/pages\/19933\/revisions\/23648"}],"up":[{"embeddable":true,"href":"https:\/\/www.lassebacklund.fi\/index.php?rest_route=\/wp\/v2\/pages\/8207"}],"wp:attachment":[{"href":"https:\/\/www.lassebacklund.fi\/index.php?rest_route=%2Fwp%2Fv2%2Fmedia&parent=19933"}],"curies":[{"name":"wp","href":"https:\/\/api.w.org\/{rel}","templated":true}]}}