{"id":1987,"date":"2016-11-13T23:43:20","date_gmt":"2016-11-13T22:43:20","guid":{"rendered":"http:\/\/www.lassebacklund.fi\/?page_id=1987"},"modified":"2026-03-16T23:17:44","modified_gmt":"2026-03-16T21:17:44","slug":"bonehushemmanets-historia","status":"publish","type":"page","link":"https:\/\/www.lassebacklund.fi\/?page_id=1987","title":{"rendered":"B\u00f6nehushemmanets historia"},"content":{"rendered":"<p><strong><span style=\"color: #000080;\">Uppgjort av Inga-Lill Sandstr\u00f6m fr\u00e5n Vasa, men som v\u00e4xte upp p\u00e5 A-sidon, d\u00e4r hon hade b\u00f6nehuset inom synh\u00e5ll.<\/span><\/strong><\/p>\n<p>Tomten d\u00e4r b\u00f6nehuset finns var ju den plats p\u00e5 A-sidon dit en av L\u00e5ng-b\u00f6nderna fr\u00e5n &#8221;byin&#8221; flyttade och d\u00e4r byggde sin g\u00e5rd. <strong>Maja Lena Andersdotter L\u00e5ng <\/strong>f.1824 och hennes man <strong>Karl Mattsson f. Lillsund <\/strong>blev de sista fr\u00e5n detta sl\u00e4kte som \u00e4gde hemmanet och bodde i g\u00e5rden. D\u00e5 de f\u00f6rst hade s\u00e5lt 1\/36 del av hemmanet \u00e5t <strong>Josef Blomkvist <\/strong>s\u00e5lde de resten eller 1\/18 mantal \u00e5t <strong>Henrik Eriksson Storkull <\/strong>och flyttade sj\u00e4lva till B\u00f6tom \u00e5r 1862.<\/p>\n<p>\u00c5r 1869 s\u00e5lde <strong>Henrik Storkull <\/strong>hemmanet och g\u00e5rden \u00e5t torparen <strong>Karl Gustaf Josefsson Ingves &#8211; Klemets-<\/strong> (1834-1877) och hans hustru <strong>Anna Kaisa Lillmals<\/strong> fr\u00e5n P\u00e5skmark. Denne Karl Gustaf var son till Josef Johansson Korsb\u00e4ck som var torpare p\u00e5 Klemets i Dagsmark men han var f\u00f6dd p\u00e5 Ingves i Sideby d\u00e4r fadern tidigare varit torpare. Hans bror var den Malakias efter vilken &#8221;Kionas&#8221; i Dagsmark f\u00e5tt sitt namn. Nu hade han tillsammans med sin hustru Anna Kaisa Lillmals varit torpare i P\u00e5skmark och flyttade 1869 med sin familj till A-sidon till den g\u00e5rd som senare skulle bli b\u00f6nehus.<\/p>\n<h4><strong>&#8221;Storf\u00e5ssin&#8221; Johan Josef Kaas tar \u00f6ver<\/strong><\/h4>\n<p><strong>\u00c5r 1877, den 8 januari<\/strong> s\u00e5lde Karl Gustaf och Anna Kaisa L\u00e5ng hemmanet, allts\u00e5 samma \u00e5r som Karl Gustaf avled vid 43 \u00e5rs \u00e5lder. K\u00f6pare denna g\u00e5ng var mj\u00f6lnaren <strong>Johan Josef Johansson Storfors<\/strong> (f. Kaas \u00e5r 1841) och hans hustru <strong>Edla Sofia <\/strong>(f. Yrj\u00e4ns \u00e5r 1841) b\u00e5da hemma fr\u00e5n P\u00e5skmark. &#8221;Storf\u00e5ssin&#8221; och Edla Sofia fick fastebrev p\u00e5 hemmanet 1\/18 mantal av L\u00e5ng 11.4.1878. De hade flera barn, bland annat:<\/p>\n<p>-Amanda Sofia (f.1866), gift 1883 med Josef Malmberg (f.1852 i N\u00e4rpes).<\/p>\n<p>-Josef Henrik (1868-1923), for till Amerika 1890.<\/p>\n<p>-Maria <span style=\"text-decoration: underline;\"><strong>Matilda<\/strong><\/span> (1870-1916) gift 1. \u00e5r 1892 med Anders Johansson Klemets (1867-1898) .Gift 2. \u00e5r 1902 med Anders Bj\u00f6rses (f.1866-d. i Amerika) tog sedan sl\u00e4ktnamnet Forsg\u00e5rd.<\/p>\n<p>-Johan August (1872-1922), \u00f6vertog hemmanet men for till Amerika 1898.<\/p>\n<p>-Selma Alvina (1889-1903).<\/p>\n<p>Johan Josef som kallades &#8221;Storf\u00e5ssin&#8221; och hustrun Edla Josefina innehade hemmanet i n\u00e4stan 20 \u00e5rs tid.<\/p>\n<h4><strong>Johan August L\u00e5ng tar \u00f6ver<\/strong><\/h4>\n<p><strong>\u00c5r 1895, den 12 november<\/strong> s\u00e5lde Storf\u00e5ssin hemmanet \u00e5t sonen <strong>Johan August L\u00e5ng<\/strong> (1872-1922). I k\u00f6pebrevet kan man l\u00e4sa att Johan Josef och Edla Sofia L\u00e5ng s\u00e4ljer hemmanet 1\/18 dels mantal av L\u00e5ng j\u00e4mte d\u00e4rp\u00e5 befintliga \u00e5byggnader samt all l\u00f6segendom och kreatur av vad slag och beskaffenhet det vara m\u00e5 med undantag av 2 kor och deras g\u00e5ng- och s\u00e4ngkl\u00e4der f\u00f6r 4.000 mark finskt mynt. Av detta skall k\u00f6paren betala 2.800 mark till bonden Henrik Johansson Kaas som i hemmanet har intecknat en fordran till detta belopp. Resten av summan skall erl\u00e4ggas till Edla Sofia, 500 mark denna dag och \u00e5terstoden 700 mark efter 5 \u00e5r med 5% r\u00e4nta.<\/p>\n<p>D\u00e4rtill f\u00f6rbeh\u00f6ll de sig sytningsf\u00f6rm\u00e5ner under \u00e5terstoden av sin livstid. K\u00f6paren skall \u00e5rligen erl\u00e4gga spannm\u00e5l, h\u00f6, halm, str\u00f6mming, salt, n\u00f6tk\u00f6tt, pjexor, ved osv. Dessutom skall k\u00f6paren till boningshus \u00e5t dem f\u00e4rdiga den byggnad som redan \u00e4r p\u00e5begynt samt derjemte uppf\u00f6ra f\u00e4hus och foderlada med port emellan.<\/p>\n<p>De f\u00f6rbeh\u00f6ll sig ocks\u00e5 flera lindor i Drag\u00e5smossen l\u00e4ngs efter Rika L\u00e5ngs r\u00e5 samt \u00e5 samma st\u00e4lle 1\/2 ha ouppodlad mark som efter deras d\u00f6d tillfaller deras dotter Selma &#8221;om hon d\u00e5 lever&#8221;. Till potatisland undantar de ocks\u00e5 2 \u00e5kertegar i God\u00e4ng ovanom v\u00e4gen. Om de avlider f\u00f6re dottern Selma uppn\u00e5tt 15 \u00e5r skall hon \u00e5tnjuta 30 l spannm\u00e5l\/\u00e5r till sagda \u00e5lder. &#8221;Bonings-och uthus tillfaller v\u00e5r dotter Selma efter v\u00e5r d\u00f6d&#8221;. Troligen s\u00e5ldes hemmanet \u00e5t sonen d\u00e5 Johan Josef skulle fara till Amerika f\u00f6r i kyrkboken \u00e4r antecknat om honom &#8221;till Amerika 1895&#8221;. Johan August L\u00e5ng erh\u00f6ll 1 uppbudet p\u00e5 hemmansk\u00f6pet vid vintertinget 8.4.1896.<\/p>\n<p>Dottern Selma som det talas om i k\u00f6pebrevet var f\u00f6dd 1889 och s\u00e5ledes endast 6 \u00e5r gammal d\u00e5 k\u00f6pebrevet skrevs. Selma dog f\u00f6re f\u00f6r\u00e4ldrarna. Hon dog i lungsot \u00e5r 1903, 14 \u00e5r gammal.<\/p>\n<h4><strong>Karl Erik Mattfolk tar \u00f6ver<\/strong><\/h4>\n<p>Redan ett par \u00e5r efter att Johan August k\u00f6pt hemmanet drabbas ocks\u00e5 han av amerikafebern. Hen reste till Amerika 1898 och s\u00e5lde d\u00e4rf\u00f6r hemmanet \u00e5t <strong>Karl Eriksson Mattfolk<\/strong> och hustrun <strong>Maria Andersdotter<\/strong>. Karl var f\u00f6dd Utfolk i Uttermossa \u00e5r 1867 och Maria var f\u00f6dd Utter 1867 ocks\u00e5 i Uttermossa men hennes mor var fr\u00e5n Pelas i Dagsmark och hette Maja Lena Lillkull. Hon var syster till \u201dPelas Josip\u201d Josef Mattsson Lillkull. Karl Eriksson och Maria Andersdotter hette Mattfolk d\u00e5 de flyttade till Dagsmark eftersom de en tid varit b\u00f6nder p\u00e5 detta hemman i Lappfj\u00e4rd.<\/p>\n<p><strong>\u00c5r 1898, den 23 april<\/strong> k\u00f6pte dessa uttermossabor 1\/18 dels mantal av L\u00e5ng samt der\u00e5 befintliga \u00e5byggnader av vad slag och beskaffenhet det vara m\u00e5 med undantag av den befintliga smedjan. F\u00f6r detta betalade de 6.500 mark samt livstidssytning \u00e5t Johan Augusts f\u00f6r\u00e4ldrar &#8221;Storf\u00e5ssin&#8221; Johan Josef och Edla Sofia L\u00e5ng enligt f\u00f6rut uppgjort kontrakt men sytningshusen i kontraktet \u00f6verl\u00e4mnas \u00e5t k\u00f6paren. &#8221;En tomt f\u00f6rbeh\u00e5lles \u00e5t mig och mina f\u00f6r\u00e4ldrar i 50 \u00e5rs tid r\u00e4knat fr\u00e5n denna dag \u00e5 s\u00f6dra sidan om mang\u00e5rden ca 7 kappland samt kriatursbete \u00e5t f\u00f6r\u00e4ldrarna tillika med bonden&#8221;.<\/p>\n<p>Endast tre \u00e5r hann Karl Eriksson vara bonde p\u00e5 &#8221;b\u00f6nehushemmanet&#8221; f\u00f6r han avled i mars 1901, 33 \u00e5r gammal. D\u00f6dsorsaken var hj\u00e4rninflammation. Han efterl\u00e4mnade hustrun Maria och fyra minder\u00e5riga barn. Vid arvsskiftet efter Karl Eriksson L\u00e5ng erh\u00f6ll \u00e4nkan halva hemmanet genom giftor\u00e4tten och de fyra barnen \u00e4rvde gemensamt den andra halvan. De fyra barnen \u00e4rvde vart och ett 1\/144 dels mantal eller tillsammans 1\/36 del av hemmanet. \u00c4nkan Maria Andersdotter s\u00e5lde barnens arvedel p\u00e5 auktion den 27.9.1901 f\u00f6r sina barn Frans Alfred (1888-1927), Edit Emilia (1892-1988), <strong>Sigrid<\/strong> (1898-1997) och Evert (1901-1908).<\/p>\n<p>\u00c4nkan Maria L\u00e5ng gifte om sig 1902 med &#8221;Haga Hindrik&#8221;, allts\u00e5 <strong>Henrik Valentin Johansson (1880-1952)<\/strong>. \u00c5r 1909 k\u00f6pte Maria och Henrik, som nu hette Lindberg ett omr\u00e5de bakom Nylundas, p\u00e5 adressen Sunnantillv\u00e4gen 54. De uppf\u00f6rde d\u00e4r en g\u00e5rd och flyttade dit.<\/p>\n<h4><strong>Josef Lillkull tar \u00f6ver halva hemmanet<\/strong><\/h4>\n<p><strong>&#8221;Pelas Josip&#8221; allts\u00e5 Josef Mattsson Lillkull<\/strong> gav vid auktionen h\u00f6gsta anbudet, 1.500 mark f\u00f6r barnens hemmansdel, plus halva sytningen till Johan Josef och Edla Sofia L\u00e5ng enligt tidigare kontrakt. F\u00f6rmyndarn\u00e4mnden godk\u00e4nde denna f\u00f6rs\u00e4ljning trots att priset var l\u00e5gt, &#8221;en f\u00f6ljd av fastigheten vidl\u00e5dande stora sytning&#8221;. Josef Mattsson Lillkull erh\u00f6ll 1 uppbudet p\u00e5 1\/36 del av L\u00e5ng vid h\u00f6sttinget 1901 \u00a7 31.<\/p>\n<h4><strong>Johan Henrik L\u00e5ng tar \u00f6ver hemmanshalvan av Lillkull<\/strong><\/h4>\n<p><strong>\u00c5r 1902, den 8 mars<\/strong> s\u00e5lde Josef Mattsson Lillkull denna hemmansdel vidare \u00e5t torparen <strong>Johan Henrik Johansson L\u00e5ng f. Lillsj\u00f6<\/strong> och hans hustru <strong>Karolina Esaiasdotter f. Korsb\u00e4ck<\/strong>. K\u00f6pesumman var 1.800 mark samt skall k\u00f6parna svara f\u00f6r h\u00e4lften av sytningen till &#8221;Storf\u00e5ssin&#8221; Josef Johansson L\u00e5ng och hustrun Edla enligt tidigare kontrakt. Hemmanet 1\/36 mantal s\u00e5ldes utan \u00e5byggnad med undantag av den nya stugtimran som k\u00f6paren tilltr\u00e4der. Johan Henrik och Karolina fick 1:a uppbudet vid vintertinget 1902 \u00a7 15. Detta hemman fick vid storskiftesregleringen namnet Drag\u00e5s 4:14. Redan under storskiftestiden dog Johan Henrik Lillsj\u00f6- L\u00e5ng och \u00e4nkan Karolina Esaiasdotter s\u00e5lde hemmanet i juni 1906 \u00e5t Heikki Henberg och hustrun Ulrika. Dessa blev inte heller l\u00e5ngvariga p\u00e5 hemmanet utan de s\u00e5lde det snart vidare. Om vill l\u00e4sa mera om hemmanet Drag\u00e5s, s\u00e5 skall du klicka <a href=\"https:\/\/www.lassebacklund.fi\/?page_id=4125\"><span style=\"color: #000080;\"><strong>H\u00c4R<\/strong><\/span><\/a> och sedan rulla ned till nr 4:14.<\/p>\n<h4><strong>Anders och Matilda tar \u00f6ver den andra hemmanshalvan<\/strong><\/h4>\n<p><strong>\u00c5r 1906, den 19 maj<\/strong> s\u00e5lde \u00e4nkan Maria Andersdotter L\u00e5ng sin egen halva av &#8221;b\u00f6nehushemmanet&#8221; ocks\u00e5 1\/36 mantal som hon hade erh\u00e5llit i giftor\u00e4tt efter sin man. Hon s\u00e5lde hus och \u00e4gor till torparen <strong>Anders Johansson Lillkull<\/strong> och hustru <strong>Maria Matilda Josefsdr. Lillkull<\/strong>. Eftersom dessa nu heter Lillkull och \u00e4r torpare s\u00e5 betyder det att de varit torpare p\u00e5 Lillkull hemman en tid efter 1904 d\u00e5 de s\u00e5lde sitt hemman \u00e5t <strong>Josef Backlund<\/strong>. Detta betyder ocks\u00e5 att Maria Matilda k\u00f6pte tillbaka sitt barndomshem. K\u00f6pesumman var 3.800 mark samt h\u00e4lften av sytningskontraktet till &#8221;Storf\u00e5ssin&#8221; Josef Johansson och Edla Karlsdotter. Men s\u00e4ljaren Maria Andersdotter f\u00f6rbeh\u00f6ll sig p\u00e5 50-\u00e5rs tid en tomtplats ca 15 famnar g\u00e5nger 12 famnar s\u00f6der om hemmanets tomt. Anders Johansson och Maria Matilda som nu \u00e4ndrat sitt namn till <strong>Forsg\u00e5rd<\/strong> fick 1 uppbudet p\u00e5 hemmanet vid h\u00f6sttinget 1906 \u00a7 51. Detta hemman fick vid storskiftesregleringen namnet Sandback 4:4.<\/p>\n<h4><strong>Evangelif\u00f6reningen tar \u00f6ver g\u00e5rden och bygger om till b\u00f6nehus<\/strong><\/h4>\n<p>\u00c4ven Anders Forsg\u00e5rd for till Amerika. I juni 1910 bj\u00f6d han ut sitt hemman i tidningarna och han \u00f6nskade en snabb aff\u00e4r. N\u00e5gon aff\u00e4r blev det inte och i november 1910, samtidigt som grannen Viktor Lillkull, reste han till Amerika utan att \u00e5terv\u00e4nda. Matilda och hennes dotter Alexandra f. 1894, bodde kvar i g\u00e5rden till \u00e5r 1913.<\/p>\n<p><strong>\u00c5r 1913, den 1 juli<\/strong> s\u00e5lde Matilda Forsg\u00e5rd g\u00e5rden p\u00e5 den s\u00e5 kallade &#8221;B\u00f6nehustomten&#8221; \u00e5t <strong>Evangelif\u00f6reningen<\/strong> f\u00f6r att ombyggas till b\u00f6nehus. Matilda och Alexandra flyttade d\u00e5 till Matildas mor Edla som bodde p\u00e5 Sunnantillv\u00e4gen. \u00c4ven andra markomr\u00e5den s\u00e5ldes fr\u00e5n hemmanet. Matilda Forsg\u00e5rd dog \u00e5r 1916.<\/p>\n<h4><strong>Handlanden J. H. Storkull tar \u00f6ver hemmanet<\/strong><\/h4>\n<p><strong>Den 5.2.1917<\/strong> s\u00e5lde Matildas dotter Alexandra Forsg\u00e5rd 1\/36 Forsg\u00e5rd del av L\u00e5ng \u00e5t &#8221;Koll handlarin&#8221; Josef Henrik Storkull f\u00f6r 2.000 mark samt sytning f\u00f6r denna del \u00e5t &#8221;Storf\u00e5ssins \u00e4nka&#8221; Edla Sofia Karlsdotter L\u00e5ng enligt kontraktet 12.11. 1895. Fr\u00e5n k\u00f6pet undantogs fr\u00e5n hemmanet tidigare f\u00f6rs\u00e5lda parceller:<\/p>\n<ol>\n<li>H\u00f6gstrand parcell i Villuri, enligt kontrakt 25 september 1908 till Viktor Nylund och J. H. Storkull f\u00f6r 600 mark. S\u00e5ldes \u00e5r 1927 \u00e5t Konstantin och Serafia Heikkil\u00e4. Paret Heikkil\u00e4 s\u00e5lde H\u00f6gstrand parcell vidare \u00e5t Uuno Vihtorinpoika Alakoivisto och hans hustru Hilma Josefina f\u00f6r 12 000 mark den 9 januari 1930.<\/li>\n<li>Sandbacka parcell, eller &#8221;Stranden&#8221; enl. kontrakt 18.10.1911 till Erland och Hulda Fagerroos f\u00f6r 1 300 mark. Det h\u00e4r 2 ha stora omr\u00e5det p\u00e5 \u00c5backan ligger mellan L\u00e5ngqvists och Mitts hemman Nyroos. \u00c5r 1921, den 14 mars s\u00e5lde Erland Fagerroos halva omr\u00e5det, den \u00f6stra halvan \u00e5t sytningsmannen Viktor och Edla L\u00e5ngqvist, allts\u00e5 det omr\u00e5de p\u00e5 1 ha d\u00e4r barnbarnet Gunnar L\u00e5ngqvist sedan byggde den nya g\u00e5rden. Det omr\u00e5det fick namnet Sand 4:45. Den andra halvan p\u00e5 1 ha \u00f6vertogs i april 1924 av &#8221;Glas Kajs&#8221;, allts\u00e5 Anna Kajsa och Karl S\u00f6derstr\u00f6m, som i sin tur s\u00e5lde omr\u00e5det \u00e5t \u00c5ke och Ilona Klemets. \u00c5ke i sin tur s\u00e5lde omr\u00e5det \u00e5r 1963 \u00e5t Ragnar och Ellen Skogman. Det h\u00e4r omr\u00e5det heter Sandbacka 4:46.<\/li>\n<li>B\u00f6nehustomten enl. kontrakt 1.7.1913 \u00e5t Lutherska Evangelif\u00f6reningen f\u00f6r 200 mark.<\/li>\n<li>Johannesberg parcell, \u00e4gdes av skr\u00e4ddaren Johannes Klemets<\/li>\n<li>Drag\u00e5sparcell av 12.7.1915, innehavare Josef och Maria Backlund<\/li>\n<li>Sandlund parcell 24.11.1911 p\u00e5 0,8 ha \u00e5t Anna <span style=\"text-decoration: underline;\">Sofia<\/span> Rosenback och Johan Ulfves, och sedan till &#8221;Bl\u00f6tinas&#8221; Ida Ulfves (1899-1972). K\u00f6pesumma 300 mark.<\/li>\n<li>Gunnilsb\u00e4rg enligt kontrakt av 22.7.1916. Den 14 augusti 1918 k\u00f6pte Alexandra Forsg\u00e5rd detta omr\u00e5de i Backlundas r\u00e5 av handlanden J. H. Storkull f\u00f6r 300 mark, plus ett \u00e5rligt arrende p\u00e5 en mark. Omr\u00e5det gr\u00e4nsade till Sunnantillv\u00e4gen och var 25 m brett och 72 m l\u00e5ngt. Detta omr\u00e5de Gunnilsb\u00e4rg var l\u00e4nge i sl\u00e4kten Forsg\u00e5rd-Rosengrens \u00e4go men togs 2025 \u00f6ver av grannen Lindberg.<\/li>\n<\/ol>\n<h4><strong>Evert och Selma Storkull tar \u00f6ver<\/strong><\/h4>\n<p><strong>\u00c5r 1931, den 6 februari<\/strong> s\u00e5lde handlanden J. H. Storkull och hans hustru Maria hela l\u00e4genheten Sandback 4:36 \u00e5t sonen Evert Storkull (1900-1973) och hans hustru Selma (f. Lillkull 1902-1969) f\u00f6r 20 000 mark. L\u00e4s mera om Evert och Selma <a href=\"https:\/\/www.lassebacklund.fi\/?page_id=1066\"><span style=\"color: #000080;\"><strong>H\u00c4R!<\/strong><\/span><\/a><\/p>\n","protected":false},"excerpt":{"rendered":"<p>Uppgjort av Inga-Lill Sandstr\u00f6m fr\u00e5n Vasa, men som v\u00e4xte upp p\u00e5 A-sidon, d\u00e4r hon hade b\u00f6nehuset inom synh\u00e5ll. Tomten d\u00e4r b\u00f6nehuset finns var ju den plats p\u00e5 A-sidon dit en av L\u00e5ng-b\u00f6nderna fr\u00e5n &#8221;byin&#8221; flyttade och d\u00e4r byggde sin g\u00e5rd. <a class=\"more-link\" href=\"https:\/\/www.lassebacklund.fi\/?page_id=1987\">Forts\u00e4tt l\u00e4sa <span class=\"screen-reader-text\">  B\u00f6nehushemmanets historia<\/span><span class=\"meta-nav\">&rarr;<\/span><\/a><\/p>\n","protected":false},"author":1,"featured_media":0,"parent":1928,"menu_order":1,"comment_status":"closed","ping_status":"closed","template":"","meta":{"footnotes":""},"class_list":["post-1987","page","type-page","status-publish","hentry"],"_links":{"self":[{"href":"https:\/\/www.lassebacklund.fi\/index.php?rest_route=\/wp\/v2\/pages\/1987","targetHints":{"allow":["GET"]}}],"collection":[{"href":"https:\/\/www.lassebacklund.fi\/index.php?rest_route=\/wp\/v2\/pages"}],"about":[{"href":"https:\/\/www.lassebacklund.fi\/index.php?rest_route=\/wp\/v2\/types\/page"}],"author":[{"embeddable":true,"href":"https:\/\/www.lassebacklund.fi\/index.php?rest_route=\/wp\/v2\/users\/1"}],"replies":[{"embeddable":true,"href":"https:\/\/www.lassebacklund.fi\/index.php?rest_route=%2Fwp%2Fv2%2Fcomments&post=1987"}],"version-history":[{"count":23,"href":"https:\/\/www.lassebacklund.fi\/index.php?rest_route=\/wp\/v2\/pages\/1987\/revisions"}],"predecessor-version":[{"id":25694,"href":"https:\/\/www.lassebacklund.fi\/index.php?rest_route=\/wp\/v2\/pages\/1987\/revisions\/25694"}],"up":[{"embeddable":true,"href":"https:\/\/www.lassebacklund.fi\/index.php?rest_route=\/wp\/v2\/pages\/1928"}],"wp:attachment":[{"href":"https:\/\/www.lassebacklund.fi\/index.php?rest_route=%2Fwp%2Fv2%2Fmedia&parent=1987"}],"curies":[{"name":"wp","href":"https:\/\/api.w.org\/{rel}","templated":true}]}}