{"id":1983,"date":"2016-11-13T23:22:13","date_gmt":"2016-11-13T22:22:13","guid":{"rendered":"http:\/\/www.lassebacklund.fi\/?page_id=1983"},"modified":"2025-08-26T08:41:56","modified_gmt":"2025-08-26T05:41:56","slug":"100-ars-jubileet-artikel-ur-sandebudet","status":"publish","type":"page","link":"https:\/\/www.lassebacklund.fi\/?page_id=1983","title":{"rendered":"100-\u00e5rs jubileet, artikel ur S\u00e4ndebudet."},"content":{"rendered":"<p><img loading=\"lazy\" decoding=\"async\" class=\"alignnone size-full wp-image-1982\" src=\"http:\/\/www.lassebacklund.fi\/wp-content\/uploads\/2016\/11\/S\u00e4ndebudet-om-b\u00f6nehuset-100-\u00e5r.jpg\" alt=\"S\u00e4ndebudet om b\u00f6nehuset 100 \u00e5r\" width=\"1048\" height=\"1428\" srcset=\"https:\/\/www.lassebacklund.fi\/wp-content\/uploads\/2016\/11\/S\u00e4ndebudet-om-b\u00f6nehuset-100-\u00e5r.jpg 1048w, https:\/\/www.lassebacklund.fi\/wp-content\/uploads\/2016\/11\/S\u00e4ndebudet-om-b\u00f6nehuset-100-\u00e5r-220x300.jpg 220w, https:\/\/www.lassebacklund.fi\/wp-content\/uploads\/2016\/11\/S\u00e4ndebudet-om-b\u00f6nehuset-100-\u00e5r-768x1046.jpg 768w, https:\/\/www.lassebacklund.fi\/wp-content\/uploads\/2016\/11\/S\u00e4ndebudet-om-b\u00f6nehuset-100-\u00e5r-752x1024.jpg 752w\" sizes=\"auto, (max-width: 1048px) 100vw, 1048px\" \/><\/p>\n","protected":false},"excerpt":{"rendered":"","protected":false},"author":1,"featured_media":0,"parent":1928,"menu_order":40,"comment_status":"closed","ping_status":"closed","template":"","meta":{"footnotes":""},"class_list":["post-1983","page","type-page","status-publish","hentry"],"_links":{"self":[{"href":"https:\/\/www.lassebacklund.fi\/index.php?rest_route=\/wp\/v2\/pages\/1983","targetHints":{"allow":["GET"]}}],"collection":[{"href":"https:\/\/www.lassebacklund.fi\/index.php?rest_route=\/wp\/v2\/pages"}],"about":[{"href":"https:\/\/www.lassebacklund.fi\/index.php?rest_route=\/wp\/v2\/types\/page"}],"author":[{"embeddable":true,"href":"https:\/\/www.lassebacklund.fi\/index.php?rest_route=\/wp\/v2\/users\/1"}],"replies":[{"embeddable":true,"href":"https:\/\/www.lassebacklund.fi\/index.php?rest_route=%2Fwp%2Fv2%2Fcomments&post=1983"}],"version-history":[{"count":1,"href":"https:\/\/www.lassebacklund.fi\/index.php?rest_route=\/wp\/v2\/pages\/1983\/revisions"}],"predecessor-version":[{"id":1984,"href":"https:\/\/www.lassebacklund.fi\/index.php?rest_route=\/wp\/v2\/pages\/1983\/revisions\/1984"}],"up":[{"embeddable":true,"href":"https:\/\/www.lassebacklund.fi\/index.php?rest_route=\/wp\/v2\/pages\/1928"}],"wp:attachment":[{"href":"https:\/\/www.lassebacklund.fi\/index.php?rest_route=%2Fwp%2Fv2%2Fmedia&parent=1983"}],"curies":[{"name":"wp","href":"https:\/\/api.w.org\/{rel}","templated":true}]}}