{"id":1978,"date":"2016-11-13T23:19:31","date_gmt":"2016-11-13T22:19:31","guid":{"rendered":"http:\/\/www.lassebacklund.fi\/?page_id=1978"},"modified":"2025-08-26T08:40:16","modified_gmt":"2025-08-26T05:40:16","slug":"hagkomster-fran-80-arsjubileet","status":"publish","type":"page","link":"https:\/\/www.lassebacklund.fi\/?page_id=1978","title":{"rendered":"H\u00e5gkomster fr\u00e5n 80-\u00e5rsjubileet."},"content":{"rendered":"<p><img loading=\"lazy\" decoding=\"async\" class=\"alignnone size-full wp-image-1958\" src=\"http:\/\/www.lassebacklund.fi\/wp-content\/uploads\/2016\/11\/h29.jpg\" alt=\"h29\" width=\"1029\" height=\"1496\" srcset=\"https:\/\/www.lassebacklund.fi\/wp-content\/uploads\/2016\/11\/h29.jpg 1029w, https:\/\/www.lassebacklund.fi\/wp-content\/uploads\/2016\/11\/h29-206x300.jpg 206w, https:\/\/www.lassebacklund.fi\/wp-content\/uploads\/2016\/11\/h29-768x1117.jpg 768w, https:\/\/www.lassebacklund.fi\/wp-content\/uploads\/2016\/11\/h29-704x1024.jpg 704w\" sizes=\"auto, (max-width: 1029px) 100vw, 1029px\" \/><\/p>\n<p>&nbsp;<\/p>\n<p><img loading=\"lazy\" decoding=\"async\" class=\"alignnone size-full wp-image-1959\" src=\"http:\/\/www.lassebacklund.fi\/wp-content\/uploads\/2016\/11\/h30.jpg\" alt=\"h30\" width=\"1185\" height=\"1501\" srcset=\"https:\/\/www.lassebacklund.fi\/wp-content\/uploads\/2016\/11\/h30.jpg 1185w, https:\/\/www.lassebacklund.fi\/wp-content\/uploads\/2016\/11\/h30-237x300.jpg 237w, https:\/\/www.lassebacklund.fi\/wp-content\/uploads\/2016\/11\/h30-768x973.jpg 768w, https:\/\/www.lassebacklund.fi\/wp-content\/uploads\/2016\/11\/h30-808x1024.jpg 808w\" sizes=\"auto, (max-width: 1185px) 100vw, 1185px\" \/><\/p>\n","protected":false},"excerpt":{"rendered":"<p>&nbsp;<\/p>\n","protected":false},"author":1,"featured_media":0,"parent":1928,"menu_order":15,"comment_status":"closed","ping_status":"closed","template":"","meta":{"footnotes":""},"class_list":["post-1978","page","type-page","status-publish","hentry"],"_links":{"self":[{"href":"https:\/\/www.lassebacklund.fi\/index.php?rest_route=\/wp\/v2\/pages\/1978","targetHints":{"allow":["GET"]}}],"collection":[{"href":"https:\/\/www.lassebacklund.fi\/index.php?rest_route=\/wp\/v2\/pages"}],"about":[{"href":"https:\/\/www.lassebacklund.fi\/index.php?rest_route=\/wp\/v2\/types\/page"}],"author":[{"embeddable":true,"href":"https:\/\/www.lassebacklund.fi\/index.php?rest_route=\/wp\/v2\/users\/1"}],"replies":[{"embeddable":true,"href":"https:\/\/www.lassebacklund.fi\/index.php?rest_route=%2Fwp%2Fv2%2Fcomments&post=1978"}],"version-history":[{"count":1,"href":"https:\/\/www.lassebacklund.fi\/index.php?rest_route=\/wp\/v2\/pages\/1978\/revisions"}],"predecessor-version":[{"id":1979,"href":"https:\/\/www.lassebacklund.fi\/index.php?rest_route=\/wp\/v2\/pages\/1978\/revisions\/1979"}],"up":[{"embeddable":true,"href":"https:\/\/www.lassebacklund.fi\/index.php?rest_route=\/wp\/v2\/pages\/1928"}],"wp:attachment":[{"href":"https:\/\/www.lassebacklund.fi\/index.php?rest_route=%2Fwp%2Fv2%2Fmedia&parent=1978"}],"curies":[{"name":"wp","href":"https:\/\/api.w.org\/{rel}","templated":true}]}}