{"id":19469,"date":"2021-02-12T23:55:40","date_gmt":"2021-02-12T21:55:40","guid":{"rendered":"https:\/\/www.lassebacklund.fi\/?page_id=19469"},"modified":"2021-03-04T12:33:23","modified_gmt":"2021-03-04T10:33:23","slug":"tidningsartiklar-fran-ar-1909","status":"publish","type":"page","link":"https:\/\/www.lassebacklund.fi\/?page_id=19469","title":{"rendered":"Tidningsartiklar fr\u00e5n \u00e5r 1909."},"content":{"rendered":"<h5><strong>Befolkningsm\u00e4ngderna i Syd\u00f6sterbotten:<\/strong><\/h5>\n<p><strong>Under \u00e5r 1908 f\u00f6ddes i Lappfj\u00e4r<\/strong>d 166 barn, precis h\u00e4lften av vardera k\u00f6net. I f\u00f6rsamlingen hade 138 personer avlidit, av dessa vistades 17 i Amerika. Den \u00e4ldsta mannen som avled var 82 \u00e5r och den \u00e4ldsta kvinnan var 92 \u00e5r. Inflyttningen och utflyttningen var i balans, 45 \u00e4ktenskap hade ing\u00e5tts och 39 hade uppl\u00f6sts via ena partens d\u00f6dsfall. Folkm\u00e4ngden hade \u00f6kat med 2 personer och uppgick till 6\u00a0950 personer.<\/p>\n<p><strong>I staden<\/strong> f\u00f6ddes 56 barn och 53 personer avled. Inflyttningen var betydligt st\u00f6rre \u00e4n utflyttningen, vilket ledde till att befolkningsm\u00e4ngden \u00f6kade till 3 075. 8 par hade gift sig under det senaste \u00e5ret. H\u00e4r kan noteras att stadens befolkning sedan \u00e5r 1888 har \u00f6kat med totalt 423 personer.<\/p>\n<p><strong>I Kristinestads landsf\u00f6rsamling i Tj\u00f6ck<\/strong> hade det under \u00e5r 1908 f\u00f6tts 30 barn medan 25 personer hade avlidit. Befolkningen hade \u00f6kat med 8 till 1\u00a0483 personer.<\/p>\n<p><strong>I Sideby<\/strong> hade det f\u00f6tts 62 barn medan 48 personer hade avlidit. 35 personer hade flyttat till f\u00f6rsamlingen medan 92 hade flyttat bort. Folkm\u00e4ngden minskade med 10 personer till 3\u00a0171. 14 par hade ing\u00e5tt \u00e4ktenskap och f\u00f6r fyra par som gifte sig i Amerika hade det uttagits lysning.<\/p>\n<p><strong>I N\u00e4rpes<\/strong> hade det f\u00f6tts 219 barn och hela f\u00f6rsamlingen bestod av 10\u00a0688 personer.<\/p>\n<h6><strong>Sj\u00f6farten i Kristinestad&#8230;<\/strong><\/h6>\n<p>&#8230;hade varit livlig \u00e5r 1908. Kristinestads hamn hade bes\u00f6kt av totalt 128 fartyg och av dessa var 89 finska och 39 var av utl\u00e4ndsk nationalitet. Av dessa 128 fartyg var 41 segelfartyg och resten var \u00e5ngfartyg. \u00c5ret innan hade stadens hamn haft bes\u00f6k av 149 fartyg. N\u00e5gra hamnkajer fanns inte denna tid utan alla fartyg lastade och lossade ute i Stadsfj\u00e4rden. Handelsf\u00f6reningen i Kristinestad \u00e4gde tv\u00e5 bryggor d\u00e4 fartyg kunde l\u00e4gga till. Det var \u00e5ngb\u00e5tsbryggan n\u00e4ra stadsbron, d\u00e4r ganska stora \u00e5ngb\u00e5tar kunde l\u00e4gga till och d\u00e4rifr\u00e5n all persontrafik skedde. Den andra bryggan var tj\u00e4rhovsbryggan som l\u00e5g l\u00e4ngre ut till havs, ungef\u00e4r 500 meter fr\u00e5n stadsbron. D\u00e4r kunde ocks\u00e5 segelfartyg en l\u00e4gga till och under \u00e5rens lopp \u00e4r det verkligt stora m\u00e4ngder tj\u00e4rtunnor som hade skeppats ut d\u00e4rifr\u00e5n.<\/p>\n<p><span style=\"color: #000080;\"><strong>Syd-\u00d6sterbotten 23.2.1909:<\/strong><\/span><\/p>\n<h6><strong>Vad ett storskifte kan kosta.<\/strong><\/h6>\n<p>Regleringen av storskiftet i Dags mark skifteslag, som utg\u00f6rs av Dagsmark by i Lappfj\u00e4rd kommun samt hemmanen n:o 15 och 16 i B\u00f6tom sockens Nederby, tillhopa utg\u00f6rande 4 1\/12 mantal, vidtog f\u00f6r omkring \u00e5tta \u00e5r sedan och \u00e4r numera s\u00e5 l\u00e5ngt framskriden att del\u00e4garna i skifteslaget den 15 augusti 1908 tilltr\u00e4dde sina nya \u00e4goskiften. Ifr\u00e5ga varande skiftesf\u00f6rr\u00e4ttning har handlagts av kommissionslantm\u00e4taren Sten Nilsson och h\u00f6lls slutsammantr\u00e4de den 10 december 1908. Av handlingarna inh\u00e4mtas att n\u00e4mnda storskiftesreglering kr\u00e4ver f\u00f6ljande kontanta omkostnader:<\/p>\n<h6>-odlingslikvid 30,739 mark<\/h6>\n<h6>-skogslikvid 41,822 mark<\/h6>\n<h6>-flyttningskostnader 66,362 mark<\/h6>\n<p>Totala kostnader 138,924 mark.<\/p>\n<p>Dessa kostnader stiger \u00e4nnu f\u00f6r allesamman genom den f\u00f6rlust i avkastningen, som vansk\u00f6tseln p\u00e5 \u00e4gorna under tiden f\u00f6r storskiftet sj\u00e4lvfallet medf\u00f6r. Fr\u00e5n sina gamla boningsplatser kommer att utflytta trettiosex hemmans\u00e4gare och utflyttningarna skall vara slutf\u00f6rda inom tre \u00e5r, r\u00e4knat fr\u00e5n den tid \u00e4gobytet har skett. Av de utflyttande har en erh\u00e5llit fyra \u00e4goskiften, alla de \u00f6vriga utflyttande l\u00e4genheter har f\u00e5tt endast ett till tre skiften.<\/p>\n<p><span style=\"color: #000080;\"><strong>Syd-\u00d6sterbotten 25.5.1909:\u00a0<\/strong><\/span><\/p>\n<p>Fr\u00e5n Dagsmark skrivs till oss s\u00e5 h\u00e4r:<\/p>\n<p>Till f\u00f6ljd av utflyttningar, f\u00f6rorsakade av storskiftet, har byggnadsverksamheten p\u00e5 orten p\u00e5g\u00e5tt livligt sedan tidigt p\u00e5 v\u00e5ren. P\u00e5 flera av dessa nya husbyggnadsplatser har nattliga riddare under de senaste veckorna borttagit s\u00e4rskilda timmermansverktyg och annan egendom. Natten mot senaste l\u00f6rdag bortstals fr\u00e5n bonden Erik Anders Storkulls byggnadsplats 1 bilyxa, 1 amerikansk huggyxa, 1 sticks\u00e5g, 1 timmermansborr samt ett st\u00e4mj\u00e4rn. D\u00e5 tjuvarna, som inte \u00e4r s\u00e5 alldeles ok\u00e4nda skulle de vara f\u00f6rtj\u00e4nta av tillb\u00f6rlig n\u00e4pst, utlovas bel\u00f6ning \u00e5t den, som kan l\u00e4mna s\u00e5dan upplysning, att den l\u00e4nder till den stulna egendomens \u00e5terf\u00e5ende och tjuvarnas ertappande.<\/p>\n<p><span style=\"color: #000080;\"><strong>Syd-\u00d6sterbotten 26.10.1909:\u00a0<\/strong><\/span><\/p>\n<p>Fr\u00e5n Dagsmark skrivs till oss s\u00e5 h\u00e4r.<\/p>\n<p>I Dagsmark finns det en sinnessjuk flicka, som i tjugo \u00e5r varit fastl\u00e5st vid v\u00e4ggen i en tr\u00e5ng, m\u00f6rk kammare, vars enda, med galler inv\u00e4ndigt f\u00f6rsedda f\u00f6nster aldrig \u00f6ppnats samt av \u00e5lder och andra orsaker genomsl\u00e4ppt en mycket sparsam dager. Ingen annan ventilation har heller ansetts n\u00f6dv\u00e4ndig, \u00e4n den som uppkommit genom eldningen. \u00a0P\u00e5 grund av f\u00f6r\u00e4ldrarnas v\u00e4lmenta, men of\u00f6rst\u00e4ndiga \u00f6mhet f\u00f6r det olyckliga barnet, har d\u00e4r st\u00e4ndigt r\u00e5tt n\u00e4ra nog bastuv\u00e4rme. Detta i f\u00f6rening med den vidriga luften har gjort det n\u00e4ra nog varit om\u00f6jligt f\u00f6r en m\u00e4nniska som \u00e4r van vid andra f\u00f6rh\u00e5llanden, att l\u00e4ngre \u00e4n n\u00e5gra minuter uth\u00e4rda inne hos den sjuka.<\/p>\n<p>Under det senaste \u00e5ret har hon delat rum med f\u00f6r\u00e4ldrarna, som nu \u00e4r omkring 84 \u00e5r gamla och under en f\u00f6ljd av \u00e5r \u00e5tnjutit fattigunderst\u00f6d fr\u00e5n kommunen. \u00a0F\u00f6r \u00f6vrigt har de varit l\u00e4mnade att sk\u00f6ta sig sj\u00e4lva. S\u00e5 har till exempel den mer \u00e4n 80-\u00e5riga gubben vandrat den n\u00e4rmare 10 km l\u00e5nga v\u00e4gen till Lappfj\u00e4rd, f\u00f6r att f\u00e5 sin sk\u00e4rv ur fattigkassan. Gumman som nu \u00e4r mera \u00e4n halvblind, har redan en l\u00e5ng tid varit of\u00f6rm\u00f6gen att sk\u00f6ta sig sj\u00e4lv, varf\u00f6r v\u00e5rden om s\u00e5v\u00e4l henne som den sinnessjuke fallit helt p\u00e5 gubbens lott. F\u00f6r n\u00e5gra veckor sedan s\u00e5 tr\u00e4ffades han av ett slaganfall och blev lam utefter ena sidan.<\/p>\n<p>Det har l\u00e4nge varit en k\u00e4nd sak, att el\u00e4ndet och vanv\u00e5rden som dessa v\u00e4ggar trotsat all beskrivning, trots att ingenting har gjorts f\u00f6r dess avhj\u00e4lpande. Trots att de gamla efter behov f\u00e5tt br\u00e4nsle och kanske m\u00f6jligen n\u00e5gon mark extra n\u00e5gon g\u00e5ng, s\u00e5 har emellertid intet av det knappt tilltagna fattigunderst\u00f6det, 200 mark i \u00e5ret f\u00f6r hela familjens uppeh\u00e4lle, kunnat avl\u00e4ggas till kl\u00e4der. F\u00f6ljden av detta visar sig, s\u00e5 snart man stiger in i denna hj\u00e4lpl\u00f6shetens boning. De tv\u00e5 gamla kan endast med n\u00f6d skyla sina av smuts och ohyra s\u00f6ndergnagade lemmar, och den sinnessjuka, som har f\u00f6r sed att riva och plocka s\u00f6nder kl\u00e4derna, har \u00f6ver ett \u00e5rs tid legat p\u00e5 tomma s\u00e4ngbottnen, med n\u00e5gra svarta trasor under huvudet och n\u00e5got liknande \u00f6ver sig.<\/p>\n<p>N\u00e4r man fr\u00e5gat, varf\u00f6r Maria inte f\u00e5r ha helst ett halmbolster under sig, har man f\u00e5tt till svar att \u201e\u201dhon bara river och kastar det kring golvet, och tre f\u00e4llar har hon plockat s\u00f6nder.&#8221; \u00a0Orsaken till detta kastande och plockande uppt\u00e4cktes h\u00e4rom dagen, d\u00e5 man trots allt, besl\u00f6t att ge henne ett halmbolster. Vid borttagandet av huvudg\u00e4rdet, befanns den formligen leva av v\u00e4ggl\u00f6ss och annan ohyra.<\/p>\n<p>Och i sj\u00e4lva s\u00e4ngen sedan! Vad d\u00e4r under \u00e5rens lopp har samlats, det kan aldrig n\u00e5gon g\u00f6ra sig ett begrepp om, som inte sett n\u00e5got liknande. L\u00e4gg h\u00e4rtill att r\u00e5ttor \u00e5tskilliga g\u00e5nger \u00e4tit stycken fr\u00e5n hennes linnekl\u00e4der, utan att hon \u00e4gt f\u00f6rm\u00e5ga eller f\u00f6rst\u00e5nd att v\u00e4rja sig. Undra d\u00e5 om den stackars vansk\u00f6tta har ryckt i sin boja n\u00e4tterna igenom och i sin f\u00f6rtvivlan kastat s\u00e4ngkl\u00e4derna kring golvet. Vem kan sova i myrstacken? Sedan det v\u00e4rsta el\u00e4ndet bortskaffats och trasorna ersatts med ren halm, sov den sinnessjuka n\u00e4stan utan avbrott ett helt dygn.<\/p>\n<p>Om man fr\u00e5gar varf\u00f6r Maria inte f\u00e5r komma till en v\u00e5rdanstalt, d\u00e4r hon kunde sk\u00f6tas ordentlig och slapp att b\u00e4ra p\u00e5 den tunga j\u00e4rnbojan, svaras det: \u201dDet blir s\u00e5 dyrt. Nej, om vi f\u00e5r n\u00e5gon fattig familj att ta henne, s\u00e5 ger vi henne dit. Och kanske de b\u00f6rja sl\u00e5 henne. Hon \u00e4r s\u00e5 oredig ibland. Hon har slagit mig flera g\u00e5nger, s\u00e5 att jag legat avsvimmad. Ibland \u00e4r hon sjuk, och d\u00e5 vill hon inte \u00e4ta, s\u00e5 vi m\u00e5ste bjuda henne m\u00e5nga g\u00e5nger. Kanske hon d\u00e5 skulle f\u00e5 vara hungrig\u201d.\u00a0\u00a0S\u00e5 har f\u00f6r\u00e4ldrak\u00e4rleken tvingats de stackars gamla, att f\u00f6r det olyckliga barnet pl\u00e5ga sig n\u00e4stan till d\u00f6ds.\u00a0 Skall deras farh\u00e5gor besannas?<\/p>\n<p>Skall den tjugu\u00e5riga bojan fasthamras ytterligare f\u00f6r cirka tjugu &#8211; trettio \u00e5r fram\u00e5t? Skall billighetsprincipen d\u00f6da alla b\u00e4ttre k\u00e4nslor i samh\u00e4llets samvete och den stackars sinnessjuka utl\u00e4mnas till den minst fordrande? \u00c4r det s\u00e5 vi f\u00f6r de stummas talan och f\u00f6rsvarar deras sak, som \u00f6vergivna \u00e4r?<\/p>\n<p>&nbsp;<\/p>\n<p>&nbsp;<\/p>\n","protected":false},"excerpt":{"rendered":"<p>Befolkningsm\u00e4ngderna i Syd\u00f6sterbotten: Under \u00e5r 1908 f\u00f6ddes i Lappfj\u00e4rd 166 barn, precis h\u00e4lften av vardera k\u00f6net. I f\u00f6rsamlingen hade 138 personer avlidit, av dessa vistades 17 i Amerika. Den \u00e4ldsta mannen som avled var 82 \u00e5r och den \u00e4ldsta kvinnan <a class=\"more-link\" href=\"https:\/\/www.lassebacklund.fi\/?page_id=19469\">Forts\u00e4tt l\u00e4sa <span class=\"screen-reader-text\">  Tidningsartiklar fr\u00e5n \u00e5r 1909.<\/span><span class=\"meta-nav\">&rarr;<\/span><\/a><\/p>\n","protected":false},"author":1,"featured_media":0,"parent":3729,"menu_order":1909,"comment_status":"closed","ping_status":"closed","template":"","meta":{"footnotes":""},"class_list":["post-19469","page","type-page","status-publish","hentry"],"_links":{"self":[{"href":"https:\/\/www.lassebacklund.fi\/index.php?rest_route=\/wp\/v2\/pages\/19469","targetHints":{"allow":["GET"]}}],"collection":[{"href":"https:\/\/www.lassebacklund.fi\/index.php?rest_route=\/wp\/v2\/pages"}],"about":[{"href":"https:\/\/www.lassebacklund.fi\/index.php?rest_route=\/wp\/v2\/types\/page"}],"author":[{"embeddable":true,"href":"https:\/\/www.lassebacklund.fi\/index.php?rest_route=\/wp\/v2\/users\/1"}],"replies":[{"embeddable":true,"href":"https:\/\/www.lassebacklund.fi\/index.php?rest_route=%2Fwp%2Fv2%2Fcomments&post=19469"}],"version-history":[{"count":8,"href":"https:\/\/www.lassebacklund.fi\/index.php?rest_route=\/wp\/v2\/pages\/19469\/revisions"}],"predecessor-version":[{"id":19746,"href":"https:\/\/www.lassebacklund.fi\/index.php?rest_route=\/wp\/v2\/pages\/19469\/revisions\/19746"}],"up":[{"embeddable":true,"href":"https:\/\/www.lassebacklund.fi\/index.php?rest_route=\/wp\/v2\/pages\/3729"}],"wp:attachment":[{"href":"https:\/\/www.lassebacklund.fi\/index.php?rest_route=%2Fwp%2Fv2%2Fmedia&parent=19469"}],"curies":[{"name":"wp","href":"https:\/\/api.w.org\/{rel}","templated":true}]}}