{"id":19303,"date":"2021-02-01T14:48:23","date_gmt":"2021-02-01T12:48:23","guid":{"rendered":"https:\/\/www.lassebacklund.fi\/?page_id=19303"},"modified":"2021-03-12T15:38:55","modified_gmt":"2021-03-12T13:38:55","slug":"striderna-i-kauhajoki-den-10-augusti-1808","status":"publish","type":"page","link":"https:\/\/www.lassebacklund.fi\/?page_id=19303","title":{"rendered":"Striderna i Kauhajoki den 10 augusti 1808."},"content":{"rendered":"<p><span style=\"color: #000080;\">Denna text av Walter Sj\u00f6blom publicerades b\u00e5de i \u00c5bo Underr\u00e4ttelser och i Syd-\u00d6sterbotten den 15.8.1908. Texten \u00e4r moderniserad \u00e5r 2021 f\u00f6r att b\u00e4ttre passa dagens l\u00e4sare men inget v\u00e4sentligt har utel\u00e4mnats.<\/span><\/p>\n<p>N\u00e5gra dagar efter slaget vid Lappo fick D\u00f6beln order att med 2:dra brigaden rycka fram till Kauhajoki. Den 30 juli 1808 finner vi denna brigad samlad i Kurikka, dit ocks\u00e5 von Otter med sin framskjutna f\u00f6rdelning nu hade anl\u00e4nt. Under D\u00f6belns bef\u00e4l stod h\u00e4r de tre Bj\u00f6rneborgsbataljonerna, \u00d6sterbottens bataljon, n\u00e5gra sm\u00e5 dragonskvadroner och n\u00e5gra sexpundiga kanoner. I \u201danteckningar om D\u00f6beln\u201d uppges att brigadens styrka var 2,187 man och 200 kavallerister.<\/p>\n<p>Den 1 augusti ryckte brigaden fram till Filppula, ett litet stycke norr om Kauhajoki. De ryska trupperna, som var stationerade i Kauhajoki, drog sig nu tillbaka till Lappfj\u00e4rd. Den 2 augusti besatte de svenska trupperna Kauhajoki kyrkby. H\u00e4r stannade D\u00f6beln och beredde sig p\u00e5 vad som komma skall.<\/p>\n<p>Nejden, som man hade t\u00e5gat genom, var p\u00e5 ett fruktansv\u00e4rt s\u00e4tt sk\u00f6vlad och f\u00f6r\u00f6dd av de ryska trupperna. \u201dHela detta kapell \u00e4r av galgar, mord och brand f\u00f6rst\u00f6rt\u201d, skrev D\u00f6deln. Liken i gravarna \u00e4r spolierade och folket f\u00f6rt till skogs.<\/p>\n<p>Mitt f\u00f6r kyrkan i Kauhajoki var en bonde upph\u00e4ngd i benen vid en l\u00e5ng st\u00e5ng, slagen \u00f6ver tv\u00e5 p\u00e5lar. Under hans brunstekta kropp l\u00e5g kol och aska, vittnande om att ett av de grymmaste d\u00f6dsstraff varit till\u00e4mpat. En av D\u00f6belns m\u00e4n beskriver v\u00e4gen mellan Kurikka och Kauhajoki, s\u00e5dan den tedde sig den 2 augusti 1808 p\u00e5 f\u00f6ljande s\u00e4tt:<\/p>\n<p>\u201d<em>V\u00e4gen var ryslig och f\u00f6rskr\u00e4ckande. Jag \u00e5kte ensam och ingen m\u00e4nniska syntes till inom Kauhajoki. Jag ville ge min h\u00e4st att \u00e4ta, men fann inte ett enda hemman. T\u00e4ta ruiner efter nedbr\u00e4nda byar. P\u00e5 ett enda betesh\u00e5ll passerade jag sju byar, d\u00e4r intej en sparv fanns kvar. \u00c4ntligen en by, men den var utan inv\u00e5nare! De \u00e4r i skogen, de har ett hem \u2014 men har inte heller.<\/em><\/p>\n<p><em>\u00a0<\/em><em>Jag p\u00e5tr\u00e4ffade nu en gammal gubbe, som hade v\u00e5gat sig fram efter arm\u00e9n f\u00f6r att se, om ocks\u00e5 hans eget hemman var i aska. Jag kunde nu ge h\u00e4sten bete och \u00e5kte l\u00e4ngre. Allt var br\u00e4nt, h\u00e4rjat och f\u00f6r\u00f6tt. \u00c5krarna var slagna, \u00e4ngarna uppbetade, \u00e4godelarna bortr\u00f6vade, byarna br\u00e4nda, inv\u00e5narna var bortjagade, slagna, h\u00e4ngda, m\u00f6rdade. <\/em><\/p>\n<p><em>\u00a0<\/em><em>Vid kyrkan stod en galge, d\u00e4r tv\u00e5 personer h\u00e4ngde och det ocks\u00e5 mycket annat och alla broarna var br\u00e4nda. En afton visade sig en karl, som p\u00e5 l\u00e5ngt h\u00e5ll unders\u00f6kte, om han skulle v\u00e5ga nalkas sitt hem. \u201dKommen, kommen, goda lantbor! Vi \u00e4r edra v\u00e4nner! \u00c5tminstone skall vi inte f\u00f6rst\u00f6ra med avsikt!\u201d<\/em><\/p>\n<p>Den v\u00e4g, p\u00e5 vilken 2:dra brigaden senast hadet\u00e5gat, gick mellan \u00f6ppna \u00e5kerf\u00e4lt. P\u00e5 v\u00e4nstra hand fl\u00f6t Ilmola \u00e5 omedelbart intill. Till h\u00f6ger syntes vid kanterna av de odlade f\u00e4lten l\u00e5ngsamt stigande skogsbranter. Strax norr om Knuutila g\u00e4stgiveri tog en v\u00e4g av \u00e5t v\u00e4ster till \u00d6stermark och N\u00e4rpes.<\/p>\n<p>Vid Kauhajoki kyrka vidgade sig dalen och likas\u00e5 det \u00f6ppna f\u00e4ltet. H\u00e4r delade sig v\u00e4gen i tv\u00e5 grenar, av vilka den h\u00f6gra, som var huvudv\u00e4gen, som ledde till Lappfj\u00e4rd, allt mer skilde sig fr\u00e5n \u00e4lven och f\u00f6rdjupade sig in \u00f6ver Nummij\u00e4rvi och Tavastkyro till Tammerfors. N\u00e4ra invid kyrkan vek Tammerfors v\u00e4gen ned \u00e5t en \u00f6ver \u00e4lven slagen tr\u00e4bro, som ryssarna nyligen hade f\u00f6rst\u00f6rt.<\/p>\n<p>D\u00f6beln visste, att den i Lappfj\u00e4rd st\u00e5ende generalen Orlov-Denisov f\u00e5tt befallning att f\u00f6rdriva de svenska soldaterna fr\u00e5n Kauhajoki. Nu hade emellertid den ryska generalen insjuknat och bef\u00e4let hade p\u00e5 denna grund \u00f6verg\u00e5tt i generalmajor Schepelevs h\u00e4nder, som s\u00e5ledes \u00e4rvde det viktiga uppdraget att till vilket pris som helst kasta en av den svenska arm\u00e9ns allra tappraste brigader \u00f6ver \u00e4nda.<\/p>\n<p>S\u00e5v\u00e4l genom befolkningen som genom sina dragoner, som oavbrutet patrullerade fram\u00e5t l\u00e4ngs v\u00e4garna, h\u00f6ll D\u00f6beln sig noga underr\u00e4ttad om ryssarnas avsikter och \u00e5tg\u00e4rder. Han ans\u00e5g sig p\u00e5 grund av de inh\u00e4mtade upplysningarna ha allt sk\u00e4l att v\u00e4nta anfall samtidigt, s\u00e5 v\u00e4l p\u00e5 stora v\u00e4gen fr\u00e5n Lappfj\u00e4rd som p\u00e5 den fr\u00e5n Tammerfors. I anslutning d\u00e4rtill vidtog han nu sina anordningar.<\/p>\n<p>Tv\u00e4rs igenom st\u00e4llningen, fr\u00e5n kyrkan och fram emot fronten l\u00e4t han till flankst\u00f6d f\u00e4lla f\u00f6rhuggningar i skogsbrynet. Dessa f\u00f6ljde p\u00e5 en l\u00e4ngd av 900 meter v\u00e4nstra sidan av v\u00e4gen till Lappfj\u00e4rd. I deras fr\u00e4mre \u00e4nda tog artilleril\u00f6jtnanten Hesselius plats med en sexpundig kanon, vars verkan man tillgodos\u00e5g genom att r\u00f6dja undan en del v\u00e4xande tr\u00e4d och buskar vid v\u00e4gkanten.<\/p>\n<p>Medan f\u00f6rsvaret p\u00e5 detta vis ordnades, fick trupperna under skydd av starka f\u00e4ltvakter vila ut.<\/p>\n<p>Den 8 augusti 1908 anm\u00e4lde dragonpatrullerna, att ryska trupper var synliga p\u00e5 b\u00e5da v\u00e4garna, s\u00e5som D\u00f6beln hade befarat. Mot aftonen erh\u00f6ll d\u00e4rf\u00f6r de svenska f\u00e4ltvakterna f\u00f6rst\u00e4rkningar och bataljonerna i huvudst\u00e4llningarna fick st\u00e5 under gev\u00e4r hela natten. Ingen fiende h\u00f6rdes dock \u00e4nnu av. Den 9 augusti rapporterade dragonerna, att fienden n\u00e4rmade sig i avsikt att anfalla. Trupperna fick d\u00e5 befallning att p\u00e5 nytt bes\u00e4tta sina positioner, Bj\u00f6rneborgarna och \u00e4ven \u00d6sterbottningarna hade under flera dagar f\u00f6rargat sig \u00f6ver att s\u00e5 l\u00e4nge m\u00e5ste ligga overksamma. N\u00e4r d\u00e4rf\u00f6r D\u00f6beln i skymningen tr\u00e4ffade n\u00e5gra officerare av Bj\u00f6rneborgs regemente, sade han sk\u00e4mtsamt till dem: \u201dI morgon anfaller ryssen, men han ska f\u00e5 stryk. Vi har nu ordentligen b\u00e4ddat \u00e5t honom\u201d.<\/p>\n<p>Bataljonerna uppmanade han \u201d<em>ej till tapperhet, den tillh\u00f6rde brigadens k\u00e4cka trupper, d\u00e4rf\u00f6r \u00e4ro de k\u00e4nda, men till lugn och kallsinnighet under striden, d\u00e5 m\u00e4nskliga hettan s\u00e5 g\u00e4rna \u00f6fverilar sig.\u201d<\/em><\/p>\n<p>Brigaden hade intagit st\u00e4llning s\u00f6der om v\u00e4gkorsningen. V\u00e4nstra flygeln, som stod p\u00e5 \u00e5ns \u00f6stra strand tv\u00e4rs \u00f6ver v\u00e4gen till Nummij\u00e4rvi utgjordes av tre kompanier \u00d6sterbottningar, st\u00e5ende i en kedja utefter en mycket l\u00e5ng front med v\u00e4nstra flanken i skogen, d\u00e4r den hade st\u00f6d av ett slutet kompani av Bj\u00f6rneborgs regementes andra bataljon. H\u00f6gra flygeln, som fr\u00e5n \u00e4lven och tv\u00e4rs \u00f6ver v\u00e4gen till Lappfj\u00e4rd str\u00e4ckte sig \u00e4nda till skogsbrynet p\u00e5 sl\u00e4ttens v\u00e4nstra sida, utgjordes av Bj\u00f6rneborgs regementes rusth\u00e5llsbataljon och ett \u00d6sterbottens kompani, som h\u00f6ll f\u00f6rhuggningarna besatta. Strax v\u00e4ster om kyrkan stod tre kompanier av andra Bj\u00f6rneborgsbataljonen. I reserv vid kyrkan och vid bron befann sig ett kompani \u00d6sterbottningar, tv\u00e5 skvadroner dragoner och tre kanoner. \u00c4nnu l\u00e4ngre bakom vid Knuutila g\u00e4stgiveri stod s\u00e5som sista reserv Bj\u00f6rneborgs regementes livbataljon.<\/p>\n<p>Man har med r\u00e4tta anm\u00e4rkt, att D\u00f6beln i \u00f6verh\u00f6van h\u00f6g grad utstr\u00e4ckt sin obetydliga styrka och att det f\u00f6r ryssarna hade varit en l\u00e4tt sak att vinna sitt m\u00e5l, om de koncentrerat sitt anfall mot en enda punkt av den svenska st\u00e4llningen. Dessb\u00e4ttre utbredde sig de ryska trupperna i lika h\u00f6g grad som de v\u00e5ra.<\/p>\n<p>P\u00e5 kv\u00e4llen uts\u00e4ndes den svenska kaptenen von Konow med det ytterst p\u00e5 v\u00e4nstra flygeln st\u00e5ende Bj\u00f6rneborgarkompaniet s\u00f6derut p\u00e5 Tammerforsv\u00e4gen f\u00f6r att ta reda p\u00e5 och om m\u00f6jligt hindra fienden att f\u00e5 kontakt mellan sina b\u00e5da avdelningar p\u00e5 de b\u00e5da v\u00e4garna. Knappt hade Konow satt sig i marsch, innan han m\u00f6tte kosacker och j\u00e4gare. Han g\u00f6mde sina soldater i en skogsdunge och han l\u00e4t dessa passera.<\/p>\n<p>Kl. 1 p\u00e5 natten nalkades en annan kosack- och j\u00e4gartrupp. Konow anf\u00f6ll fr\u00e5n sitt g\u00f6mst\u00e4lle denna men tvingades dock snart \u00e5terv\u00e4nda till huvudst\u00e4llningen. Striden hade h\u00e4rmed tagit sin b\u00f6rjan. Tv\u00e5 timmar senare, kl. 3 p\u00e5 morgonen den 10 augusti, uppblossade den l\u00e4ngs hela linjen s\u00e5v\u00e4l p\u00e5 Tammerfors v\u00e4gen, som \u00e5t Lappfj\u00e4rdsh\u00e5llet.<\/p>\n<p>Efter n\u00e5gon stunds skottv\u00e4xling med fienden drog sig de svenska f\u00e4ltvakterna p\u00e5 alla punkter tillbaka och sl\u00f6t sig till sina vapenbr\u00f6der vid huvudpositionerna. D\u00f6beln skrev i sin ber\u00e4ttelse \u201dUti denna st\u00e4llning togs fienden emot, som med stoj och skrik anf\u00f6ll fr\u00e4msta kedjan och d\u00e4r\u00f6ver erh\u00f6ll i b\u00f6rjan n\u00e5gon f\u00f6rdel. En livlig kanonad, en i 6,000 alnars vidd utstr\u00e4ckt infanteriattack mot ett lika l\u00e5ngt f\u00f6rsvar, en stilla klar soluppg\u00e5ng framst\u00e4llde ett lysande spektakel\u00bb.<\/p>\n<p>Klockan 5 p\u00e5 morgonen var bataljen i full g\u00e5ng p\u00e5 b\u00e5da sidorna om \u00e4lven. P\u00e5 \u00f6stra \u00e4lvstranden fick de svenska trupperna fr\u00e5n b\u00f6rjan \u00f6vertaget. F\u00f6r \u00d6sterbottningarnas raska anfall och kapten von Konows skickligt utf\u00f6rda attack mot ryssarnas yttersta h\u00f6gra flygel, tvingades fienden snart p\u00e5 denna del av slagf\u00e4ltet att vika. \u00a0Det blev segare strid p\u00e5 v\u00e4gen till Lappfj\u00e4rd. H\u00e4rifr\u00e5n riktades ocks\u00e5 huvudanfallet mot D\u00f6belns st\u00e4llning. H\u00e4r k\u00f6rde ryssarna fram tv\u00e5 kanoner och en tolvpundig haubits. Dessa artilleripj\u00e4ser uppst\u00e4lldes p\u00e5 landsv\u00e4gen och sk\u00f6t en s\u00e5 v\u00e4lriktad eld mot Bj\u00f6rneborgarna, att dessa, som samtidigt anf\u00f6lls h\u00e4ftigt av till antalet \u00f6verl\u00e4gset ryskt infanteri, tvingades till l\u00e5ngsam retr\u00e4tt tillbaka mot kyrkbyn. \u00a0Ocks\u00e5 p\u00e5 sin yttersta v\u00e4nstra flygel hade ryssarna till en b\u00f6rjan framg\u00e5ng, d\u00e5 f\u00f6rsvararna m\u00e5ste rygga tillbaka till f\u00f6rhuggningarna. D\u00e5 ingrep en del av den svenska reserven i striden. \u00d6sterbottens kompaniet skyndade under spr\u00e5ngmarsch fram till centerns underst\u00f6d, och kapten Uggla f\u00f6rde fram till h\u00f6gra flygelns hj\u00e4lp tv\u00e5 av sina kanoner.<\/p>\n<p>Det var i synnerhet ryssarnas haubits, som p\u00e5 ett obehagligt s\u00e4tt hade distraherat Bj\u00f6rneborgarna. \u00a0Hesselius lyckades dock efter en stund g\u00f6ra denna obrukbar till fortsatt strid och Bj\u00f6rneborgarna fick n\u00e5gra minuters andrum. Men ryssarna kastade in nya bataljoner i vapenleken. Och \u00e5ter b\u00f6rjade de tr\u00e4nga fram\u00e5t och vinna terr\u00e4ng. \u00a0Enskilda ryska trupper s\u00f6kte genombryta de svenska linjerna p\u00e5 sidorna om f\u00f6rhuggningarna. Hesselius&#8217; kanon var i fara att bli tagen. D\u00e5 fick major Gr\u00f6nhagen, som med tre kompanier Bj\u00f6rneborgare som ett slags reserv stod n\u00e5got till h\u00f6ger, befallning att kasta sig i striden. Med tv\u00e5 av sina kompanier utvecklade i kedja och med det tredje i sluten ordning ryckte han fram\u00e5t \u201dmed det eftertryck, som alltid utm\u00e4rkt Bj\u00f6rneborgsregementet. Ryssarnas v\u00e4nstra flygel vr\u00e4ktes tillbaka. Under tiden hade D\u00f6beln l\u00e5tit den i reserv st\u00e4llda livbataljonen, kommenderad av den tappre major Eck, rycka fram till kyrkan. D\u00e4rifr\u00e5n s\u00e4ndes ett kompani till v\u00e4nster om v\u00e4gen f\u00f6r att f\u00f6rst\u00e4rka den p\u00e5 detta st\u00e4lle k\u00e4mpande j\u00e4garkedjan. Ett annat br\u00f6t genom f\u00f6rhuggningarna och anf\u00f6ll fr\u00e5n detta h\u00e5ll fienden. Med sina tv\u00e5 \u00e5terst\u00e5ende kompanier tog Eck st\u00e4llning bakom Ugglas kanoner.<\/p>\n<p>D\u00f6beln skrev att <em>\u201ddetta anfall p\u00e5 v\u00e5r sidas, sett av fiender och egna, verkst\u00e4llt med ordning, mod och eftertryck, hade den verkan, att fienden tystnade, retirerade och f\u00f6rf\u00f6ljdes med oavbrutna kedjeskott och hurrarop en halv mil.\u201d<\/em>\u00a0D\u00f6belns hurtiga brigad stod s\u00e5ledes segrande p\u00e5 alla punkter av slagf\u00e4ltet. Klockan var d\u00e5 9 p\u00e5 morgonen den 10 augusti 1808.\u00a0Med hur stor styrka som ryssarna hade med i striden omtalas ingenstans.\u00a0Sannolikt var de inte flera utan troligen var de f\u00e4rre \u00e4n svenskarna. M\u00f6jligen var dock deras kavalleri starkare. Men detta kom inte under hela bataljen till anv\u00e4ndning.\u00a0Ryssarnas f\u00f6rluster uppskattades till c. 200 man. P\u00e5 svenska sidan s\u00e5rades en officer. Dessutom antecknades 57 soldater som stupade eller s\u00e5rade.<\/p>\n<p>Samtidigt med slaget vid Kauhajoki gjorde kapten Gyllenb\u00f6gel, som med \u00c5lands nyligen uppst\u00e4llda fribataljon och n\u00e5gra andra sm\u00e4rre avdelningar stod i N\u00e4rpes, diversioner s\u00e5v\u00e4l mot Kristinestad som Lappfj\u00e4rd. Han lyckades ocks\u00e5 f\u00f6rdriva ryssarna fr\u00e5n dessa orter. Ryssarna drog sig tillbaka \u00e4nda till Bj\u00f6rneborg.\u00a0Vid Lappfj\u00e4rd f\u00f6renade sig von D\u00f6belns och Gyllenb\u00f6gels skaror. S\u00f6derut p\u00e5 Bj\u00f6rneborgsv\u00e4gen frams\u00e4ndes s\u00e5som f\u00f6rpost 2:dra Bj\u00f6rneborgsbataljonen till \u00d6mossa, c. 15 km fr\u00e5n Lappfj\u00e4rd.\u00a0Bj\u00f6rneborgarna var nu helt n\u00e4ra den \u00e4lskade hembygden. De var fullt och fast \u00f6vertygade om de snart med flygande fanor och klingande spel skulle kunna t\u00e5ga in i sin egen stad som segare. De skulle ta staden tillbaka av de hatade fienderna och snart skulle de \u00e5ter i sin famn f\u00e5 sluta p\u00e5 l\u00e4nge inte sedda k\u00e4ra anf\u00f6rvanter och v\u00e4nner!<\/p>\n<figure id=\"attachment_19943\" aria-describedby=\"caption-attachment-19943\" style=\"width: 850px\" class=\"wp-caption alignnone\"><img loading=\"lazy\" decoding=\"async\" class=\"size-full wp-image-19943\" src=\"https:\/\/www.lassebacklund.fi\/wp-content\/uploads\/2021\/03\/IMG_5127.jpg\" alt=\"\" width=\"850\" height=\"1156\" srcset=\"https:\/\/www.lassebacklund.fi\/wp-content\/uploads\/2021\/03\/IMG_5127.jpg 850w, https:\/\/www.lassebacklund.fi\/wp-content\/uploads\/2021\/03\/IMG_5127-221x300.jpg 221w, https:\/\/www.lassebacklund.fi\/wp-content\/uploads\/2021\/03\/IMG_5127-753x1024.jpg 753w, https:\/\/www.lassebacklund.fi\/wp-content\/uploads\/2021\/03\/IMG_5127-768x1044.jpg 768w\" sizes=\"auto, (max-width: 850px) 100vw, 850px\" \/><figcaption id=\"caption-attachment-19943\" class=\"wp-caption-text\">I Kauhajoki restes ett minnesm\u00e4rke \u00f6ver striderna invid landsv\u00e4gen mot Lappfj\u00e4rd. Bilden ur Hugo Schulmans bok Striden om Finland.<\/figcaption><\/figure>\n<p>Men detta skulle dock inte ske. \u00d6mossa skulle bli den sydligaste ort, som v\u00e5ra tappra soldater under detta sorgliga krig skulle f\u00f6r n\u00e5gra korta h\u00f6stsommardagar endast rycka ur fiendens h\u00e4nder. Bj\u00f6rneborg skulle de aldrig mer f\u00e5 \u00e5terse s\u00e5som svenskt!\u00a0N\u00e4r striden vid Kauhajoki var avslutad och segern vunnen, mottog D\u00f6beln f\u00f6rutom m\u00e5nga andra lyck\u00f6nskningar och tacks\u00e4gelser, av konungen riddartecknet av Sv\u00e4rdsordens stora kors, som hade tilldelats honom f\u00f6r hans bragder under Lapposlaget.<\/p>\n<p>Egendomligt nog hade underr\u00e4ttelsen om denna s\u00e4llsynta utm\u00e4rkelse n\u00e5tt honom i Kauhajoki, just i det \u00f6gonblick, d\u00e5 det var klart, att han vunnit denna nya seger d\u00e4r.\u00a0D\u00f6beln skrev s\u00e5 h\u00e4r tillbaka till kungen i Sverige:<\/p>\n<p>\u201dEders Kongl. Maj:st har behagat gifva mig wederm\u00e4le af Dess h\u00f6ga N\u00e5d; tillkj\u00e4nna gifven den 10 augustij; en dag, d\u00e5 Fienden med f\u00f6renade krafter fr\u00e5n 2:ne s\u00e4rskilte puncter af dess operationslinie, anf\u00f6ll den Brigad jag har \u00e4ran commendera; \u2014\u00a0Underd\u00e5nigaste Tacksamhet f\u00f6r Eders Kongl. Maj:sts N\u00e5d f\u00e5r jag w\u00f6rdnadsfullt framb\u00e4ra; Lycklig att dertill kunna f\u00f6rena ber\u00e4ttelsen, genom Excellensen Feltmarskalken, af en wunnen Seger \u00f6fver en djerf tilltagsen fiende, vid Kauhajoki ; \u2014\u00a0inneslutandes mig och Andra Brigaden uti Eders Kongl. Maj:sts n\u00e5d, med helig f\u00f6rs\u00e4kran att hvarje blodsdroppa skall af oss upofras till Eders Kongl. Maij:sts H\u00f6ga tjenst \u2014 F\u00e4derneslandets fr\u00e4lsning \u2014 strids Wapnens \u00e4ra \u2014 ty s\u00e5dant \u00e4r v\u00e5rt Ord \u2014 L\u00f6sen \u2014 och feltrop ! ! !<\/p>\n<p>Med underd\u00e5nigast undergifvenhet, har jag N\u00e5den framh\u00e4rda\u00a0aller underd\u00e5nigste och tro-pliktigste\u00a0Tjenare<\/p>\n<p>G. C. v. D\u00f6beln Brigad chef. Kauhajoki den 12 aug. 1808.<\/p>\n<p>&nbsp;<\/p>\n","protected":false},"excerpt":{"rendered":"<p>Denna text av Walter Sj\u00f6blom publicerades b\u00e5de i \u00c5bo Underr\u00e4ttelser och i Syd-\u00d6sterbotten den 15.8.1908. Texten \u00e4r moderniserad \u00e5r 2021 f\u00f6r att b\u00e4ttre passa dagens l\u00e4sare men inget v\u00e4sentligt har utel\u00e4mnats. N\u00e5gra dagar efter slaget vid Lappo fick D\u00f6beln order <a class=\"more-link\" href=\"https:\/\/www.lassebacklund.fi\/?page_id=19303\">Forts\u00e4tt l\u00e4sa <span class=\"screen-reader-text\">  Striderna i Kauhajoki den 10 augusti 1808.<\/span><span class=\"meta-nav\">&rarr;<\/span><\/a><\/p>\n","protected":false},"author":1,"featured_media":0,"parent":6292,"menu_order":13,"comment_status":"closed","ping_status":"closed","template":"","meta":{"footnotes":""},"class_list":["post-19303","page","type-page","status-publish","hentry"],"_links":{"self":[{"href":"https:\/\/www.lassebacklund.fi\/index.php?rest_route=\/wp\/v2\/pages\/19303","targetHints":{"allow":["GET"]}}],"collection":[{"href":"https:\/\/www.lassebacklund.fi\/index.php?rest_route=\/wp\/v2\/pages"}],"about":[{"href":"https:\/\/www.lassebacklund.fi\/index.php?rest_route=\/wp\/v2\/types\/page"}],"author":[{"embeddable":true,"href":"https:\/\/www.lassebacklund.fi\/index.php?rest_route=\/wp\/v2\/users\/1"}],"replies":[{"embeddable":true,"href":"https:\/\/www.lassebacklund.fi\/index.php?rest_route=%2Fwp%2Fv2%2Fcomments&post=19303"}],"version-history":[{"count":4,"href":"https:\/\/www.lassebacklund.fi\/index.php?rest_route=\/wp\/v2\/pages\/19303\/revisions"}],"predecessor-version":[{"id":19947,"href":"https:\/\/www.lassebacklund.fi\/index.php?rest_route=\/wp\/v2\/pages\/19303\/revisions\/19947"}],"up":[{"embeddable":true,"href":"https:\/\/www.lassebacklund.fi\/index.php?rest_route=\/wp\/v2\/pages\/6292"}],"wp:attachment":[{"href":"https:\/\/www.lassebacklund.fi\/index.php?rest_route=%2Fwp%2Fv2%2Fmedia&parent=19303"}],"curies":[{"name":"wp","href":"https:\/\/api.w.org\/{rel}","templated":true}]}}