{"id":19223,"date":"2021-01-23T12:57:56","date_gmt":"2021-01-23T10:57:56","guid":{"rendered":"https:\/\/www.lassebacklund.fi\/?page_id=19223"},"modified":"2021-01-23T12:57:56","modified_gmt":"2021-01-23T10:57:56","slug":"tidningsartiklar-om-foreningen-framtid","status":"publish","type":"page","link":"https:\/\/www.lassebacklund.fi\/?page_id=19223","title":{"rendered":"Tidningsartiklar om f\u00f6reningen &#8221;Framtid&#8221;."},"content":{"rendered":"<p>Syd-\u00d6sterbotten 16.5.1908:<\/p>\n<h4><strong>\u201dFramtid&#8221;. <\/strong><\/h4>\n<p>Den 12 april startades i Dagsmark en nykterhetsf\u00f6rening, som fick namnet Framtid. Initiativtagare var viceordf\u00f6randen i Lappfj\u00e4rds nykterhetsf\u00f6rening, Viktor Rosenstedt. Ordf\u00f6rande blev T. Ahlskog, viceordf\u00f6rande Aina Wadstr\u00f6m, sekreterare Emil B\u00e5sk och kass\u00f6r Selma Klemets. \u00d6vriga bestyrelsemedlemmar: Ida Klemets, Manda L\u00e5ngfors och Manda B\u00e5sk. Genast anm\u00e4lde sig 22 medlemmar. Av dessa var 13 f\u00f6rut inskrivna i nykterhetsf\u00f6reningen Viktoria i Lappfj\u00e4rd.\u00a0I s\u00f6ndags, den 10 maj hade f\u00f6reningen sitt f\u00f6rsta ordinarie m\u00f6te p\u00e5 Dagsmark folkskola, d\u00e4r man fick gl\u00e4dja sig \u00e5t fullt hus. B\u00e5de \u00e4ldre och yngre, m\u00e4n och kvinnor hade h\u00f6rsammat uppmaningen och \u00e5h\u00f6rde med synbart intresse varje nummer i programmet.<\/p>\n<p>M\u00f6tet \u00f6ppnades med tal av kyrkoherden G. Laur\u00e9n, som p\u00e5 ett varmt, kraftigt och \u00f6vertygande s\u00e4tt framh\u00f6ll det syndiga, skadliga och f\u00f6rnedrande i begagnandet av rusdrycker samt med st\u00f6d av Guds ord bevisade, att det \u00e4r varje kristens plikt, att i ord och handling strida mot dessa v\u00e5ra fiender, rusdryckerna, som fyller d\u00e5rhusen och f\u00e4ngelserna, sk\u00f6vla hemfriden, slita de \u00f6mmaste band och \u00e5stadkommer allt m\u00f6jligt ont. Efter talets slut sj\u00f6ngs en s\u00e5ng, som kyrkoherden p\u00e5 sitt v\u00e4lk\u00e4nda, medryckande s\u00e4tt f\u00f6redrog solo. Programmet bj\u00f6d vidare p\u00e5 tv\u00e5 f\u00f6redrag och flera ber\u00e4ttelser av f\u00f6reningsmedlemmar samt unisona s\u00e5nger.\u00a0Efter m\u00f6tets slut utdelades medlemskort \u00e5t de f\u00f6rst anm\u00e4lda medlemmarna, varefter 20 nya medlemmar ytterligare anm\u00e4lde sig. Bland de sistn\u00e4mnda m\u00e4rktes flera av byns \u00e4ldsta m\u00e4n och kvinnor. Den nybildade f\u00f6reningen r\u00e4knar nu 42 medlemmar. N\u00e4r h\u00e4rtill, skrives fr\u00e5n Dagsmark kommer omkring ett 70-tal Hoppets H\u00e4rs medlemmar i byn, kan man inte l\u00e5ta bli att gl\u00e4djas \u00f6ver det uppvaknande i nykterhetens intresse, som alltmera b\u00f6rjar visa sig i v\u00e5ra bygder.<\/p>\n<p>&nbsp;<\/p>\n","protected":false},"excerpt":{"rendered":"<p>Syd-\u00d6sterbotten 16.5.1908: \u201dFramtid&#8221;. Den 12 april startades i Dagsmark en nykterhetsf\u00f6rening, som fick namnet Framtid. Initiativtagare var viceordf\u00f6randen i Lappfj\u00e4rds nykterhetsf\u00f6rening, Viktor Rosenstedt. Ordf\u00f6rande blev T. Ahlskog, viceordf\u00f6rande Aina Wadstr\u00f6m, sekreterare Emil B\u00e5sk och kass\u00f6r Selma Klemets. \u00d6vriga bestyrelsemedlemmar: Ida <a class=\"more-link\" href=\"https:\/\/www.lassebacklund.fi\/?page_id=19223\">Forts\u00e4tt l\u00e4sa <span class=\"screen-reader-text\">  Tidningsartiklar om f\u00f6reningen &#8221;Framtid&#8221;.<\/span><span class=\"meta-nav\">&rarr;<\/span><\/a><\/p>\n","protected":false},"author":1,"featured_media":0,"parent":1355,"menu_order":4,"comment_status":"closed","ping_status":"closed","template":"","meta":{"footnotes":""},"class_list":["post-19223","page","type-page","status-publish","hentry"],"_links":{"self":[{"href":"https:\/\/www.lassebacklund.fi\/index.php?rest_route=\/wp\/v2\/pages\/19223","targetHints":{"allow":["GET"]}}],"collection":[{"href":"https:\/\/www.lassebacklund.fi\/index.php?rest_route=\/wp\/v2\/pages"}],"about":[{"href":"https:\/\/www.lassebacklund.fi\/index.php?rest_route=\/wp\/v2\/types\/page"}],"author":[{"embeddable":true,"href":"https:\/\/www.lassebacklund.fi\/index.php?rest_route=\/wp\/v2\/users\/1"}],"replies":[{"embeddable":true,"href":"https:\/\/www.lassebacklund.fi\/index.php?rest_route=%2Fwp%2Fv2%2Fcomments&post=19223"}],"version-history":[{"count":1,"href":"https:\/\/www.lassebacklund.fi\/index.php?rest_route=\/wp\/v2\/pages\/19223\/revisions"}],"predecessor-version":[{"id":19224,"href":"https:\/\/www.lassebacklund.fi\/index.php?rest_route=\/wp\/v2\/pages\/19223\/revisions\/19224"}],"up":[{"embeddable":true,"href":"https:\/\/www.lassebacklund.fi\/index.php?rest_route=\/wp\/v2\/pages\/1355"}],"wp:attachment":[{"href":"https:\/\/www.lassebacklund.fi\/index.php?rest_route=%2Fwp%2Fv2%2Fmedia&parent=19223"}],"curies":[{"name":"wp","href":"https:\/\/api.w.org\/{rel}","templated":true}]}}