{"id":19076,"date":"2021-01-12T00:11:12","date_gmt":"2021-01-11T22:11:12","guid":{"rendered":"https:\/\/www.lassebacklund.fi\/?page_id=19076"},"modified":"2021-01-12T00:11:12","modified_gmt":"2021-01-11T22:11:12","slug":"tidningsartiklar-fran-ar-1906","status":"publish","type":"page","link":"https:\/\/www.lassebacklund.fi\/?page_id=19076","title":{"rendered":"Tidningsartiklar fr\u00e5n \u00e5r 1906."},"content":{"rendered":"<p><span style=\"color: #000080;\">Pellervotidningen 1.11.1906:<\/span><\/p>\n<p><span style=\"color: #333333; line-height: 115%; font-family: 'Helvetica','sans-serif'; font-size: 10.5pt;\">Tillslutningen till tr\u00f6skv\u00e4rkandelslagen. Dagsmarks tr\u00f6skv\u00e4rkandelslag har erh\u00e5llit stor tillslutning. \u00c5 grundl\u00e4ggande m\u00f6tet tecknades redan 97 andelar. Tillskottsplikten \u00e4r 60; \u2014 per andel och det \u00e4r s\u00e5ledes ingen sv\u00e5righet att st\u00e4lla borgen f\u00f6r skulden, trots att de redan ink\u00f6pta maskinerna kostade hela 6,000 mk.<\/span><\/p>\n<figure id=\"attachment_8271\" aria-describedby=\"caption-attachment-8271\" style=\"width: 1630px\" class=\"wp-caption aligncenter\"><img loading=\"lazy\" decoding=\"async\" class=\"size-full wp-image-8271\" src=\"http:\/\/www.lassebacklund.fi\/wp-content\/uploads\/2018\/04\/1907-Dagsmark-Maskinandelslag-grundas.jpg\" alt=\"Den 3 april 1907 inf\u00f6rdes Dagsmark maskinandelslag i handelsregistret och det kungjordes i Registreringstidningen p\u00e5 detta vis.\" width=\"1630\" height=\"514\" srcset=\"https:\/\/www.lassebacklund.fi\/wp-content\/uploads\/2018\/04\/1907-Dagsmark-Maskinandelslag-grundas.jpg 1630w, https:\/\/www.lassebacklund.fi\/wp-content\/uploads\/2018\/04\/1907-Dagsmark-Maskinandelslag-grundas-300x95.jpg 300w, https:\/\/www.lassebacklund.fi\/wp-content\/uploads\/2018\/04\/1907-Dagsmark-Maskinandelslag-grundas-768x242.jpg 768w, https:\/\/www.lassebacklund.fi\/wp-content\/uploads\/2018\/04\/1907-Dagsmark-Maskinandelslag-grundas-1024x323.jpg 1024w\" sizes=\"auto, (max-width: 1630px) 100vw, 1630px\" \/><figcaption id=\"caption-attachment-8271\" class=\"wp-caption-text\">Den 3 april 1907 inf\u00f6rdes Dagsmarks maskinandelslag i handelsregistret och det kungjordes i Registreringstidningen p\u00e5 detta vis.<\/figcaption><\/figure>\n","protected":false},"excerpt":{"rendered":"<p>Pellervotidningen 1.11.1906: Tillslutningen till tr\u00f6skv\u00e4rkandelslagen. Dagsmarks tr\u00f6skv\u00e4rkandelslag har erh\u00e5llit stor tillslutning. \u00c5 grundl\u00e4ggande m\u00f6tet tecknades redan 97 andelar. Tillskottsplikten \u00e4r 60; \u2014 per andel och det \u00e4r s\u00e5ledes ingen sv\u00e5righet att st\u00e4lla borgen f\u00f6r skulden, trots att de redan ink\u00f6pta <a class=\"more-link\" href=\"https:\/\/www.lassebacklund.fi\/?page_id=19076\">Forts\u00e4tt l\u00e4sa <span class=\"screen-reader-text\">  Tidningsartiklar fr\u00e5n \u00e5r 1906.<\/span><span class=\"meta-nav\">&rarr;<\/span><\/a><\/p>\n","protected":false},"author":1,"featured_media":0,"parent":3729,"menu_order":1906,"comment_status":"closed","ping_status":"closed","template":"","meta":{"footnotes":""},"class_list":["post-19076","page","type-page","status-publish","hentry"],"_links":{"self":[{"href":"https:\/\/www.lassebacklund.fi\/index.php?rest_route=\/wp\/v2\/pages\/19076","targetHints":{"allow":["GET"]}}],"collection":[{"href":"https:\/\/www.lassebacklund.fi\/index.php?rest_route=\/wp\/v2\/pages"}],"about":[{"href":"https:\/\/www.lassebacklund.fi\/index.php?rest_route=\/wp\/v2\/types\/page"}],"author":[{"embeddable":true,"href":"https:\/\/www.lassebacklund.fi\/index.php?rest_route=\/wp\/v2\/users\/1"}],"replies":[{"embeddable":true,"href":"https:\/\/www.lassebacklund.fi\/index.php?rest_route=%2Fwp%2Fv2%2Fcomments&post=19076"}],"version-history":[{"count":1,"href":"https:\/\/www.lassebacklund.fi\/index.php?rest_route=\/wp\/v2\/pages\/19076\/revisions"}],"predecessor-version":[{"id":19077,"href":"https:\/\/www.lassebacklund.fi\/index.php?rest_route=\/wp\/v2\/pages\/19076\/revisions\/19077"}],"up":[{"embeddable":true,"href":"https:\/\/www.lassebacklund.fi\/index.php?rest_route=\/wp\/v2\/pages\/3729"}],"wp:attachment":[{"href":"https:\/\/www.lassebacklund.fi\/index.php?rest_route=%2Fwp%2Fv2%2Fmedia&parent=19076"}],"curies":[{"name":"wp","href":"https:\/\/api.w.org\/{rel}","templated":true}]}}