{"id":19070,"date":"2021-01-12T00:06:54","date_gmt":"2021-01-11T22:06:54","guid":{"rendered":"https:\/\/www.lassebacklund.fi\/?page_id=19070"},"modified":"2021-01-12T00:06:54","modified_gmt":"2021-01-11T22:06:54","slug":"tidningsartiklar-fran-ar-1903","status":"publish","type":"page","link":"https:\/\/www.lassebacklund.fi\/?page_id=19070","title":{"rendered":"Tidningsartiklar fr\u00e5n \u00e5r 1903."},"content":{"rendered":"<p><span style=\"color: #000080;\"><strong>Syd-\u00d6sterbotten 17.1.1903:<\/strong><\/span><\/p>\n<p>Folkm\u00e4ngden i Kristinestad var vid senaste \u00e5rsskifte 2\u00a0903 personer, en \u00f6kning med 76 personer. I landsf\u00f6rsamlingen, allts\u00e5 i Tj\u00f6ck fanns det 1\u00a0460 personer och i Kask\u00f6 920 personer. I Lappfj\u00e4rds hade det f\u00f6tts 163 barn under \u00e5r 1902, 127 personer hade d\u00f6tt och den totala folkm\u00e4ngden uppgick till 6\u00a0476. 42 par vigdes enbart i Lappfj\u00e4rd. I Sideby hade det under det senaste \u00e5ret f\u00f6tts 83 barn och totala folkm\u00e4ngden d\u00e4r \u00e4r nu 3 050 personer.<\/p>\n<p><span style=\"color: #000080;\"><strong>Syd-\u00d6sterbotten 17.1.1903:<\/strong><\/span><\/p>\n<p><span style=\"color: #000080;\">Tidningen skrev i en artikel en \u00f6versikt \u00f6ver de beslut som Lappfj\u00e4rds kommun hade gjort under det senaste \u00e5ret. Bland annat hade f\u00f6rbjudit utauktionerandet av fattighjonen till de minst bjudande.<\/span><\/p>\n<h4><strong>Lappfj\u00e4rd. \u00d6fversigt f\u00f6r \u00e5r 1902.<\/strong><\/h4>\n<p>Bland viktigare \u00e5tg\u00e4rder inom kommunala lifvet under sistf\u00f6rlidna \u00e5r m\u00e5 n\u00e4mnas, att kommunen antagit ett nytt reglemente f\u00f6r fattigv\u00e5rden, som \u00e4fven vunnit beh\u00f6rig fastst\u00e4llelse. Uti n\u00e4mnda reglemente hafva tidsenliga krav r\u00f6rande fattigv\u00e5rden blifvit beaktade. Enligt d\u00e4ri ing\u00e5ende best\u00e4mningar b\u00f6r numera skriftligt kontrakt vid fattighjonsutackordering upps\u00e4ttas emellan fattigv\u00e5rdsstyrelsen och v\u00e5rdaren, inneh\u00e5llande icke blott f\u00f6rbindelsen om god uppfostran och v\u00e5rd, utan \u00e4fven s\u00e5dana noggranna best\u00e4mningar ang\u00e5ende hjonets omv\u00e5rdnad, som fattigv\u00e5rdsstyrelsen i anseende till dess h\u00e4lsotillst\u00e5nd, \u00e5lder och bildning kan finna beh\u00f6fliga, och f\u00e5r h\u00e4rvid offentlig auktion icke f\u00f6rekomma.<\/p>\n<p>Barn, som underh\u00e5llas af fattigv\u00e5rden, skola beredas tillf\u00e4lle till skolg\u00e5ng i sm\u00e5skolan fr\u00e5n 7:de till 9:de \u00e5ret samt sedermera genomg\u00e5 h\u00f6gre folkskola. Minder\u00e5riga blinda, d\u00f6fstumma, vanf\u00f6ra, andesvaga och d\u00e4rmed j\u00e4mf\u00f6rliga skola erh\u00e5lla undervisning uti f\u00f6r dem afsedda anstalter.<\/p>\n<p>F\u00f6r att \u00f6fvervaka att de personer, som hos sig hafva inackorderade fattiga, fullg\u00f6ra sina skyldigheter och f\u00f6r att ut\u00f6fva tillsyn \u00f6fver underst\u00f6dstagare tills\u00e4ttas tillsyningsm\u00e4n och inspekt\u00f6rer, vilka \u00f6fver sina bes\u00f6k hos de fattiga l\u00e4mna redog\u00f6relse till fattigv\u00e5rdsstyrelsen.<\/p>\n<p>F\u00f6r brandstodsf\u00f6reningen inom kommunen har \u00e4fven antagits nytt reglemente, hvarigenom f\u00f6rs\u00e4kring mot eldskada blifvit ordnad efter tidsenliga principer. Kommunens beslut d\u00e4rom att f\u00e5rkreaturen fr\u00e5n 1902 \u00e5rs ing\u00e5ng skulle af en hvar \u00e4gare v\u00e5rdas och icke vidare betala p\u00e5 oinh\u00e4gnade marker vid vite fr\u00e5n tio till fyratio mark som icke vunnit guvern\u00f6rens fastst\u00e4llelse, en\u00e4r beslut d\u00e4rom skall godk\u00e4nnas af flertalet l\u00e4genhetsinnehafvare efter ber\u00e4kning af deras st\u00e5ende mantal och sedermera fastst\u00e4llas af domstolen i orten. \u00c4rendet kommer v\u00e4l i anledning h\u00e4raf i n\u00e4rmaste framtid till f\u00f6rnyad behandling p\u00e5 kommunalst\u00e4mma, och \u00e4r det sk\u00e4l att hoppas att kommunens medlemmar d\u00e5 enas om v\u00e4lber\u00e4ttigad \u00e5tg\u00e4rd i f\u00f6rn\u00e4mgdt syfte.<\/p>\n<p><span style=\"color: #000080;\"><strong>Syd-\u00d6sterbotten 14.3.1903:<\/strong><\/span><\/p>\n<p><span style=\"font-family: 'Helvetica','sans-serif';\"><span style=\"color: #000000; font-size: medium;\"><strong>Nykterhetsarbetet.<\/strong> Herr Dahlstr\u00f6m fr\u00e5n Sverige, vilken under denna vinter givit omtyckta scioptikon f\u00f6revisningar j\u00e4mte nykterhetsf\u00f6redrag flerst\u00e4des i v\u00e5rt land, bes\u00f6ker \u00e4ven inom kort omnejden och h\u00e5ller f\u00f6rstkommande fredag den 20 mars f\u00f6rel\u00e4sning \u00e5 Dagsmark folkskola kl. 5-6 f\u00f6r barn och kl. 8 e.m. f\u00f6r \u00e4ldre personer.<\/span><\/span><\/p>\n<figure id=\"attachment_4511\" aria-describedby=\"caption-attachment-4511\" style=\"width: 483px\" class=\"wp-caption aligncenter\"><img loading=\"lazy\" decoding=\"async\" class=\" wp-image-4511\" src=\"http:\/\/www.lassebacklund.fi\/wp-content\/uploads\/2017\/06\/Scioptikon-projketor.jpg\" alt=\"En scioptikon \u00e4r en projektor med vilken man kan visa ljusbilder p\u00e5 en bildsk\u00e4rm. \" width=\"483\" height=\"267\" srcset=\"https:\/\/www.lassebacklund.fi\/wp-content\/uploads\/2017\/06\/Scioptikon-projketor.jpg 355w, https:\/\/www.lassebacklund.fi\/wp-content\/uploads\/2017\/06\/Scioptikon-projketor-300x166.jpg 300w\" sizes=\"auto, (max-width: 483px) 100vw, 483px\" \/><figcaption id=\"caption-attachment-4511\" class=\"wp-caption-text\">En scioptikon \u00e4r en projektor med vilken man kan visa glasbilder p\u00e5 en bildsk\u00e4rm.<\/figcaption><\/figure>\n<p><span style=\"color: #000080;\"><strong>Syd-\u00d6sterbotten 18.4 1903:<\/strong><\/span><\/p>\n<h5><strong>Dagsmark ungdomsf\u00f6rening.<\/strong><\/h5>\n<p>F\u00f6reningen hade sitt m\u00e5nadsm\u00f6te annandag p\u00e5sk \u00e5 folkskolan. Sedan s\u00e5ngen \u201dV\u00e4lkommen envar under ungdomens tak\u201d avsjungits h\u00f6ll f\u00f6reningens ordf\u00f6rande Elin Andersson f\u00f6redrag om n\u00f6dv\u00e4ndigheten av \u201dSj\u00e4lvuppfostran\u201d.<\/p>\n<p>D\u00e4refter f\u00f6ljde ett teaterstycke \u201dEget bo\u201d och f\u00f6revisades tvenne tabl\u00e5er \u201dV\u00e5rt framtidshopp\u201d och \u201dDen b\u00e4rgtagna\u201d. Efter f\u00f6revisningarna f\u00f6ljde s\u00e5ng, varefter de n\u00e4rvarande roade sig med lekar och ringdanser. Omkring etthundra personer, f\u00f6retr\u00e4desvis \u00e4ldre, voro s\u00e4rskilt inbjudna och syntes alla synnerligen bel\u00e5tna med samkv\u00e4met, som avsl\u00f6ts kl. 10 p\u00e5 kv\u00e4llen.<\/p>\n<p><span style=\"color: #000080;\"><strong>Syd-\u00d6sterbotten 18.4 1903:<\/strong><\/span><\/p>\n<h5><strong>Vandringsbiblioteket.<\/strong><\/h5>\n<p>S\u00e4llskapet Svenska Odlingens v\u00e4nner i Kristinestad, som st\u00e4dse visat synnerligt intresse f\u00f6r folkbildningens befr\u00e4mjande och bl.a. verksamt bidragit till inr\u00e4ttandet av l\u00e5nebibliotek i omnejden, har under senaste tid inr\u00e4ttat s.k. Vandringsbibliotek, vilka s\u00e5som namnet antyder ambulerat p\u00e5 olika st\u00e4llen. S\u00e4llskapets vandringsbibliotek N:o 1 har fr\u00e5n den 8 sistlidne januari, i tre m\u00e5nader, varit placerat p\u00e5 folkskolan i Dagsmark.<\/p>\n<p>Biblioteket inneh\u00e5ller 56 band av blandat l\u00e4sv\u00e4rt inneh\u00e5ll, vilka b\u00f6cker inrymmas i ett mindre l\u00e4tt flyttbart sk\u00e5p. Under f\u00f6ren\u00e4mnda tid har d\u00e4rifr\u00e5n utgivits 194 bokl\u00e5n, varav framg\u00e5r att biblioteket flitigt anlitats. Vid ett genomg\u00e5ende av utl\u00e5ngsingkatalogen inh\u00e4mtas, att av de utgivna bokl\u00e5nen utgjorde religi\u00f6sa arbeten 46 bokl\u00e5n, ber\u00e4ttelseb\u00f6cker 34, historiska arbeten 18, b\u00f6cker f\u00f6r barn och ungdom 37 och b\u00f6cker av blandat inneh\u00e5ll 59, summa 194 bokl\u00e5n. Biblioteket kommer nu att flyttas till sytningsmannen Johan Nyholm i Korsb\u00e4ck, varigenom allm\u00e4nheten i Korsb\u00e4ck och Lillsj\u00f6 blir i tillf\u00e4lle att begagna sig av detsamma.<\/p>\n<p><span style=\"color: #000080;\"><strong>Syd-\u00d6sterbotten 9.5 1903:<\/strong><\/span><\/p>\n<h5><strong>St\u00f6ld.<\/strong><\/h5>\n<p>Natten mot senaste s\u00f6ndag blev bonden Viktor H\u00e4ggblom eller Rosenback i sitt hem bestulen p\u00e5 cirka 340 mark. Mannen ifr\u00e5ga kom hem omkring kl. 3 s\u00f6ndag morgon, d\u00e5 han lade sig och l\u00e4mnade sin b\u00f6rs i fickan. N\u00e4r han vaknade p\u00e5 morgonen, saknades b\u00f6rsen j\u00e4mte dess inneh\u00e5ll. Misstankarna om st\u00f6lden riktades genast emot tvenne br\u00f6der, inhysess\u00f6nerna Erland och Erik Anders Storkull, eller de s. k. Strandpojkarna, vilka deltagit i ett mycket br\u00e5kigt supgille, som under natten \u00e4gt rum hos Rosenback. Erland Storkull, som bevisligen l\u00f6rdag kv\u00e4llen \u00e4gt endast n\u00e5gra kopparslantar, hade p\u00e5 s\u00f6ndagen synnerlig god tillg\u00e5ng p\u00e5 mynt och gjorde rikliga uppk\u00f6p av ett och varje. P\u00e5 s\u00f6ndag kv\u00e4llen blev han av polis anh\u00e5llen och erk\u00e4nde d\u00e5, att han f\u00f6r\u00f6vat st\u00f6lden. Vid p\u00e5 m\u00e5ndagen anst\u00e4llt polisf\u00f6rh\u00f6r blev \u00e4ven den andre brodern Erik Anders Stortull h\u00e4ktad och \u00e4ro de nu vardera internerade p\u00e5 f\u00e5ngstationen i Lappfj\u00e4rd. St\u00f6ldm\u00e5let f\u00f6rekommer sannolikt f\u00f6re vid tinget redan denna vecka. Av de stulna penningarna har omkring 140 mark \u00e5terbekommits. Fylleriet har ofta sina sv\u00e5ra f\u00f6ljder.<\/p>\n<p><strong><span style=\"color: #000080;\">Notis i tidningen \u201dUngdomen\u201d 1.7.1903:<\/span><\/strong><\/p>\n<p>Dagsmark ungdomsf\u00f6rening i Lappfj\u00e4rd hade den 12 juli samkv\u00e4m \u00e5 Klemets hemman. Sedan f\u00f6reningens viceordf\u00f6rande h\u00e4lsat de n\u00e4rvarande v\u00e4lkomna, f\u00f6rekom enligt programmet uppl\u00e4sandet av f\u00f6reningens handskrivna tidning \u00bbF\u00f6rs\u00f6ka duger\u00bb, brev utdelning, ett teaterstycke i (Lump-Lenas testamente), fornforskaren, mete (15 penni nappet) och slutligen dans.<\/p>\n<p><span style=\"color: #000080;\"><strong>Syd-\u00d6sterbotten 12.9.1903:<\/strong><\/span><\/p>\n<p>Torsdagen den 3 dennes p\u00e5 morgonen intr\u00e4ffade i skogen invid Dagsmark Storsj\u00f6 tr\u00e4sk ett st\u00f6rre slagsm\u00e5l. Orsaken var den, att man r\u00e5kat i gr\u00e4l om skogshugget med den p\u00e5f\u00f6ljd att arbetaren Oskar Mahlam\u00e4ki med yxan i h\u00f6gsta hugg hotade inhyses Oskar Marjam\u00e4ki, b\u00e4gge fr\u00e5n Hongojoki. Under tumultet erh\u00f6ll den senare f\u00f6rst ett s\u00e5r i h\u00f6gra armen, samt ett 9 cm l\u00e5ngt s\u00e5r i halsen. De s\u00e5rade bl\u00f6dde starkt men hann erh\u00e5lla hj\u00e4lp av provisorn p\u00e5 apoteket i Stor\u00e5, dit han f\u00f6rdes. Den s\u00e5rade torde vara p\u00e5 b\u00e4ttringsv\u00e4gen och saken f\u00e5r efterspel vid tinget.<\/p>\n","protected":false},"excerpt":{"rendered":"<p>Syd-\u00d6sterbotten 17.1.1903: Folkm\u00e4ngden i Kristinestad var vid senaste \u00e5rsskifte 2\u00a0903 personer, en \u00f6kning med 76 personer. I landsf\u00f6rsamlingen, allts\u00e5 i Tj\u00f6ck fanns det 1\u00a0460 personer och i Kask\u00f6 920 personer. I Lappfj\u00e4rds hade det f\u00f6tts 163 barn under \u00e5r 1902, <a class=\"more-link\" href=\"https:\/\/www.lassebacklund.fi\/?page_id=19070\">Forts\u00e4tt l\u00e4sa <span class=\"screen-reader-text\">  Tidningsartiklar fr\u00e5n \u00e5r 1903.<\/span><span class=\"meta-nav\">&rarr;<\/span><\/a><\/p>\n","protected":false},"author":1,"featured_media":0,"parent":3729,"menu_order":1903,"comment_status":"closed","ping_status":"closed","template":"","meta":{"footnotes":""},"class_list":["post-19070","page","type-page","status-publish","hentry"],"_links":{"self":[{"href":"https:\/\/www.lassebacklund.fi\/index.php?rest_route=\/wp\/v2\/pages\/19070","targetHints":{"allow":["GET"]}}],"collection":[{"href":"https:\/\/www.lassebacklund.fi\/index.php?rest_route=\/wp\/v2\/pages"}],"about":[{"href":"https:\/\/www.lassebacklund.fi\/index.php?rest_route=\/wp\/v2\/types\/page"}],"author":[{"embeddable":true,"href":"https:\/\/www.lassebacklund.fi\/index.php?rest_route=\/wp\/v2\/users\/1"}],"replies":[{"embeddable":true,"href":"https:\/\/www.lassebacklund.fi\/index.php?rest_route=%2Fwp%2Fv2%2Fcomments&post=19070"}],"version-history":[{"count":1,"href":"https:\/\/www.lassebacklund.fi\/index.php?rest_route=\/wp\/v2\/pages\/19070\/revisions"}],"predecessor-version":[{"id":19071,"href":"https:\/\/www.lassebacklund.fi\/index.php?rest_route=\/wp\/v2\/pages\/19070\/revisions\/19071"}],"up":[{"embeddable":true,"href":"https:\/\/www.lassebacklund.fi\/index.php?rest_route=\/wp\/v2\/pages\/3729"}],"wp:attachment":[{"href":"https:\/\/www.lassebacklund.fi\/index.php?rest_route=%2Fwp%2Fv2%2Fmedia&parent=19070"}],"curies":[{"name":"wp","href":"https:\/\/api.w.org\/{rel}","templated":true}]}}